{"id":120,"date":"2024-06-12T05:14:47","date_gmt":"2024-06-12T05:14:47","guid":{"rendered":"https:\/\/rfid-laundry-tag.com\/?post_type=product&#038;p=120"},"modified":"2024-06-12T06:14:46","modified_gmt":"2024-06-12T06:14:46","slug":"pps-13-56mhz-rfid-laundry-clothes-tag","status":"publish","type":"product","link":"https:\/\/rfid-laundry-tag.com\/sv\/pps-13-56mhz-rfid-laundry-clothes-tag\/","title":{"rendered":"PPS 13,56MHZ RFID LAUNDRY Kl\u00e4dtag"},"content":{"rendered":"<div class=\"J_module\">\n<div class=\"ife-detail-decorate-table\">\n<table class=\"has-title all magic-6\">\n<tbody>\n<tr>\n<td colspan=\"1\" rowspan=\"1\">\n<div class=\"magic-7\" data-spm-anchor-id=\"a2700.details.0.i45.77607d98vZbcDU\"><span class=\"magic-8\" style=\"color: #363535;\">Objektets namn<\/span><\/div>\n<\/td>\n<td colspan=\"1\" rowspan=\"1\">\n<div class=\"magic-9\">PPS 13,56MHZ RFID LAUNDRY Kl\u00e4dtag<\/div>\n<\/td>\n<\/tr>\n<tr>\n<td colspan=\"1\" rowspan=\"1\">\n<div class=\"magic-7\"><span class=\"magic-10\" data-spm-anchor-id=\"a2700.pc-decorate.0.i10.28d333330XLbTD\"><span class=\"magic-8\">Material<\/span><\/span><\/div>\n<\/td>\n<td colspan=\"1\" rowspan=\"1\">\n<div class=\"magic-9\"><span class=\"magic-8\">PPS<\/span><\/div>\n<\/td>\n<\/tr>\n<tr>\n<td colspan=\"1\" rowspan=\"1\">\n<div class=\"magic-7\"><span class=\"magic-8\">F\u00e4rg<\/span><\/div>\n<\/td>\n<td colspan=\"1\" rowspan=\"1\">\n<div class=\"magic-9\"><span class=\"magic-8\">Svart osv<\/span><\/div>\n<\/td>\n<\/tr>\n<tr>\n<td colspan=\"1\" rowspan=\"1\">MOQ<\/td>\n<td colspan=\"1\" rowspan=\"1\">500 st<\/td>\n<\/tr>\n<tr>\n<td colspan=\"1\" rowspan=\"1\">\n<div class=\"magic-7\"><span class=\"magic-8\">Tillverkare\/chip<\/span><\/div>\n<\/td>\n<td colspan=\"1\" rowspan=\"1\">\n<div class=\"magic-9\"><span class=\"magic-8\">ISO15693 :NXP I Code Slix ; ISO14443A: Ntag213, Ntag215, Ntag216, Mifare Ultralight ev1 etc<\/span><\/div>\n<\/td>\n<\/tr>\n<tr>\n<td colspan=\"1\" rowspan=\"1\">\n<div class=\"magic-7\"><span class=\"magic-8\">Frekvens<\/span><\/div>\n<\/td>\n<td colspan=\"1\" rowspan=\"1\">\n<div class=\"magic-9\"><span class=\"magic-8\">13,56 MHz<\/span><\/div>\n<\/td>\n<\/tr>\n<tr>\n<td colspan=\"1\" rowspan=\"1\">\n<div class=\"magic-7\"><span class=\"magic-8\">Minne<\/span><\/div>\n<\/td>\n<td colspan=\"1\" rowspan=\"1\">\n<div class=\"magic-9\"><span class=\"magic-8\">NXP I Code Slix \u00e4r 1k byte; annat chipminne: 144 byte, 504 byte, 888 byte, 64 byte etc.<\/span><\/div>\n<\/td>\n<\/tr>\n<tr>\n<td colspan=\"1\" rowspan=\"1\">\n<div class=\"magic-7\"><span class=\"magic-8\">L\u00e4s avst\u00e5nd<\/span><\/div>\n<\/td>\n<td colspan=\"1\" rowspan=\"1\">\n<div class=\"magic-9\"><span class=\"magic-8\">1~5 cm<\/span><\/div>\n<\/td>\n<\/tr>\n<tr>\n<td colspan=\"1\" rowspan=\"1\">\n<div class=\"magic-7\"><span class=\"magic-8\">Arbetsl\u00e4ge<\/span><\/div>\n<\/td>\n<td colspan=\"1\" rowspan=\"1\">\n<div class=\"magic-9\"><span class=\"magic-8\">passiv<\/span><\/div>\n<\/td>\n<\/tr>\n<tr>\n<td colspan=\"1\" rowspan=\"1\">\n<div class=\"magic-7\"><span class=\"magic-8\">Arbetstemperatur<\/span><\/div>\n<\/td>\n<td colspan=\"1\" rowspan=\"1\">\n<div class=\"magic-9\"><span class=\"magic-8\">-25\u2103~+110\u2103<\/span><\/div>\n<\/td>\n<\/tr>\n<tr>\n<td colspan=\"1\" rowspan=\"1\">\n<div class=\"magic-7\"><span class=\"magic-8\">F\u00f6rvaringstemperatur<\/span><\/div>\n<\/td>\n<td colspan=\"1\" rowspan=\"1\">\n<div class=\"magic-9\"><span class=\"magic-8\">-40\u2103~+85\u2103<\/span><\/div>\n<\/td>\n<\/tr>\n<tr>\n<td colspan=\"1\" rowspan=\"1\">\n<div class=\"magic-7\">\n<div><span class=\"magic-8\">\u00a0<\/span><\/div>\n<p><span class=\"magic-8\">Kortvarig temperaturbest\u00e4ndighet<\/span><\/p>\n<\/div>\n<\/td>\n<td colspan=\"1\" rowspan=\"1\">\n<div class=\"magic-9\"><span class=\"magic-8\">tv\u00e4tt: 90 \u2103, 15 minuter; omvandlarens f\u00f6rtorkning: 180 \u2103, 30 minuter, 200 g\u00e5nger; strykning: 180 \u2103, 10 sekunder, 200 g\u00e5nger; h\u00f6g<br \/>\ntemperatursterilisering: 135\u2103, 20 minuter<\/span><\/div>\n<\/td>\n<\/tr>\n<tr>\n<td colspan=\"1\" rowspan=\"1\">\n<div class=\"magic-7\"><span class=\"magic-8\">Drag<\/span><\/div>\n<\/td>\n<td colspan=\"1\" rowspan=\"1\">\n<div class=\"magic-9\"><span class=\"magic-8\">vattent\u00e4t, tv\u00e4ttbar, motst\u00e5ndskraftig mot h\u00f6g temperatur<\/span><\/div>\n<\/td>\n<\/tr>\n<tr>\n<td colspan=\"1\" rowspan=\"1\">\n<div class=\"magic-7\">Protokoll<\/div>\n<\/td>\n<td colspan=\"1\" rowspan=\"1\">\n<div class=\"magic-9\"><span class=\"magic-8\">ISO14443A\/15693<\/span><\/div>\n<\/td>\n<\/tr>\n<tr>\n<td colspan=\"1\" rowspan=\"1\">\n<div class=\"magic-7\"><span class=\"magic-8\">Ans\u00f6kningar<\/span><\/div>\n<\/td>\n<td colspan=\"1\" rowspan=\"1\">\n<div class=\"magic-9\"><span class=\"magic-8\">tv\u00e4tthantering och sp\u00e5rning<\/span><\/div>\n<\/td>\n<\/tr>\n<\/tbody>\n<\/table>\n<\/div>\n<\/div>\n<div class=\"J_module\">\n<div class=\"detail-decorate-json-renderer-container\">\n<div class=\"magic-1\">\n<div class=\"magic-2\">\n<div class=\"auto-hide-last-sibling-br paragraph_1252f paragraph-element\">\n<div class=\"auto-hide-last-sibling-br paragraph_1252f paragraph-element\"><\/div>\n<div class=\"auto-hide-last-sibling-br paragraph_1252f paragraph-element\">\n<p><b>Ans\u00f6kan\u00a0<\/b><br \/>\n\u2013 Industriell tv\u00e4tt.<br \/>\n\u2013 Hantering av uniformer.<br \/>\n\u2013 Hantering av medicinsk kl\u00e4dsel.<br \/>\n\u2013 Hantering av PPE-kl\u00e4der.<br \/>\n\u2013 Personalpatrullledning.<br \/>\n\u2013 Hantering av brandbek\u00e4mpningsutrustning.<br \/>\n\u2013 Hantering av skidutrustning.<\/p>\n<\/div>\n<div><\/div>\n<\/div>\n<\/div>\n<div>\n<p>De <strong>ICODE SLIX IC<\/strong> \u00e4r ett dedikerat chip f\u00f6r intelligenta etikettapplikationer som bibliotek, produktautentisering inom olika branscher som l\u00e4kemedel, medicintekniska produkter och alkohol, samt produktionsledning inom olika delar av branschen. Denna IC \u00e4r den tredje generationen av en produktfamilj av smarta etikett-IC:er baserade p\u00e5 ISO-standarderna ISO\/IEC 15693 och ISO\/IEC 18000-3, vilket f\u00f6rl\u00e4nger en framg\u00e5ngsrik historia om NXP<sup>\u00ae<\/sup>\u00a0inom omr\u00e5det f\u00f6r n\u00e4rhetsidentifieringssystem.<\/p>\n<h3>Kontaktl\u00f6s energi- och data\u00f6verf\u00f6ring<\/h3>\n<p>N\u00e4rhelst den \u00e4r ansluten till en mycket enkel och l\u00e4tttillverkad typ av antenn (som ett resultat av 13,56 MHz b\u00e4rfrekvens) gjord av ett f\u00e5tal lindningar tryckta, lindade, etsade eller stansade spole, kan ICODE SLIX IC anv\u00e4ndas utan siktlinje upp till ett avst\u00e5nd av 1,5 m (portens bredd). Inget batteri beh\u00f6vs. N\u00e4r den smarta etiketten \u00e4r placerad i f\u00e4ltet av en fr\u00e5geantenn, g\u00f6r det h\u00f6ghastighets-RF-kommunikationsgr\u00e4nssnittet att data kan \u00f6verf\u00f6ras upp till 53 kbit\/s.<\/p>\n<h3>Antikollision<\/h3>\n<p>En intelligent anti-kollisionsfunktion g\u00f6r att flera taggar kan arbeta i f\u00e4lt samtidigt. Antikollisionsalgoritmen v\u00e4ljer varje tagg individuellt och s\u00e4kerst\u00e4ller att exekveringen av en transaktion med en vald tagg utf\u00f6rs korrekt utan att datakorruption beror p\u00e5 andra taggar i f\u00e4ltet.<\/p>\n<h3>Drag<\/h3>\n<div id=\"featuresXsp\" class=\"features-list\">\n<div class=\"features-xsp\">\n<div class=\"collapse-mobile ste-list\">\n<h3>ICODE SLIX RF-gr\u00e4nssnitt (ISO\/IEC 15693)<\/h3>\n<ul class=\"boxes\">\n<li>Kontaktl\u00f6s \u00f6verf\u00f6ring av data och f\u00f6rs\u00f6rjningsenergi (inget batteri beh\u00f6vs)<\/li>\n<li>Driftavst\u00e5nd: upp till 1,5 m (beroende p\u00e5 antenngeometri)<\/li>\n<li>Driftsfrekvens: 13,56 MHz (ISM, v\u00e4rldsomsp\u00e4nnande licens fritt tillg\u00e4nglig)<\/li>\n<li>Snabb data\u00f6verf\u00f6ring: upp till 53 kbit\/s<\/li>\n<li>H\u00f6g dataintegritet: 16-bitars CRC, inramning<\/li>\n<li>Sann antikollision<\/li>\n<li>L\u00f6senordsskyddad elektronisk artikel\u00f6vervakning (EAS)<\/li>\n<li>L\u00f6senordsskyddad Application Family Identifier (AFI)<\/li>\n<li>Data Storage Format IDentifier (DSFID)<\/li>\n<li>Ytterligare snabb antikollisionsavl\u00e4sning<\/li>\n<li>Skrivavst\u00e5nd lika med l\u00e4savst\u00e5nd<\/li>\n<\/ul>\n<\/div>\n<div class=\"collapse-mobile ste-list\">\n<h3>EEPROM<\/h3>\n<ul class=\"boxes\">\n<li>1024 bitar, organiserade i 32 block med 4 byte vardera<\/li>\n<li>50 \u00e5rs datalagring<\/li>\n<li>Skriv uth\u00e5llighet p\u00e5 100 000 cykler<\/li>\n<\/ul>\n<\/div>\n<div class=\"collapse-mobile ste-list\">\n<h3>S\u00e4kerhet<\/h3>\n<ul class=\"boxes\">\n<li>Unik identifierare f\u00f6r varje enhet<\/li>\n<li>L\u00e5smekanism f\u00f6r varje anv\u00e4ndarminnesblock (skrivskydd)<\/li>\n<li>L\u00e5smekanism f\u00f6r DSFID, AFI, EAS<\/li>\n<li>L\u00f6senordsskyddad (32-bitars) EAS- och AFI-funktionalitet<\/li>\n<\/ul>\n<h1 id=\"hero-title\" class=\"sp-hero-title\">NTAG<sup>\u00ae<\/sup>\u00a0213\/215\/216: NFC Forum Typ 2 Tag-kompatibel IC med 144\/504\/888 byte anv\u00e4ndarminne<\/h1>\n<\/div>\n<\/div>\n<\/div>\n<\/div>\n<div class=\"magic-2\">\n<div class=\"auto-hide-last-sibling-br paragraph_1252f paragraph-element\">\n<p>NTAG 213, NTAG 215 och NTAG 216 har utvecklats av NXP<sup>\u00ae<\/sup>\u00a0Halvledare som standard NFC-tagg-IC:er f\u00f6r anv\u00e4ndning i massmarknadstill\u00e4mpningar som detaljhandel, spel och hemelektronik, i kombination med NFC-enheter eller NFC-kompatibla n\u00e4rkopplingsenheter. NTAG 213, NTAG 215 och NTAG 216 (fr\u00e5n och med nu, allm\u00e4nt kallade NTAG 21x) \u00e4r designade f\u00f6r att helt uppfylla NFC Forum Type 2 Tag och ISO\/IEC14443 Typ A-specifikationer.<\/p>\n<p>M\u00e5lapplikationer inkluderar smart reklam utanf\u00f6r hemmet och tryckta media, SoLoMo-applikationer, produktautentisering, NFC-hylletiketter och mobila medf\u00f6ljande taggar.<\/p>\n<p>M\u00e5lanv\u00e4ndningsfall inkluderar smart reklam utanf\u00f6r hemmet, produktautentisering, mobila f\u00f6ljeslagare, Bluetooth<sup>\u00ae<\/sup>\u00a0eller Wi-Fi-koppling, elektroniska hylletiketter och visitkort. NTAG 21x-minne kan ocks\u00e5 segmenteras f\u00f6r att implementera flera applikationer samtidigt.<\/p>\n<p>Tack vare den h\u00f6ga ing\u00e5ngskapacitansen \u00e4r NTAG 21x tag IC:er s\u00e4rskilt skr\u00e4ddarsydda f\u00f6r applikationer som kr\u00e4ver sm\u00e5 fotavtryck, utan att kompromissa med prestanda. Sm\u00e5 NFC-taggar kan enklare b\u00e4ddas in i t.ex. produktetiketter eller elektroniska enheter.<\/p>\n<p>De mekaniska och elektriska specifikationerna f\u00f6r NTAG 21x \u00e4r skr\u00e4ddarsydda f\u00f6r att m\u00f6ta kraven fr\u00e5n tillverkare av inl\u00e4gg och tagg.<\/p>\n<h3>Kontaktl\u00f6s energi- och data\u00f6verf\u00f6ring<\/h3>\n<p>Kommunikation till NTAG 21x kan endast uppr\u00e4ttas n\u00e4r IC:n \u00e4r ansluten till en antenn.<\/p>\n<p>N\u00e4r NTAG 21x \u00e4r placerad i RF-f\u00e4ltet till\u00e5ter RF-kommunikationsgr\u00e4nssnittet med h\u00f6g hastighet \u00f6verf\u00f6ring av data med en baudhastighet p\u00e5 106 kbit\/s.<\/p>\n<h3>Enkel installation och anv\u00e4ndarv\u00e4nlighet<\/h3>\n<p>NTAG 21x erbjuder specifika funktioner utformade f\u00f6r att f\u00f6rb\u00e4ttra integrationen och anv\u00e4ndarv\u00e4nligheten:<\/p>\n<ul>\n<li>Den snabba l\u00e4sningsf\u00f6rm\u00e5gan g\u00f6r det m\u00f6jligt att skanna hela NDEF-meddelandet med endast ett FAST_READ-kommando, vilket minskar omkostnaderna i produktionsmilj\u00f6er med h\u00f6g genomstr\u00f6mning<\/li>\n<li>Den f\u00f6rb\u00e4ttrade RF-prestandan m\u00f6jligg\u00f6r mer flexibilitet i valet av form, dimension och material<\/li>\n<li>Alternativet f\u00f6r 75 \u03bcm IC-tjocklek m\u00f6jligg\u00f6r tillverkning av ultratunna taggar, f\u00f6r en mer bekv\u00e4m integration i t.ex. tidningar eller spelkort<\/li>\n<\/ul>\n<h3>S\u00e4kerhet<\/h3>\n<ul>\n<li>Tillverkaren programmerade 7-byte UID f\u00f6r varje enhet<\/li>\n<li>F\u00f6rprogrammerad Capability-beh\u00e5llare med eng\u00e5ngsprogrammerbara bitar<\/li>\n<li>F\u00e4ltprogrammerbar l\u00e4sbar l\u00e5sfunktion<\/li>\n<li>ECC-baserad originalitetssignatur<\/li>\n<li>32-bitars l\u00f6senordsskydd f\u00f6r att f\u00f6rhindra obeh\u00f6rig minnesoperation<\/li>\n<\/ul>\n<h3>NFC Forum Tag 2 Typ\u00f6verensst\u00e4mmelse<\/h3>\n<p>NTAG 21x IC ger full \u00f6verensst\u00e4mmelse med NFC Forum Tag 2 Type tekniska specifikation och m\u00f6jligg\u00f6r NDEF-datastrukturkonfigurationer.<\/p>\n<h3>Antikollision<\/h3>\n<p>En intelligent anti-kollisionsfunktion g\u00f6r det m\u00f6jligt att anv\u00e4nda mer \u00e4n en tagg i f\u00e4lt samtidigt. Antikollisionsalgoritmen v\u00e4ljer varje tagg individuellt och s\u00e4kerst\u00e4ller att exekveringen av en transaktion med en vald tagg utf\u00f6rs korrekt utan st\u00f6rningar fr\u00e5n en annan tagg i f\u00e4ltet.<\/p>\n<div class=\"auto-hide-last-sibling-br paragraph_1252f paragraph-element\"><\/div>\n<div class=\"auto-hide-last-sibling-br paragraph_1252f paragraph-element\"><\/div>\n<\/div>\n<\/div>\n<\/div>\n<\/div>\n<\/div>","protected":false},"excerpt":{"rendered":"<p>PPS 13,56MHz RFID tv\u00e4ttlappar \u00e4r genialiskt utformade f\u00f6r att integreras eller f\u00e4stas p\u00e5 s\u00e4nglinne, handdukar och huvudsakliga medicinska kl\u00e4der eller uniformer som kr\u00e4ver en robust RFID-etikett med liten diameter. Taggen har en PPS + epoxikonstruktion som garanterar motst\u00e5ndskraft under intensivt tryck och h\u00f6ga temperaturer, vilket g\u00f6r den s\u00e4rskilt slitstark f\u00f6r rigor\u00f6sa industrier. Dessutom erbjuder vi taggar utrustade med b\u00e5de ISO 15693 och 14443 NFC minneskretsar, vilket g\u00f6r dem anpassningsbara till en m\u00e4ngd olika behov.<\/p>","protected":false},"featured_media":121,"template":"","meta":{"_kad_post_transparent":"default","_kad_post_title":"","_kad_post_layout":"default","_kad_post_sidebar_id":"","_kad_post_content_style":"default","_kad_post_vertical_padding":"default","_kad_post_feature":"","_kad_post_feature_position":"","_kad_post_header":false,"_kad_post_footer":false,"_kad_post_classname":""},"product_brand":[],"product_cat":[21,17,53],"product_tag":[39,60,57,45],"class_list":{"0":"post-120","1":"product","2":"type-product","3":"status-publish","4":"has-post-thumbnail","6":"product_cat-pps-rfid-laundry-tag","7":"product_cat-nfc-rfid-laundry-tag","8":"product_cat-rfid-clothes-tag","9":"product_tag-nfc-laundry-tag","10":"product_tag-pps-13-56mhz-rfid-laundry-clothes-tag","11":"product_tag-pps-rfid-laundry-tags","12":"product_tag-pps-washable-nfc-tags","14":"first","15":"instock","16":"shipping-taxable","17":"product-type-simple","18":"entry","19":"content-bg","20":"loop-entry"},"_links":{"self":[{"href":"https:\/\/rfid-laundry-tag.com\/sv\/wp-json\/wp\/v2\/product\/120","targetHints":{"allow":["GET"]}}],"collection":[{"href":"https:\/\/rfid-laundry-tag.com\/sv\/wp-json\/wp\/v2\/product"}],"about":[{"href":"https:\/\/rfid-laundry-tag.com\/sv\/wp-json\/wp\/v2\/types\/product"}],"version-history":[{"count":0,"href":"https:\/\/rfid-laundry-tag.com\/sv\/wp-json\/wp\/v2\/product\/120\/revisions"}],"wp:featuredmedia":[{"embeddable":true,"href":"https:\/\/rfid-laundry-tag.com\/sv\/wp-json\/wp\/v2\/media\/121"}],"wp:attachment":[{"href":"https:\/\/rfid-laundry-tag.com\/sv\/wp-json\/wp\/v2\/media?parent=120"}],"wp:term":[{"taxonomy":"product_brand","embeddable":true,"href":"https:\/\/rfid-laundry-tag.com\/sv\/wp-json\/wp\/v2\/product_brand?post=120"},{"taxonomy":"product_cat","embeddable":true,"href":"https:\/\/rfid-laundry-tag.com\/sv\/wp-json\/wp\/v2\/product_cat?post=120"},{"taxonomy":"product_tag","embeddable":true,"href":"https:\/\/rfid-laundry-tag.com\/sv\/wp-json\/wp\/v2\/product_tag?post=120"}],"curies":[{"name":"wp","href":"https:\/\/api.w.org\/{rel}","templated":true}]}}