{"id":115,"date":"2024-06-12T04:52:26","date_gmt":"2024-06-12T04:52:26","guid":{"rendered":"https:\/\/rfid-laundry-tag.com\/?post_type=product&#038;p=115"},"modified":"2024-08-14T16:51:27","modified_gmt":"2024-08-14T16:51:27","slug":"rfid-laundry-tag-pps-t5577","status":"publish","type":"product","link":"https:\/\/rfid-laundry-tag.com\/sv\/rfid-laundry-tag-pps-t5577\/","title":{"rendered":"RFID tv\u00e4ttetikett-PPS -T5577"},"content":{"rendered":"<div class=\"J_module\">\n<div class=\"ife-detail-decorate-table\">\n<table style=\"border-collapse: collapse; width: 451.23pt;\" border=\"0\" width=\"752\" cellspacing=\"0\" cellpadding=\"0\">\n<tbody>\n<tr style=\"height: 28.00pt;\">\n<td class=\"et2\" style=\"height: 28.00pt; width: 138.60pt;\" width=\"231\" height=\"46\">Objektets namn<\/td>\n<td class=\"et3\" style=\"width: 312.60pt;\" width=\"521\">RFID tv\u00e4ttetikett-PPS -T5577<\/td>\n<\/tr>\n<tr style=\"height: 14.40pt;\">\n<td class=\"et3\" style=\"height: 14.40pt; width: 138.60pt;\" width=\"231\" height=\"24\">Material<\/td>\n<td class=\"et3\" style=\"width: 312.60pt;\" width=\"521\">PPS<\/td>\n<\/tr>\n<tr style=\"height: 14.40pt;\">\n<td class=\"et3\" style=\"height: 14.40pt; width: 138.60pt;\" width=\"231\" height=\"24\">F\u00e4rg<\/td>\n<td class=\"et3\" style=\"width: 312.60pt;\" width=\"521\">Svart<\/td>\n<\/tr>\n<tr style=\"height: 14.40pt;\">\n<td class=\"et3\" style=\"height: 14.40pt; width: 138.60pt;\" width=\"231\" height=\"24\">MOQ<\/td>\n<td class=\"et3\" style=\"width: 312.60pt;\" width=\"521\">500 st<\/td>\n<\/tr>\n<tr style=\"height: 42.00pt;\">\n<td class=\"et3\" style=\"height: 42.00pt; width: 138.60pt;\" width=\"231\" height=\"70\">Tillverkare\/chip<\/td>\n<td class=\"et3\" style=\"width: 312.60pt;\" width=\"521\">EM4200, TK4100, EM4305, T5577 etc<\/td>\n<\/tr>\n<tr style=\"height: 14.40pt;\">\n<td class=\"et3\" style=\"height: 14.40pt; width: 138.60pt;\" width=\"231\" height=\"24\">Frekvens<\/td>\n<td class=\"et3\" style=\"width: 312.60pt;\" width=\"521\">125Khz<\/td>\n<\/tr>\n<tr style=\"height: 70.00pt;\">\n<td class=\"et3\" style=\"height: 70.00pt; width: 138.60pt;\" width=\"231\" height=\"116\">Storlek<\/td>\n<td class=\"et3\" style=\"width: 312.60pt;\" width=\"521\">Dia14mm, Dia15mm, Dia18mm, Dia20mm,<\/p>\n<p>Dia22mm, Dia24mm, Dia30mm etc<\/td>\n<\/tr>\n<tr style=\"height: 14.40pt;\">\n<td class=\"et3\" style=\"height: 14.40pt; width: 138.60pt;\" width=\"231\" height=\"24\">L\u00e4s avst\u00e5nd<\/td>\n<td class=\"et3\" style=\"width: 312.60pt;\" width=\"521\">1~5 cm<\/td>\n<\/tr>\n<tr style=\"height: 14.40pt;\">\n<td class=\"et3\" style=\"height: 14.40pt; width: 138.60pt;\" width=\"231\" height=\"24\">Arbetsl\u00e4ge<\/td>\n<td class=\"et3\" style=\"width: 312.60pt;\" width=\"521\">passiv<\/td>\n<\/tr>\n<tr style=\"height: 14.40pt;\">\n<td class=\"et3\" style=\"height: 14.40pt; width: 138.60pt;\" width=\"231\" height=\"24\">Arbetstemperatur<\/td>\n<td class=\"et3\" style=\"width: 312.60pt;\" width=\"521\">-25<span class=\"font0\">\u2103<\/span><span class=\"font2\">~+110<\/span><span class=\"font0\">\u2103<\/span><\/td>\n<\/tr>\n<tr style=\"height: 14.40pt;\">\n<td class=\"et3\" style=\"height: 14.40pt; width: 138.60pt;\" width=\"231\" height=\"24\">F\u00f6rvaringstemperatur<\/td>\n<td class=\"et3\" style=\"width: 312.60pt;\" width=\"521\">-40<span class=\"font0\">\u2103<\/span><span class=\"font2\">~+85<\/span><span class=\"font0\">\u2103<\/span><\/td>\n<\/tr>\n<tr style=\"height: 73.00pt;\">\n<td class=\"et4\" style=\"height: 73.00pt;\" height=\"121\">Driftsspecifikationer<\/td>\n<td class=\"et3\" style=\"width: 312.60pt;\" width=\"521\">Vattent\u00e4t; resistent mot neds\u00e4nkning i saltvatten, alkohol, olja, 10%HCL; Ammoniak; st\u00f6tar och vibrationer<\/td>\n<\/tr>\n<tr style=\"height: 14.40pt;\">\n<td class=\"et3\" style=\"height: 14.40pt; width: 138.60pt;\" width=\"231\" height=\"24\">Drag<\/td>\n<td class=\"et3\" style=\"width: 312.60pt;\" width=\"521\">vattent\u00e4t, tv\u00e4ttbar, motst\u00e5ndskraftig mot h\u00f6g temperatur<\/td>\n<\/tr>\n<tr style=\"height: 14.40pt;\">\n<td class=\"et3\" style=\"height: 14.40pt; width: 138.60pt;\" width=\"231\" height=\"24\">Ans\u00f6kningar<\/td>\n<td class=\"et3\" style=\"width: 312.60pt;\" width=\"521\">tv\u00e4tthantering och sp\u00e5rning<\/td>\n<\/tr>\n<\/tbody>\n<\/table>\n<\/div>\n<p>&nbsp;<\/p>\n<p><strong>ATA5577 IC<\/strong> \u00e4r ett kontaktl\u00f6st l\u00e4s-\/skrividentifieringskrets (IDIC\u00ae<br \/>\n) f\u00f6r applikationer i 125 kHz eller 134<br \/>\nkHz frekvensband. En enda spole ansluten till chipet fungerar som IC:s str\u00f6mf\u00f6rs\u00f6rjning och dubbelriktad<br \/>\nkommunikationsgr\u00e4nssnitt. Antennen och chippet bildar tillsammans en transponder eller tagg. On-chip 363-bitars EEPROM<br \/>\n(11 block med 33 bitar vardera) l\u00e4ses och skrivs blockvis fr\u00e5n en basstation (l\u00e4sare). Data \u00f6verf\u00f6rs fr\u00e5n<br \/>\nIDIC (uppl\u00e4nk) med belastningsmodulering. Detta uppn\u00e5s genom att d\u00e4mpa RF-f\u00e4ltet med en resistiv belastning mellan de tv\u00e5<br \/>\nplintar, &quot;spole 1 och spole 2&quot;. IC:n tar emot och avkodar seriella basstationskommandon (nedl\u00e4nk), som \u00e4r<br \/>\nkodad som 100% amplitudmodulerad On-Off Keying (OOK) Pulse Interval Encoded (PIE) bitstr\u00f6mmar.<\/p>\n<p><strong>ATA5577 IC-funktioner<\/strong><br \/>\nDessa \u00e4r f\u00f6ljande funktioner f\u00f6r l\u00e4s\/skriv LF RFID IDIC 100 kHz till 150 kHz:<br \/>\n\u2022 Kontaktl\u00f6s str\u00f6mf\u00f6rs\u00f6rjning<br \/>\n\u2022 Kontaktl\u00f6s l\u00e4s-\/skrivdata\u00f6verf\u00f6ring<br \/>\n\u2022 Radiofrekvens fRF fr\u00e5n 100 kHz till 150 kHz<br \/>\n\u2022 Grundl\u00e4ge eller ut\u00f6kat l\u00e4ge<br \/>\n\u2022 Kompatibel med T5557, ATA5567<br \/>\n\u2022 Ers\u00e4ttning f\u00f6r e5551\/T5551 i de vanligaste driftsl\u00e4gena<br \/>\n\u2022 Konfigurerbar f\u00f6r ISO\/IEC 11784\/785-kompatibilitet<br \/>\n\u2022 Totalt 363 bitars EEPROM-minne: 11 block (32 bitar + 1 l\u00e5sbit):<br \/>\n\u2013 7 \u00d7 32 bitars EEPROM-anv\u00e4ndarminne, inklusive 32-bitars l\u00f6senordsminne<br \/>\n\u2013 2 \u00d7 32 bitar f\u00f6r unikt ID<br \/>\n\u2013 1 \u00d7 32-bitars tillvalsregister i EEPROM f\u00f6r att st\u00e4lla in den analoga fronten:<br \/>\n\u2022 Detekteringsniv\u00e5 f\u00f6r klocka och gap<br \/>\n\u2022 F\u00f6rb\u00e4ttrad nedl\u00e4nkstid<br \/>\n\u2022 Kl\u00e4m- och moduleringssp\u00e4nning<br \/>\n\u2022 Omkoppling av mjuk modulering<br \/>\n\u2022 Skrivd\u00e4mpning som T5557\/ATA5567 eller med resistor<br \/>\n\u2022 Nedl\u00e4nksprotokoll<br \/>\n\u2013 1 \u00d7 32-bitars konfigurationsregister i EEPROM f\u00f6r att st\u00e4lla in:<br \/>\n\u2022 Datahastighet<br \/>\n\u2013 RF\/2 till RF\/128, bin\u00e4rt valbar eller<br \/>\n\u2013 Fasta priser f\u00f6r basl\u00e4ge<br \/>\n\u2022 Modulering\/kodning<br \/>\n\u2013 Bi-fas, Manchester, Frequency Shift Keying (FSK), Phase Shift Keying (PSK), Non-Return-toZero (NRZ)<br \/>\n\u2022 Andra alternativ:<br \/>\n\u2013 L\u00f6senordsl\u00e4ge<br \/>\n\u2013 Max blockfunktion<br \/>\n\u2013 Direkt\u00e5tkomstl\u00e4ge<br \/>\n\u2013 Sekvensterminator(er)<\/p>\n<\/div>\n<div class=\"J_module\">\n<div class=\"detail-decorate-json-renderer-container\">\n<div class=\"magic-1\">\n<div>\n<div><\/div>\n<\/div>\n<div class=\"magic-2\">\n<div>\n<div class=\"auto-hide-last-sibling-br paragraph_1252f paragraph-element\">\n<div class=\"auto-hide-last-sibling-br paragraph_1252f paragraph-element\"><strong>125 kHz PPS RFID tv\u00e4ttetiketter<\/strong> ger m\u00e5nga f\u00f6rdelar n\u00e4r de integreras i RFID-tv\u00e4ttetikettl\u00f6sningar.<\/div>\n<div class=\"auto-hide-last-sibling-br paragraph_1252f paragraph-element\">Bland dessa f\u00f6rdelar \u00e4r:<\/div>\n<ol class=\"auto-hide-last-sibling-br\">\n<li>Fabriksdirekta priser s\u00e4kerst\u00e4ller kostnadseffektiva l\u00f6sningar.<\/li>\n<li>Garanterad kvalitet, med 100%-testning utf\u00f6rd f\u00f6re leverans.<\/li>\n<li>L\u00e5ngvarig tillf\u00f6rlitlighet, certifierad f\u00f6r att \u00f6verstiga 200 tv\u00e4ttcykler eller st\u00e5tar med en 2-\u00e5rs livsl\u00e4ngdsgaranti efter leverans.<\/li>\n<li>Exceptionell h\u00e5llbarhet, med motst\u00e5ndskraft mot vatten, v\u00e4rme, tryck och kemikalieexponering.<\/li>\n<li>Vi tillhandah\u00e5ller \u00e4ven ett gratisprov f\u00f6r kvalitetss\u00e4kring och testning.<\/li>\n<\/ol>\n<div class=\"auto-hide-last-sibling-br paragraph_1252f paragraph-element\"><strong>RFID Laundry Tag-PPS -T5577 Till\u00e4mpningar:<\/strong><\/div>\n<ol class=\"auto-hide-last-sibling-br\">\n<li>\n<div class=\"auto-hide-last-sibling-br paragraph_1252f paragraph-element\">Industriella tv\u00e4ttstugor: P\u00e5 den industriella arenan g\u00f6r anv\u00e4ndningen av RFID Laundry Tag Buttons enkel sp\u00e5rning av stora m\u00e4ngder linne.<\/div>\n<\/li>\n<li>\n<div class=\"auto-hide-last-sibling-br paragraph_1252f paragraph-element\">Sjukhus och hotell: Dessa institutioner hanterar ofta omfattande tv\u00e4ttuppgifter d\u00e4r dessa taggar har visat sig vara avg\u00f6rande f\u00f6r att f\u00f6rb\u00e4ttra effektiviteten och effektivisera lagerhanteringen.<\/div>\n<\/li>\n<li>\n<div class=\"auto-hide-last-sibling-br paragraph_1252f paragraph-element\">Uthyrning av linne: F\u00f6retag som erbjuder linuthyrningstj\u00e4nster anv\u00e4nder dessa taggar f\u00f6r att underl\u00e4tta lagerhanteringen och s\u00e4kerst\u00e4lla kvalitetskontroll.<\/div>\n<\/li>\n<\/ol>\n<\/div>\n<\/div>\n<\/div>\n<\/div>\n<\/div>\n<\/div>","protected":false},"excerpt":{"rendered":"<div class=\"auto-hide-last-sibling-br paragraph_1252f paragraph-element\">T5577 PPS RFID tv\u00e4ttetiketter, konstruerade av fj\u00e4drande PPS-material, \u00e4r designade f\u00f6r att t\u00e5la neds\u00e4nkning i vatten, exponering f\u00f6r v\u00e4rme, tryck och kemikalier, vilket g\u00f6r dem perfekta f\u00f6r utmanande milj\u00f6er.<\/div>","protected":false},"featured_media":116,"template":"","meta":{"_kad_post_transparent":"default","_kad_post_title":"","_kad_post_layout":"default","_kad_post_sidebar_id":"","_kad_post_content_style":"default","_kad_post_vertical_padding":"default","_kad_post_feature":"","_kad_post_feature_position":"","_kad_post_header":false,"_kad_post_footer":false,"_kad_post_classname":""},"product_brand":[],"product_cat":[21,18],"product_tag":[52,49,58],"class_list":{"0":"post-115","1":"product","2":"type-product","3":"status-publish","4":"has-post-thumbnail","6":"product_cat-pps-rfid-laundry-tag","7":"product_cat-125khz-rfid-laundry-tag","8":"product_tag-125khz-pps-rfid-laundry-tag","9":"product_tag-button-rfid-tag","10":"product_tag-rfid-laundry-tag-pps-t5577","12":"first","13":"instock","14":"shipping-taxable","15":"product-type-simple","16":"entry","17":"content-bg","18":"loop-entry"},"_links":{"self":[{"href":"https:\/\/rfid-laundry-tag.com\/sv\/wp-json\/wp\/v2\/product\/115","targetHints":{"allow":["GET"]}}],"collection":[{"href":"https:\/\/rfid-laundry-tag.com\/sv\/wp-json\/wp\/v2\/product"}],"about":[{"href":"https:\/\/rfid-laundry-tag.com\/sv\/wp-json\/wp\/v2\/types\/product"}],"version-history":[{"count":1,"href":"https:\/\/rfid-laundry-tag.com\/sv\/wp-json\/wp\/v2\/product\/115\/revisions"}],"predecessor-version":[{"id":1340,"href":"https:\/\/rfid-laundry-tag.com\/sv\/wp-json\/wp\/v2\/product\/115\/revisions\/1340"}],"wp:featuredmedia":[{"embeddable":true,"href":"https:\/\/rfid-laundry-tag.com\/sv\/wp-json\/wp\/v2\/media\/116"}],"wp:attachment":[{"href":"https:\/\/rfid-laundry-tag.com\/sv\/wp-json\/wp\/v2\/media?parent=115"}],"wp:term":[{"taxonomy":"product_brand","embeddable":true,"href":"https:\/\/rfid-laundry-tag.com\/sv\/wp-json\/wp\/v2\/product_brand?post=115"},{"taxonomy":"product_cat","embeddable":true,"href":"https:\/\/rfid-laundry-tag.com\/sv\/wp-json\/wp\/v2\/product_cat?post=115"},{"taxonomy":"product_tag","embeddable":true,"href":"https:\/\/rfid-laundry-tag.com\/sv\/wp-json\/wp\/v2\/product_tag?post=115"}],"curies":[{"name":"wp","href":"https:\/\/api.w.org\/{rel}","templated":true}]}}