{"id":109,"date":"2024-06-12T04:24:09","date_gmt":"2024-06-12T04:24:09","guid":{"rendered":"https:\/\/rfid-laundry-tag.com\/?post_type=product&#038;p=109"},"modified":"2024-06-12T04:31:34","modified_gmt":"2024-06-12T04:31:34","slug":"nfc-laundry-tag-pps-icode-slix","status":"publish","type":"product","link":"https:\/\/rfid-laundry-tag.com\/sv\/nfc-laundry-tag-pps-icode-slix\/","title":{"rendered":"NFC tv\u00e4ttetikett \u2013 PPS-ICODE SLIX"},"content":{"rendered":"<div class=\"J_module\">\n<div class=\"ife-detail-decorate-table\">\n<table class=\"has-title all magic-6\">\n<tbody>\n<tr>\n<td colspan=\"1\" rowspan=\"1\">\n<div class=\"magic-7\" data-spm-anchor-id=\"a2700.details.0.i45.77607d98vZbcDU\"><span class=\"magic-8\" style=\"color: #363535;\">Objektets namn<\/span><\/div>\n<\/td>\n<td colspan=\"1\" rowspan=\"1\">\n<div class=\"magic-9\">NFC tv\u00e4ttetikett \u2013 PPS-ICODE SLIX<\/div>\n<\/td>\n<\/tr>\n<tr>\n<td colspan=\"1\" rowspan=\"1\">\n<div class=\"magic-7\"><span class=\"magic-10\" data-spm-anchor-id=\"a2700.pc-decorate.0.i10.28d333330XLbTD\"><span class=\"magic-8\">Material<\/span><\/span><\/div>\n<\/td>\n<td colspan=\"1\" rowspan=\"1\">\n<div class=\"magic-9\"><span class=\"magic-8\">PPS<\/span><\/div>\n<\/td>\n<\/tr>\n<tr>\n<td colspan=\"1\" rowspan=\"1\">\n<div class=\"magic-7\"><span class=\"magic-8\">F\u00e4rg<\/span><\/div>\n<\/td>\n<td colspan=\"1\" rowspan=\"1\">\n<div class=\"magic-9\"><span class=\"magic-8\">Svart osv<\/span><\/div>\n<\/td>\n<\/tr>\n<tr>\n<td colspan=\"1\" rowspan=\"1\">MOQ<\/td>\n<td colspan=\"1\" rowspan=\"1\">500 st<\/td>\n<\/tr>\n<tr>\n<td colspan=\"1\" rowspan=\"1\">\n<div class=\"magic-7\"><span class=\"magic-8\">Tillverkare\/chip<\/span><\/div>\n<\/td>\n<td colspan=\"1\" rowspan=\"1\">\n<div class=\"magic-9\"><span class=\"magic-8\">NXP I Code Slix ; andra alternativ: Ntag213, Ntag215, Ntag216, Mifare Ultralight ev1 etc<\/span><\/div>\n<\/td>\n<\/tr>\n<tr>\n<td colspan=\"1\" rowspan=\"1\">\n<div class=\"magic-7\"><span class=\"magic-8\">Frekvens<\/span><\/div>\n<\/td>\n<td colspan=\"1\" rowspan=\"1\">\n<div class=\"magic-9\"><span class=\"magic-8\">13,56 MHz<\/span><\/div>\n<\/td>\n<\/tr>\n<tr>\n<td colspan=\"1\" rowspan=\"1\">\n<div class=\"magic-7\"><span class=\"magic-8\">Minne<\/span><\/div>\n<\/td>\n<td colspan=\"1\" rowspan=\"1\">\n<div class=\"magic-9\"><span class=\"magic-8\">1k byte ; annat Chips minne: 144 Bytes, 504 Byte, 888 Byte, 64 Byte etc.<\/span><\/div>\n<\/td>\n<\/tr>\n<tr>\n<td colspan=\"1\" rowspan=\"1\">\n<div class=\"magic-7\"><span class=\"magic-8\">L\u00e4s avst\u00e5nd<\/span><\/div>\n<\/td>\n<td colspan=\"1\" rowspan=\"1\">\n<div class=\"magic-9\"><span class=\"magic-8\">1~5 cm<\/span><\/div>\n<\/td>\n<\/tr>\n<tr>\n<td colspan=\"1\" rowspan=\"1\">\n<div class=\"magic-7\"><span class=\"magic-8\">Arbetsl\u00e4ge<\/span><\/div>\n<\/td>\n<td colspan=\"1\" rowspan=\"1\">\n<div class=\"magic-9\"><span class=\"magic-8\">passiv<\/span><\/div>\n<\/td>\n<\/tr>\n<tr>\n<td colspan=\"1\" rowspan=\"1\">\n<div class=\"magic-7\"><span class=\"magic-8\">Arbetstemperatur<\/span><\/div>\n<\/td>\n<td colspan=\"1\" rowspan=\"1\">\n<div class=\"magic-9\"><span class=\"magic-8\">-25\u2103~+110\u2103<\/span><\/div>\n<\/td>\n<\/tr>\n<tr>\n<td colspan=\"1\" rowspan=\"1\">\n<div class=\"magic-7\"><span class=\"magic-8\">F\u00f6rvaringstemperatur<\/span><\/div>\n<\/td>\n<td colspan=\"1\" rowspan=\"1\">\n<div class=\"magic-9\"><span class=\"magic-8\">-40\u2103~+85\u2103<\/span><\/div>\n<\/td>\n<\/tr>\n<tr>\n<td colspan=\"1\" rowspan=\"1\">\n<div class=\"magic-7\">\n<div><span class=\"magic-8\">\u00a0<\/span><\/div>\n<p><span class=\"magic-8\">Kortvarig temperaturbest\u00e4ndighet<\/span><\/p>\n<\/div>\n<\/td>\n<td colspan=\"1\" rowspan=\"1\">\n<div class=\"magic-9\"><span class=\"magic-8\">tv\u00e4tt: 90 \u2103, 15 minuter; omvandlarens f\u00f6rtorkning: 180 \u2103, 30 minuter, 200 g\u00e5nger; strykning: 180 \u2103, 10 sekunder, 200 g\u00e5nger; h\u00f6g<br \/>\ntemperatursterilisering: 135\u2103, 20 minuter<\/span><\/div>\n<\/td>\n<\/tr>\n<tr>\n<td colspan=\"1\" rowspan=\"1\">\n<div class=\"magic-7\"><span class=\"magic-8\">Drag<\/span><\/div>\n<\/td>\n<td colspan=\"1\" rowspan=\"1\">\n<div class=\"magic-9\"><span class=\"magic-8\">vattent\u00e4t, tv\u00e4ttbar, motst\u00e5ndskraftig mot h\u00f6g temperatur<\/span><\/div>\n<\/td>\n<\/tr>\n<tr>\n<td colspan=\"1\" rowspan=\"1\">\n<div class=\"magic-7\"><span class=\"magic-8\">Liv<\/span><\/div>\n<\/td>\n<td colspan=\"1\" rowspan=\"1\">\n<div class=\"magic-9\"><span class=\"magic-8\">tv\u00e4tta 200 g\u00e5nger eller 3 \u00e5r<\/span><\/div>\n<\/td>\n<\/tr>\n<tr>\n<td colspan=\"1\" rowspan=\"1\">\n<div class=\"magic-7\"><span class=\"magic-8\">Ans\u00f6kningar<\/span><\/div>\n<\/td>\n<td colspan=\"1\" rowspan=\"1\">\n<div class=\"magic-9\"><span class=\"magic-8\">tv\u00e4tthantering och sp\u00e5rning<\/span><\/div>\n<\/td>\n<\/tr>\n<\/tbody>\n<\/table>\n<\/div>\n<\/div>\n<div class=\"J_module\">\n<div class=\"detail-decorate-json-renderer-container\">\n<div class=\"magic-1\">\n<div>\n<div><\/div>\n<\/div>\n<div class=\"magic-2\">\n<div class=\"auto-hide-last-sibling-br paragraph_1252f paragraph-element\">\n<div class=\"auto-hide-last-sibling-br paragraph_1252f paragraph-element\"><b>NFC Laundry Tag \u2013 PPS-I Code Slix Installation:<\/b><br \/>\nN\u00e4r ett f\u00f6retag best\u00e4mmer sig f\u00f6r att en <b>NFC tv\u00e4tt<\/b> sp\u00e5rningssystem kan gynna dem, n\u00e4sta steg \u00e4r att besluta om en <b>NFC tv\u00e4ttetikett<\/b>.<br \/>\nDe <b>NFC tv\u00e4ttetikett<\/b> kan \u00e4ven sys till dina kl\u00e4der, i s\u00e5 fall finns NFC- eller UHF-funktioner tillg\u00e4ngliga var du \u00e4n \u00e4r.<\/div>\n<div class=\"auto-hide-last-sibling-br paragraph_1252f paragraph-element\">\n<p>&nbsp;<\/p>\n<p><b>Ans\u00f6kan om NFC Laundry tag \u2013 PPS-I Code Slix:<\/b><br \/>\n\u2013 Industriell tv\u00e4tt.<br \/>\n\u2013 Hantering av uniformer.<br \/>\n\u2013 Hantering av medicinsk kl\u00e4dsel.<br \/>\n\u2013 Hantering av PPE-kl\u00e4der.<br \/>\n\u2013 Personalpatrullledning.<br \/>\n\u2013 Hantering av brandbek\u00e4mpningsutrustning.<br \/>\n\u2013 Hantering av skidutrustning.<\/p>\n<\/div>\n<div><\/div>\n<\/div>\n<\/div>\n<div>\n<p>De <strong>ICODE SLIX IC<\/strong> \u00e4r ett dedikerat chip f\u00f6r intelligenta etikettapplikationer som bibliotek, produktautentisering inom olika branscher som l\u00e4kemedel, medicintekniska produkter och alkohol, samt produktionsledning inom olika delar av branschen. Denna IC \u00e4r den tredje generationen av en produktfamilj av smarta etikett-IC:er baserade p\u00e5 ISO-standarderna ISO\/IEC 15693 och ISO\/IEC 18000-3, vilket f\u00f6rl\u00e4nger en framg\u00e5ngsrik historia om NXP<sup>\u00ae<\/sup>\u00a0inom omr\u00e5det f\u00f6r n\u00e4rhetsidentifieringssystem.<\/p>\n<h3>Kontaktl\u00f6s energi- och data\u00f6verf\u00f6ring<\/h3>\n<p>N\u00e4rhelst den \u00e4r ansluten till en mycket enkel och l\u00e4tttillverkad typ av antenn (som ett resultat av 13,56 MHz b\u00e4rfrekvens) gjord av ett f\u00e5tal lindningar tryckta, lindade, etsade eller stansade spole, kan ICODE SLIX IC anv\u00e4ndas utan siktlinje upp till ett avst\u00e5nd av 1,5 m (portens bredd). Inget batteri beh\u00f6vs. N\u00e4r den smarta etiketten \u00e4r placerad i f\u00e4ltet av en fr\u00e5geantenn, g\u00f6r det h\u00f6ghastighets-RF-kommunikationsgr\u00e4nssnittet att data kan \u00f6verf\u00f6ras upp till 53 kbit\/s.<\/p>\n<h3>Antikollision<\/h3>\n<p>En intelligent anti-kollisionsfunktion g\u00f6r att flera taggar kan arbeta i f\u00e4lt samtidigt. Antikollisionsalgoritmen v\u00e4ljer varje tagg individuellt och s\u00e4kerst\u00e4ller att exekveringen av en transaktion med en vald tagg utf\u00f6rs korrekt utan att datakorruption beror p\u00e5 andra taggar i f\u00e4ltet.<\/p>\n<h3>Drag<\/h3>\n<div id=\"featuresXsp\" class=\"features-list\">\n<div class=\"features-xsp\">\n<div class=\"collapse-mobile ste-list\">\n<h3>ICODE SLIX RF-gr\u00e4nssnitt (ISO\/IEC 15693)<\/h3>\n<ul class=\"boxes\">\n<li>Kontaktl\u00f6s \u00f6verf\u00f6ring av data och f\u00f6rs\u00f6rjningsenergi (inget batteri beh\u00f6vs)<\/li>\n<li>Driftavst\u00e5nd: upp till 1,5 m (beroende p\u00e5 antenngeometri)<\/li>\n<li>Driftsfrekvens: 13,56 MHz (ISM, v\u00e4rldsomsp\u00e4nnande licens fritt tillg\u00e4nglig)<\/li>\n<li>Snabb data\u00f6verf\u00f6ring: upp till 53 kbit\/s<\/li>\n<li>H\u00f6g dataintegritet: 16-bitars CRC, inramning<\/li>\n<li>Sann antikollision<\/li>\n<li>L\u00f6senordsskyddad elektronisk artikel\u00f6vervakning (EAS)<\/li>\n<li>L\u00f6senordsskyddad Application Family Identifier (AFI)<\/li>\n<li>Data Storage Format IDentifier (DSFID)<\/li>\n<li>Ytterligare snabb antikollisionsavl\u00e4sning<\/li>\n<li>Skrivavst\u00e5nd lika med l\u00e4savst\u00e5nd<\/li>\n<\/ul>\n<\/div>\n<div class=\"collapse-mobile ste-list\">\n<h3>EEPROM<\/h3>\n<ul class=\"boxes\">\n<li>1024 bitar, organiserade i 32 block med 4 byte vardera<\/li>\n<li>50 \u00e5rs datalagring<\/li>\n<li>Skriv uth\u00e5llighet p\u00e5 100 000 cykler<\/li>\n<\/ul>\n<\/div>\n<div class=\"collapse-mobile ste-list\">\n<h3>S\u00e4kerhet<\/h3>\n<ul class=\"boxes\">\n<li>Unik identifierare f\u00f6r varje enhet<\/li>\n<li>L\u00e5smekanism f\u00f6r varje anv\u00e4ndarminnesblock (skrivskydd)<\/li>\n<li>L\u00e5smekanism f\u00f6r DSFID, AFI, EAS<\/li>\n<li>L\u00f6senordsskyddad (32-bitars) EAS- och AFI-funktionalitet<\/li>\n<\/ul>\n<\/div>\n<\/div>\n<\/div>\n<\/div>\n<div class=\"magic-2\">\n<div class=\"auto-hide-last-sibling-br paragraph_1252f paragraph-element\">\n<p>&nbsp;<\/p>\n<div class=\"auto-hide-last-sibling-br paragraph_1252f paragraph-element\"><\/div>\n<div class=\"auto-hide-last-sibling-br paragraph_1252f paragraph-element\"><\/div>\n<\/div>\n<\/div>\n<\/div>\n<\/div>\n<\/div>","protected":false},"excerpt":{"rendered":"<p>ICODE SLIX NFC tv\u00e4ttetiketter, designade med antikollisions- och EAS-funktioner, passar utm\u00e4rkt f\u00f6r tv\u00e4ttsektorer. Dessa NFC-tv\u00e4ttetiketter \u00e4r konstruerade f\u00f6r att motst\u00e5 v\u00e4rme, tryck och kemikalieexponering som vanligtvis f\u00f6rekommer i tv\u00e4tt- och textiluthyrningsindustrin. Med tanke p\u00e5 dessa egenskaper fungerar de som den ultimata l\u00f6sningen f\u00f6r s\u00f6ml\u00f6s, ber\u00f6ringsfri sp\u00e5rning av kl\u00e4desplagg inom dessa industrier.<\/p>","protected":false},"featured_media":110,"template":"","meta":{"_kad_post_transparent":"default","_kad_post_title":"","_kad_post_layout":"default","_kad_post_sidebar_id":"","_kad_post_content_style":"default","_kad_post_vertical_padding":"default","_kad_post_feature":"","_kad_post_feature_position":"","_kad_post_header":false,"_kad_post_footer":false,"_kad_post_classname":""},"product_brand":[],"product_cat":[21,17],"product_tag":[37,39,56,45],"class_list":{"0":"post-109","1":"product","2":"type-product","3":"status-publish","4":"has-post-thumbnail","6":"product_cat-pps-rfid-laundry-tag","7":"product_cat-nfc-rfid-laundry-tag","8":"product_tag-nfc-button","9":"product_tag-nfc-laundry-tag","10":"product_tag-nfc-laundry-tag-pps-icode-slix","11":"product_tag-pps-washable-nfc-tags","13":"first","14":"instock","15":"shipping-taxable","16":"product-type-simple","17":"entry","18":"content-bg","19":"loop-entry"},"_links":{"self":[{"href":"https:\/\/rfid-laundry-tag.com\/sv\/wp-json\/wp\/v2\/product\/109","targetHints":{"allow":["GET"]}}],"collection":[{"href":"https:\/\/rfid-laundry-tag.com\/sv\/wp-json\/wp\/v2\/product"}],"about":[{"href":"https:\/\/rfid-laundry-tag.com\/sv\/wp-json\/wp\/v2\/types\/product"}],"version-history":[{"count":0,"href":"https:\/\/rfid-laundry-tag.com\/sv\/wp-json\/wp\/v2\/product\/109\/revisions"}],"wp:featuredmedia":[{"embeddable":true,"href":"https:\/\/rfid-laundry-tag.com\/sv\/wp-json\/wp\/v2\/media\/110"}],"wp:attachment":[{"href":"https:\/\/rfid-laundry-tag.com\/sv\/wp-json\/wp\/v2\/media?parent=109"}],"wp:term":[{"taxonomy":"product_brand","embeddable":true,"href":"https:\/\/rfid-laundry-tag.com\/sv\/wp-json\/wp\/v2\/product_brand?post=109"},{"taxonomy":"product_cat","embeddable":true,"href":"https:\/\/rfid-laundry-tag.com\/sv\/wp-json\/wp\/v2\/product_cat?post=109"},{"taxonomy":"product_tag","embeddable":true,"href":"https:\/\/rfid-laundry-tag.com\/sv\/wp-json\/wp\/v2\/product_tag?post=109"}],"curies":[{"name":"wp","href":"https:\/\/api.w.org\/{rel}","templated":true}]}}