{"id":83,"date":"2024-06-11T17:35:21","date_gmt":"2024-06-11T17:35:21","guid":{"rendered":"https:\/\/rfid-laundry-tag.com\/?post_type=product&#038;p=83"},"modified":"2024-06-14T16:23:02","modified_gmt":"2024-06-14T16:23:02","slug":"rfid-laundry-button-nfc-tag","status":"publish","type":"product","link":"https:\/\/rfid-laundry-tag.com\/sl\/rfid-laundry-button-nfc-tag\/","title":{"rendered":"RFID gumb za pranje perila Oznaka NFC"},"content":{"rendered":"<div class=\"J_module\">\n<div class=\"ife-detail-decorate-table\">\n<table class=\"has-title all magic-6\">\n<tbody>\n<tr>\n<td colspan=\"1\" rowspan=\"1\">\n<div class=\"magic-7\" data-spm-anchor-id=\"a2700.details.0.i45.77607d98vZbcDU\"><span class=\"magic-8\" style=\"color: #363535;\">Ime izdelka<\/span><\/div>\n<\/td>\n<td colspan=\"1\" rowspan=\"1\">\n<div class=\"magic-9\"><span class=\"magic-8\">RFID gumb za pranje perila Oznaka NFC<\/span><\/div>\n<\/td>\n<\/tr>\n<tr>\n<td colspan=\"1\" rowspan=\"1\">\n<div class=\"magic-7\"><span class=\"magic-10\" data-spm-anchor-id=\"a2700.pc-decorate.0.i10.28d333330XLbTD\"><span class=\"magic-8\">Material<\/span><\/span><\/div>\n<\/td>\n<td colspan=\"1\" rowspan=\"1\">\n<div class=\"magic-9\"><span class=\"magic-8\">PPS<\/span><\/div>\n<\/td>\n<\/tr>\n<tr>\n<td colspan=\"1\" rowspan=\"1\">\n<div class=\"magic-7\"><span class=\"magic-8\">barva<\/span><\/div>\n<\/td>\n<td colspan=\"1\" rowspan=\"1\">\n<div class=\"magic-9\"><span class=\"magic-8\">\u010crna<\/span><\/div>\n<\/td>\n<\/tr>\n<tr>\n<td colspan=\"1\" rowspan=\"1\">MOQ<\/td>\n<td colspan=\"1\" rowspan=\"1\">500 kosov<\/td>\n<\/tr>\n<tr>\n<td colspan=\"1\" rowspan=\"1\">\n<div class=\"magic-7\"><span class=\"magic-8\">Proizvajalec\/\u010dip<\/span><\/div>\n<\/td>\n<td colspan=\"1\" rowspan=\"1\">\n<div class=\"magic-9\"><span class=\"magic-8\">NXP Ntag215, Ntag216, NTAG213, Mifare 1k, Mifare Ultralight ev1 itd.<\/span><\/div>\n<\/td>\n<\/tr>\n<tr>\n<td colspan=\"1\" rowspan=\"1\">\n<div class=\"magic-7\"><span class=\"magic-8\">Pogostost<\/span><\/div>\n<\/td>\n<td colspan=\"1\" rowspan=\"1\">\n<div class=\"magic-9\"><span class=\"magic-8\">13,56 MHz<\/span><\/div>\n<\/td>\n<\/tr>\n<tr>\n<td colspan=\"1\" rowspan=\"1\">\n<div class=\"magic-7\"><span class=\"magic-8\">Spomin<\/span><\/div>\n<\/td>\n<td colspan=\"1\" rowspan=\"1\">\n<div class=\"magic-9\"><span class=\"magic-8\">504 bajtov\/888 bajtov\/144 bajtov\/1K bajtov\/64 bajtov<\/span><\/div>\n<\/td>\n<\/tr>\n<tr>\n<td colspan=\"1\" rowspan=\"1\">\n<div class=\"magic-7\"><span class=\"magic-8\">Preberi Razdalja<\/span><\/div>\n<\/td>\n<td colspan=\"1\" rowspan=\"1\">\n<div class=\"magic-9\"><span class=\"magic-8\">1~5 cm<\/span><\/div>\n<\/td>\n<\/tr>\n<tr>\n<td colspan=\"1\" rowspan=\"1\">\n<div class=\"magic-7\"><span class=\"magic-8\">Na\u010din dela<\/span><\/div>\n<\/td>\n<td colspan=\"1\" rowspan=\"1\">\n<div class=\"magic-9\"><span class=\"magic-8\">pasivno<\/span><\/div>\n<\/td>\n<\/tr>\n<tr>\n<td colspan=\"1\" rowspan=\"1\">\n<div class=\"magic-7\"><span class=\"magic-8\">Delovna temperatura<\/span><\/div>\n<\/td>\n<td colspan=\"1\" rowspan=\"1\">\n<div class=\"magic-9\"><span class=\"magic-8\">-25 \u2103 ~ +110 \u2103<\/span><\/div>\n<\/td>\n<\/tr>\n<tr>\n<td colspan=\"1\" rowspan=\"1\">\n<div class=\"magic-7\"><span class=\"magic-8\">Temperatura shranjevanja<\/span><\/div>\n<\/td>\n<td colspan=\"1\" rowspan=\"1\">\n<div class=\"magic-9\"><span class=\"magic-8\">-40\u2103~+85\u2103<\/span><\/div>\n<\/td>\n<\/tr>\n<tr>\n<td colspan=\"1\" rowspan=\"1\">\n<div class=\"magic-7\">\n<div><span class=\"magic-8\">\u00a0<\/span><\/div>\n<p><span class=\"magic-8\">Kratkotrajna temperaturna odpornost<\/span><\/p>\n<\/div>\n<\/td>\n<td colspan=\"1\" rowspan=\"1\">\n<div class=\"magic-9\"><span class=\"magic-8\">pranje: 90\u2103, 15 minut; predsu\u0161enje v pretvorniku: 180 \u2103, 30 minut, 200-krat; likanje: 180 \u2103, 10 sekund, 200-krat; visoka<br \/>\ntemperatura sterilizacije: 135 \u2103, 20 minut<\/span><\/div>\n<\/td>\n<\/tr>\n<tr>\n<td colspan=\"1\" rowspan=\"1\">\n<div class=\"magic-7\"><span class=\"magic-8\">Lastnosti<\/span><\/div>\n<\/td>\n<td colspan=\"1\" rowspan=\"1\">\n<div class=\"magic-9\"><span class=\"magic-8\">vodoodporen, pralen, odporen na visoke temperature<\/span><\/div>\n<\/td>\n<\/tr>\n<tr>\n<td colspan=\"1\" rowspan=\"1\">\n<div class=\"magic-7\"><span class=\"magic-8\">\u017eivljenje<\/span><\/div>\n<\/td>\n<td colspan=\"1\" rowspan=\"1\">\n<div class=\"magic-9\"><span class=\"magic-8\">200-kratno pranje ali 3 leta<\/span><\/div>\n<\/td>\n<\/tr>\n<tr>\n<td colspan=\"1\" rowspan=\"1\">\n<div class=\"magic-7\"><span class=\"magic-8\">Aplikacije<\/span><\/div>\n<\/td>\n<td colspan=\"1\" rowspan=\"1\">\n<div class=\"magic-9\"><span class=\"magic-8\">upravljanje in sledenje pranju<\/span><\/div>\n<\/td>\n<\/tr>\n<\/tbody>\n<\/table>\n<\/div>\n<\/div>\n<div class=\"J_module\">\n<div class=\"detail-decorate-json-renderer-container\">\n<div class=\"magic-1\">\n<div class=\"magic-2\">\n<div class=\"magic-3\">\n<div><\/div>\n<\/div>\n<\/div>\n<p><strong>Mo\u017enosti \u010dipa:<\/strong><\/p>\n<ul>\n<li><strong>NXP UCODE 8\/9:<\/strong>\u00a0Stro\u0161kovno u\u010dinkoviti \u010dipi, idealni za osnovno sledenje in identifikacijo, ki ponujajo razpon branja do 10 metrov.<\/li>\n<li><strong>NTAG213:<\/strong>\u00a0\u010cip, ki podpira NFC, omogo\u010da komunikacijo s pametnimi telefoni in drugimi napravami NFC, popoln za aplikacije, kot so brezsti\u010dno pla\u010devanje ali dostop do informacij o izdelkih.<\/li>\n<li><strong>Mifare 1k:<\/strong>\u00a0Varen \u010dip z mo\u010dnimi funkcijami \u0161ifriranja in avtentikacije, primeren za nadzor dostopa in varno shranjevanje podatkov.<\/li>\n<li><strong>EM4305:<\/strong>\u00a0Poceni \u010dip za osnovne aplikacije za nadzor dostopa z obsegom branja do 1 metra.<\/li>\n<li><strong>T5577:<\/strong>\u00a0\u0160e en poceni \u010dip za sisteme za nadzor dostopa in izdajanje vozovnic, ki ponuja doseg branja do 1 metra.<\/li>\n<\/ul>\n<h3>Lastnosti<\/h3>\n<div id=\"featuresXsp\" class=\"features-list toggle-opacity in\">\n<div class=\"features-xsp\">\n<div class=\"collapse-mobile ste-list-ul\">\n<ul class=\"boxes\">\n<li>Brezkontaktni prenos podatkov in dobava energije<\/li>\n<li>Delovna frekvenca 13,56 MHz<\/li>\n<li>Prenos podatkov 106 kbit\/s<\/li>\n<li>Celovitost podatkov 16-bitnega CRC, pariteta, bitno kodiranje, \u0161tetje bitov<\/li>\n<li>Delovna razdalja do 100 mm (odvisno od razli\u010dnih parametrov, kot npr. jakost polja in geometrija antene)<\/li>\n<li>7-bajtna serijska \u0161tevilka (kaskadna raven 2 v skladu z ISO\/IEC 14443-3)<\/li>\n<li>UID ASCII ogledalo za samodejno serializacijo sporo\u010dil NDEF<\/li>\n<li>Samodejni \u0161tevec NFC, ki se spro\u017ei ob ukazu za branje<\/li>\n<li>ASCII zrcalo \u0161tevca NFC za samodejno dodajanje vrednosti \u0161tevca NFC v sporo\u010dilo NDEF<\/li>\n<li>Podpis izvirnosti na podlagi ECC<\/li>\n<li>Ukaz za hitro branje<\/li>\n<li>Prava za\u0161\u010dita pred tr\u010denjem<\/li>\n<li>50 pF vhodne kapacitivnosti<\/li>\n<\/ul>\n<\/div>\n<div class=\"collapse-mobile ste-list-ul\">\n<ul class=\"boxes\">\n<li>180, 540 ali 924 bajtov, organiziranih v 45, 135 ali 231 straneh s 4 bajti na stran<\/li>\n<li>144, 504 ali 888 bajtov, prosto dostopno uporabni\u0161ko obmo\u010dje za branje\/pisanje (36, 126 ali 222 strani)<\/li>\n<li>4-bajtni vsebnik inicializirane zmogljivosti z enkratnimi programabilnimi dostopnimi biti<\/li>\n<li>Programirana funkcija zaklepanja samo za branje na stran za prvih 16 strani<\/li>\n<li>Funkcija zaklepanja samo za branje, ki jo je mogo\u010de programirati na terenu, nad prvimi 16 stranmi na dvojno stran za NTAG 213 ali na 16 strani za NTAG 215 in NTAG 216<\/li>\n<li>Nastavljiva za\u0161\u010dita z geslom z izbirno omejitvijo neuspe\u0161nih poskusov<\/li>\n<li>Podpora proti trganju za vsebnik zmogljivosti (CC) in klju\u010davnice<\/li>\n<li>ECC podpira preverjanje izvirnosti<\/li>\n<li>\u010cas hrambe podatkov 10 let<\/li>\n<li>Napi\u0161ite vzdr\u017eljivost 100.000 ciklov<\/li>\n<\/ul>\n<\/div>\n<\/div>\n<\/div>\n<div class=\"magic-2\">\n<div class=\"auto-hide-last-sibling-br paragraph_1252f paragraph-element\">\n<div class=\"auto-hide-last-sibling-br paragraph_1252f paragraph-element\"><strong>Aplikacije RFID oznake za perilo:<\/strong><\/div>\n<p>&nbsp;<\/p>\n<ol class=\"auto-hide-last-sibling-br\">\n<li>\n<div class=\"auto-hide-last-sibling-br paragraph_1252f paragraph-element\">Industrijske pralnice: V industrijskem okolju postane sledenje velikim koli\u010dinam perila preprosto z na\u0161imi RFID gumbi za oznake perila.<\/div>\n<\/li>\n<li>\n<div class=\"auto-hide-last-sibling-br paragraph_1252f paragraph-element\">Zdravstvene ustanove in hoteli: Ustanove, kot so te, pogosto opravljajo pralnice velikih koli\u010din perila, kjer na\u0161e oznake dosledno izbolj\u0161ujejo u\u010dinkovitost in poenostavljajo upravljanje zalog.<\/div>\n<\/li>\n<li>\n<div class=\"auto-hide-last-sibling-br paragraph_1252f paragraph-element\">Izposoja perila: Podjetja v sektorju storitev izposoje perila uporabljajo te oznake za poenostavitev upravljanja zalog in ohranjanje nadzora kakovosti.<\/div>\n<\/li>\n<\/ol>\n<div class=\"auto-hide-last-sibling-br paragraph_1252f paragraph-element\">Ponujamo razli\u010dne oznake za perilo RFID na frekvencah 125 kHz LF, 13,56 MHz HF in Gen 2 UHF, od katerih je vsaka zasnovana tako, da zadovolji razli\u010dne posebne potrebe. Na\u0161e oznake, znane po svoji vzdr\u017eljivosti in raznolikosti velikosti, brez te\u017eav prenesejo visokotemperaturne cikle pranja perila v ustanovah. Te RFID oznake za perilo so izdelane tako, da prenesejo stroge postopke pranja perila v hotelih in ustanovah, obljubljajo pa vzdr\u017eljivost, ki je kos pranju, su\u0161enju, kemi\u010dnemu \u010di\u0161\u010denju in likanju.<\/div>\n<p>&nbsp;<\/p>\n<div class=\"auto-hide-last-sibling-br paragraph_1252f paragraph-element\">Uporaba materiala PPS pri izdelavi na\u0161ih oznak zagotavlja, da so odporne na potopitev v vodo, izpostavljenost vro\u010dini, fizi\u010dnemu pritisku in kemikalijam. Te oznake so kot nala\u0161\u010d za postopke popisa in preverjanje v razli\u010dnih sektorjih, kot so zdravstvo, gostinstvo, delovna obla\u010dila, izobra\u017eevanje itd. Z lahkoto jih lahko pri\u0161ijete na razli\u010dne tekstilne predmete, kot so posteljnina, prti\u010dki, brisa\u010de in \u0161tevilna obla\u010dila, ali pa jih postavite v ohi\u0161ja.<\/div>\n<\/div>\n<div class=\"auto-hide-last-sibling-br paragraph_1252f paragraph-element\"><\/div>\n<\/div>\n<\/div>\n<\/div>\n<\/div>","protected":false},"excerpt":{"rendered":"<p>RFID Laundry Button NFC Tag je zasnovan za identifikacijo in spremljanje pri upravljanju pralnic. Te oznake lahko priro\u010dno pritrdite na vsak kos obla\u010dila ali vre\u010dko za perilo. Vsak gumb NFC je opremljen z zna\u010dilno identifikacijsko oznako, ki jo je mogo\u010de povezati z dolo\u010denimi kosi perila. Tako je postopek sledenja perilu bolj poenostavljen in u\u010dinkovit.<\/p>","protected":false},"featured_media":156,"template":"","meta":{"_kad_post_transparent":"default","_kad_post_title":"","_kad_post_layout":"default","_kad_post_sidebar_id":"","_kad_post_content_style":"default","_kad_post_vertical_padding":"default","_kad_post_feature":"","_kad_post_feature_position":"","_kad_post_header":false,"_kad_post_footer":false,"_kad_post_classname":""},"product_brand":[],"product_cat":[21,17],"product_tag":[43,35,72,44],"class_list":{"0":"post-83","1":"product","2":"type-product","3":"status-publish","4":"has-post-thumbnail","6":"product_cat-pps-rfid-laundry-tag","7":"product_cat-nfc-rfid-laundry-tag","8":"product_tag-pps-rfid-washable-laundry-tags","9":"product_tag-rfid-button","10":"product_tag-rfid-laundry-button-nfc-tag","11":"product_tag-rfid-washable-laundry-tags","13":"first","14":"instock","15":"shipping-taxable","16":"product-type-simple","17":"entry","18":"content-bg","19":"loop-entry"},"_links":{"self":[{"href":"https:\/\/rfid-laundry-tag.com\/sl\/wp-json\/wp\/v2\/product\/83","targetHints":{"allow":["GET"]}}],"collection":[{"href":"https:\/\/rfid-laundry-tag.com\/sl\/wp-json\/wp\/v2\/product"}],"about":[{"href":"https:\/\/rfid-laundry-tag.com\/sl\/wp-json\/wp\/v2\/types\/product"}],"version-history":[{"count":1,"href":"https:\/\/rfid-laundry-tag.com\/sl\/wp-json\/wp\/v2\/product\/83\/revisions"}],"predecessor-version":[{"id":155,"href":"https:\/\/rfid-laundry-tag.com\/sl\/wp-json\/wp\/v2\/product\/83\/revisions\/155"}],"wp:featuredmedia":[{"embeddable":true,"href":"https:\/\/rfid-laundry-tag.com\/sl\/wp-json\/wp\/v2\/media\/156"}],"wp:attachment":[{"href":"https:\/\/rfid-laundry-tag.com\/sl\/wp-json\/wp\/v2\/media?parent=83"}],"wp:term":[{"taxonomy":"product_brand","embeddable":true,"href":"https:\/\/rfid-laundry-tag.com\/sl\/wp-json\/wp\/v2\/product_brand?post=83"},{"taxonomy":"product_cat","embeddable":true,"href":"https:\/\/rfid-laundry-tag.com\/sl\/wp-json\/wp\/v2\/product_cat?post=83"},{"taxonomy":"product_tag","embeddable":true,"href":"https:\/\/rfid-laundry-tag.com\/sl\/wp-json\/wp\/v2\/product_tag?post=83"}],"curies":[{"name":"delovni list","href":"https:\/\/api.w.org\/{rel}","templated":true}]}}