{"id":74,"date":"2024-06-11T15:58:40","date_gmt":"2024-06-11T15:58:40","guid":{"rendered":"https:\/\/rfid-laundry-tag.com\/?post_type=product&#038;p=74"},"modified":"2024-06-11T16:34:14","modified_gmt":"2024-06-11T16:34:14","slug":"pps-rfid-washable-laundry-tags","status":"publish","type":"product","link":"https:\/\/rfid-laundry-tag.com\/sl\/pps-rfid-washable-laundry-tags\/","title":{"rendered":"PPS RFID pralne oznake za perilo"},"content":{"rendered":"<div class=\"J_module\">\n<div class=\"ife-detail-decorate-table\">\n<table class=\"has-title all magic-6\">\n<tbody>\n<tr>\n<td colspan=\"1\" rowspan=\"1\">\n<div class=\"magic-7\" data-spm-anchor-id=\"a2700.details.0.i45.77607d98vZbcDU\"><span class=\"magic-8\" style=\"color: #363535;\">Ime izdelka<\/span><\/div>\n<\/td>\n<td colspan=\"1\" rowspan=\"1\">\n<div class=\"magic-9\"><span class=\"magic-8\">PPS RFID pralne oznake za perilo<\/span><\/div>\n<\/td>\n<\/tr>\n<tr>\n<td colspan=\"1\" rowspan=\"1\">\n<div class=\"magic-7\"><span class=\"magic-10\" data-spm-anchor-id=\"a2700.pc-decorate.0.i10.28d333330XLbTD\"><span class=\"magic-8\">Material<\/span><\/span><\/div>\n<\/td>\n<td colspan=\"1\" rowspan=\"1\">\n<div class=\"magic-9\"><span class=\"magic-8\">PPS<\/span><\/div>\n<\/td>\n<\/tr>\n<tr>\n<td colspan=\"1\" rowspan=\"1\">\n<div class=\"magic-7\"><span class=\"magic-8\">barva<\/span><\/div>\n<\/td>\n<td colspan=\"1\" rowspan=\"1\">\n<div class=\"magic-9\"><span class=\"magic-8\">\u010crna<\/span><\/div>\n<\/td>\n<\/tr>\n<tr>\n<td colspan=\"1\" rowspan=\"1\">MOQ<\/td>\n<td colspan=\"1\" rowspan=\"1\">500 kosov<\/td>\n<\/tr>\n<tr>\n<td colspan=\"1\" rowspan=\"1\">\n<div class=\"magic-7\"><span class=\"magic-8\">Proizvajalec\/\u010dip<\/span><\/div>\n<\/td>\n<td colspan=\"1\" rowspan=\"1\">\n<div class=\"magic-9\"><span class=\"magic-8\">NXP UCODE 8,UCODE 9\/NTAG213,Mifare 1k\/EM4305,T5577 itd.<\/span><\/div>\n<\/td>\n<\/tr>\n<tr>\n<td colspan=\"1\" rowspan=\"1\">\n<div class=\"magic-7\"><span class=\"magic-8\">Pogostost<\/span><\/div>\n<\/td>\n<td colspan=\"1\" rowspan=\"1\">\n<div class=\"magic-9\"><span class=\"magic-8\">860\u2013960MHz\/13,56MHz\/125Khz<\/span><\/div>\n<\/td>\n<\/tr>\n<tr>\n<td colspan=\"1\" rowspan=\"1\">\n<div class=\"magic-7\"><span class=\"magic-8\">Spomin<\/span><\/div>\n<\/td>\n<td colspan=\"1\" rowspan=\"1\">\n<div class=\"magic-9\"><span class=\"magic-8\">96 bitov\/128 bitov\/144 bajtov<\/span><\/div>\n<\/td>\n<\/tr>\n<tr>\n<td colspan=\"1\" rowspan=\"1\">\n<div class=\"magic-7\"><span class=\"magic-8\">Preberi Razdalja<\/span><\/div>\n<\/td>\n<td colspan=\"1\" rowspan=\"1\">\n<div class=\"magic-9\"><span class=\"magic-8\">1-6m\/1~5cm\/1~2cm<\/span><\/div>\n<\/td>\n<\/tr>\n<tr>\n<td colspan=\"1\" rowspan=\"1\">\n<div class=\"magic-7\"><span class=\"magic-8\">Na\u010din dela<\/span><\/div>\n<\/td>\n<td colspan=\"1\" rowspan=\"1\">\n<div class=\"magic-9\"><span class=\"magic-8\">pasivno<\/span><\/div>\n<\/td>\n<\/tr>\n<tr>\n<td colspan=\"1\" rowspan=\"1\">\n<div class=\"magic-7\"><span class=\"magic-8\">Delovna temperatura<\/span><\/div>\n<\/td>\n<td colspan=\"1\" rowspan=\"1\">\n<div class=\"magic-9\"><span class=\"magic-8\">-25 \u2103 ~ +110 \u2103<\/span><\/div>\n<\/td>\n<\/tr>\n<tr>\n<td colspan=\"1\" rowspan=\"1\">\n<div class=\"magic-7\"><span class=\"magic-8\">Temperatura shranjevanja<\/span><\/div>\n<\/td>\n<td colspan=\"1\" rowspan=\"1\">\n<div class=\"magic-9\"><span class=\"magic-8\">-40\u2103~+85\u2103<\/span><\/div>\n<\/td>\n<\/tr>\n<tr>\n<td colspan=\"1\" rowspan=\"1\">\n<div class=\"magic-7\">\n<div><span class=\"magic-8\">\u00a0<\/span><\/div>\n<p><span class=\"magic-8\">Kratkotrajna temperaturna odpornost<\/span><\/p>\n<\/div>\n<\/td>\n<td colspan=\"1\" rowspan=\"1\">\n<div class=\"magic-9\"><span class=\"magic-8\">pranje: 90\u2103, 15 minut; predsu\u0161enje v pretvorniku: 180 \u2103, 30 minut, 200-krat; likanje: 180 \u2103, 10 sekund, 200-krat; visoka<br \/>\ntemperatura sterilizacije: 135 \u2103, 20 minut<\/span><\/div>\n<\/td>\n<\/tr>\n<tr>\n<td colspan=\"1\" rowspan=\"1\">\n<div class=\"magic-7\"><span class=\"magic-8\">Lastnosti<\/span><\/div>\n<\/td>\n<td colspan=\"1\" rowspan=\"1\">\n<div class=\"magic-9\"><span class=\"magic-8\">vodoodporen, pralen, odporen na visoke temperature<\/span><\/div>\n<\/td>\n<\/tr>\n<tr>\n<td colspan=\"1\" rowspan=\"1\">\n<div class=\"magic-7\"><span class=\"magic-8\">\u017eivljenje<\/span><\/div>\n<\/td>\n<td colspan=\"1\" rowspan=\"1\">\n<div class=\"magic-9\"><span class=\"magic-8\">200-kratno pranje ali 3 leta<\/span><\/div>\n<\/td>\n<\/tr>\n<tr>\n<td colspan=\"1\" rowspan=\"1\">\n<div class=\"magic-7\"><span class=\"magic-8\">Aplikacije<\/span><\/div>\n<\/td>\n<td colspan=\"1\" rowspan=\"1\">\n<div class=\"magic-9\"><span class=\"magic-8\">upravljanje in sledenje pranju<\/span><\/div>\n<\/td>\n<\/tr>\n<\/tbody>\n<\/table>\n<\/div>\n<\/div>\n<div class=\"J_module\">\n<div class=\"detail-decorate-json-renderer-container\">\n<div class=\"magic-1\">\n<div class=\"magic-2\">\n<div class=\"magic-3\">\n<div><\/div>\n<\/div>\n<div>\n<div><\/div>\n<\/div>\n<\/div>\n<p><strong>Mo\u017enosti \u010dipa:<\/strong><\/p>\n<ul>\n<li><strong>NXP UCODE 8\/9:<\/strong>\u00a0Stro\u0161kovno u\u010dinkoviti \u010dipi, idealni za osnovno sledenje in identifikacijo, ki ponujajo razpon branja do 10 metrov.<\/li>\n<li><strong>NTAG213:<\/strong>\u00a0\u010cip, ki podpira NFC, omogo\u010da komunikacijo s pametnimi telefoni in drugimi napravami NFC, popoln za aplikacije, kot so brezsti\u010dno pla\u010devanje ali dostop do informacij o izdelkih.<\/li>\n<li><strong>Mifare 1k:<\/strong>\u00a0Varen \u010dip z mo\u010dnimi funkcijami \u0161ifriranja in avtentikacije, primeren za nadzor dostopa in varno shranjevanje podatkov.<\/li>\n<li><strong>EM4305:<\/strong>\u00a0Poceni \u010dip za osnovne aplikacije za nadzor dostopa z obsegom branja do 1 metra.<\/li>\n<li><strong>T5577:<\/strong>\u00a0\u0160e en poceni \u010dip za sisteme za nadzor dostopa in izdajanje vozovnic, ki ponuja doseg branja do 1 metra.<\/li>\n<\/ul>\n<div class=\"magic-2\">\n<div>\n<div class=\"auto-hide-last-sibling-br paragraph_1252f paragraph-element\"><strong>Aplikacije\u00a0<\/strong><\/div>\n<ol class=\"auto-hide-last-sibling-br\">\n<li>\n<div class=\"auto-hide-last-sibling-br paragraph_1252f paragraph-element\">Industrijske pralnice: V industrijskem sektorju postane sledenje ogromnim koli\u010dinam perila preprosto opravilo z uporabo RFID gumbov za oznake perila.<\/div>\n<\/li>\n<li>\n<div class=\"auto-hide-last-sibling-br paragraph_1252f paragraph-element\">Bolni\u0161nice in hoteli: te ustanove se pogosto ukvarjajo s pralnicami velikih koli\u010din perila, pri \u010demer so se te oznake izkazale za klju\u010dno za izbolj\u0161anje u\u010dinkovitosti in upravljanja zalog.<\/div>\n<\/li>\n<li>\n<div class=\"auto-hide-last-sibling-br paragraph_1252f paragraph-element\">Izposoja perila: podjetja, ki ponujajo storitve izposoje perila, uporabljajo te oznake za poenostavitev upravljanja zalog in vzdr\u017eevanje nadzora kakovosti.<\/div>\n<\/li>\n<\/ol>\n<div class=\"auto-hide-last-sibling-br paragraph_1252f paragraph-element\">Ponujamo izbor RFID oznak za perilo na frekvencah 125 kHz LF, 13,56 MHz HF in Gen 2 UHF, ki ustrezajo vsaki va\u0161i edinstveni potrebi. Na\u0161e oznake, zasnovane z odpornostjo in variabilnostjo velikosti, lahko brez truda prenesejo vro\u010de institucionalne postopke pranja perila. Oznake RFID za perilo so sposobne vzdr\u017eati zahtevne postopke pranja perila v hotelih in ustanovah ter nudijo vzdr\u017eljivost, ki prenese pranje, su\u0161enje, kemi\u010dno \u010di\u0161\u010denje in likanje.<\/div>\n<p>&nbsp;<\/p>\n<div class=\"auto-hide-last-sibling-br paragraph_1252f paragraph-element\">Zaradi uporabljenega materiala PPS so te oznake odporne na vodo, vro\u010dino, pritisk in izpostavljenost kemikalijam. Ti so idealni za preverjanje in izvajanje procesov popisa v zdravstvenih ustanovah, segmentih delovnih obla\u010dil, bolni\u0161nicah, \u0161olah in hotelih. Te oznake je mogo\u010de gladko pri\u0161iti na razli\u010dne tekstilne predmete, kot so rjuhe, prti\u010dki, brisa\u010de in druga obla\u010dila, ali pa jih namestiti v ohi\u0161ja.<\/div>\n<p>&nbsp;<\/p>\n<div class=\"auto-hide-last-sibling-br paragraph_1252f paragraph-element\">Izkoristite na\u0161e re\u0161itve RFID za oznake za perilo in u\u017eivajte v prednostih, kot so tovarni\u0161ke cene, temeljito testiranje pred po\u0161iljanjem, garancija na ve\u010d kot 200 pralnih ciklov ali 2 leti \u017eivljenjske dobe po po\u0161iljanju ter odpornost proti vodi, vro\u010dini, pritisku in kemikalijam.<\/div>\n<div class=\"auto-hide-last-sibling-br paragraph_1252f paragraph-element\"><\/div>\n<\/div>\n<\/div>\n<\/div>\n<\/div>\n<\/div>","protected":false},"excerpt":{"rendered":"<p>RFID gumbna oznaka, znana tudi kot PPS RFID pralne oznake za perilo, je robustna, po meri izdelana naprava, posebej zasnovana za aplikacije, ki zahtevajo oznake, ki lahko prenesejo te\u017eka okolja. Kljub priljubljenosti UHF transponderjev za pranje perila na trgu obstajajo primeri, ko so potrebne oznake gumbov RFID, zdru\u017eljive z mobilnimi aplikacijami. Transponderji RFID za pranje perila v obliki gumbov u\u010dinkovito izpolnjujejo tak\u0161ne potrebe. Njihova vsestranskost in vrhunska funkcionalnost zagotavljata znatne prednosti pri sledenju in prepoznavanju tekstila in industrijskega perila v razli\u010dnih sektorjih.<\/p>","protected":false},"featured_media":75,"template":"","meta":{"_kad_post_transparent":"default","_kad_post_title":"","_kad_post_layout":"default","_kad_post_sidebar_id":"","_kad_post_content_style":"default","_kad_post_vertical_padding":"default","_kad_post_feature":"","_kad_post_feature_position":"","_kad_post_header":false,"_kad_post_footer":false,"_kad_post_classname":""},"product_brand":[],"product_cat":[21],"product_tag":[43,35,44],"class_list":{"0":"post-74","1":"product","2":"type-product","3":"status-publish","4":"has-post-thumbnail","6":"product_cat-pps-rfid-laundry-tag","7":"product_tag-pps-rfid-washable-laundry-tags","8":"product_tag-rfid-button","9":"product_tag-rfid-washable-laundry-tags","11":"first","12":"instock","13":"shipping-taxable","14":"product-type-simple","15":"entry","16":"content-bg","17":"loop-entry"},"_links":{"self":[{"href":"https:\/\/rfid-laundry-tag.com\/sl\/wp-json\/wp\/v2\/product\/74","targetHints":{"allow":["GET"]}}],"collection":[{"href":"https:\/\/rfid-laundry-tag.com\/sl\/wp-json\/wp\/v2\/product"}],"about":[{"href":"https:\/\/rfid-laundry-tag.com\/sl\/wp-json\/wp\/v2\/types\/product"}],"version-history":[{"count":0,"href":"https:\/\/rfid-laundry-tag.com\/sl\/wp-json\/wp\/v2\/product\/74\/revisions"}],"wp:featuredmedia":[{"embeddable":true,"href":"https:\/\/rfid-laundry-tag.com\/sl\/wp-json\/wp\/v2\/media\/75"}],"wp:attachment":[{"href":"https:\/\/rfid-laundry-tag.com\/sl\/wp-json\/wp\/v2\/media?parent=74"}],"wp:term":[{"taxonomy":"product_brand","embeddable":true,"href":"https:\/\/rfid-laundry-tag.com\/sl\/wp-json\/wp\/v2\/product_brand?post=74"},{"taxonomy":"product_cat","embeddable":true,"href":"https:\/\/rfid-laundry-tag.com\/sl\/wp-json\/wp\/v2\/product_cat?post=74"},{"taxonomy":"product_tag","embeddable":true,"href":"https:\/\/rfid-laundry-tag.com\/sl\/wp-json\/wp\/v2\/product_tag?post=74"}],"curies":[{"name":"delovni list","href":"https:\/\/api.w.org\/{rel}","templated":true}]}}