{"id":731,"date":"2024-07-16T17:14:51","date_gmt":"2024-07-16T17:14:51","guid":{"rendered":"https:\/\/rfid-laundry-tag.com\/?post_type=product&#038;p=731"},"modified":"2024-08-14T16:37:34","modified_gmt":"2024-08-14T16:37:34","slug":"uhf-rfid-dry-inlays-with-nxp-ucode-9","status":"publish","type":"product","link":"https:\/\/rfid-laundry-tag.com\/sl\/uhf-rfid-dry-inlays-with-nxp-ucode-9\/","title":{"rendered":"UHF RFID suhi vlo\u017eki z NXP Ucode 9"},"content":{"rendered":"<h2>UHF RFID suhi vlo\u017eki z NXP-Ucode 9<\/h2>\n<ul>\n<li><strong>Pogostost:<\/strong>\u00a0860-960 MHz<\/li>\n<li><strong>Protokol:<\/strong>\u00a0ISO18000-6C<\/li>\n<li><strong>Obseg branja:<\/strong>\u00a0Dolg obseg branja (do 10 metrov)<\/li>\n<li><strong>Mo\u017enosti \u010dipa:<\/strong>\n<ul>\n<li><strong>NXP-Ucode9:<\/strong>\u00a0Visokozmogljiv \u010dip z izbolj\u0161animi varnostnimi funkcijami.<\/li>\n<li><strong>Druge mo\u017enosti:<\/strong>\u00a0Alien H3, Monza R6, NXP-Ucode8, NXP-Ucode7<\/li>\n<\/ul>\n<\/li>\n<\/ul>\n<p><strong>Mo\u017enosti prilagajanja:<\/strong><\/p>\n<p>Ponujamo vrsto mo\u017enosti prilagajanja za vlo\u017eke RFID, vklju\u010dno z:<\/p>\n<ul>\n<li><strong>Materiali:<\/strong>\u00a0Premazan papir, PVC, PET, lomljiv papir itd.<\/li>\n<li><strong>Velikost:<\/strong>\u00a0Velikost po meri, ki ustreza dolo\u010denim dimenzijam izdelka.<\/li>\n<li><strong>Tiskanje:<\/strong>\u00a0Tisk logotipa, tisk \u0161tevilk, tisk \u010drtne kode.<\/li>\n<li><strong>Kodiranje in \u0161ifriranje:<\/strong>\u00a0Varno shranjevanje podatkov in komunikacija.<\/li>\n<\/ul>\n<p><strong>RFID vlo\u017eki<\/strong>\u00a0so srce RFID sistema, ki vsebuje mikro\u010dip (IC) in anteno, ki omogo\u010da komunikacijo s \u010ditalnikom. Glede na konstrukcijo so razvr\u0161\u010deni v dve glavni vrsti:<\/p>\n<p><strong>1. Suhi vlo\u017eki RFID:<\/strong><\/p>\n<ul>\n<li><strong>Opis:<\/strong>\u00a0Suhi vlo\u017eki so zasnovani za neposredno integracijo v materiale ali podlage. Nimajo lepljive podlage, zaradi \u010desar so idealni za aplikacije, ki zahtevajo trajno pritrditev. Pogosto so opremljeni z laminirano povr\u0161ino.<\/li>\n<li><strong>Klju\u010dne zna\u010dilnosti:<\/strong>\n<ul>\n<li><strong>Brez lepila:<\/strong>\u00a0Odpravlja potrebo po dodatnih lepilnih korakih.<\/li>\n<li><strong>Neposredna integracija:<\/strong>\u00a0Enostavno se vklju\u010di v izdelke, embala\u017eo ali druge materiale.<\/li>\n<li><strong>Vzdr\u017eljiva konstrukcija:<\/strong>\u00a0Odporni na obrabo, zaradi \u010desar so primerni za zahtevna okolja.<\/li>\n<\/ul>\n<\/li>\n<\/ul>\n<p><strong>2. Mokri vlo\u017eki RFID:<\/strong><\/p>\n<ul>\n<li><strong>Opis:<\/strong>\u00a0Mokri vlo\u017eki so opremljeni z lepljivo podlago, ki omogo\u010da neposredno nana\u0161anje na izdelek ali pretvorbo v pametne nalepke. Zaradi tega so stro\u0161kovno u\u010dinkovita re\u0161itev za ozna\u010devanje velikih koli\u010din.<\/li>\n<li><strong>Klju\u010dne zna\u010dilnosti:<\/strong>\n<ul>\n<li><strong>Lepilna podlaga:<\/strong>\u00a0Omogo\u010da enostavno nana\u0161anje na razli\u010dne povr\u0161ine.<\/li>\n<li><strong>Stro\u0161kovno u\u010dinkovito:<\/strong>\u00a0Idealno za obse\u017ene projekte ozna\u010devanja.<\/li>\n<li><strong>Vsestranske aplikacije:<\/strong>\u00a0Primerno za izdelke, ki zahtevajo za\u010dasno ali trajno ozna\u010devanje.<\/li>\n<\/ul>\n<\/li>\n<\/ul>","protected":false},"excerpt":{"rendered":"<p>Suhi vlo\u017eki UHF RFID z NXP Ucode 9 za izbolj\u0161ano varnost in shranjevanje podatkov. Neposredno integrirati v materiale.<\/p>","protected":false},"featured_media":732,"template":"","meta":{"_kad_post_transparent":"default","_kad_post_title":"","_kad_post_layout":"default","_kad_post_sidebar_id":"","_kad_post_content_style":"default","_kad_post_vertical_padding":"default","_kad_post_feature":"","_kad_post_feature_position":"","_kad_post_header":false,"_kad_post_footer":false,"_kad_post_classname":""},"product_brand":[],"product_cat":[189,54],"product_tag":[192,191],"class_list":{"0":"post-731","1":"product","2":"type-product","3":"status-publish","4":"has-post-thumbnail","6":"product_cat-rfid-inlay","7":"product_cat-hot-selling-rfid-tags","8":"product_tag-uhf-rfid-dry-inlays","9":"product_tag-uhf-rfid-dry-inlays-with-nxp-ucode-9","11":"first","12":"instock","13":"shipping-taxable","14":"product-type-simple","15":"entry","16":"content-bg","17":"loop-entry"},"_links":{"self":[{"href":"https:\/\/rfid-laundry-tag.com\/sl\/wp-json\/wp\/v2\/product\/731","targetHints":{"allow":["GET"]}}],"collection":[{"href":"https:\/\/rfid-laundry-tag.com\/sl\/wp-json\/wp\/v2\/product"}],"about":[{"href":"https:\/\/rfid-laundry-tag.com\/sl\/wp-json\/wp\/v2\/types\/product"}],"version-history":[{"count":4,"href":"https:\/\/rfid-laundry-tag.com\/sl\/wp-json\/wp\/v2\/product\/731\/revisions"}],"predecessor-version":[{"id":1329,"href":"https:\/\/rfid-laundry-tag.com\/sl\/wp-json\/wp\/v2\/product\/731\/revisions\/1329"}],"wp:featuredmedia":[{"embeddable":true,"href":"https:\/\/rfid-laundry-tag.com\/sl\/wp-json\/wp\/v2\/media\/732"}],"wp:attachment":[{"href":"https:\/\/rfid-laundry-tag.com\/sl\/wp-json\/wp\/v2\/media?parent=731"}],"wp:term":[{"taxonomy":"product_brand","embeddable":true,"href":"https:\/\/rfid-laundry-tag.com\/sl\/wp-json\/wp\/v2\/product_brand?post=731"},{"taxonomy":"product_cat","embeddable":true,"href":"https:\/\/rfid-laundry-tag.com\/sl\/wp-json\/wp\/v2\/product_cat?post=731"},{"taxonomy":"product_tag","embeddable":true,"href":"https:\/\/rfid-laundry-tag.com\/sl\/wp-json\/wp\/v2\/product_tag?post=731"}],"curies":[{"name":"delovni list","href":"https:\/\/api.w.org\/{rel}","templated":true}]}}