{"id":727,"date":"2024-07-16T17:02:27","date_gmt":"2024-07-16T17:02:27","guid":{"rendered":"https:\/\/rfid-laundry-tag.com\/?post_type=product&#038;p=727"},"modified":"2024-09-16T05:10:50","modified_gmt":"2024-09-16T05:10:50","slug":"alien-h9-9662-rfid-inlay-sticker","status":"publish","type":"product","link":"https:\/\/rfid-laundry-tag.com\/sl\/alien-h9-9662-rfid-inlay-sticker\/","title":{"rendered":"Alien H9 9662 RFID vlo\u017ena nalepka"},"content":{"rendered":"<h2>Alien H9 9662 RFID vlo\u017ena nalepka<\/h2>\n<p><strong>Pogostost:<\/strong>\u00a0UHF 860-960MHz<br \/>\n<strong>\u010dip:<\/strong> ALIEN Higgs-3, Alien H9<br \/>\n<strong>Protokol:<\/strong>\u00a0EPC razred 1 Gen2, ISO18000-6C<br \/>\n<strong>Pomnilnik:<\/strong><\/p>\n<ul>\n<li>EPC: 96 bitov<\/li>\n<li>TID: 32 bitov<\/li>\n<li>Uporabnik: 512 bitov<br \/>\n<strong>Razdalja branja:<\/strong>\u00a01~8 metrov (odvisno od \u010ditalnika)<\/li>\n<\/ul>\n<p><strong>Dimenzije:<\/strong> 82,50 x 25,40 mm<br \/>\n<strong>Formati:<\/strong> Suhi vlo\u017eek, mokri vlo\u017eek<br \/>\nVisokokakovostna izdelava za zanesljivo delovanje v kompleksnih okoljih.<\/p>\n<h4 class=\"alternative\">Poudarki \u010dipov Alien H9<\/h4>\n<ul>\n<li>Skladno z GS1 Class 1 Gen 2 in ISO\/IEC 18000-6C<\/li>\n<li>Delovanje po vsem svetu v pasovih RFID UHF (840-960 MHz)<\/li>\n<li>1024-bitni pomnilnik NVM\/RAM<\/li>\n<li>Do 496-EPC bitov (nominalno 96 bitov)<\/li>\n<li>Do 688 uporabni\u0161kih bitov<\/li>\n<li>48-bitni enoli\u010dni TID<\/li>\n<li>32-bitni dostop in 32-bitni prehod za ubijanje<br \/>\nbesede<\/li>\n<li>Vnaprej programiran z edinstvenim, nespremenjenim<br \/>\nzmo\u017ena 48-bitna serijska \u0161tevilka<\/li>\n<li>Uporabni\u0161ki pomnilnik je mogo\u010de trajno blokirati<br \/>\nZaklenjeno in prebrano geslo pro-<br \/>\nza\u0161\u010diten v 256-bitnih blokih<\/li>\n<li>Delovanje z nizko porabo energije za branje in<br \/>\nprogram<\/li>\n<li>QuickWrite\u2122 \/ BlastWrite\u2122 \u2013 Visoka hitrost<br \/>\nprogramiranje \u010dipov in mno\u017eic<\/li>\n<li>Dynamic AuthenticationTM proti kloniranju \/<br \/>\ntehnologija proti ponarejanju<\/li>\n<li>Izjemen doseg delovanja, do 13m<br \/>\nz ustrezno anteno.<\/li>\n<\/ul>\n<p><strong>Aplikacije:<\/strong><\/p>\n<ul>\n<li>Upravljanje dobavne verige<\/li>\n<li>Distribucijska logistika<\/li>\n<li>Preverjanje pristnosti izdelka<\/li>\n<li>Popis in sledenje sredstev<\/li>\n<li>Ravnanje s prtljago in sledenje<\/li>\n<\/ul>\n<p><strong>Klju\u010dne zna\u010dilnosti:<\/strong><\/p>\n<ul>\n<li>Visoko zmogljiva nalepka z vlo\u017ekom UHF RFID<\/li>\n<li>Dolg obseg branja in zanesljivo delovanje<\/li>\n<li>Primerno za razli\u010dne aplikacije, ki zahtevajo robustno sledenje RFID<\/li>\n<li>Uporablja industrijski standardni protokol EPC Class 1 Gen2<\/li>\n<\/ul>\n<p><strong>Opomba:<\/strong>\u00a0Dejanska razdalja branja se lahko razlikuje glede na dejavnike, kot so mo\u010d \u010ditalnika, zasnova antene, okoljski pogoji in usmerjenost oznake.<\/p>\n<h2>Pogosto zastavljena vpra\u0161anja: Alien H9 9662 RFID vlo\u017ena nalepka<\/h2>\n<p><strong>Splo\u0161no<\/strong><\/p>\n<ol>\n<li><strong>Kak\u0161en je razpon branja vlo\u017ene nalepke Alien H9 9662 RFID?<\/strong><br \/>\nRazpon branja nalepke Alien H9 9662 RFID Inlay se lahko razlikuje glede na dejavnike, kot so uporabljeni \u010ditalnik, konfiguracija antene in okoljski pogoji.<\/li>\n<li><strong>Kak\u0161na je delovna frekvenca vlo\u017ene nalepke Alien H9 9662 RFID?<\/strong><br \/>\nAlien H9 9662 RFID Inlay Sticker deluje v frekven\u010dnem obmo\u010dju UHF 865-868 MHz.<\/li>\n<li><strong>Ali je vlo\u017eek zdru\u017eljiv s protokolom EPC Class 1 Gen2?<\/strong><br \/>\nDa, vlo\u017ena nalepka Alien H9 9662 RFID je zdru\u017eljiva s protokolom EPC razreda 1 Gen2.<\/li>\n<li><strong>Kak\u0161ne so dimenzije vlo\u017ene nalepke Alien H9 9662 RFID?<\/strong><br \/>\nVsako velikost je mogo\u010de prilagoditi.<\/li>\n<li><strong>Ali je vlo\u017eek v razli\u010dnih formatih, kot je suhi ali mokri vlo\u017eek?<\/strong><br \/>\nDa, vlo\u017eek je na voljo v obliki suhega ali mokrega vlo\u017eka.<\/li>\n<li><strong>Kako deluje vlo\u017ena nalepka Alien H9 9662 RFID v kompleksnih okoljih?<\/strong><br \/>\nAlien H9 9662 RFID vlo\u017ena nalepka je zasnovana za dobro delovanje v zapletenih okoljih. Vendar lahko dejavniki, kot so kovinske motnje, vlaga in temperatura, vplivajo na obseg branja.<\/li>\n<\/ol>\n<p><strong>Naro\u010danje in dobavljivost<\/strong><\/p>\n<ol>\n<li><strong>Kje lahko kupim vlo\u017eek Alien H9 9662 RFID?<\/strong><br \/>\nDa, lahko prodamo vlo\u017eek RFID, imamo ve\u010d kot 12 let izku\u0161enj s proizvodnjo.<\/li>\n<li><strong>Kak\u0161en je dobavni rok za naro\u010dila?<\/strong><br \/>\nOmenite tipi\u010dni dobavni rok za obdelavo naro\u010dil. Kot obi\u010dajno je pribli\u017eno 10 dni<\/li>\n<li><strong>Ali obstajajo minimalne koli\u010dine naro\u010dila?<\/strong><br \/>\n1000 kosov<\/li>\n<li><strong>Ali je mogo\u010de dobiti vzorec vlo\u017ene nalepke Alien H9 9662 RFID?<\/strong><br \/>\nDa, brezpla\u010dni vzorci<\/li>\n<\/ol>\n<p>&nbsp;<\/p>","protected":false},"excerpt":{"rendered":"<p>Nalepka z vlo\u017ekom RFID Alien H9 9662: visoko zmogljiv vlo\u017eek UHF RFID za upravljanje dobavne verige, sledenje premo\u017eenju in drugo.<\/p>","protected":false},"featured_media":728,"template":"","meta":{"_kad_post_transparent":"default","_kad_post_title":"","_kad_post_layout":"default","_kad_post_sidebar_id":"","_kad_post_content_style":"default","_kad_post_vertical_padding":"default","_kad_post_feature":"","_kad_post_feature_position":"","_kad_post_header":false,"_kad_post_footer":false,"_kad_post_classname":""},"product_brand":[],"product_cat":[189,54],"product_tag":[266,267,108],"class_list":{"0":"post-727","1":"product","2":"type-product","3":"status-publish","4":"has-post-thumbnail","6":"product_cat-rfid-inlay","7":"product_cat-hot-selling-rfid-tags","8":"product_tag-9662-rfid-inlay-sticker","9":"product_tag-h9-rfid-inlay","10":"product_tag-rfid-inlay","12":"first","13":"instock","14":"shipping-taxable","15":"product-type-simple","16":"entry","17":"content-bg","18":"loop-entry"},"_links":{"self":[{"href":"https:\/\/rfid-laundry-tag.com\/sl\/wp-json\/wp\/v2\/product\/727","targetHints":{"allow":["GET"]}}],"collection":[{"href":"https:\/\/rfid-laundry-tag.com\/sl\/wp-json\/wp\/v2\/product"}],"about":[{"href":"https:\/\/rfid-laundry-tag.com\/sl\/wp-json\/wp\/v2\/types\/product"}],"version-history":[{"count":2,"href":"https:\/\/rfid-laundry-tag.com\/sl\/wp-json\/wp\/v2\/product\/727\/revisions"}],"predecessor-version":[{"id":730,"href":"https:\/\/rfid-laundry-tag.com\/sl\/wp-json\/wp\/v2\/product\/727\/revisions\/730"}],"wp:featuredmedia":[{"embeddable":true,"href":"https:\/\/rfid-laundry-tag.com\/sl\/wp-json\/wp\/v2\/media\/728"}],"wp:attachment":[{"href":"https:\/\/rfid-laundry-tag.com\/sl\/wp-json\/wp\/v2\/media?parent=727"}],"wp:term":[{"taxonomy":"product_brand","embeddable":true,"href":"https:\/\/rfid-laundry-tag.com\/sl\/wp-json\/wp\/v2\/product_brand?post=727"},{"taxonomy":"product_cat","embeddable":true,"href":"https:\/\/rfid-laundry-tag.com\/sl\/wp-json\/wp\/v2\/product_cat?post=727"},{"taxonomy":"product_tag","embeddable":true,"href":"https:\/\/rfid-laundry-tag.com\/sl\/wp-json\/wp\/v2\/product_tag?post=727"}],"curies":[{"name":"delovni list","href":"https:\/\/api.w.org\/{rel}","templated":true}]}}