{"id":723,"date":"2024-07-16T16:29:22","date_gmt":"2024-07-16T16:29:22","guid":{"rendered":"https:\/\/rfid-laundry-tag.com\/?post_type=product&#038;p=723"},"modified":"2024-08-14T16:40:29","modified_gmt":"2024-08-14T16:40:29","slug":"uhf-rfid-inlay-monza-m4-chips","status":"publish","type":"product","link":"https:\/\/rfid-laundry-tag.com\/sl\/uhf-rfid-inlay-monza-m4-chips\/","title":{"rendered":"UHF RFID vlo\u017eek \u010dipov Monza M4"},"content":{"rendered":"<div>\n<ul>\n<li><strong>Ime izdelka:<\/strong>\u00a0UHF RFID vlo\u017eek \u010dipov Monza M4\/M5<\/li>\n<li><strong>Material:<\/strong>\u00a0Premazan papir, PET itd<\/li>\n<li><strong>\u010dip:<\/strong>\u00a0Monza M4\/M5<\/li>\n<li><strong>barva:<\/strong>\u00a0Bela<\/li>\n<li><strong>Protokol:<\/strong>\u00a0Globalni EPC Class1 Gen2 ISO\/IEC 18000-6C<\/li>\n<li><strong>Pogostost:<\/strong>\u00a0860-960 mhz<\/li>\n<li><strong>Obseg bralcev:<\/strong>\u00a06M~12M (odvisno od okolja in razdalje branja in pisanja)<\/li>\n<li><strong>Metoda dela:<\/strong>\u00a0Pasivno<\/li>\n<li><strong>Delovno recikliranje:<\/strong>\u00a0&gt; 100000-krat<\/li>\n<li><strong>Uporaba:<\/strong>\u00a0Sledljivost proti ponarejanju, prenos podatkov.<\/li>\n<\/ul>\n<p><strong>Opis \u010dipov UHF RFID Inlay Monza M4:<\/strong><\/p>\n<p>Ti UHF RFID vlo\u017eki, ki vsebujejo \u010dipe Monza M4\/M5, so zasnovani za razli\u010dne aplikacije, ki zahtevajo zanesljiv prenos podatkov in ukrepe proti ponarejanju.<\/p>\n<p><strong>Klju\u010dne zna\u010dilnosti:<\/strong><\/p>\n<ul>\n<li><strong>Vzdr\u017eljiv:<\/strong>\u00a0Izdelan iz visokokakovostnih materialov za podalj\u0161ano \u017eivljenjsko dobo.<\/li>\n<li><strong>Zanesljivo:<\/strong>\u00a0Ponuja robustno delovanje za natan\u010den zajem podatkov.<\/li>\n<li><strong>Vsestranski:<\/strong>\u00a0Primerno za razli\u010dne aplikacije, vklju\u010dno s sledenjem zalog, upravljanjem sredstev in spremljanjem dobavne verige.<\/li>\n<li><strong>Varno:<\/strong>\u00a0Prispeva k prizadevanjem proti ponarejanju in zagotavlja pristnost izdelkov.<\/li>\n<\/ul>\n<h2>UHF RFID vlo\u017eek Monza M4\/M5 \u010dipi: pogosto zastavljena vpra\u0161anja<\/h2>\n<p><strong>1. Kak\u0161na je razlika med \u010dipoma Monza M4 in Monza M5?<\/strong><\/p>\n<p>\u010cipa Monza M4 in M5 sta oba visoko zmogljiva \u010dipa UHF RFID. Glavna razlika je v njihovi pomnilni\u0161ki zmogljivosti:<\/p>\n<ul>\n<li><strong>Monza M4:<\/strong>\u00a0Ponuja 128 bitov uporabni\u0161kega pomnilnika.<\/li>\n<li><strong>Monza M5:<\/strong>\u00a0Ponuja 512 bitov uporabni\u0161kega pomnilnika.<\/li>\n<\/ul>\n<p>To pomeni, da lahko Monza M5 shrani znatno ve\u010d podatkov, zaradi \u010desar je idealen za aplikacije, ki zahtevajo obse\u017eno shranjevanje podatkov.<\/p>\n<p><strong>2. Kak\u0161ne so prednosti uporabe \u010dipov UHF RFID Inlay Monza M4?<\/strong><\/p>\n<p>\u010cipi Monza M4\/M5 zagotavljajo \u0161tevilne prednosti:<\/p>\n<ul>\n<li><strong>Visoko obmo\u010dje branja:<\/strong>\u00a0Ponujajo odli\u010den razpon branja, ki sega do 12 metrov v optimalnih pogojih.<\/li>\n<li><strong>Hitro branje\/pisanje:<\/strong>\u00a0Ti \u010dipi omogo\u010dajo hiter dostop do podatkov in poenostavljajo operacije.<\/li>\n<li><strong>Izbolj\u0161ana zmogljivost:<\/strong>\u00a0Zagotavljajo zanesljivo in dosledno delovanje v zahtevnih okoljih.<\/li>\n<li><strong>Varnost podatkov:<\/strong>\u00a0\u010cipi vklju\u010dujejo varnostne funkcije za za\u0161\u010dito ob\u010dutljivih podatkov.<\/li>\n<\/ul>\n<p><strong>3. Katere vrste aplikacij so primerne za vlo\u017eke RFID Monza M4\/M5?<\/strong><\/p>\n<p>Ti vlo\u017eki so zelo primerni za \u0161iroko paleto aplikacij, vklju\u010dno z:<\/p>\n<ul>\n<li><strong>Upravljanje zalog:<\/strong>\u00a0Sledenje ravni zalog in gibanja izdelkov v skladi\u0161\u010dih in maloprodajnih trgovinah.<\/li>\n<li><strong>Sledenje sredstvu:<\/strong>\u00a0Spremljanje sredstev, opreme in orodij v razli\u010dnih okoljih.<\/li>\n<li><strong>Upravljanje dobavne verige:<\/strong>\u00a0Izbolj\u0161anje vidnosti in preglednosti dobavne verige.<\/li>\n<li><strong>Proti ponarejanju:<\/strong>\u00a0Prepre\u010devanje ponarejanja izdelkov in zagotavljanje pristnosti.<\/li>\n<li><strong>Nadzor dostopa:<\/strong>\u00a0Upravljanje dostopa do varovanih obmo\u010dij ali omejenih prostorov.<\/li>\n<\/ul>\n<p><strong>4. Kako lahko izberem pravi RFID vlo\u017eek za mojo specifi\u010dno aplikacijo?<\/strong><\/p>\n<p>Optimalna izbira vlo\u017eka RFID je odvisna od posebnih zahtev va\u0161e aplikacije:<\/p>\n<ul>\n<li><strong>Potrebe po shranjevanju podatkov:<\/strong>\u00a0\u010ce morate shraniti obse\u017ene podatke, razmislite o Monzi M5 z ve\u010djo kapaciteto pomnilnika.<\/li>\n<li><strong>Obseg branja:<\/strong>\u00a0Dolo\u010dite zahtevano obmo\u010dje branja, da zagotovite pravilno identifikacijo oznake.<\/li>\n<li><strong>Okoljski pogoji:<\/strong>\u00a0Pri izbiri robustnega vlo\u017eka upo\u0161tevajte delovno okolje (temperatura, vla\u017enost itd.).<\/li>\n<li><strong>Vrsta aplikacije:<\/strong>\u00a0Posebna aplikacija (npr. sledenje inventarju, upravljanje sredstev) bo vplivala na izbiro vlo\u017eka.<\/li>\n<\/ul>\n<p><strong>5. Kak\u0161ni so tipi\u010dni stro\u0161ki, povezani z vlo\u017eki RFID z uporabo \u010dipov Monza M4\/M5?<\/strong><\/p>\n<p>Stro\u0161ki vlo\u017ekov RFID se razlikujejo glede na dejavnike, kot so vrsta \u010dipa, oblika vlo\u017ekov, naro\u010dena koli\u010dina in dodatne funkcije. Za to\u010dne informacije o cenah se obrnite na proizvajalce ali dobavitelje RFID.<\/p>\n<p><strong>6. Ali so vlo\u017eki Monza M4\/M5 zdru\u017eljivi s standardnimi \u010ditalci RFID?<\/strong><\/p>\n<p>Da, ti vlo\u017eki so zasnovani za delo z industrijskimi standardnimi bralniki RFID, ki delujejo v frekven\u010dnem obmo\u010dju UHF.<\/p>\n<p><strong>7. Kje lahko kupim vlo\u017eke RFID Monza M4\/M5?<\/strong><\/p>\n<p>Vlo\u017eki RFID s \u010dipi Monza M4\/M5 so na voljo pri razli\u010dnih proizvajalcih in dobaviteljih, specializiranih za tehnologijo RFID.<\/p>\n<p><strong>8. Ali so na voljo kak\u0161ni viri, ki bi mi pomagali izvedeti ve\u010d o tehnologiji RFID?<\/strong><\/p>\n<p>Da, na spletu in prek industrijskih zdru\u017eenj RFID lahko najdete \u0161tevilne vire:<\/p>\n<ul>\n<li><strong>Dnevnik RFID:<\/strong>\u00a0Vodilni vir novic in informacij RFID.<\/li>\n<li><strong>Zdru\u017eenje industrije RFID (RFIDIA):<\/strong>\u00a0Globalna organizacija, ki spodbuja uporabo tehnologije RFID.<\/li>\n<li><strong>Spletna mesta proizvajalcev:<\/strong>\u00a0Preverite spletne strani ve\u010djih proizvajalcev \u010dipov RFID za tehni\u010dno dokumentacijo in podporo.<\/li>\n<\/ul>\n<\/div>\n<div class=\"auto-hide-last-sibling-br paragraph_9dc5f paragraph-element\"><\/div>\n<div class=\"auto-hide-last-sibling-br paragraph_9dc5f paragraph-element\"><\/div>","protected":false},"excerpt":{"rendered":"<p>UHF RFID Inlay Monza M4 Chips za inventar, sledenje sredstev in boj proti ponarejanju. Visoki razponi branja, hiter dostop do podatkov in robustna zmogljivost.<\/p>","protected":false},"featured_media":724,"template":"","meta":{"_kad_post_transparent":"default","_kad_post_title":"","_kad_post_layout":"default","_kad_post_sidebar_id":"","_kad_post_content_style":"default","_kad_post_vertical_padding":"default","_kad_post_feature":"","_kad_post_feature_position":"","_kad_post_header":false,"_kad_post_footer":false,"_kad_post_classname":""},"product_brand":[],"product_cat":[54,189],"product_tag":[108,190],"class_list":{"0":"post-723","1":"product","2":"type-product","3":"status-publish","4":"has-post-thumbnail","6":"product_cat-hot-selling-rfid-tags","7":"product_cat-rfid-inlay","8":"product_tag-rfid-inlay","9":"product_tag-uhf-rfid-inlay-monza-m4-m5-chips","11":"first","12":"instock","13":"shipping-taxable","14":"product-type-simple","15":"entry","16":"content-bg","17":"loop-entry"},"_links":{"self":[{"href":"https:\/\/rfid-laundry-tag.com\/sl\/wp-json\/wp\/v2\/product\/723","targetHints":{"allow":["GET"]}}],"collection":[{"href":"https:\/\/rfid-laundry-tag.com\/sl\/wp-json\/wp\/v2\/product"}],"about":[{"href":"https:\/\/rfid-laundry-tag.com\/sl\/wp-json\/wp\/v2\/types\/product"}],"version-history":[{"count":4,"href":"https:\/\/rfid-laundry-tag.com\/sl\/wp-json\/wp\/v2\/product\/723\/revisions"}],"predecessor-version":[{"id":1331,"href":"https:\/\/rfid-laundry-tag.com\/sl\/wp-json\/wp\/v2\/product\/723\/revisions\/1331"}],"wp:featuredmedia":[{"embeddable":true,"href":"https:\/\/rfid-laundry-tag.com\/sl\/wp-json\/wp\/v2\/media\/724"}],"wp:attachment":[{"href":"https:\/\/rfid-laundry-tag.com\/sl\/wp-json\/wp\/v2\/media?parent=723"}],"wp:term":[{"taxonomy":"product_brand","embeddable":true,"href":"https:\/\/rfid-laundry-tag.com\/sl\/wp-json\/wp\/v2\/product_brand?post=723"},{"taxonomy":"product_cat","embeddable":true,"href":"https:\/\/rfid-laundry-tag.com\/sl\/wp-json\/wp\/v2\/product_cat?post=723"},{"taxonomy":"product_tag","embeddable":true,"href":"https:\/\/rfid-laundry-tag.com\/sl\/wp-json\/wp\/v2\/product_tag?post=723"}],"curies":[{"name":"delovni list","href":"https:\/\/api.w.org\/{rel}","templated":true}]}}