{"id":70,"date":"2024-06-11T14:43:51","date_gmt":"2024-06-11T14:43:51","guid":{"rendered":"https:\/\/rfid-laundry-tag.com\/?post_type=product&#038;p=70"},"modified":"2024-06-14T13:38:47","modified_gmt":"2024-06-14T13:38:47","slug":"uhf-rfid-laundry-tag-pps-material","status":"publish","type":"product","link":"https:\/\/rfid-laundry-tag.com\/sl\/uhf-rfid-laundry-tag-pps-material\/","title":{"rendered":"UHF RFID oznaka za perilo | PPS material"},"content":{"rendered":"<div class=\"J_module\">\n<div class=\"ife-detail-decorate-table\">\n<table class=\"has-title all magic-6\">\n<tbody>\n<tr>\n<td colspan=\"1\" rowspan=\"1\">\n<div class=\"magic-7\" data-spm-anchor-id=\"a2700.details.0.i45.77607d98vZbcDU\"><span class=\"magic-8\" style=\"color: #363535;\">Ime izdelka<\/span><\/div>\n<\/td>\n<td colspan=\"1\" rowspan=\"1\">\n<div class=\"magic-9\"><span class=\"magic-8\">UHF RFID oznaka za perilo PPS<\/span><\/div>\n<\/td>\n<\/tr>\n<tr>\n<td colspan=\"1\" rowspan=\"1\">\n<div class=\"magic-7\"><span class=\"magic-10\" data-spm-anchor-id=\"a2700.pc-decorate.0.i10.28d333330XLbTD\"><span class=\"magic-8\">Material<\/span><\/span><\/div>\n<\/td>\n<td colspan=\"1\" rowspan=\"1\">\n<div class=\"magic-9\"><span class=\"magic-8\">PPS<\/span><\/div>\n<\/td>\n<\/tr>\n<tr>\n<td colspan=\"1\" rowspan=\"1\">\n<div class=\"magic-7\"><span class=\"magic-8\">barva<\/span><\/div>\n<\/td>\n<td colspan=\"1\" rowspan=\"1\">\n<div class=\"magic-9\"><span class=\"magic-8\">\u010crna<\/span><\/div>\n<\/td>\n<\/tr>\n<tr>\n<td colspan=\"1\" rowspan=\"1\">MOQ<\/td>\n<td colspan=\"1\" rowspan=\"1\">500 kosov<\/td>\n<\/tr>\n<tr>\n<td colspan=\"1\" rowspan=\"1\">\n<div class=\"magic-7\"><span class=\"magic-8\">Proizvajalec\/\u010dip<\/span><\/div>\n<\/td>\n<td colspan=\"1\" rowspan=\"1\">\n<div class=\"magic-9\"><span class=\"magic-8\">NXP UCODE 8, UCODE 9<\/span><\/div>\n<\/td>\n<\/tr>\n<tr>\n<td colspan=\"1\" rowspan=\"1\">\n<div class=\"magic-7\"><span class=\"magic-8\">Pogostost<\/span><\/div>\n<\/td>\n<td colspan=\"1\" rowspan=\"1\">\n<div class=\"magic-9\"><span class=\"magic-8\">860-960MHz\/<\/span><\/div>\n<\/td>\n<\/tr>\n<tr>\n<td colspan=\"1\" rowspan=\"1\">\n<div class=\"magic-7\"><span class=\"magic-8\">Spomin<\/span><\/div>\n<\/td>\n<td colspan=\"1\" rowspan=\"1\">\n<div class=\"magic-9\"><span class=\"magic-8\">96-bitni\/128-bitni<\/span><\/div>\n<\/td>\n<\/tr>\n<tr>\n<td colspan=\"1\" rowspan=\"1\">\n<div class=\"magic-7\"><span class=\"magic-8\">Preberi Razdalja<\/span><\/div>\n<\/td>\n<td colspan=\"1\" rowspan=\"1\">\n<div class=\"magic-9\"><span class=\"magic-8\">1-6m<\/span><\/div>\n<\/td>\n<\/tr>\n<tr>\n<td colspan=\"1\" rowspan=\"1\">\n<div class=\"magic-7\"><span class=\"magic-8\">Na\u010din dela<\/span><\/div>\n<\/td>\n<td colspan=\"1\" rowspan=\"1\">\n<div class=\"magic-9\"><span class=\"magic-8\">pasivno<\/span><\/div>\n<\/td>\n<\/tr>\n<tr>\n<td colspan=\"1\" rowspan=\"1\">\n<div class=\"magic-7\"><span class=\"magic-8\">Delovna temperatura<\/span><\/div>\n<\/td>\n<td colspan=\"1\" rowspan=\"1\">\n<div class=\"magic-9\"><span class=\"magic-8\">-25 \u2103 ~ +110 \u2103<\/span><\/div>\n<\/td>\n<\/tr>\n<tr>\n<td colspan=\"1\" rowspan=\"1\">\n<div class=\"magic-7\"><span class=\"magic-8\">Temperatura shranjevanja<\/span><\/div>\n<\/td>\n<td colspan=\"1\" rowspan=\"1\">\n<div class=\"magic-9\"><span class=\"magic-8\">-40\u2103~+85\u2103<\/span><\/div>\n<\/td>\n<\/tr>\n<tr>\n<td colspan=\"1\" rowspan=\"1\">\n<div class=\"magic-7\">\n<div><span class=\"magic-8\">\u00a0<\/span><\/div>\n<p><span class=\"magic-8\">Kratkotrajna temperaturna odpornost<\/span><\/p>\n<\/div>\n<\/td>\n<td colspan=\"1\" rowspan=\"1\">\n<div class=\"magic-9\"><span class=\"magic-8\">pranje: 90\u2103, 15 minut; predsu\u0161enje v pretvorniku: 180 \u2103, 30 minut, 200-krat; likanje: 180 \u2103, 10 sekund, 200-krat; visoka<br \/>\ntemperatura sterilizacije: 135 \u2103, 20 minut<\/span><\/div>\n<\/td>\n<\/tr>\n<tr>\n<td colspan=\"1\" rowspan=\"1\">\n<div class=\"magic-7\"><span class=\"magic-8\">Lastnosti<\/span><\/div>\n<\/td>\n<td colspan=\"1\" rowspan=\"1\">\n<div class=\"magic-9\"><span class=\"magic-8\">vodoodporen, pralen, odporen na visoke temperature<\/span><\/div>\n<\/td>\n<\/tr>\n<tr>\n<td colspan=\"1\" rowspan=\"1\">\n<div class=\"magic-7\"><span class=\"magic-8\">\u017eivljenje<\/span><\/div>\n<\/td>\n<td colspan=\"1\" rowspan=\"1\">\n<div class=\"magic-9\"><span class=\"magic-8\">200-kratno pranje ali 3 leta<\/span><\/div>\n<\/td>\n<\/tr>\n<tr>\n<td colspan=\"1\" rowspan=\"1\">\n<div class=\"magic-7\"><span class=\"magic-8\">Aplikacije<\/span><\/div>\n<\/td>\n<td colspan=\"1\" rowspan=\"1\">\n<div class=\"magic-9\"><span class=\"magic-8\">upravljanje in sledenje pranju<\/span><\/div>\n<\/td>\n<\/tr>\n<\/tbody>\n<\/table>\n<\/div>\n<\/div>\n<div class=\"J_module\">\n<div class=\"detail-decorate-json-renderer-container\">\n<div class=\"magic-1\">\n<div class=\"magic-2\">\n<div class=\"magic-3\">\n<div><\/div>\n<div class=\"magic-4\">\n<div><strong>Oznaka z gumbom RFID<\/strong><\/div>\n<div><\/div>\n<\/div>\n<\/div>\n<div>\n<div class=\"auto-hide-last-sibling-br paragraph_1252f paragraph-element\">PPS oznake za perilo, odporne na visoke temperature, slu\u017eijo kot odli\u010dna re\u0161itev za sledenje v komercialnih okoljih, kot so menze in restavracije, kjer se nenehno ravna z velikimi koli\u010dinami namiznega pribora.<\/div>\n<\/div>\n<div>\n<div><\/div>\n<\/div>\n<\/div>\n<p><strong>Mo\u017enosti \u010dipa:<\/strong><\/p>\n<p><strong>NXP-jev UCODE 8<\/strong> in UCODE 8m IC so izdelki dru\u017eine UCODE. UCODE 8\/8m ponuja visoko zmogljivost in funkcije za uporabo v najzahtevnej\u0161ih aplikacijah za ozna\u010devanje RFID.<\/p>\n<p>UCODE 8\/8m, ki je \u0161e posebej primeren za aplikacije za upravljanje zalog, kot sta npr. maloprodaja in moda, s svojo dokazano zmogljivostjo RF za katero koli dano obliko, omogo\u010da dolgo razdaljo branja in hiter popis goste populacije oznak RFID. S svojo \u0161irokopasovno zasnovo ponuja mo\u017enost izdelave prave globalne nalepke RFID z visoko zmogljivostjo v primerjavi s svetovnimi predpisi.<\/p>\n<p>Naprava ponuja tudi funkcijo samoprilagoditve, zastavico statusa izdelka za aplikacijo za elektronski nadzor artiklov (EAS), vnaprej serializiran 96-bitni EPC, identifikator blagovne znamke in ukaz EPC Gen2v2 za neizsledljivo prito\u017ebo.<\/p>\n<div id=\"featuresXsp\" class=\"features-list toggle-opacity in\">\n<div class=\"features-xsp\">\n<div class=\"collapse-mobile ste-list\">\n<h3>Klju\u010dne zna\u010dilnosti<\/h3>\n<ul class=\"boxes\">\n<li>Ob\u010dutljivost branja -23dBm<\/li>\n<li>Ob\u010dutljivost za pisanje -18dBm<\/li>\n<li>Inovativna funkcionalnost\n<ul>\n<li>Self-Adjust<\/li>\n<li>Za\u0161\u010dita spomina<\/li>\n<li>Neizsledljivo<\/li>\n<li>Predserializacija za 96-bitni EPC<\/li>\n<li>Integrirana zastavica statusa izdelka (PSF)<\/li>\n<\/ul>\n<\/li>\n<li>Zdru\u017eljivo z enore\u017eno anteno<\/li>\n<li>Do 128-bitni EPC<\/li>\n<li>96-bitni Unique Tag Identifier (TID), tovarni\u0161ko zaklenjen, vklju\u010dno z 48-bitno edinstveno serijsko \u0161tevilko<\/li>\n<li>EPC Gen2v2<\/li>\n<\/ul>\n<\/div>\n<div class=\"collapse-mobile ste-list\">\n<h3>Spomin<\/h3>\n<ul class=\"boxes\">\n<li>128-bitni\/96-bitni (UCODE 8\/UCODE 8m) pomnilnika EPC<\/li>\n<li>Podpira predserializacijo za 96-bitni EPC<\/li>\n<li>96-bitni identifikator oznake (TID) je tovarni\u0161ko zaklenjen<\/li>\n<li>48-bitna edinstvena serijska \u0161tevilka, tovarni\u0161ko kodirana v TID<\/li>\n<li>0-bitni\/32-bitni (UCODE 8\/UCODE 8m) uporabni\u0161ki pomnilnik<\/li>\n<li>32-bitno geslo za uni\u010denje, da trajno onemogo\u010dite oznako<\/li>\n<li>32-bitno geslo za dostop<\/li>\n<li>\u0160irok razpon delovne temperature: -40\u00a0<sup>\u00b0<\/sup>C do +85\u00a0<sup>\u00b0<\/sup>C<\/li>\n<li>EPC Gen2v2<\/li>\n<\/ul>\n<p><strong>NXP-jev UCODE 9<\/strong><\/p>\n<p>Z UCODE 9 so zahtevne aplikacije za ozna\u010devanje RFID RAIN dobile spodbudo, tako da lahko trgovci na drobno in pametna logisti\u010dna podjetja pospe\u0161ijo svoje sprejemanje interneta stvari.<\/p>\n<p>S svojo pove\u010dano zmogljivostjo UCODE 9 omogo\u010da u\u010dinkovitej\u0161e \u0161tetje zalog. Poleg tega UCODE 9 omogo\u010da ponovno uporabo obstoje\u010dih zasnov antene z vlo\u017ekom UCODE 8, kar ponuja preprosto prehodno pot z UCODE 8 na UCODE 9.<\/p>\n<p>Njegova ve\u010dja zmogljivost \u010dipov omogo\u010da manj\u0161e zasnove vlo\u017ekov, kar pomaga zmanj\u0161ati uporabo plastike in aluminija ter tako spodbuja okoljsko trajnost.<\/p>\n<div class=\"collapse-mobile ste-list\">\n<h3>Klju\u010dne zna\u010dilnosti<\/h3>\n<ul class=\"boxes\">\n<li>Ob\u010dutljivost branja: -24 dBm<\/li>\n<li>Ob\u010dutljivost za pisanje: -22 dBm<\/li>\n<li>Hitrost kodiranja: 32 bitov v 0,96 ms<\/li>\n<li>Zamenjava vgradne antene za UCODE 8<\/li>\n<li>Samoprilagodite se<\/li>\n<li>Za\u0161\u010dita pomnilnika<\/li>\n<li>Predserializacija 96-bitnega EPC<\/li>\n<\/ul>\n<\/div>\n<div class=\"collapse-mobile ste-list\">\n<h3>Spomin<\/h3>\n<ul class=\"boxes\">\n<li>96-bitni pomnilnik EPC<\/li>\n<li>Podpira predserializacijo 96-bitnega EPC<\/li>\n<li>96-bitni Tag IDentifier (TID) tovarni\u0161ko zaklenjen<\/li>\n<li>48-bitna edinstvena serijska \u0161tevilka, tovarni\u0161ko kodirana v TID<\/li>\n<li>32-bitno geslo za uni\u010denje, da trajno onemogo\u010dite oznako<\/li>\n<li>\u0160iroko temperaturno obmo\u010dje delovanja: -40 \u00b0C do +85 \u00b0C<\/li>\n<li>Vzdr\u017eljivost cikla pisanja 100k<\/li>\n<li>20 let hrambe podatkov<\/li>\n<\/ul>\n<\/div>\n<div class=\"collapse-mobile ste-list\">\n<h3>Podprte funkcije<\/h3>\n<ul class=\"boxes\">\n<li>Izvedeni so vsi obvezni ukazi specifikacije EPC global Gen2 v2.1, vklju\u010dno z:\n<ul>\n<li>Kill ukaz<\/li>\n<\/ul>\n<\/li>\n<li>Naslednji neobvezni ukazi so implementirani v skladu s specifikacijo EPC\n<ul>\n<li>Blokirano pisanje (2 besedi, 32-bitno)<\/li>\n<\/ul>\n<\/li>\n<li>Samoprilagoditev za samodejno optimizacijo delovanja oznak<\/li>\n<li>Permalock<\/li>\n<\/ul>\n<\/div>\n<\/div>\n<div class=\"collapse-mobile ste-list\"><\/div>\n<\/div>\n<\/div>\n<div class=\"magic-2\">\n<div>\n<div class=\"auto-hide-last-sibling-br paragraph_1252f paragraph-element\"><\/div>\n<div class=\"auto-hide-last-sibling-br paragraph_1252f paragraph-element\"><strong>Uporaba oznake gumba RFID<\/strong><\/div>\n<ol class=\"auto-hide-last-sibling-br\">\n<li>\n<div class=\"auto-hide-last-sibling-br paragraph_1252f paragraph-element\">Industrijske pralnice: V industrijskem sektorju postane sledenje ogromnim koli\u010dinam perila preprosto opravilo z uporabo RFID gumbov za oznake perila.<\/div>\n<\/li>\n<li>\n<div class=\"auto-hide-last-sibling-br paragraph_1252f paragraph-element\">Bolni\u0161nice in hoteli: te ustanove se pogosto ukvarjajo s pralnicami velikih koli\u010din perila, pri \u010demer so se te oznake izkazale za klju\u010dno za izbolj\u0161anje u\u010dinkovitosti in upravljanja zalog.<\/div>\n<\/li>\n<li>\n<div class=\"auto-hide-last-sibling-br paragraph_1252f paragraph-element\">Izposoja perila: podjetja, ki ponujajo storitve izposoje perila, uporabljajo te oznake za poenostavitev upravljanja zalog in vzdr\u017eevanje nadzora kakovosti.<\/div>\n<\/li>\n<\/ol>\n<div class=\"auto-hide-last-sibling-br paragraph_1252f paragraph-element\"><\/div>\n<\/div>\n<\/div>\n<\/div>\n<\/div>\n<\/div>","protected":false},"excerpt":{"rendered":"<div class=\"auto-hide-last-sibling-br paragraph_1252f paragraph-element\">UHF RFID oznaka za perilo, ki je splo\u0161no znana kot oznaka gumba RFID, je vzdr\u017eljiva prilagojena naprava, namenjena funkcijam, ki zahtevajo pro\u017ene oznake v te\u017ekih pogojih. UHF transponderji za perilo trenutno vodijo na trgu, \u010deprav obstajajo primeri, ko so potrebne RFID oznake gumbov, ki se sinhronizirajo z mobilnimi aplikacijami. Ti transponderji RFID za pranje perila v obliki gumba optimalno ustrezajo temu. S svojo prilagodljivostjo in izjemno zmogljivostjo ponujajo neizmerne prednosti pri sledenju in prepoznavanju industrijskega tekstila in perila v razli\u010dnih sektorjih.<\/div>","protected":false},"featured_media":71,"template":"","meta":{"_kad_post_transparent":"default","_kad_post_title":"","_kad_post_layout":"default","_kad_post_sidebar_id":"","_kad_post_content_style":"default","_kad_post_vertical_padding":"default","_kad_post_feature":"","_kad_post_feature_position":"","_kad_post_header":false,"_kad_post_footer":false,"_kad_post_classname":""},"product_brand":[],"product_cat":[21,16],"product_tag":[41,35,33,30],"class_list":{"0":"post-70","1":"product","2":"type-product","3":"status-publish","4":"has-post-thumbnail","6":"product_cat-pps-rfid-laundry-tag","7":"product_cat-uhf-rfid-laundry-tags","8":"product_tag-pps-uhf-rfid-laundry-tag","9":"product_tag-rfid-button","10":"product_tag-rfid-laundry-tag-button","11":"product_tag-uhf-rfid-laundry-tag","13":"first","14":"instock","15":"shipping-taxable","16":"product-type-simple","17":"entry","18":"content-bg","19":"loop-entry"},"_links":{"self":[{"href":"https:\/\/rfid-laundry-tag.com\/sl\/wp-json\/wp\/v2\/product\/70","targetHints":{"allow":["GET"]}}],"collection":[{"href":"https:\/\/rfid-laundry-tag.com\/sl\/wp-json\/wp\/v2\/product"}],"about":[{"href":"https:\/\/rfid-laundry-tag.com\/sl\/wp-json\/wp\/v2\/types\/product"}],"version-history":[{"count":1,"href":"https:\/\/rfid-laundry-tag.com\/sl\/wp-json\/wp\/v2\/product\/70\/revisions"}],"predecessor-version":[{"id":150,"href":"https:\/\/rfid-laundry-tag.com\/sl\/wp-json\/wp\/v2\/product\/70\/revisions\/150"}],"wp:featuredmedia":[{"embeddable":true,"href":"https:\/\/rfid-laundry-tag.com\/sl\/wp-json\/wp\/v2\/media\/71"}],"wp:attachment":[{"href":"https:\/\/rfid-laundry-tag.com\/sl\/wp-json\/wp\/v2\/media?parent=70"}],"wp:term":[{"taxonomy":"product_brand","embeddable":true,"href":"https:\/\/rfid-laundry-tag.com\/sl\/wp-json\/wp\/v2\/product_brand?post=70"},{"taxonomy":"product_cat","embeddable":true,"href":"https:\/\/rfid-laundry-tag.com\/sl\/wp-json\/wp\/v2\/product_cat?post=70"},{"taxonomy":"product_tag","embeddable":true,"href":"https:\/\/rfid-laundry-tag.com\/sl\/wp-json\/wp\/v2\/product_tag?post=70"}],"curies":[{"name":"delovni list","href":"https:\/\/api.w.org\/{rel}","templated":true}]}}