{"id":62,"date":"2024-06-10T16:32:32","date_gmt":"2024-06-10T16:32:32","guid":{"rendered":"https:\/\/rfid-laundry-tag.com\/?post_type=product&#038;p=62"},"modified":"2024-06-10T16:32:32","modified_gmt":"2024-06-10T16:32:32","slug":"rfid-laundry-tag-button","status":"publish","type":"product","link":"https:\/\/rfid-laundry-tag.com\/sl\/rfid-laundry-tag-button\/","title":{"rendered":"RFID gumb za oznako perila"},"content":{"rendered":"<div class=\"J_module\">\n<div class=\"ife-detail-decorate-table\">\n<table class=\"has-title all magic-6\">\n<tbody>\n<tr>\n<td colspan=\"1\" rowspan=\"1\">\n<div class=\"magic-7\" data-spm-anchor-id=\"a2700.details.0.i45.77607d98vZbcDU\"><span class=\"magic-8\" style=\"color: #363535;\">Ime izdelka<\/span><\/div>\n<\/td>\n<td colspan=\"1\" rowspan=\"1\">\n<div class=\"magic-9\"><span class=\"magic-8\">RFID gumb za oznako perila<\/span><\/div>\n<\/td>\n<\/tr>\n<tr>\n<td colspan=\"1\" rowspan=\"1\">\n<div class=\"magic-7\"><span class=\"magic-10\" data-spm-anchor-id=\"a2700.pc-decorate.0.i10.28d333330XLbTD\"><span class=\"magic-8\">Material<\/span><\/span><\/div>\n<\/td>\n<td colspan=\"1\" rowspan=\"1\">\n<div class=\"magic-9\"><span class=\"magic-8\">PPS<\/span><\/div>\n<\/td>\n<\/tr>\n<tr>\n<td colspan=\"1\" rowspan=\"1\">\n<div class=\"magic-7\"><span class=\"magic-8\">barva<\/span><\/div>\n<\/td>\n<td colspan=\"1\" rowspan=\"1\">\n<div class=\"magic-9\"><span class=\"magic-8\">\u010crna, rumena itd<\/span><\/div>\n<\/td>\n<\/tr>\n<tr>\n<td colspan=\"1\" rowspan=\"1\">MOQ<\/td>\n<td colspan=\"1\" rowspan=\"1\">500 kosov<\/td>\n<\/tr>\n<tr>\n<td colspan=\"1\" rowspan=\"1\">\n<div class=\"magic-7\"><span class=\"magic-8\">Proizvajalec\/\u010dip<\/span><\/div>\n<\/td>\n<td colspan=\"1\" rowspan=\"1\">\n<div class=\"magic-9\"><span class=\"magic-8\">NXP UCODE 8,UCODE 9\/NTAG213\/EM4305,T5577 itd.<\/span><\/div>\n<\/td>\n<\/tr>\n<tr>\n<td colspan=\"1\" rowspan=\"1\">\n<div class=\"magic-7\"><span class=\"magic-8\">Pogostost<\/span><\/div>\n<\/td>\n<td colspan=\"1\" rowspan=\"1\">\n<div class=\"magic-9\"><span class=\"magic-8\">860\u2013960MHz\/13,56MHz\/125Khz<\/span><\/div>\n<\/td>\n<\/tr>\n<tr>\n<td colspan=\"1\" rowspan=\"1\">\n<div class=\"magic-7\"><span class=\"magic-8\">Spomin<\/span><\/div>\n<\/td>\n<td colspan=\"1\" rowspan=\"1\">\n<div class=\"magic-9\"><span class=\"magic-8\">96 bitov\/128 bitov\/144 bajtov<\/span><\/div>\n<\/td>\n<\/tr>\n<tr>\n<td colspan=\"1\" rowspan=\"1\">\n<div class=\"magic-7\"><span class=\"magic-8\">Preberi Razdalja<\/span><\/div>\n<\/td>\n<td colspan=\"1\" rowspan=\"1\">\n<div class=\"magic-9\"><span class=\"magic-8\">1-6m\/1~5cm\/1~2cm<\/span><\/div>\n<\/td>\n<\/tr>\n<tr>\n<td colspan=\"1\" rowspan=\"1\">\n<div class=\"magic-7\"><span class=\"magic-8\">Na\u010din dela<\/span><\/div>\n<\/td>\n<td colspan=\"1\" rowspan=\"1\">\n<div class=\"magic-9\"><span class=\"magic-8\">pasivno<\/span><\/div>\n<\/td>\n<\/tr>\n<tr>\n<td colspan=\"1\" rowspan=\"1\">\n<div class=\"magic-7\"><span class=\"magic-8\">Delovna temperatura<\/span><\/div>\n<\/td>\n<td colspan=\"1\" rowspan=\"1\">\n<div class=\"magic-9\"><span class=\"magic-8\">-25 \u2103 ~ +110 \u2103<\/span><\/div>\n<\/td>\n<\/tr>\n<tr>\n<td colspan=\"1\" rowspan=\"1\">\n<div class=\"magic-7\"><span class=\"magic-8\">Temperatura shranjevanja<\/span><\/div>\n<\/td>\n<td colspan=\"1\" rowspan=\"1\">\n<div class=\"magic-9\"><span class=\"magic-8\">-40\u2103~+85\u2103<\/span><\/div>\n<\/td>\n<\/tr>\n<tr>\n<td colspan=\"1\" rowspan=\"1\">\n<div class=\"magic-7\">\n<div><span class=\"magic-8\">\u00a0<\/span><\/div>\n<p><span class=\"magic-8\">Kratkotrajna temperaturna odpornost<\/span><\/div>\n<\/td>\n<td colspan=\"1\" rowspan=\"1\">\n<div class=\"magic-9\"><span class=\"magic-8\">pranje: 90\u2103, 15 minut; predsu\u0161enje v pretvorniku: 180 \u2103, 30 minut, 200-krat; likanje: 180 \u2103, 10 sekund, 200-krat; visoka<br \/>\ntemperatura sterilizacije: 135 \u2103, 20 minut<\/span><\/div>\n<\/td>\n<\/tr>\n<tr>\n<td colspan=\"1\" rowspan=\"1\">\n<div class=\"magic-7\"><span class=\"magic-8\">Lastnosti<\/span><\/div>\n<\/td>\n<td colspan=\"1\" rowspan=\"1\">\n<div class=\"magic-9\"><span class=\"magic-8\">vodoodporen, pralen, odporen na visoke temperature<\/span><\/div>\n<\/td>\n<\/tr>\n<tr>\n<td colspan=\"1\" rowspan=\"1\">\n<div class=\"magic-7\"><span class=\"magic-8\">\u017eivljenje<\/span><\/div>\n<\/td>\n<td colspan=\"1\" rowspan=\"1\">\n<div class=\"magic-9\"><span class=\"magic-8\">200-kratno pranje ali 3 leta<\/span><\/div>\n<\/td>\n<\/tr>\n<tr>\n<td colspan=\"1\" rowspan=\"1\">\n<div class=\"magic-7\"><span class=\"magic-8\">Aplikacije<\/span><\/div>\n<\/td>\n<td colspan=\"1\" rowspan=\"1\">\n<div class=\"magic-9\"><span class=\"magic-8\">upravljanje in sledenje pranju<\/span><\/div>\n<\/td>\n<\/tr>\n<\/tbody>\n<\/table>\n<\/div>\n<\/div>\n<div class=\"J_module\">\n<div class=\"detail-decorate-json-renderer-container\">\n<div class=\"magic-1\">\n<div class=\"magic-2\">\n<div class=\"magic-3\">\n<div><\/div>\n<div class=\"magic-4\"><span class=\"magic-5\" style=\"color: #2196ed;\"><b class=\"magic-10\">RFID gumb za oznako perila<\/b><\/span><\/p>\n<div><\/div>\n<\/div>\n<\/div>\n<div>\n<div class=\"auto-hide-last-sibling-br paragraph_1252f paragraph-element\">Oznake za pranje perila, odporne na visoke temperature PPS, slu\u017eijo kot odli\u010dna re\u0161itev za sledenje komercialnim okoljem, kot so menze in restavracije, kjer se nenehno preva\u017eajo velike koli\u010dine namiznega pribora:<\/div>\n<p><br class=\"container_e695a wrapper_ad07b undefined\" \/><\/p>\n<ol class=\"auto-hide-last-sibling-br\">\n<li>\n<div class=\"auto-hide-last-sibling-br paragraph_1252f paragraph-element\">Brezhibno sledenje: pritrjevanje vsakega kosa namizne posode z oznako RFID, ki vsebuje edinstvene identifikacijske podatke (kot so vrsta artikla, proizvajalec in datum nakupa), omogo\u010da sledenje napredku vsakega kosa skozi proces pomivanja posode prek \u010ditalnikov RFID.<\/div>\n<\/li>\n<li>\n<div class=\"auto-hide-last-sibling-br paragraph_1252f paragraph-element\">Visoka vzdr\u017eljivost: Izpostavljenost visokim temperaturam in mo\u010dnim kemikalijam ni izziv za RFID oznake PPS, odporne na visoke temperature. Natan\u010dno so zasnovani, da prenesejo tak\u0161ne pogoje, zaradi \u010desar so idealna izbira za sledenje namiznega pribora v komercialnih pomivalnicah.<\/div>\n<\/li>\n<li>\n<div class=\"auto-hide-last-sibling-br paragraph_1252f paragraph-element\">U\u010dinkovito upravljanje zalog: Ko so oznake RFID o\u010di\u0161\u010dene, razku\u017eene in shranjene za ponovno uporabo, lahko zlahka sledijo razpolo\u017eljivosti in lokaciji vsakega predmeta. To zagotavlja dovolj stalno zalogo \u010distega namiznega pribora, s \u010dimer se odpravi mo\u017enost pomanjkanja ali napa\u010dnega ravnanja.<\/div>\n<\/li>\n<li>\n<div class=\"auto-hide-last-sibling-br paragraph_1252f paragraph-element\">Izbolj\u0161ana logistika: Implementacija RFID oznak PPS Laundry poenostavi upravljanje inventarja in logisti\u010dnih postopkov v okoljih z visoko temperaturo, kot so komercialne pomivalnice posode.<\/div>\n<\/li>\n<\/ol>\n<div class=\"auto-hide-last-sibling-br paragraph_1252f paragraph-element\"><strong>Prednosti RFID gumba za pranje perila<\/strong><\/div>\n<ol class=\"auto-hide-last-sibling-br\">\n<li>\n<div class=\"auto-hide-last-sibling-br paragraph_1252f paragraph-element\">U\u010dinkovito sledenje: RFID gumbi za oznake perila poenostavljajo sledenje obla\u010dilom med celotnim postopkom pranja perila, s \u010dimer pove\u010dajo operativno u\u010dinkovitost in produktivnost.<\/div>\n<\/li>\n<li>\n<div class=\"auto-hide-last-sibling-br paragraph_1252f paragraph-element\">Spodbuja avtomatizacijo: ti gumbi pomagajo zmanj\u0161ati potrebo po ro\u010dnem delu in morebitne napake, povezane z njim, ter spodbujajo u\u010dinkovit, avtomatiziran sistem.<\/div>\n<\/li>\n<li>\n<div class=\"auto-hide-last-sibling-br paragraph_1252f paragraph-element\">Vzdr\u017eljivi: Ti gumbi, ki so posebej zasnovani za te\u017eke pogoje pranja perila, so odporni na visoke temperature, pritisk in kemikalije, kar zagotavlja dolgo \u017eivljenjsko dobo.<\/div>\n<\/li>\n<\/ol>\n<div class=\"auto-hide-last-sibling-br paragraph_1252f paragraph-element\"><strong>Zna\u010dilnosti oznake za perilo RFID<\/strong><\/div>\n<ol class=\"auto-hide-last-sibling-br\">\n<li>\n<div class=\"auto-hide-last-sibling-br paragraph_1252f paragraph-element\">Edinstvena identifikacija: Vsaka oznaka vsebuje edinstvene identifikacijske informacije, ki omogo\u010dajo brezhibno sledenje posameznim kosom.<\/div>\n<\/li>\n<li>\n<div class=\"auto-hide-last-sibling-br paragraph_1252f paragraph-element\">Odpornost na visoke temperature: RFID gumbi za oznake za perilo so zasnovani tako, da prenesejo visoke temperature, zaradi \u010desar so idealni za uporabo v pralnici.<\/div>\n<\/li>\n<li>\n<div class=\"auto-hide-last-sibling-br paragraph_1252f paragraph-element\">Zmogljivosti NFC: Nekatere oznake so opremljene s funkcijo NFC, ki omogo\u010da njihovo skeniranje z uporabo mobilnih aplikacij, kar omogo\u010da oddaljeno sledenje in upravljanje.<\/div>\n<\/li>\n<\/ol>\n<div class=\"auto-hide-last-sibling-br paragraph_1252f paragraph-element\"><strong>Uporaba RFID gumba za pranje perila<\/strong><\/div>\n<ol class=\"auto-hide-last-sibling-br\">\n<li>\n<div class=\"auto-hide-last-sibling-br paragraph_1252f paragraph-element\">Industrijske pralnice: V industrijskem sektorju postane sledenje ogromnim koli\u010dinam perila preprosto opravilo z uporabo RFID gumbov za oznake perila.<\/div>\n<\/li>\n<li>\n<div class=\"auto-hide-last-sibling-br paragraph_1252f paragraph-element\">Bolni\u0161nice in hoteli: te ustanove se pogosto ukvarjajo s pralnicami velikih koli\u010din perila, pri \u010demer so se te oznake izkazale za klju\u010dno za izbolj\u0161anje u\u010dinkovitosti in upravljanja zalog.<\/div>\n<\/li>\n<li>\n<div class=\"auto-hide-last-sibling-br paragraph_1252f paragraph-element\">Izposoja perila: podjetja, ki ponujajo storitve izposoje perila, uporabljajo te oznake za poenostavitev upravljanja zalog in vzdr\u017eevanje nadzora kakovosti.<\/div>\n<\/li>\n<\/ol>\n<div class=\"auto-hide-last-sibling-br paragraph_1252f paragraph-element\"><strong>Izdelava RFID gumba za nalepko perila<\/strong><\/div>\n<div class=\"auto-hide-last-sibling-br paragraph_1252f paragraph-element\">Proizvodni proces RFID gumbov za oznake za pranje perila vklju\u010duje vgradnjo \u010dipa RFID v ohi\u0161je iz plastike ali smole, da se zagotovi, da je vodoodporen in lahko prenese te\u017eke pogoje okolja pranja perila. Med proizvodnjo se uporabljajo napredne tehnologije, ki zagotavljajo, da oznake prenesejo visoke temperature, pritisk in izpostavljenost kemikalijam. Vsaka oznaka je programirana z edinstveno identifikacijsko \u0161tevilko za namene sledenja med njeno \u017eivljenjsko dobo.<\/div>\n<\/div>\n<\/div>\n<\/div>\n<\/div>\n<\/div>","protected":false},"excerpt":{"rendered":"<div class=\"auto-hide-last-sibling-br paragraph_1252f paragraph-element\">Gumb RFID za pranje perila ali bolj splo\u0161no znan kot PPS RFID Laundry Tag je posebej zasnovan za aplikacije, ki zahtevajo vzdr\u017eljivo oznako, ki lahko prenese te\u017eke delovne pogoje.<\/div>\n<div class=\"auto-hide-last-sibling-br paragraph_1252f paragraph-element\">Trenutno se ve\u010dina trga nagiba k uporabi UHF transponderjev za perilo. Vendar pa nekateri scenariji zahtevajo tudi uporabo oznak za perilo NFC, ki podpirajo mobilne aplikacije. Transponderji RFID za pranje perila z gumbi u\u010dinkovito izpolnjujejo te potrebe.<\/div>\n<div class=\"auto-hide-last-sibling-br paragraph_1252f paragraph-element\">Zaradi njihove vsestranskosti in robustne zmogljivosti so zelo uporabni pri prepoznavanju in sledenju industrijskega perila in tekstila v razli\u010dnih sektorjih. Te zelo trpe\u017ene oznake, ki so \u0161e posebej raz\u0161irjene v hotelih, bolni\u0161nicah in podjetjih, ki ponujajo storitve izposoje posteljnine, so klju\u010dnega pomena za izbolj\u0161anje operativne u\u010dinkovitosti in splo\u0161ne produktivnosti.<\/div>","protected":false},"featured_media":63,"template":"","meta":{"_kad_post_transparent":"default","_kad_post_title":"","_kad_post_layout":"default","_kad_post_sidebar_id":"","_kad_post_content_style":"default","_kad_post_vertical_padding":"default","_kad_post_feature":"","_kad_post_feature_position":"","_kad_post_header":false,"_kad_post_footer":false,"_kad_post_classname":""},"product_brand":[],"product_cat":[21],"product_tag":[35,34,33],"class_list":{"0":"post-62","1":"product","2":"type-product","3":"status-publish","4":"has-post-thumbnail","6":"product_cat-pps-rfid-laundry-tag","7":"product_tag-rfid-button","8":"product_tag-rfid-laundry-button","9":"product_tag-rfid-laundry-tag-button","11":"first","12":"instock","13":"shipping-taxable","14":"product-type-simple","15":"entry","16":"content-bg","17":"loop-entry"},"_links":{"self":[{"href":"https:\/\/rfid-laundry-tag.com\/sl\/wp-json\/wp\/v2\/product\/62","targetHints":{"allow":["GET"]}}],"collection":[{"href":"https:\/\/rfid-laundry-tag.com\/sl\/wp-json\/wp\/v2\/product"}],"about":[{"href":"https:\/\/rfid-laundry-tag.com\/sl\/wp-json\/wp\/v2\/types\/product"}],"version-history":[{"count":0,"href":"https:\/\/rfid-laundry-tag.com\/sl\/wp-json\/wp\/v2\/product\/62\/revisions"}],"wp:featuredmedia":[{"embeddable":true,"href":"https:\/\/rfid-laundry-tag.com\/sl\/wp-json\/wp\/v2\/media\/63"}],"wp:attachment":[{"href":"https:\/\/rfid-laundry-tag.com\/sl\/wp-json\/wp\/v2\/media?parent=62"}],"wp:term":[{"taxonomy":"product_brand","embeddable":true,"href":"https:\/\/rfid-laundry-tag.com\/sl\/wp-json\/wp\/v2\/product_brand?post=62"},{"taxonomy":"product_cat","embeddable":true,"href":"https:\/\/rfid-laundry-tag.com\/sl\/wp-json\/wp\/v2\/product_cat?post=62"},{"taxonomy":"product_tag","embeddable":true,"href":"https:\/\/rfid-laundry-tag.com\/sl\/wp-json\/wp\/v2\/product_tag?post=62"}],"curies":[{"name":"delovni list","href":"https:\/\/api.w.org\/{rel}","templated":true}]}}