{"id":54,"date":"2024-06-10T14:55:28","date_gmt":"2024-06-10T14:55:28","guid":{"rendered":"https:\/\/rfid-laundry-tag.com\/?post_type=product&#038;p=54"},"modified":"2024-09-26T04:26:47","modified_gmt":"2024-09-26T04:26:47","slug":"rfid-tag-for-linen-laundry","status":"publish","type":"product","link":"https:\/\/rfid-laundry-tag.com\/sl\/rfid-tag-for-linen-laundry\/","title":{"rendered":"Oznaka RFID za pranje perila"},"content":{"rendered":"<div>\n<div class=\"auto-hide-last-sibling-br paragraph_1252f paragraph-element\">\n<h1><strong>Oznaka RFID za pranje perila<\/strong><\/h1>\n<p><strong>Fizi\u010dno:<\/strong><\/p>\n<p>Material: 100% poliester<\/p>\n<p>Velikost: 70 mm \u00d7 15 mm x 1,5 mm<\/p>\n<p>\u010cip: NXP U KODA U8, U9 itd<\/p>\n<p>Na\u010din namestitve etikete: vrsta \u0161ivanja, likanje<\/p>\n<p>Protokol: ISO18ooo-6C<\/p>\n<p>Likanje: 15 sekund pri 210 \u2103<\/p>\n<p>Izpostavljenost: 2,5 bara<\/p>\n<p>Su\u0161enje: 15 minut pri 180\u00b0C<\/p>\n<p>Pranje: 15 minut pri 90\u2103<\/p>\n<p>Cikli pranja: 200+ ciklov ali 3 leta<\/p>\n<p>Pogoji shranjevanja: -20-80 \u2103, 5-95%RH<\/p>\n<p>&nbsp;<\/p>\n<\/div>\n<div class=\"auto-hide-last-sibling-br paragraph_1252f paragraph-element\">Kar zna\u010dilno lo\u010di na\u0161e oznake za perilo UHF RFID od mno\u017eice drugih oznak za perilo na trgu, je njihov gladek, luciden videz. So osupljivo tanke in debele neopaznih 0,55 mm, zaradi \u010desar so najtanj\u0161e oznake na trgu. \u010ce povzamemo, na\u0161e oznake ponujajo progresivno re\u0161itev UHF RFID za obla\u010dila, ki predstavlja idealno kombinacijo cenovne dostopnosti, robustnosti in subtilnosti.<\/div>\n<\/div>\n<div><\/div>\n<div class=\"auto-hide-last-sibling-br paragraph_1252f paragraph-element\">\n<div data-spm-anchor-id=\"a2700.details.0.i57.23b419c7xXORP0\"><span data-spm-anchor-id=\"a2700.details.0.i75.23b419c7xXORP0\"><b>funkcija:<\/b><br \/>\n1) UHF tehnologija za branje ve\u010d sto oznak hkrati.<br \/>\n2) Razdalja za branje ve\u010d kot 8 \u010devljev.<br \/>\n3) Nova mehanska zasnova za izbolj\u0161ano delovanje ravnega perila.<br \/>\n4) Primerno za visokotla\u010dne sesalnike do 60 barov.<br \/>\n5) Primerno za sterilizacijo v avtoklavu.<br \/>\n6) Majhen, mehak, prilagodljiv material, idealen za tekstil, perilo, obla\u010dila in dodatke.<\/span><\/div>\n<\/div>\n<div data-spm-anchor-id=\"a2700.details.0.i57.23b419c7xXORP0\"><\/div>\n<div data-spm-anchor-id=\"a2700.details.0.i57.23b419c7xXORP0\">\n<p><img fetchpriority=\"high\" decoding=\"async\" class=\"wp-image-55\" src=\"https:\/\/rfid-laundry-tag.com\/wp-content\/uploads\/2024\/06\/4-300x275.png\" alt=\"RFID Tag for linen laundry\" width=\"605\" height=\"555\" srcset=\"https:\/\/rfid-laundry-tag.com\/wp-content\/uploads\/2024\/06\/4-300x275.png 300w, https:\/\/rfid-laundry-tag.com\/wp-content\/uploads\/2024\/06\/4-600x550.png 600w, https:\/\/rfid-laundry-tag.com\/wp-content\/uploads\/2024\/06\/4-13x12.png 13w, https:\/\/rfid-laundry-tag.com\/wp-content\/uploads\/2024\/06\/4.png 750w\" sizes=\"(max-width: 605px) 100vw, 605px\" \/><\/p>\n<\/div>\n<h3 class=\"wp-block-heading\">Namestitev<\/h3>\n<p><strong>Ozna\u010devanje \u0161ivov<\/strong>: Za v\u0161ivanje v rob tekstila. Etiketo za perilo pri\u0161ijte stran od pregibnih linij.<br \/>\n<strong>Toplotno tesnjenje<\/strong>: Za toplotno tesnjenje neposredno na tekstil pri +200\u00b0C (392\u00b0F), za 12~14s.<br \/>\n<strong>V vre\u010dki<\/strong>: za \u0161ivanje kot standardna etiketa za nego. Etiketo za perilo pri\u0161ijte stran od pregibnih linij.<\/p>\n<h3>Prednosti uporabe oznak RFID pri upravljanju pralnic<\/h3>\n<p>Vklju\u010ditev oznak RFID v va\u0161e postopke pranja vodi do ve\u010dje u\u010dinkovitosti. Samodejno sledenje omogo\u010da upravljanje zalog v realnem \u010dasu, kar zmanj\u0161uje izgubo in prihrani \u010das zaposlenih. te\u00a0<strong>tekstilne oznake RFID<\/strong>\u00a0podjetjem in gospodinjstvom ponuja mo\u017enost upravljanja in sledenja posteljnini, obla\u010dilom in drugim predmetom za pranje perila z izjemno natan\u010dnostjo, kar izbolj\u0161uje kakovost storitev in zadovoljstvo strank.<\/p>\n<div class=\"auto-hide-last-sibling-br paragraph_1252f paragraph-element\">\n<div class=\"auto-hide-last-sibling-br paragraph_1252f paragraph-element\">Oznake RFID za pranje perila so nepogre\u0161ljive v \u0161tevilnih panogah, saj so klju\u010dnega pomena za u\u010dinkovito sledenje sredstev, upravljanje zalog in pove\u010danje splo\u0161ne operativne u\u010dinkovitosti. Tu je kratek vpogled v njihovo uporabo v razli\u010dnih sektorjih:<\/div>\n<ul class=\"auto-hide-last-sibling-br\">\n<li>\n<div class=\"auto-hide-last-sibling-br paragraph_1252f paragraph-element\">Zdravstveno varstvo: Bolni\u0161nice in druge zdravstvene ustanove uporabljajo oznake za perilo RFID za upravljanje obse\u017enih zalog posteljnega perila, brisa\u010d, pilingov, uniform in kirur\u0161kega perila. To pomaga pri zmanj\u0161evanju izgube, upravljanju ciklov pranja perila in zagotavljanju, da je \u010disto in sve\u017ee perilo vedno na voljo glede na zahteve.<\/div>\n<\/li>\n<li>\n<div class=\"auto-hide-last-sibling-br paragraph_1252f paragraph-element\">Hoteli: V hotelski industriji je upravljanje posteljnine ogromna naloga, saj je v obtoku na tiso\u010de predmetov, kot so posteljnina, brisa\u010de, zavese in halje. Oznake za perilo RFID pomagajo racionalizirati to nalogo, zagotavljajo pravo\u010dasno \u010di\u0161\u010denje in zamenjavo ter pomagajo pri odkrivanju in prepre\u010devanju kraje.<\/div>\n<\/li>\n<li>\n<div class=\"auto-hide-last-sibling-br paragraph_1252f paragraph-element\">Restavracije: v gostinski industriji oznake RFID pomagajo nadzirati uporabo in \u010disto\u010do uniform, prtov, prti\u010dkov in kuharskih predpasnikov. To lahko stopnjuje standarde \u010disto\u010de in pomaga ohranjati urejen, profesionalen videz.<\/div>\n<\/li>\n<li>\n<div class=\"auto-hide-last-sibling-br paragraph_1252f paragraph-element\">Industrija modnih obla\u010dil: V modnem hrupu imajo oznake RFID pomembno vlogo pri sledenju artiklov v dobavni verigi od proizvodnje do maloprodajnega izlaganja. Ponujajo lahko dragocene informacije, kot so izvor, zgodovina potovanj in celo zapletene podrobnosti o tkanini in navodilih za nego.<\/div>\n<\/li>\n<li>\n<div class=\"auto-hide-last-sibling-br paragraph_1252f paragraph-element\">Delovna obla\u010dila\/ognjeodporna obla\u010dila: podjetja uporabljajo oznake RFID za sledenje in upravljanje posebnih obla\u010dil. To vklju\u010duje zagotavljanje, da se ognjevarna ali druga za\u0161\u010ditna obla\u010dila redno preverjajo, ustrezno \u010distijo in po potrebi zamenjajo.<\/div>\n<\/li>\n<li>\n<div class=\"auto-hide-last-sibling-br paragraph_1252f paragraph-element\">Obutev in maske: zelo pomembno v panogah, kot sta zdravstvo in gradbeni\u0161tvo, kjer varnost ne more biti ogro\u017eena, je sledenje uporabi, \u010distosti in vzdr\u017eevanju predmetov, kot so maske in varnostni \u010devlji, poenostavljeno z uporabo oznak RFID.<\/div>\n<\/li>\n<li>\n<div class=\"auto-hide-last-sibling-br paragraph_1252f paragraph-element\">Podloge in krpe: Podjetja, ki nudijo storitve \u010di\u0161\u010denja ali upravljajo velike objekte, imajo lahko koristi od oznak RFID na podlogah in krpah. Lahko bodo spremljali uporabo in vzdr\u017eevanje ter zagotovili \u010dista in u\u010dinkovita orodja v vsakem trenutku.<\/div>\n<\/li>\n<\/ul>\n<h3>Okolju prijazno nakupovanje<\/h3>\n<p>Na\u0161e oznake RFID so zasnovane z mislijo na prijaznost do okolja. Z zmanj\u0161evanjem ro\u010dnega ravnanja in zmanj\u0161evanjem zgre\u0161enih predmetov lahko pomagate zmanj\u0161ati oglji\u010dni odtis, povezan s pranjem perila. The\u00a0<strong>RFID oznake za perilo<\/strong>\u00a0na koncu \u017eivljenjskega cikla jih je mogo\u010de reciklirati, kar prispeva k trajnostnim praksam.<\/p>\n<h3>Kaj je tehnologija UHF RFID?<\/h3>\n<p>RFID (radiofrekven\u010dna identifikacija) je tehnologija, ki uporablja elektromagnetna polja za samodejno prepoznavanje in sledenje oznakam, pritrjenim na predmete. UHF RFID deluje v ultravisokofrekven\u010dnem obmo\u010dju, kar omogo\u010da dalj\u0161o razdaljo branja in hitrej\u0161o identifikacijo, zaradi \u010desar je idealen za uporabo v pralnicah. UHF RFID oznake je mogo\u010de pri\u0161iti ali pritrditi na obla\u010dila in perilo, kar omogo\u010da u\u010dinkovito sledenje skozi celoten proces pranja.<\/p>\n<h3>Pogosto zastavljena vpra\u0161anja (FAQ)<\/h3>\n<p><strong>V1: Ali so oznake za perilo RFID zdru\u017eljive z vsemi sistemi pranja?<\/strong><br \/>\n<strong>A1:<\/strong>\u00a0Da, na\u0161e oznake RFID so zasnovane za brezhibno delovanje s standardnimi \u010ditalniki RFID, ki se uporabljajo v pralnicah.<\/p>\n<p><strong>V2: Kako lahko recikliram rabljene oznake RFID?<\/strong><br \/>\n<strong>A2:<\/strong>\u00a0Po njihovem \u017eivljenjskem ciklu nam lahko oznake vrnete v recikliranje ali preverite lokalne obrate, ki ravnajo z elektronskimi odpadki.<\/p>\n<p><strong>V3: Ali lahko ozna\u010dim perilo za osebno uporabo?<\/strong><br \/>\n<strong>A3:<\/strong>\u00a0Vsekakor! Te oznake se lahko uporabljajo tudi v gospodinjstvih za u\u010dinkovito spremljanje dru\u017einskega perila.<\/p>\n<h3>Zakaj izbrati nas za svoje re\u0161itve RFID?<\/h3>\n<p>Z dolgoletnim strokovnim znanjem in izku\u0161njami na podro\u010dju tehnologije RFID zagotavljamo visokokakovostne, trajne in inovativne re\u0161itve, prilagojene industriji pranja perila. Na\u0161i izdelki so zasnovani tako, da izpolnjujejo razli\u010dne operativne potrebe, hkrati pa ohranjajo cenovno dostopnost in okoljsko odgovornost.<\/p>\n<p>Vabimo vas, da danes spremenite svoje pralnice z nalo\u017ebo v na\u0161e UHF RFID oznake za perilo za perilo. Z dokazanimi rezultati pri izbolj\u0161anju u\u010dinkovitosti, upravljanju tekstila in zagotavljanju odgovornosti te oznake niso le nalo\u017eba v tehnologijo, ampak nalo\u017eba v brezskrbnost.<\/p>\n<h3>Zaklju\u010dek<\/h3>\n<p>Z vklju\u010devanjem tehnologije UHF RFID v va\u0161e poslovanje boste sprejeli prihodnost upravljanja pralnic, kar bo znatno pove\u010dalo va\u0161o u\u010dinkovitost in zanesljivost. Ne zamudite prilo\u017enosti, da izbolj\u0161ate svoje zmogljivosti obdelave perila.<\/p>\n<\/div>","protected":false},"excerpt":{"rendered":"<div class=\"auto-hide-last-sibling-br paragraph_1252f paragraph-element\">Izbolj\u0161ajte u\u010dinkovitost pranja z na\u0161imi trpe\u017enimi oznakami UHF RFID, zasnovanimi za perilo in obla\u010dila. Pralen, odporen na temperaturo in idealen za sledenje!<\/div>\n<div><\/div>\n<div class=\"auto-hide-last-sibling-br paragraph_1252f paragraph-element\"><\/div>","protected":false},"featured_media":58,"template":"","meta":{"_kad_post_transparent":"default","_kad_post_title":"","_kad_post_layout":"default","_kad_post_sidebar_id":"","_kad_post_content_style":"default","_kad_post_vertical_padding":"default","_kad_post_feature":"","_kad_post_feature_position":"","_kad_post_header":false,"_kad_post_footer":false,"_kad_post_classname":""},"product_brand":[],"product_cat":[19],"product_tag":[25,285,30,28],"class_list":{"0":"post-54","1":"product","2":"type-product","3":"status-publish","4":"has-post-thumbnail","6":"product_cat-textile-rfid-laundry-tag","7":"product_tag-rfid-laundrytags","8":"product_tag-rfid-tag","9":"product_tag-uhf-rfid-laundry-tag","10":"product_tag-washable-rfid-tags","12":"first","13":"instock","14":"shipping-taxable","15":"product-type-simple","16":"entry","17":"content-bg","18":"loop-entry"},"_links":{"self":[{"href":"https:\/\/rfid-laundry-tag.com\/sl\/wp-json\/wp\/v2\/product\/54","targetHints":{"allow":["GET"]}}],"collection":[{"href":"https:\/\/rfid-laundry-tag.com\/sl\/wp-json\/wp\/v2\/product"}],"about":[{"href":"https:\/\/rfid-laundry-tag.com\/sl\/wp-json\/wp\/v2\/types\/product"}],"version-history":[{"count":3,"href":"https:\/\/rfid-laundry-tag.com\/sl\/wp-json\/wp\/v2\/product\/54\/revisions"}],"predecessor-version":[{"id":2684,"href":"https:\/\/rfid-laundry-tag.com\/sl\/wp-json\/wp\/v2\/product\/54\/revisions\/2684"}],"wp:featuredmedia":[{"embeddable":true,"href":"https:\/\/rfid-laundry-tag.com\/sl\/wp-json\/wp\/v2\/media\/58"}],"wp:attachment":[{"href":"https:\/\/rfid-laundry-tag.com\/sl\/wp-json\/wp\/v2\/media?parent=54"}],"wp:term":[{"taxonomy":"product_brand","embeddable":true,"href":"https:\/\/rfid-laundry-tag.com\/sl\/wp-json\/wp\/v2\/product_brand?post=54"},{"taxonomy":"product_cat","embeddable":true,"href":"https:\/\/rfid-laundry-tag.com\/sl\/wp-json\/wp\/v2\/product_cat?post=54"},{"taxonomy":"product_tag","embeddable":true,"href":"https:\/\/rfid-laundry-tag.com\/sl\/wp-json\/wp\/v2\/product_tag?post=54"}],"curies":[{"name":"delovni list","href":"https:\/\/api.w.org\/{rel}","templated":true}]}}