{"id":49,"date":"2024-06-09T15:22:23","date_gmt":"2024-06-09T15:22:23","guid":{"rendered":"https:\/\/rfid-laundry-tag.com\/?post_type=product&#038;p=49"},"modified":"2024-09-08T05:30:18","modified_gmt":"2024-09-08T05:30:18","slug":"washable-rfid-laundry-tags","status":"publish","type":"product","link":"https:\/\/rfid-laundry-tag.com\/sl\/washable-rfid-laundry-tags\/","title":{"rendered":"Pralne oznake za perilo RFID"},"content":{"rendered":"<div class=\"auto-hide-last-sibling-br paragraph_1252f paragraph-element\">\n<div>\n<div class=\"auto-hide-last-sibling-br paragraph_1252f paragraph-element\">Na\u0161e pralne oznake za perilo RFID, znane tudi kot pralne oznake za obla\u010dila RFID, zagotavljajo vsestransko izbiro v primerjavi s tradicionalnimi oznakami za pranje perila RFID. Te posebej zasnovane oznake lahko prenesejo ve\u010d kot 50 ciklov pranja v gospodinjstvu z le manj\u0161im zmanj\u0161anjem zmogljivosti RFID, ki sega od 10% do 15%. Kot stro\u0161kovno u\u010dinkovita re\u0161itev so te vodotesne oznake RFID primerne za najem in prodajo na drobno, vklju\u010dno z obla\u010dili, obutvijo in rjuhami.<\/div>\n<p>&nbsp;<\/p>\n<div class=\"auto-hide-last-sibling-br paragraph_1252f paragraph-element\">Z edinstveno strukturo in za\u0161\u010dito za \u010dip RFID te oznake dokazujejo odpornost in pre\u017eivijo ve\u010d kot 50 ciklov pranja v gospodinjstvu. Lahko jih diskretno skrijete v \u0161iv ali vklju\u010dite v negovalno etiketo, tako da jih naredite skoraj neopazne.<\/div>\n<p>&nbsp;<\/p>\n<div class=\"auto-hide-last-sibling-br paragraph_1252f paragraph-element\">Ena zna\u010dilnost na\u0161ih pralnih oznak za perilo RFID, ki jih lo\u010dujejo od drugih pralnih oznak za perilo, je njihova tanka, prozorna oblika, ki meri le 0,55 mm v debelino. Ugotovljeno je, da je najtanj\u0161i na trgu. V celoti zagotavlja inovativno re\u0161itev UHF RFID za obla\u010dila, ki ponuja me\u0161anico stro\u0161kovne u\u010dinkovitosti, trajnosti in diskretnosti.<\/div>\n<div><\/div>\n<\/div>\n<div data-spm-anchor-id=\"a2700.details.0.i57.23b419c7xXORP0\"><span data-spm-anchor-id=\"a2700.details.0.i75.23b419c7xXORP0\"><b>funkcija:<\/b><br \/>\n1) UHF tehnologija za branje ve\u010d sto oznak hkrati.<br \/>\n2) Razdalja za branje ve\u010d kot 8 \u010devljev.<br \/>\n3) Nova mehanska zasnova za izbolj\u0161ano delovanje ravnega perila.<br \/>\n4) Primerno za visokotla\u010dne sesalnike do 60 barov.<br \/>\n5) Primerno za sterilizacijo v avtoklavu.<br \/>\n6) Majhen, mehak, prilagodljiv material, idealen za tekstil, perilo, obla\u010dila in dodatke.<\/span><\/div>\n<\/div>\n<div data-spm-anchor-id=\"a2700.details.0.i57.23b419c7xXORP0\"><\/div>\n<div data-spm-anchor-id=\"a2700.details.0.i57.23b419c7xXORP0\">\n<div class=\"text-title\"><span data-spm-anchor-id=\"a2700.details.0.i77.23b419c7xXORP0\">Fizi\u010dno:<\/span><\/div>\n<div class=\"text-content\" data-spm-anchor-id=\"a2700.details.0.i54.23b419c7xXORP0\">\n<div>Velikost: 70 mm \u00d7 15 mm x 1,5 mm<\/div>\n<div>\u010cip: UHF<\/div>\n<div>Na\u010din namestitve etikete: \u0161ivanje, likanje<\/div>\n<div>Protokol: ISO18ooo-6C EPC C1G2<\/div>\n<div>Likanje: 15 sekund pri 210 \u2103<\/div>\n<div>Izpostavljenost: 2,5 bara<\/div>\n<div>Su\u0161enje: 15 minut pri 180\u00b0C<\/div>\n<div><span data-spm-anchor-id=\"a2700.details.0.i78.23b419c7xXORP0\">Pranje: 15 minut pri 90\u2103<\/span><\/div>\n<div>Cikli pranja: 200+ ciklov ali 3 leta<br \/>\nPogoji shranjevanja: -20-80 \u2103, 5-95%RH<\/div>\n<\/div>\n<\/div>\n<h3 class=\"wp-block-heading\">Namestitev<\/h3>\n<p><strong>Ozna\u010devanje \u0161ivov<\/strong>: Za v\u0161ivanje v rob tekstila. Etiketo za perilo pri\u0161ijte stran od pregibnih linij.<br \/>\n<strong>Toplotno tesnjenje<\/strong>: Za toplotno tesnjenje neposredno na tekstil pri +200\u00b0C (392\u00b0F), za 12~14s.<br \/>\n<strong>V vre\u010dki<\/strong>: za \u0161ivanje kot standardna etiketa za nego. Etiketo za perilo pri\u0161ijte stran od pregibnih linij.<\/p>\n<div class=\"auto-hide-last-sibling-br paragraph_1252f paragraph-element\">Pralne RFID oznake za perilo so sestavni del \u0161tevilnih industrij, saj zagotavljajo u\u010dinkovito sledenje sredstev, upravljanje zalog in izbolj\u0161anje splo\u0161ne operativne produktivnosti. Tukaj je nekaj njegovih aplikacij v razli\u010dnih sektorjih:<\/div>\n<ol class=\"auto-hide-last-sibling-br\">\n<li>\n<div class=\"auto-hide-last-sibling-br paragraph_1252f paragraph-element\"><strong>Zdravstveno varstvo<\/strong>: Bolni\u0161nice in druge zdravstvene ustanove uporabljajo oznake za perilo RFID za upravljanje ogromnih zalog posteljnine, brisa\u010d, pilingov, uniform in kirur\u0161kega perila. To pomaga zmanj\u0161ati izgubo, upravljati cikle pranja perila in zagotoviti, da je \u010disto in sve\u017ee perilo vedno na voljo, kot je potrebno.<\/div>\n<\/li>\n<li>\n<div class=\"auto-hide-last-sibling-br paragraph_1252f paragraph-element\"><strong>Hoteli<\/strong>: Upravljanje s posteljnino je velika naloga v hotelski industriji, kjer je v obtoku na tiso\u010de predmetov, od posteljnine do brisa\u010d do zaves in halj. Oznake za perilo RFID poenostavljajo sledenje, zagotavljajo pravo\u010dasno \u010di\u0161\u010denje in zamenjavo ter pomagajo pri odkrivanju in prepre\u010devanju kraje.<\/div>\n<\/li>\n<li>\n<div class=\"auto-hide-last-sibling-br paragraph_1252f paragraph-element\"><strong>Restavracije<\/strong>: V gostinski industriji lahko oznake RFID spremljajo uporabo in \u010di\u0161\u010denje uniform, prtov, prti\u010dkov in kuharskih predpasnikov. To lahko izbolj\u0161a standarde \u010disto\u010de in pomaga pri ohranjanju uglajenega, profesionalnega videza.<\/div>\n<\/li>\n<li>\n<div class=\"auto-hide-last-sibling-br paragraph_1252f paragraph-element\"><strong>Industrija modnih obla\u010dil<\/strong>: Oznake RFID igrajo veliko vlogo pri sledenju predmetov v celotni dobavni verigi, od proizvodnje do maloprodaje. Lahko zagotovijo dragocene informacije, kot so izvor, zgodovina potovanj in celo podrobnosti o tkanini in navodilih za nego.<\/div>\n<\/li>\n<li>\n<div class=\"auto-hide-last-sibling-br paragraph_1252f paragraph-element\"><strong>Delovna obla\u010dila\/Ognjeodporna obla\u010dila<\/strong>: Podjetja lahko uporabljajo oznake RFID za sledenje in upravljanje posebnih obla\u010dil. To lahko vklju\u010duje zagotavljanje, da se ognjevarna ali druga za\u0161\u010ditna obla\u010dila redno pregledujejo, pravilno \u010distijo in po potrebi zamenjajo.<\/div>\n<\/li>\n<li>\n<div class=\"auto-hide-last-sibling-br paragraph_1252f paragraph-element\"><strong>Obutev in maske<\/strong>: Sledenje uporabi, \u010di\u0161\u010denju in vzdr\u017eevanju predmetov, kot so maske in za\u0161\u010ditni \u010devlji, je \u0161e posebej pomembno v panogah, kot sta zdravstvo in gradbeni\u0161tvo, kjer je varnost klju\u010dnega pomena, z uporabo oznak RFID.<\/div>\n<\/li>\n<li>\n<div class=\"auto-hide-last-sibling-br paragraph_1252f paragraph-element\"><strong>Podloge in krpe<\/strong>: Za podjetja, ki nudijo storitve \u010di\u0161\u010denja ali upravljajo velike objekte, lahko oznake RFID na podlogah in krpah pomagajo pri sledenju uporabe in vzdr\u017eevanja, kar zagotavlja \u010dista in u\u010dinkovita orodja v vsakem trenutku.<\/div>\n<\/li>\n<\/ol>","protected":false},"excerpt":{"rendered":"<div class=\"auto-hide-last-sibling-br paragraph_1252f paragraph-element\">Na\u0161e pralne oznake za perilo RFID, znane tudi kot oznake za perilo RFID, prikazujejo me\u0161anico mehkobe in mo\u010di, saj so izdelane s pro\u017eno gumijasto zunanjostjo. To so oznake za obla\u010dila, zasnovane tako, da so prilagodljive in robustne \u2013 zdr\u017eijo do 200 ciklov pranja in pre\u017eivijo do 60 barov pritiska.<\/div>\n<div class=\"auto-hide-last-sibling-br paragraph_1252f paragraph-element\">Na\u0161e oznake za perilo UHF RFID so znane po vrhunskih zmogljivostih mno\u017ei\u010dnega branja, ki jih je mogo\u010de u\u010dinkovito zaznati z razdalje ve\u010d metrov. Njihove mere se razlikujejo od 1,5 do 3 palcev v dol\u017eino in od pol do 1 palca v \u0161irino, kar ustreza razli\u010dnim zahtevam.<\/div>\n<div class=\"auto-hide-last-sibling-br paragraph_1252f paragraph-element\">Te pralne oznake RFID se pogosto uporabljajo v medicini in se pogosto pritrdijo na pilinge, ki jih nosijo zdravniki in medicinske sestre. Poleg tega najdejo uporabo pri drugih profesionalnih obla\u010dilih, kostumih in predmetih za izposojo, kot so podloge. Zaradi vsestranskosti in vzdr\u017eljivosti so idealna izbira za razli\u010dna okolja.<\/div>","protected":false},"featured_media":51,"template":"","meta":{"_kad_post_transparent":"default","_kad_post_title":"","_kad_post_layout":"default","_kad_post_sidebar_id":"","_kad_post_content_style":"default","_kad_post_vertical_padding":"default","_kad_post_feature":"","_kad_post_feature_position":"","_kad_post_header":false,"_kad_post_footer":false,"_kad_post_classname":""},"product_brand":[],"product_cat":[19,16],"product_tag":[25,27,29,28],"class_list":{"0":"post-49","1":"product","2":"type-product","3":"status-publish","4":"has-post-thumbnail","6":"product_cat-textile-rfid-laundry-tag","7":"product_cat-uhf-rfid-laundry-tags","8":"product_tag-rfid-laundrytags","9":"product_tag-uhf-rfid-textile-laundry-tag","10":"product_tag-washable-rfid-laundry-tags","11":"product_tag-washable-rfid-tags","13":"first","14":"instock","15":"shipping-taxable","16":"product-type-simple","17":"entry","18":"content-bg","19":"loop-entry"},"_links":{"self":[{"href":"https:\/\/rfid-laundry-tag.com\/sl\/wp-json\/wp\/v2\/product\/49","targetHints":{"allow":["GET"]}}],"collection":[{"href":"https:\/\/rfid-laundry-tag.com\/sl\/wp-json\/wp\/v2\/product"}],"about":[{"href":"https:\/\/rfid-laundry-tag.com\/sl\/wp-json\/wp\/v2\/types\/product"}],"version-history":[{"count":1,"href":"https:\/\/rfid-laundry-tag.com\/sl\/wp-json\/wp\/v2\/product\/49\/revisions"}],"predecessor-version":[{"id":1954,"href":"https:\/\/rfid-laundry-tag.com\/sl\/wp-json\/wp\/v2\/product\/49\/revisions\/1954"}],"wp:featuredmedia":[{"embeddable":true,"href":"https:\/\/rfid-laundry-tag.com\/sl\/wp-json\/wp\/v2\/media\/51"}],"wp:attachment":[{"href":"https:\/\/rfid-laundry-tag.com\/sl\/wp-json\/wp\/v2\/media?parent=49"}],"wp:term":[{"taxonomy":"product_brand","embeddable":true,"href":"https:\/\/rfid-laundry-tag.com\/sl\/wp-json\/wp\/v2\/product_brand?post=49"},{"taxonomy":"product_cat","embeddable":true,"href":"https:\/\/rfid-laundry-tag.com\/sl\/wp-json\/wp\/v2\/product_cat?post=49"},{"taxonomy":"product_tag","embeddable":true,"href":"https:\/\/rfid-laundry-tag.com\/sl\/wp-json\/wp\/v2\/product_tag?post=49"}],"curies":[{"name":"delovni list","href":"https:\/\/api.w.org\/{rel}","templated":true}]}}