{"id":47,"date":"2024-06-09T14:50:05","date_gmt":"2024-06-09T14:50:05","guid":{"rendered":"https:\/\/rfid-laundry-tag.com\/?post_type=product&#038;p=47"},"modified":"2024-09-08T05:41:36","modified_gmt":"2024-09-08T05:41:36","slug":"washable-rfid-tags","status":"publish","type":"product","link":"https:\/\/rfid-laundry-tag.com\/sl\/washable-rfid-tags\/","title":{"rendered":"Pralne oznake RFID"},"content":{"rendered":"<p><strong>Pralne oznake RFID<\/strong><\/p>\n<div class=\"auto-hide-last-sibling-br paragraph_1252f paragraph-element\">\n<div class=\"auto-hide-last-sibling-br paragraph_1252f paragraph-element\">Apparel Washable RFID Tag je vsestranska alternativa tradicionalnim RFID oznakam za perilo, posebej zasnovana tako, da vzdr\u017ei ve\u010d kot 50 gospodinjskih pralnih ciklov z le minimalnim zmanj\u0161anjem (10% do 15%) v zmogljivosti RFID. Ta nepremo\u010dljiva oznaka RFID, ki slu\u017ei kot idealna stro\u0161kovno u\u010dinkovita re\u0161itev, je popolna za izposojo in maloprodajo obla\u010dil, obutve in rjuh.<\/div>\n<div><\/div>\n<div class=\"auto-hide-last-sibling-br paragraph_1252f paragraph-element\">Z edinstveno strukturo in za\u0161\u010ditnim mehanizmom za \u010dip RFID lahko ta oznaka zdr\u017ei ve\u010d kot 50 ciklov pranja v gospodinjstvu. Lahko se neopazno zatakne v \u0161iv ali zdrsne v etiketo za nego, tako da je prakti\u010dno neopazen.<\/div>\n<p>&nbsp;<\/p>\n<div class=\"auto-hide-last-sibling-br paragraph_1252f paragraph-element\">Kar razlikuje to oznako UHF RFID od drugih pralnih oznak iz platna, je njena tanka prozorna zasnova debeline 0,55 mm, zaradi \u010desar je najtanj\u0161a na trgu. Skupaj to predstavlja inovativno re\u0161itev UHF RFID za obla\u010dila, ki ponuja stro\u0161kovno u\u010dinkovitost, vzdr\u017eljivost in diskretnost.<\/div>\n<div><\/div>\n<div data-spm-anchor-id=\"a2700.details.0.i57.23b419c7xXORP0\"><span data-spm-anchor-id=\"a2700.details.0.i75.23b419c7xXORP0\"><b>funkcija:<\/b><br \/>\n1) UHF tehnologija za branje ve\u010d sto oznak hkrati.<br \/>\n2) Razdalja za branje ve\u010d kot 8 \u010devljev.<br \/>\n3) Nova mehanska zasnova za izbolj\u0161ano delovanje ravnega perila.<br \/>\n4) Primerno za visokotla\u010dne sesalnike do 60 barov.<br \/>\n5) Primerno za sterilizacijo v avtoklavu.<br \/>\n6) Majhen, mehak, prilagodljiv material, idealen za tekstil, perilo, obla\u010dila in dodatke.<\/span><\/div>\n<\/div>\n<div data-spm-anchor-id=\"a2700.details.0.i57.23b419c7xXORP0\"><\/div>\n<div data-spm-anchor-id=\"a2700.details.0.i57.23b419c7xXORP0\">\n<div class=\"text-title\"><span data-spm-anchor-id=\"a2700.details.0.i77.23b419c7xXORP0\">Fizi\u010dno:<\/span><\/div>\n<div class=\"text-content\" data-spm-anchor-id=\"a2700.details.0.i54.23b419c7xXORP0\">\n<p>Material: 100% poliester<\/p>\n<div>Velikost: 70 mm \u00d7 15 mm x 1,5 mm<\/div>\n<div>\u010cip: UHF<\/div>\n<div>Na\u010din namestitve etikete: \u0161ivanje, likanje<\/div>\n<div>Protokol: ISO18ooo-6C EPC C1G2<\/div>\n<div>Likanje: 15 sekund pri 210 \u2103<\/div>\n<div>Izpostavljenost: 2,5 bara<\/div>\n<div>Su\u0161enje: 15 minut pri 180\u00b0C<\/div>\n<div><span data-spm-anchor-id=\"a2700.details.0.i78.23b419c7xXORP0\">Pranje: 15 minut pri 90\u2103<\/span><\/div>\n<div>Cikli pranja: 200+ ciklov ali 3 leta<br \/>\nPogoji shranjevanja: -20-80 \u2103, 5-95%RH<\/div>\n<\/div>\n<\/div>\n<h3 class=\"wp-block-heading\">Namestitev<\/h3>\n<p><strong>Ozna\u010devanje \u0161ivov<\/strong>: Za v\u0161ivanje v rob tekstila. Etiketo za perilo pri\u0161ijte stran od pregibnih linij.<br \/>\n<strong>Toplotno tesnjenje<\/strong>: Za toplotno tesnjenje neposredno na tekstil pri +200\u00b0C (392\u00b0F), za 12~14s.<br \/>\n<strong>V vre\u010dki<\/strong>: za \u0161ivanje kot standardna etiketa za nego. Etiketo za perilo pri\u0161ijte stran od pregibnih linij.<\/p>\n<div class=\"auto-hide-last-sibling-br paragraph_1252f paragraph-element\">Pralne oznake RFID so sestavni del \u0161tevilnih industrij, saj zagotavljajo u\u010dinkovito sledenje sredstev, upravljanje zalog in izbolj\u0161ajo splo\u0161no operativno produktivnost. Tukaj je nekaj njegovih aplikacij v razli\u010dnih sektorjih:<\/div>\n<ol class=\"auto-hide-last-sibling-br\">\n<li>\n<div class=\"auto-hide-last-sibling-br paragraph_1252f paragraph-element\"><strong>Zdravstveno varstvo<\/strong>: Bolni\u0161nice in druge zdravstvene ustanove uporabljajo oznake za perilo RFID za upravljanje ogromnih zalog posteljnine, brisa\u010d, pilingov, uniform in kirur\u0161kega perila. To pomaga zmanj\u0161ati izgubo, upravljati cikle pranja perila in zagotoviti, da je \u010disto in sve\u017ee perilo vedno na voljo, kot je potrebno.<\/div>\n<\/li>\n<li>\n<div class=\"auto-hide-last-sibling-br paragraph_1252f paragraph-element\"><strong>Hoteli<\/strong>: Upravljanje s posteljnino je velika naloga v hotelski industriji, kjer je v obtoku na tiso\u010de predmetov, od posteljnine do brisa\u010d do zaves in halj. Oznake za perilo RFID poenostavljajo sledenje, zagotavljajo pravo\u010dasno \u010di\u0161\u010denje in zamenjavo ter pomagajo pri odkrivanju in prepre\u010devanju kraje.<\/div>\n<\/li>\n<li>\n<div class=\"auto-hide-last-sibling-br paragraph_1252f paragraph-element\"><strong>Restavracije<\/strong>: V gostinski industriji lahko oznake RFID spremljajo uporabo in \u010di\u0161\u010denje uniform, prtov, prti\u010dkov in kuharskih predpasnikov. To lahko izbolj\u0161a standarde \u010disto\u010de in pomaga pri ohranjanju uglajenega, profesionalnega videza.<\/div>\n<\/li>\n<li>\n<div class=\"auto-hide-last-sibling-br paragraph_1252f paragraph-element\"><strong>Industrija modnih obla\u010dil<\/strong>: Oznake RFID igrajo veliko vlogo pri sledenju predmetov v celotni dobavni verigi, od proizvodnje do maloprodaje. Lahko zagotovijo dragocene informacije, kot so izvor, zgodovina potovanj in celo podrobnosti o tkanini in navodilih za nego.<\/div>\n<\/li>\n<li>\n<div class=\"auto-hide-last-sibling-br paragraph_1252f paragraph-element\"><strong>Delovna obla\u010dila\/Ognjeodporna obla\u010dila<\/strong>: Podjetja lahko uporabljajo oznake RFID za sledenje in upravljanje posebnih obla\u010dil. To lahko vklju\u010duje zagotavljanje, da se ognjevarna ali druga za\u0161\u010ditna obla\u010dila redno pregledujejo, pravilno \u010distijo in po potrebi zamenjajo.<\/div>\n<\/li>\n<li>\n<div class=\"auto-hide-last-sibling-br paragraph_1252f paragraph-element\"><strong>Obutev in maske<\/strong>: Sledenje uporabi, \u010di\u0161\u010denju in vzdr\u017eevanju predmetov, kot so maske in za\u0161\u010ditni \u010devlji, je \u0161e posebej pomembno v panogah, kot sta zdravstvo in gradbeni\u0161tvo, kjer je varnost klju\u010dnega pomena, z uporabo oznak RFID.<\/div>\n<\/li>\n<li>\n<div class=\"auto-hide-last-sibling-br paragraph_1252f paragraph-element\"><strong>Podloge in krpe<\/strong>: Za podjetja, ki nudijo storitve \u010di\u0161\u010denja ali upravljajo velike objekte, lahko oznake RFID na podlogah in krpah pomagajo pri sledenju uporabe in vzdr\u017eevanja, kar zagotavlja \u010dista in u\u010dinkovita orodja v vsakem trenutku.<\/div>\n<\/li>\n<\/ol>","protected":false},"excerpt":{"rendered":"<p>Pralne oznake RFID, pogosto imenovane lanene oznake RFID, so izdelane z ne\u017eno, a trdno gumijasto zunanjostjo. To so oznake za obla\u010dila, zasnovane tako, da so prilagodljive in robustne, prenesejo do 200 ciklov pranja in pritiske do 60 barov. Na\u0161e oznake za perilo UHF RFID odlikujejo mno\u017ei\u010dno branje, u\u010dinkovito zaznavanje z razdalje ve\u010d metrov. Na voljo so v razli\u010dnih merah, od 1,5 do 3 palcev v dol\u017eino in od pol palca do 1 palca v \u0161irino. Te pralne oznake RFID se pogosto uporabljajo na medicinskem podro\u010dju, pogosto so pritrjene na pilinge, ki jih nosijo zdravniki in medicinske sestre, pa tudi na druge poklicne uniforme, kostume in predmete, ki jih je mogo\u010de izposoditi, kot so podloge.<\/p>","protected":false},"featured_media":48,"template":"","meta":{"_kad_post_transparent":"default","_kad_post_title":"","_kad_post_layout":"default","_kad_post_sidebar_id":"","_kad_post_content_style":"default","_kad_post_vertical_padding":"default","_kad_post_feature":"","_kad_post_feature_position":"","_kad_post_header":false,"_kad_post_footer":false,"_kad_post_classname":""},"product_brand":[],"product_cat":[19,16],"product_tag":[25,27,28],"class_list":{"0":"post-47","1":"product","2":"type-product","3":"status-publish","4":"has-post-thumbnail","6":"product_cat-textile-rfid-laundry-tag","7":"product_cat-uhf-rfid-laundry-tags","8":"product_tag-rfid-laundrytags","9":"product_tag-uhf-rfid-textile-laundry-tag","10":"product_tag-washable-rfid-tags","12":"first","13":"instock","14":"shipping-taxable","15":"product-type-simple","16":"entry","17":"content-bg","18":"loop-entry"},"_links":{"self":[{"href":"https:\/\/rfid-laundry-tag.com\/sl\/wp-json\/wp\/v2\/product\/47","targetHints":{"allow":["GET"]}}],"collection":[{"href":"https:\/\/rfid-laundry-tag.com\/sl\/wp-json\/wp\/v2\/product"}],"about":[{"href":"https:\/\/rfid-laundry-tag.com\/sl\/wp-json\/wp\/v2\/types\/product"}],"version-history":[{"count":1,"href":"https:\/\/rfid-laundry-tag.com\/sl\/wp-json\/wp\/v2\/product\/47\/revisions"}],"predecessor-version":[{"id":1969,"href":"https:\/\/rfid-laundry-tag.com\/sl\/wp-json\/wp\/v2\/product\/47\/revisions\/1969"}],"wp:featuredmedia":[{"embeddable":true,"href":"https:\/\/rfid-laundry-tag.com\/sl\/wp-json\/wp\/v2\/media\/48"}],"wp:attachment":[{"href":"https:\/\/rfid-laundry-tag.com\/sl\/wp-json\/wp\/v2\/media?parent=47"}],"wp:term":[{"taxonomy":"product_brand","embeddable":true,"href":"https:\/\/rfid-laundry-tag.com\/sl\/wp-json\/wp\/v2\/product_brand?post=47"},{"taxonomy":"product_cat","embeddable":true,"href":"https:\/\/rfid-laundry-tag.com\/sl\/wp-json\/wp\/v2\/product_cat?post=47"},{"taxonomy":"product_tag","embeddable":true,"href":"https:\/\/rfid-laundry-tag.com\/sl\/wp-json\/wp\/v2\/product_tag?post=47"}],"curies":[{"name":"delovni list","href":"https:\/\/api.w.org\/{rel}","templated":true}]}}