{"id":40,"date":"2024-06-03T15:49:08","date_gmt":"2024-06-03T15:49:08","guid":{"rendered":"https:\/\/rfid-laundry-tag.com\/?post_type=product&#038;p=40"},"modified":"2024-09-08T05:31:52","modified_gmt":"2024-09-08T05:31:52","slug":"washable-uhf-rfid-laundry-tag","status":"publish","type":"product","link":"https:\/\/rfid-laundry-tag.com\/sl\/washable-uhf-rfid-laundry-tag\/","title":{"rendered":"Pralna oznaka za perilo UHF RFID"},"content":{"rendered":"<h2>Pralni <strong>UHF<\/strong> RFID oznaka za perilo<\/h2>\n<p>Oznaka za perilo RFID, izdelana iz tekstilnega materiala z dimenzijami 70*15 mm in opremljena s \u010dipom NXP U CODE 9, je poenostavljeno orodje, zasnovano za u\u010dinkovito sledenje in upravljanje tekstila, kot so posteljnina, uniforme, brisa\u010de in drugo.<\/p>\n<div class=\"auto-hide-last-sibling-br paragraph_1252f paragraph-element\">Klju\u010dne zna\u010dilnosti:<\/div>\n<ol class=\"auto-hide-last-sibling-br\">\n<li>\n<div class=\"auto-hide-last-sibling-br paragraph_1252f paragraph-element\"><strong>Material in velikost<\/strong>: Ta oznaka RFID je narejena iz tekstilu prijaznega materiala in meri 70 mm x 15 mm, kar je idealna velikost za diskretno ozna\u010devanje razli\u010dnih vrst tkanin, ne da bi to vplivalo na njihove estetske ali otipne lastnosti.<\/div>\n<\/li>\n<li>\n<div class=\"auto-hide-last-sibling-br paragraph_1252f paragraph-element\"><strong>RFID \u010dip<\/strong>: Vgrajeni \u010dip NXP U CODE 9 zagotavlja visoko zmogljivost in zanesljivo delovanje. Ta mikro\u010dip omogo\u010da prenos podatkov na velike razdalje in ima obse\u017eno pomnilni\u0161ko zmogljivost za shranjevanje informacij o artiklih.<\/div>\n<\/li>\n<li>\n<div class=\"auto-hide-last-sibling-br paragraph_1252f paragraph-element\"><strong>Vzdr\u017eljivost<\/strong>: Kljub mehki in pro\u017eni tekstilni konstrukciji je ta oznaka za perilo RFID zasnovana tako, da prenese zahtevne postopke pranja, likanja in stiskanja. Lahko prenese vodo, vro\u010dino in pritisk ter ohranja svojo celovitost in delovanje kljub ponavljajo\u010dim se industrijskim ciklom pranja perila.<\/div>\n<\/li>\n<li>\n<div class=\"auto-hide-last-sibling-br paragraph_1252f paragraph-element\"><strong>U\u010dinkovitost<\/strong>: Tehnologija \u010dipa NXP U CODE 9 omogo\u010da hitro in natan\u010dno skeniranje oznake tudi v scenarijih mno\u017ei\u010dnega branja. Posledica tega je hitra obdelava, skraj\u0161anje \u010dasa delovanja in izbolj\u0161anje produktivnosti pri upravljanju tekstila.<\/div>\n<\/li>\n<li>\n<div class=\"auto-hide-last-sibling-br paragraph_1252f paragraph-element\"><strong>Aplikacija<\/strong>: Te oznake RFID so predvsem v\u0161ite ali toplotno zavarjene v tekstil, preden se dajo v uporabo. Ko je pritrjen, je mogo\u010de z lahkoto omogo\u010diti avtomatizirano upravljanje zalog, nadzor procesov in prepre\u010devanje izgub zaradi zmo\u017enosti brez\u017ei\u010dnega sledenja, ki jo zagotavljajo te oznake.<\/div>\n<\/li>\n<\/ol>\n<h3 class=\"wp-block-heading\">Namestitev<\/h3>\n<p><strong>Ozna\u010devanje \u0161ivov<\/strong>: Za v\u0161ivanje v rob tekstila. Etiketo za perilo pri\u0161ijte stran od pregibnih linij.<br \/>\n<strong>Toplotno tesnjenje<\/strong>: Za toplotno tesnjenje neposredno na tekstil pri +200\u00b0C (392\u00b0F), za 12~14s.<br \/>\n<strong>V vre\u010dki<\/strong>: za \u0161ivanje kot standardna etiketa za nego. Etiketo za perilo pri\u0161ijte stran od pregibnih linij.<\/p>\n<figure id=\"attachment_42\" aria-describedby=\"caption-attachment-42\" style=\"width: 718px\" class=\"wp-caption alignnone\"><img fetchpriority=\"high\" decoding=\"async\" class=\"wp-image-42\" src=\"https:\/\/rfid-laundry-tag.com\/wp-content\/uploads\/2024\/06\/srchttp___cbu01.alicdn.com_img_ibank_2019_649_165_12443561946_2073715636.jpgreferhttp___cbu01.alicdn-300x160.webp\" alt=\"Washable UHF RFID Laundry Tag\" width=\"718\" height=\"383\" srcset=\"https:\/\/rfid-laundry-tag.com\/wp-content\/uploads\/2024\/06\/srchttp___cbu01.alicdn.com_img_ibank_2019_649_165_12443561946_2073715636.jpgreferhttp___cbu01.alicdn-300x160.webp 300w, https:\/\/rfid-laundry-tag.com\/wp-content\/uploads\/2024\/06\/srchttp___cbu01.alicdn.com_img_ibank_2019_649_165_12443561946_2073715636.jpgreferhttp___cbu01.alicdn-600x320.webp 600w, https:\/\/rfid-laundry-tag.com\/wp-content\/uploads\/2024\/06\/srchttp___cbu01.alicdn.com_img_ibank_2019_649_165_12443561946_2073715636.jpgreferhttp___cbu01.alicdn-18x10.webp 18w, https:\/\/rfid-laundry-tag.com\/wp-content\/uploads\/2024\/06\/srchttp___cbu01.alicdn.com_img_ibank_2019_649_165_12443561946_2073715636.jpgreferhttp___cbu01.alicdn.webp 750w\" sizes=\"(max-width: 718px) 100vw, 718px\" \/><figcaption id=\"caption-attachment-42\" class=\"wp-caption-text\">Pralna oznaka za perilo UHF RFID<\/figcaption><\/figure>\n<div class=\"auto-hide-last-sibling-br paragraph_1252f paragraph-element\"><strong>RFID oznake za perilo<\/strong> so sestavni del \u0161tevilnih industrij, saj zagotavljajo u\u010dinkovito sledenje sredstev, upravljanje zalog in izbolj\u0161ajo splo\u0161no operativno produktivnost. Tukaj je nekaj njegovih aplikacij v razli\u010dnih sektorjih:<\/div>\n<ol class=\"auto-hide-last-sibling-br\">\n<li>\n<div class=\"auto-hide-last-sibling-br paragraph_1252f paragraph-element\"><strong>Zdravstveno varstvo<\/strong>: Bolni\u0161nice in druge zdravstvene ustanove uporabljajo oznake za perilo RFID za upravljanje ogromnih zalog posteljnine, brisa\u010d, pilingov, uniform in kirur\u0161kega perila. To pomaga zmanj\u0161ati izgubo, upravljati cikle pranja perila in zagotoviti, da je \u010disto in sve\u017ee perilo vedno na voljo, kot je potrebno.<\/div>\n<\/li>\n<li>\n<div class=\"auto-hide-last-sibling-br paragraph_1252f paragraph-element\"><strong>Hoteli<\/strong>: Upravljanje s posteljnino je velika naloga v hotelski industriji, kjer je v obtoku na tiso\u010de predmetov, od posteljnine do brisa\u010d do zaves in halj. Oznake za perilo RFID poenostavljajo sledenje, zagotavljajo pravo\u010dasno \u010di\u0161\u010denje in zamenjavo ter pomagajo pri odkrivanju in prepre\u010devanju kraje.<\/div>\n<\/li>\n<li>\n<div class=\"auto-hide-last-sibling-br paragraph_1252f paragraph-element\"><strong>Restavracije<\/strong>: V gostinski industriji lahko oznake RFID spremljajo uporabo in \u010di\u0161\u010denje uniform, prtov, prti\u010dkov in kuharskih predpasnikov. To lahko izbolj\u0161a standarde \u010disto\u010de in pomaga pri ohranjanju uglajenega, profesionalnega videza.<\/div>\n<\/li>\n<li>\n<div class=\"auto-hide-last-sibling-br paragraph_1252f paragraph-element\"><strong>Industrija modnih obla\u010dil<\/strong>: Oznake RFID igrajo veliko vlogo pri sledenju predmetov v celotni dobavni verigi, od proizvodnje do maloprodaje. Lahko zagotovijo dragocene informacije, kot so izvor, zgodovina potovanj in celo podrobnosti o tkanini in navodilih za nego.<\/div>\n<\/li>\n<li>\n<div class=\"auto-hide-last-sibling-br paragraph_1252f paragraph-element\"><strong>Delovna obla\u010dila\/Ognjeodporna obla\u010dila<\/strong>: Podjetja lahko uporabljajo oznake RFID za sledenje in upravljanje posebnih obla\u010dil. To lahko vklju\u010duje zagotavljanje, da se ognjevarna ali druga za\u0161\u010ditna obla\u010dila redno pregledujejo, pravilno \u010distijo in po potrebi zamenjajo.<\/div>\n<\/li>\n<li>\n<div class=\"auto-hide-last-sibling-br paragraph_1252f paragraph-element\"><strong>Obutev in maske<\/strong>: Sledenje uporabi, \u010di\u0161\u010denju in vzdr\u017eevanju predmetov, kot so maske in za\u0161\u010ditni \u010devlji, je \u0161e posebej pomembno v panogah, kot sta zdravstvo in gradbeni\u0161tvo, kjer je varnost klju\u010dnega pomena, z uporabo oznak RFID.<\/div>\n<\/li>\n<li>\n<div class=\"auto-hide-last-sibling-br paragraph_1252f paragraph-element\"><strong>Podloge in krpe<\/strong>: Za podjetja, ki nudijo storitve \u010di\u0161\u010denja ali upravljajo velike objekte, lahko oznake RFID na podlogah in krpah pomagajo pri sledenju uporabe in vzdr\u017eevanja, kar zagotavlja \u010dista in u\u010dinkovita orodja v vsakem trenutku.<\/div>\n<\/li>\n<\/ol>","protected":false},"excerpt":{"rendered":"<h3 class=\"wp-block-heading\">Pralna oznaka za perilo UHF RFID<\/h3>\n<p>1, prilagodljiv, tanek, gladek in robusten.<br \/>\n2, dolg obseg branja in zmogljivost branja v velikem obsegu.<br \/>\n3, Garantirano za 200 pralnih ciklov, ki delujejo skozi sterilizacijo, odstranjevanje vode, segrevanje likalnika pod tlakom 60 barov, ogrevanje na 200 \u00b0C.<br \/>\n4, primeren za \u0161ivanje, toplotno tesnjenje, vstavljanje v vre\u010dke ali obe\u0161anje.<br \/>\n5, Storitev na zahtevo: laserski logotip z EPC kodiranjem v RFID \u010dipu.<\/p>","protected":false},"featured_media":41,"template":"","meta":{"_kad_post_transparent":"default","_kad_post_title":"","_kad_post_layout":"default","_kad_post_sidebar_id":"","_kad_post_content_style":"default","_kad_post_vertical_padding":"default","_kad_post_feature":"","_kad_post_feature_position":"","_kad_post_header":false,"_kad_post_footer":false,"_kad_post_classname":""},"product_brand":[],"product_cat":[19,16],"product_tag":[25,23,26],"class_list":{"0":"post-40","1":"product","2":"type-product","3":"status-publish","4":"has-post-thumbnail","6":"product_cat-textile-rfid-laundry-tag","7":"product_cat-uhf-rfid-laundry-tags","8":"product_tag-rfid-laundrytags","9":"product_tag-rfid-linen-tags","10":"product_tag-washable-uhf-rfid-laundry-tag","12":"first","13":"instock","14":"shipping-taxable","15":"product-type-simple","16":"entry","17":"content-bg","18":"loop-entry"},"_links":{"self":[{"href":"https:\/\/rfid-laundry-tag.com\/sl\/wp-json\/wp\/v2\/product\/40","targetHints":{"allow":["GET"]}}],"collection":[{"href":"https:\/\/rfid-laundry-tag.com\/sl\/wp-json\/wp\/v2\/product"}],"about":[{"href":"https:\/\/rfid-laundry-tag.com\/sl\/wp-json\/wp\/v2\/types\/product"}],"version-history":[{"count":1,"href":"https:\/\/rfid-laundry-tag.com\/sl\/wp-json\/wp\/v2\/product\/40\/revisions"}],"predecessor-version":[{"id":1957,"href":"https:\/\/rfid-laundry-tag.com\/sl\/wp-json\/wp\/v2\/product\/40\/revisions\/1957"}],"wp:featuredmedia":[{"embeddable":true,"href":"https:\/\/rfid-laundry-tag.com\/sl\/wp-json\/wp\/v2\/media\/41"}],"wp:attachment":[{"href":"https:\/\/rfid-laundry-tag.com\/sl\/wp-json\/wp\/v2\/media?parent=40"}],"wp:term":[{"taxonomy":"product_brand","embeddable":true,"href":"https:\/\/rfid-laundry-tag.com\/sl\/wp-json\/wp\/v2\/product_brand?post=40"},{"taxonomy":"product_cat","embeddable":true,"href":"https:\/\/rfid-laundry-tag.com\/sl\/wp-json\/wp\/v2\/product_cat?post=40"},{"taxonomy":"product_tag","embeddable":true,"href":"https:\/\/rfid-laundry-tag.com\/sl\/wp-json\/wp\/v2\/product_tag?post=40"}],"curies":[{"name":"delovni list","href":"https:\/\/api.w.org\/{rel}","templated":true}]}}