{"id":37,"date":"2024-06-03T15:44:26","date_gmt":"2024-06-03T15:44:26","guid":{"rendered":"https:\/\/rfid-laundry-tag.com\/?post_type=product&#038;p=37"},"modified":"2024-09-27T17:21:11","modified_gmt":"2024-09-27T17:21:11","slug":"laundry-rfid-linen-tags","status":"publish","type":"product","link":"https:\/\/rfid-laundry-tag.com\/sl\/laundry-rfid-linen-tags\/","title":{"rendered":"Oznake perila RFID za perilo"},"content":{"rendered":"<h2>Oznake perila RFID za perilo<\/h2>\n<p>Oznaka za perilo RFID, izdelana iz tekstilnega materiala z dimenzijami 70*15 mm in opremljena s \u010dipom NXP U CODE 9, je poenostavljeno orodje, zasnovano za u\u010dinkovito sledenje in upravljanje tekstila, kot so posteljnina, uniforme, brisa\u010de in drugo.<\/p>\n<div class=\"auto-hide-last-sibling-br paragraph_1252f paragraph-element\">Klju\u010dne zna\u010dilnosti:<\/div>\n<ol class=\"auto-hide-last-sibling-br\">\n<li>\n<div class=\"auto-hide-last-sibling-br paragraph_1252f paragraph-element\"><strong>Material in velikost<\/strong>: Ta oznaka RFID je narejena iz tekstilu prijaznega materiala in meri 70 mm x 15 mm, kar je idealna velikost za diskretno ozna\u010devanje razli\u010dnih vrst tkanin, ne da bi to vplivalo na njihove estetske ali otipne lastnosti.<\/div>\n<\/li>\n<li>\n<div class=\"auto-hide-last-sibling-br paragraph_1252f paragraph-element\"><strong>RFID \u010dip<\/strong>: Vgrajeni \u010dip NXP U CODE 9 zagotavlja visoko zmogljivost in zanesljivo delovanje. Ta mikro\u010dip omogo\u010da prenos podatkov na velike razdalje in ima obse\u017eno pomnilni\u0161ko zmogljivost za shranjevanje informacij o artiklih.<\/div>\n<\/li>\n<li>\n<div class=\"auto-hide-last-sibling-br paragraph_1252f paragraph-element\"><strong>Vzdr\u017eljivost<\/strong>: Kljub mehki in pro\u017eni tekstilni konstrukciji je ta oznaka za perilo RFID zasnovana tako, da prenese zahtevne postopke pranja, likanja in stiskanja. Lahko prenese vodo, vro\u010dino in pritisk ter ohranja svojo celovitost in delovanje kljub ponavljajo\u010dim se industrijskim ciklom pranja perila.<\/div>\n<\/li>\n<li>\n<div class=\"auto-hide-last-sibling-br paragraph_1252f paragraph-element\"><strong>U\u010dinkovitost<\/strong>: Tehnologija \u010dipa NXP U CODE 9 omogo\u010da hitro in natan\u010dno skeniranje oznake tudi v scenarijih mno\u017ei\u010dnega branja. Posledica tega je hitra obdelava, skraj\u0161anje \u010dasa delovanja in izbolj\u0161anje produktivnosti pri upravljanju tekstila.<\/div>\n<\/li>\n<li>\n<div class=\"auto-hide-last-sibling-br paragraph_1252f paragraph-element\"><strong>Aplikacija<\/strong>: Te oznake RFID so predvsem v\u0161ite ali toplotno zavarjene v tekstil, preden se dajo v uporabo. Ko je pritrjen, je mogo\u010de z lahkoto omogo\u010diti avtomatizirano upravljanje zalog, nadzor procesov in prepre\u010devanje izgub zaradi zmo\u017enosti brez\u017ei\u010dnega sledenja, ki jo zagotavljajo te oznake.<\/div>\n<\/li>\n<\/ol>\n<div class=\"auto-hide-last-sibling-br paragraph_1252f paragraph-element\">Zakaj ima sledljivost klju\u010dno vlogo v tekstilni industriji. Tukaj je povzetek klju\u010dnih to\u010dk, ki jih je treba poudariti:<\/div>\n<div><\/div>\n<ol class=\"auto-hide-last-sibling-br\">\n<li>\n<div class=\"auto-hide-last-sibling-br paragraph_1252f paragraph-element\">Nadzor kakovosti: S tem, ko proizvajalcem omogo\u010da nadzor nad kakovostjo svojih tekstilij na vsaki ravni proizvodnje, sledljivost omogo\u010da zgodnje odkrivanje in odpravljanje te\u017eav s kakovostjo.<\/div>\n<\/li>\n<li>\n<div class=\"auto-hide-last-sibling-br paragraph_1252f paragraph-element\">Varnost izdelkov: Sledljivost zagotavlja varnost tekstila, saj omogo\u010da proizvajalcem, da hitro odkrijejo in potegnejo izdelke s polic v primeru \u0161kodljivih kemikalij ali napak.<\/div>\n<\/li>\n<li>\n<div class=\"auto-hide-last-sibling-br paragraph_1252f paragraph-element\">Skladnost s predpisi: Spo\u0161tovanje strogih predpisov v zvezi s tekstilom je mogo\u010de zagotoviti s sledljivostjo, kar pomaga proizvajalcem, da se izognejo pravnim spopadom in o\u010drnitvi svojega ugleda.<\/div>\n<\/li>\n<li>\n<div class=\"auto-hide-last-sibling-br paragraph_1252f paragraph-element\">Preglednost dobavne verige: Potro\u0161niki danes zahtevajo preglednost glede izvora njihovih izdelkov, proizvodnega procesa in ali so bile upo\u0161tevane eti\u010dne in trajnostne prakse. Sledljivost zadosti to\u010dno temu povpra\u0161evanju.<\/div>\n<\/li>\n<li>\n<div class=\"auto-hide-last-sibling-br paragraph_1252f paragraph-element\">Trajnost in okolju prijaznost: Tekstilna industrija se soo\u010da z velikim pritiskom, da postane bolj trajnostna in omeji okoljsko \u0161kodo. Sledljivost pomaga proizvajalcem slediti poreklu materialov in oceniti vpliv njihovih proizvodnih procesov na okolje. To lahko pomaga pri zmanj\u0161evanju odpadkov in vklju\u010devanju bolj zelenih praks.<\/div>\n<\/li>\n<li>\n<div class=\"auto-hide-last-sibling-br paragraph_1252f paragraph-element\">Prepre\u010devanje ponarejanja: sledljivost je pomembna pri potrjevanju pristnosti izdelkov, s \u010dimer prepre\u010duje ponarejanje in varuje ugled blagovne znamke.<\/div>\n<\/li>\n<li>\n<div class=\"auto-hide-last-sibling-br paragraph_1252f paragraph-element\">U\u010dinkovito upravljanje odpoklica: sledljivost omogo\u010da proizvajalcem, da hitro prepoznajo prizadete izdelke in potro\u0161nike v primeru odpoklica izdelkov zaradi skrbi glede varnosti ali kakovosti. To omejuje obseg in vpliv odpoklica izdelkov.<\/div>\n<\/li>\n<li>\n<div class=\"auto-hide-last-sibling-br paragraph_1252f paragraph-element\">Zmanj\u0161anje stro\u0161kov: Sistemi sledljivosti pomagajo prepoznati neu\u010dinkovitosti v proizvodnem procesu, kar vodi do zni\u017eanja stro\u0161kov. Proizvajalcem omogo\u010da sledenje materialom in procesom, optimizacijo delovanja in zmanj\u0161anje odpadkov.<\/div>\n<\/li>\n<li>\n<div class=\"auto-hide-last-sibling-br paragraph_1252f paragraph-element\">Ugled blagovne znamke: sledljivost in preglednost spodbujata zaupanje potro\u0161nikov, kar lahko znatno izbolj\u0161a podobo blagovne znamke.<\/div>\n<\/li>\n<li>\n<div class=\"auto-hide-last-sibling-br paragraph_1252f paragraph-element\">Obvladovanje tveganja: sledljivost olaj\u0161a vnaprej\u0161nje obvladovanje tveganj, povezanih z motnjami v dobavni verigi, te\u017eavami s kakovostjo ali odpoklici izdelkov, kar zmanj\u0161a morebitno finan\u010dno \u0161kodo in \u0161kodo za ugled v primeru krize.<\/div>\n<\/li>\n<\/ol>\n<div class=\"auto-hide-last-sibling-br paragraph_1252f paragraph-element\">O\u010ditno ima sledljivost v tekstilni industriji izjemne prednosti. Ne le pove\u010duje operativno u\u010dinkovitost, ampak tudi izpolnjuje pri\u010dakovanja potro\u0161nikov glede varnosti, kakovosti in eti\u010dne nabave.<\/div>","protected":false},"excerpt":{"rendered":"<p>Vzdr\u017eljive lanene oznake RFID: prilagodljive, robustne, z velikim dosegom branja. Garancija na 200 pranj, primerna za \u0161ivanje, toplotno varjenje ali obe\u0161anje. Idealno za pranje perila.<\/p>","protected":false},"featured_media":39,"template":"","meta":{"_kad_post_transparent":"default","_kad_post_title":"","_kad_post_layout":"default","_kad_post_sidebar_id":"","_kad_post_content_style":"default","_kad_post_vertical_padding":"default","_kad_post_feature":"","_kad_post_feature_position":"","_kad_post_header":false,"_kad_post_footer":false,"_kad_post_classname":""},"product_brand":[],"product_cat":[19,16],"product_tag":[22,24,25,23],"class_list":{"0":"post-37","1":"product","2":"type-product","3":"status-publish","4":"has-post-thumbnail","6":"product_cat-textile-rfid-laundry-tag","7":"product_cat-uhf-rfid-laundry-tags","8":"product_tag-laundry-rfid-linen-tags","9":"product_tag-laundry-rfid-tags","10":"product_tag-rfid-laundrytags","11":"product_tag-rfid-linen-tags","13":"first","14":"instock","15":"shipping-taxable","16":"product-type-simple","17":"entry","18":"content-bg","19":"loop-entry"},"_links":{"self":[{"href":"https:\/\/rfid-laundry-tag.com\/sl\/wp-json\/wp\/v2\/product\/37","targetHints":{"allow":["GET"]}}],"collection":[{"href":"https:\/\/rfid-laundry-tag.com\/sl\/wp-json\/wp\/v2\/product"}],"about":[{"href":"https:\/\/rfid-laundry-tag.com\/sl\/wp-json\/wp\/v2\/types\/product"}],"version-history":[{"count":3,"href":"https:\/\/rfid-laundry-tag.com\/sl\/wp-json\/wp\/v2\/product\/37\/revisions"}],"predecessor-version":[{"id":2713,"href":"https:\/\/rfid-laundry-tag.com\/sl\/wp-json\/wp\/v2\/product\/37\/revisions\/2713"}],"wp:featuredmedia":[{"embeddable":true,"href":"https:\/\/rfid-laundry-tag.com\/sl\/wp-json\/wp\/v2\/media\/39"}],"wp:attachment":[{"href":"https:\/\/rfid-laundry-tag.com\/sl\/wp-json\/wp\/v2\/media?parent=37"}],"wp:term":[{"taxonomy":"product_brand","embeddable":true,"href":"https:\/\/rfid-laundry-tag.com\/sl\/wp-json\/wp\/v2\/product_brand?post=37"},{"taxonomy":"product_cat","embeddable":true,"href":"https:\/\/rfid-laundry-tag.com\/sl\/wp-json\/wp\/v2\/product_cat?post=37"},{"taxonomy":"product_tag","embeddable":true,"href":"https:\/\/rfid-laundry-tag.com\/sl\/wp-json\/wp\/v2\/product_tag?post=37"}],"curies":[{"name":"delovni list","href":"https:\/\/api.w.org\/{rel}","templated":true}]}}