{"id":356,"date":"2024-06-28T11:08:54","date_gmt":"2024-06-28T11:08:54","guid":{"rendered":"https:\/\/rfid-laundry-tag.com\/?post_type=product&#038;p=356"},"modified":"2024-08-14T15:55:26","modified_gmt":"2024-08-14T15:55:26","slug":"rfid-windshield-sticker-for-vehicle-tracking","status":"publish","type":"product","link":"https:\/\/rfid-laundry-tag.com\/sl\/rfid-windshield-sticker-for-vehicle-tracking\/","title":{"rendered":"RFID nalepka za vetrobransko steklo za sledenje vozil"},"content":{"rendered":"<h2>RFID nalepka za vetrobransko steklo za sledenje vozil<\/h2>\n<div class=\"J_module\">\n<div class=\"ife-detail-decorate-table\">\n<table class=\"all magic-10\">\n<tbody>\n<tr>\n<td colspan=\"1\" rowspan=\"1\">\n<div class=\"magic-11\">\u010dip<\/div>\n<\/td>\n<td colspan=\"1\" rowspan=\"1\">\n<div class=\"magic-12\">Alien H9, H10, U9 itd<\/div>\n<\/td>\n<\/tr>\n<tr>\n<td colspan=\"1\" rowspan=\"1\">\n<div class=\"magic-11\">Pogostost<\/div>\n<\/td>\n<td colspan=\"1\" rowspan=\"1\">\n<div class=\"magic-12\">860 ~ 960 MHz<\/div>\n<\/td>\n<\/tr>\n<tr>\n<td colspan=\"1\" rowspan=\"1\">\n<div class=\"magic-11\">Material<\/div>\n<\/td>\n<td colspan=\"1\" rowspan=\"1\">\n<div class=\"magic-12\">Premazan papir\/PET\/Sinteti\u010dni papir\/Termo papir\/prilagajanje<\/div>\n<\/td>\n<\/tr>\n<tr>\n<td colspan=\"1\" rowspan=\"1\">\n<div class=\"magic-11\">Delovni na\u010din<\/div>\n<\/td>\n<td colspan=\"1\" rowspan=\"1\">\n<div class=\"magic-12\">Pasivno<\/div>\n<\/td>\n<\/tr>\n<tr>\n<td colspan=\"1\" rowspan=\"1\">\n<div class=\"magic-11\">IC \u017divljenje<\/div>\n<\/td>\n<td colspan=\"1\" rowspan=\"1\">\n<div class=\"magic-12\">100.000 programskih ciklov, 10 let hrambe podatkov<\/div>\n<\/td>\n<\/tr>\n<tr>\n<td colspan=\"1\" rowspan=\"1\">\n<div class=\"magic-11\">Delovna temperatura\/vla\u017enost<\/div>\n<\/td>\n<td colspan=\"1\" rowspan=\"1\">\n<div class=\"magic-12\">-25~50\u2103\/20%~80% RH<\/div>\n<\/td>\n<\/tr>\n<tr>\n<td colspan=\"1\" rowspan=\"1\">\n<div class=\"magic-11\">Temperatura\/vla\u017enost skladi\u0161\u010denja<\/div>\n<\/td>\n<td colspan=\"1\" rowspan=\"1\">\n<div class=\"magic-12\">+23\u00b0C\u00b15\u00b0C\/ 50%\u00b110% RH (brez kondenzacije).<\/div>\n<\/td>\n<\/tr>\n<tr>\n<td colspan=\"1\" rowspan=\"1\">\n<div class=\"magic-11\">Antena<\/div>\n<\/td>\n<td colspan=\"1\" rowspan=\"1\">\n<div class=\"magic-12\">Jedkanje aluminija, 94,8*8,1 mm<\/div>\n<\/td>\n<\/tr>\n<tr>\n<td colspan=\"1\" rowspan=\"1\">\n<div class=\"magic-11\">Mokri vlo\u017eek\/velikost etikete<\/div>\n<\/td>\n<td colspan=\"1\" rowspan=\"1\">\n<div class=\"magic-12\">98 * 15 mm ali prilagoditev<\/div>\n<\/td>\n<\/tr>\n<tr>\n<td colspan=\"1\" rowspan=\"1\">\n<div class=\"magic-11\">Tiskanje<\/div>\n<\/td>\n<td colspan=\"1\" rowspan=\"1\">\n<div class=\"magic-12\">Barvno tiskanje, logotip, \u010drtna koda, QR koda itd<\/div>\n<\/td>\n<\/tr>\n<tr>\n<td colspan=\"1\" rowspan=\"1\">\n<div class=\"magic-11\">Vzorec<\/div>\n<\/td>\n<td colspan=\"1\" rowspan=\"1\">\n<div class=\"magic-12\">Vzorec je brezpla\u010den za va\u0161 preizkus kakovosti<\/div>\n<\/td>\n<\/tr>\n<tr>\n<td colspan=\"1\" rowspan=\"1\">\n<div class=\"magic-11\">Protokol<\/div>\n<\/td>\n<td colspan=\"1\" rowspan=\"1\">\n<div class=\"magic-12\">ISO\/IEC 18000-6C EPC Class1 Gen2<\/div>\n<\/td>\n<\/tr>\n<tr>\n<td colspan=\"1\" rowspan=\"1\">\n<div class=\"magic-11\">Pakiranje<\/div>\n<\/td>\n<td colspan=\"1\" rowspan=\"1\">\n<div class=\"magic-12\">1000-5000 kosov\/zvitek, 4 zvitki\/karton<\/div>\n<\/td>\n<\/tr>\n<tr>\n<td colspan=\"1\" rowspan=\"1\">\n<div class=\"magic-11\">Kraj izvora<\/div>\n<\/td>\n<td colspan=\"1\" rowspan=\"1\">\n<div class=\"magic-12\">Chengdu, Kitajska<\/div>\n<\/td>\n<\/tr>\n<tr>\n<td colspan=\"1\" rowspan=\"4\">\n<div class=\"magic-11\">Uporaba\/Re\u0161itev<\/div>\n<\/td>\n<td colspan=\"1\" rowspan=\"1\">\n<div class=\"magic-12\">Varen nadzor vstopa\/brezgotovinsko pla\u010dilo \u010clanstvo in programi zvestobe<\/div>\n<\/td>\n<\/tr>\n<tr>\n<td colspan=\"1\" rowspan=\"1\">\n<div class=\"magic-12\" data-spm-anchor-id=\"a2700.details.0.i80.59c943e8HVzkHD\">Dostop do dogodkov in blagovna znamka\/dru\u017ebeni mediji\/prodaja na drobno<\/div>\n<\/td>\n<\/tr>\n<tr>\n<td colspan=\"1\" rowspan=\"1\">\n<div class=\"magic-12\">Okolje\/Igre in igra\u010de Lokacija\/Elektronika\/Sejmi<\/div>\n<\/td>\n<\/tr>\n<tr>\n<td colspan=\"1\" rowspan=\"1\">\n<div class=\"magic-12\">Dogodki\/Zahteva za klic\/Vizitke<\/div>\n<\/td>\n<\/tr>\n<\/tbody>\n<\/table>\n<p>&nbsp;<\/p>\n<\/div>\n<\/div>\n<div class=\"J_module\">\n<div class=\"auto-hide-last-sibling-br paragraph_9dc5f paragraph-element\">\n<p><strong>Uporaba RFID nalepk za vetrobransko steklo vklju\u010duje:<\/strong><\/p>\n<ol>\n<li><strong>Nadzor dostopa do vozil<\/strong>: RFID nalepke za vetrobransko steklo se lahko uporabljajo za avtomatiziran vstop in izstop na parkiri\u0161\u010dih, ograjenih naseljih, cestninskih postajah in drugih obmo\u010djih z nadzorovanim dostopom.<\/li>\n<li><strong>Sledenje vozil<\/strong>: RFID nalepke za vetrobransko steklo se lahko uporabljajo za sledenje in upravljanje vozil v objektu, na primer v agencijah za najem vozil ali parkirnih hi\u0161ah.<\/li>\n<li><strong>Elektronsko cestninjenje<\/strong>: RFID nalepke za vetrobransko steklo se lahko uporabljajo za sisteme elektronskega cestninjenja, kar omogo\u010da vozilom, da gredo skozi cestninske postaje hitro in u\u010dinkovito, ne da bi se bilo treba ustaviti in pla\u010dati z gotovino.<\/li>\n<li><strong>Upravljanje voznega parka<\/strong>: RFID nalepke za vetrobransko steklo se lahko uporabljajo za sledenje in upravljanje voznih parkov, kar podjetjem omogo\u010da spremljanje in optimizacijo njihovega delovanja.<\/li>\n<li><strong>Upravljanje parkiranja<\/strong>: RFID nalepke za vetrobransko steklo se lahko uporabljajo za sledenje in upravljanje parkirnih mest na parkiri\u0161\u010dih ali objektih, kar zagotavlja informacije v realnem \u010dasu o prostih parkirnih mestih.<\/li>\n<li><strong>Identifikacija vozila<\/strong>: RFID nalepke za vetrobransko steklo se lahko uporabljajo za identifikacijo vozila na dogodkih, dirkah ali drugih situacijah, kjer je potrebna hitra in natan\u010dna identifikacija.<\/li>\n<\/ol>\n<p>Na splo\u0161no RFID nalepke za vetrobransko steklo ponujajo priro\u010den in u\u010dinkovit na\u010din za sledenje in upravljanje vozil v razli\u010dnih aplikacijah ter zagotavljajo izbolj\u0161ano varnost, udobje in avtomatizacijo v procesih, povezanih z vozili.<\/p>\n<\/div>\n<div><\/div>\n<div class=\"auto-hide-last-sibling-br paragraph_9dc5f paragraph-element\"><\/div>\n<div><\/div>\n<\/div>\n<div><\/div>\n<div><strong>Zakaj izbrati NAS?<\/strong><\/div>\n<div><\/div>\n<div>Smo vodilni ponudnik tehnologije RFID z ve\u010d kot 11-letnimi izku\u0161njami, ki prina\u0161a napredno u\u010dinkovitost, zanesljivost in natan\u010dnost v globalne dobavne verige strank z vodilnimi izdelki, re\u0161itvami in tehnologijami v industriji. Kot proizvajalec na globalni ravni strankam ponujamo platformo temeljnih tehnologij, vklju\u010dno z nadzorom dostopa, ozna\u010devanjem \u017eivali, komunikacijo bli\u017enjega polja (NFC), razli\u010dnimi bralniki RFID in re\u0161itvami. Na\u0161e re\u0161itve vklju\u010dujejo visoko konfigurabilna aplikacijska ogrodja in elegantne uporabni\u0161ke vmesnike z napredno analitiko, ki omogo\u010dajo poslovno inteligenco od konca do konca in preglednost podatkov v ve\u010d panogah.<\/div>","protected":false},"excerpt":{"rendered":"<p>RFID nalepke za vetrobransko steklo so oznake RFID, ki so zasnovane za pritrditev na vetrobransko steklo vozila za razli\u010dne namene sledenja in identifikacije.<\/p>","protected":false},"featured_media":357,"template":"","meta":{"_kad_post_transparent":"default","_kad_post_title":"","_kad_post_layout":"default","_kad_post_sidebar_id":"","_kad_post_content_style":"default","_kad_post_vertical_padding":"default","_kad_post_feature":"","_kad_post_feature_position":"","_kad_post_header":false,"_kad_post_footer":false,"_kad_post_classname":""},"product_brand":[],"product_cat":[54],"product_tag":[157,98],"class_list":{"0":"post-356","1":"product","2":"type-product","3":"status-publish","4":"has-post-thumbnail","6":"product_cat-hot-selling-rfid-tags","7":"product_tag-rfid-windshield-sticker-for-vehicle-tracking","8":"product_tag-uhf-rfid-label","10":"first","11":"instock","12":"shipping-taxable","13":"product-type-simple","14":"entry","15":"content-bg","16":"loop-entry"},"_links":{"self":[{"href":"https:\/\/rfid-laundry-tag.com\/sl\/wp-json\/wp\/v2\/product\/356","targetHints":{"allow":["GET"]}}],"collection":[{"href":"https:\/\/rfid-laundry-tag.com\/sl\/wp-json\/wp\/v2\/product"}],"about":[{"href":"https:\/\/rfid-laundry-tag.com\/sl\/wp-json\/wp\/v2\/types\/product"}],"version-history":[{"count":1,"href":"https:\/\/rfid-laundry-tag.com\/sl\/wp-json\/wp\/v2\/product\/356\/revisions"}],"predecessor-version":[{"id":1306,"href":"https:\/\/rfid-laundry-tag.com\/sl\/wp-json\/wp\/v2\/product\/356\/revisions\/1306"}],"wp:featuredmedia":[{"embeddable":true,"href":"https:\/\/rfid-laundry-tag.com\/sl\/wp-json\/wp\/v2\/media\/357"}],"wp:attachment":[{"href":"https:\/\/rfid-laundry-tag.com\/sl\/wp-json\/wp\/v2\/media?parent=356"}],"wp:term":[{"taxonomy":"product_brand","embeddable":true,"href":"https:\/\/rfid-laundry-tag.com\/sl\/wp-json\/wp\/v2\/product_brand?post=356"},{"taxonomy":"product_cat","embeddable":true,"href":"https:\/\/rfid-laundry-tag.com\/sl\/wp-json\/wp\/v2\/product_cat?post=356"},{"taxonomy":"product_tag","embeddable":true,"href":"https:\/\/rfid-laundry-tag.com\/sl\/wp-json\/wp\/v2\/product_tag?post=356"}],"curies":[{"name":"delovni list","href":"https:\/\/api.w.org\/{rel}","templated":true}]}}