{"id":352,"date":"2024-06-28T10:26:38","date_gmt":"2024-06-28T10:26:38","guid":{"rendered":"https:\/\/rfid-laundry-tag.com\/?post_type=product&#038;p=352"},"modified":"2024-06-28T10:52:24","modified_gmt":"2024-06-28T10:52:24","slug":"custom-paper-nfc-sticker-ntag213","status":"publish","type":"product","link":"https:\/\/rfid-laundry-tag.com\/sl\/custom-paper-nfc-sticker-ntag213\/","title":{"rendered":"Papirna nalepka NFC po meri Ntag213"},"content":{"rendered":"<div>\n<div><strong>Nalepke NFC z NXP NTAG213<\/strong> \u010dipi so priljubljeni za razli\u010dne aplikacije, kot so tr\u017eenje, nadzor dostopa in avtentikacija izdelkov. Prilagodljive mo\u017enosti za zaklju\u010dek, obliko, velikost in tisk jih naredijo vsestranske za razli\u010dne potrebe.<\/div>\n<\/div>\n<div>\u010cip in antena sta obrnjena navzgor pod povr\u0161insko plastjo belega papirja ali nepremo\u010dljive plastike za dodatno vzdr\u017eljivost in odpornost na kratkotrajno izpostavljenost vodi. Nalepka NFC ima na zadnji strani mo\u017enost izbire lepilne plasti za pritrditev na ravne nekovinske povr\u0161ine.<\/div>\n<div>\n<div><\/div>\n<div><\/div>\n<div class=\"auto-hide-last-sibling-br paragraph_9dc5f paragraph-element\">\u010cip NTAG213 ponuja \u0161tevilne prednosti, kot so:<\/div>\n<ul class=\"auto-hide-last-sibling-br\">\n<li>Brezkontaktni prenos energije in podatkov<\/li>\n<li>Mo\u017enost hitrega branja<\/li>\n<li>Izbolj\u0161ana RF zmogljivost<\/li>\n<li>Varnostne funkcije, vklju\u010dno z za\u0161\u010dito z geslom in funkcijami proti trkom<\/li>\n<li>Popolna skladnost s specifikacijami NFC Forum Tag Type 2<\/li>\n<\/ul>\n<\/div>\n<div>\n<table class=\"all magic-9\">\n<tbody>\n<tr>\n<td colspan=\"1\" rowspan=\"1\">\n<div class=\"magic-10\">Material<\/div>\n<\/td>\n<td colspan=\"1\" rowspan=\"1\">\n<div class=\"magic-11\" data-spm-anchor-id=\"a2700.details.0.i85.504d267eS1Hb6u\">PET, PVC, premazan papir itd.<\/div>\n<\/td>\n<\/tr>\n<tr>\n<td colspan=\"1\" rowspan=\"1\">\n<div class=\"magic-10\">\u010dip<\/div>\n<\/td>\n<td colspan=\"1\" rowspan=\"1\">\n<div class=\"magic-11\">Ntag213\/Ntag215\/Ntag216 itd<\/div>\n<\/td>\n<\/tr>\n<tr>\n<td colspan=\"1\" rowspan=\"1\">\n<div class=\"magic-10\">Pogostost<\/div>\n<\/td>\n<td colspan=\"1\" rowspan=\"1\">\n<div class=\"magic-11\">13,56 MHz<\/div>\n<\/td>\n<\/tr>\n<tr>\n<td colspan=\"1\" rowspan=\"1\">\n<div class=\"magic-10\">Protokol<\/div>\n<\/td>\n<td colspan=\"1\" rowspan=\"1\">\n<div class=\"magic-11\">ISO 14443A<\/div>\n<\/td>\n<\/tr>\n<tr>\n<td colspan=\"1\" rowspan=\"1\">\n<div class=\"magic-10\">Velikost<\/div>\n<\/td>\n<td colspan=\"1\" rowspan=\"1\">\n<div class=\"magic-11\">Premer 25, 30, 35 mm ali velikost po meri<\/div>\n<\/td>\n<\/tr>\n<tr>\n<td colspan=\"1\" rowspan=\"1\">\n<div class=\"magic-10\">Funkcija<\/div>\n<\/td>\n<td colspan=\"1\" rowspan=\"1\">\n<div class=\"magic-11\">Vodoodporna, te\u017eka, tisk prilagojen<\/div>\n<\/td>\n<\/tr>\n<tr>\n<td colspan=\"1\" rowspan=\"1\">\n<div class=\"magic-10\">Vzorec<\/div>\n<\/td>\n<td colspan=\"1\" rowspan=\"1\">\n<div class=\"magic-11\">brezpla\u010dno na voljo<\/div>\n<\/td>\n<\/tr>\n<tr>\n<td colspan=\"1\" rowspan=\"1\">\n<div class=\"magic-10\">Preberi razdaljo<\/div>\n<\/td>\n<td colspan=\"1\" rowspan=\"1\">\n<div class=\"magic-11\" data-spm-anchor-id=\"a2700.details.0.i84.504d267eS1Hb6u\">0-10 cm<\/div>\n<\/td>\n<\/tr>\n<\/tbody>\n<\/table>\n<\/div>\n<div><\/div>\n<div>\n<p>nekaj pogostih vpra\u0161anj o papirnatih nalepkah NFC po meri s tehnologijo Ntag213:<\/p>\n<ol>\n<li>Kaj je nalepka NFC?\n<ul>\n<li>Nalepka NFC je majhna samolepilna oznaka, ki vsebuje \u010dip NFC (Near Field Communication), kot je NXP NTAG213, vdelan v njej. Te nalepke lahko skenirajo naprave, ki podpirajo NFC, da spro\u017eijo razli\u010dna dejanja ali posredujejo informacije.<\/li>\n<\/ul>\n<\/li>\n<li>Kako se lahko uporabijo prilagojene papirnate nalepke NFC?\n<ul>\n<li>Papirnate nalepke NFC po meri se lahko uporabljajo za razli\u010dne namene, vklju\u010dno z upravljanjem sledenja, nadzorom dostopa v objektih, kot so tovarne, skladi\u0161\u010da, hoteli, bolni\u0161nice in zabavi\u0161\u010dni parki, maloprodajne aplikacije, ogla\u0161evanje, preverjanje pristnosti izdelkov in e-vozovnice.<\/li>\n<\/ul>\n<\/li>\n<li>Katere mo\u017enosti prilagajanja so na voljo za papirnate nalepke NFC?\n<ul>\n<li>Papirne nalepke NFC po meri je mogo\u010de natisniti v sijajni ali mat barvi v razli\u010dnih oblikah in velikostih. Vklju\u010dujejo lahko logotipe, \u010drke, \u0161tevilke in \u010drtne kode v CMYK in \u010drni barvi. Poleg tega lepilna plast na zadnji strani omogo\u010da enostavno pritrditev na ravne nekovinske povr\u0161ine.<\/li>\n<\/ul>\n<\/li>\n<li>Ali so papirnate nalepke NFC vzdr\u017eljive?\n<ul>\n<li>Papirnate nalepke NFC s \u010dipi Ntag213 so zasnovane z za\u0161\u010ditno plastjo, ki pokriva \u010dip NFC in anteno, kar zagotavlja dodatno vzdr\u017eljivost in odpornost na kratkotrajno izpostavljenost vodi. Za ve\u010djo vzdr\u017eljivost so na voljo tudi vodotesne plasti\u010dne mo\u017enosti.<\/li>\n<\/ul>\n<\/li>\n<li>Kak\u0161na je prednost uporabe tehnologije NFC v nalepkah?\n<ul>\n<li>Uporaba tehnologije NFC v nalepkah omogo\u010da priro\u010dno in brezsti\u010dno interakcijo z napravami, ki podpirajo NFC. To omogo\u010da hitro in enostavno izmenjavo informacij, preverjanje pristnosti ali spro\u017eitev dejanj brez potrebe po fizi\u010dnem stiku med napravami.<\/li>\n<\/ul>\n<\/li>\n<\/ol>\n<\/div>\n<div class=\"text-content\">\n<div data-spm-anchor-id=\"a2700.details.0.i46.6f4d7d7dnursE7\"><\/div>\n<\/div>\n<div>\n<div class=\"text-content\">\n<div><\/div>\n<div data-spm-anchor-id=\"a2700.details.0.i48.6f4d7d7dnursE7\"><\/div>\n<\/div>\n<\/div>","protected":false},"excerpt":{"rendered":"<p><strong>Papirna nalepka NFC po meri Ntag213<\/strong> je posebna vrsta IC, skladna z oznako NFC Forum Type 2, ki vsebuje 144 bajtov uporabni\u0161kega pomnilnika. Zasnovan je z mislijo na vsestranskost in je med drugim primeren za razli\u010dne aplikacije v panogah, kot so trgovina na drobno, igre na sre\u010do in potro\u0161ni\u0161ka elektronika.<\/p>","protected":false},"featured_media":353,"template":"","meta":{"_kad_post_transparent":"default","_kad_post_title":"","_kad_post_layout":"default","_kad_post_sidebar_id":"","_kad_post_content_style":"default","_kad_post_vertical_padding":"default","_kad_post_feature":"","_kad_post_feature_position":"","_kad_post_header":false,"_kad_post_footer":false,"_kad_post_classname":""},"product_brand":[],"product_cat":[54],"product_tag":[153,154],"class_list":{"0":"post-352","1":"product","2":"type-product","3":"status-publish","4":"has-post-thumbnail","6":"product_cat-hot-selling-rfid-tags","7":"product_tag-custom-paper-nfc-sticker-ntag213","8":"product_tag-nfc-sticker-ntag213","10":"first","11":"instock","12":"shipping-taxable","13":"product-type-simple","14":"entry","15":"content-bg","16":"loop-entry"},"_links":{"self":[{"href":"https:\/\/rfid-laundry-tag.com\/sl\/wp-json\/wp\/v2\/product\/352","targetHints":{"allow":["GET"]}}],"collection":[{"href":"https:\/\/rfid-laundry-tag.com\/sl\/wp-json\/wp\/v2\/product"}],"about":[{"href":"https:\/\/rfid-laundry-tag.com\/sl\/wp-json\/wp\/v2\/types\/product"}],"version-history":[{"count":0,"href":"https:\/\/rfid-laundry-tag.com\/sl\/wp-json\/wp\/v2\/product\/352\/revisions"}],"wp:featuredmedia":[{"embeddable":true,"href":"https:\/\/rfid-laundry-tag.com\/sl\/wp-json\/wp\/v2\/media\/353"}],"wp:attachment":[{"href":"https:\/\/rfid-laundry-tag.com\/sl\/wp-json\/wp\/v2\/media?parent=352"}],"wp:term":[{"taxonomy":"product_brand","embeddable":true,"href":"https:\/\/rfid-laundry-tag.com\/sl\/wp-json\/wp\/v2\/product_brand?post=352"},{"taxonomy":"product_cat","embeddable":true,"href":"https:\/\/rfid-laundry-tag.com\/sl\/wp-json\/wp\/v2\/product_cat?post=352"},{"taxonomy":"product_tag","embeddable":true,"href":"https:\/\/rfid-laundry-tag.com\/sl\/wp-json\/wp\/v2\/product_tag?post=352"}],"curies":[{"name":"delovni list","href":"https:\/\/api.w.org\/{rel}","templated":true}]}}