{"id":346,"date":"2024-06-28T09:57:16","date_gmt":"2024-06-28T09:57:16","guid":{"rendered":"https:\/\/rfid-laundry-tag.com\/?post_type=product&#038;p=346"},"modified":"2024-08-14T16:42:15","modified_gmt":"2024-08-14T16:42:15","slug":"iso14443a-on-duty-rfid-token","status":"publish","type":"product","link":"https:\/\/rfid-laundry-tag.com\/sl\/iso14443a-on-duty-rfid-token\/","title":{"rendered":"ISO14443A De\u017eurni RFID \u017eeton Mifare 1k \u010dip"},"content":{"rendered":"<h2>ISO14443A \u017eeton RFID na delovnem mestu<\/h2>\n<h4>Robustna oznaka 13,56 MHz za sledenje sredstev<\/h4>\n<p>Ta \u010drna plo\u0161\u010da iz ABS diska je zanesljiva izbira za sledenje premo\u017eenju, saj ponuja robusten dizajn za zahtevna okolja.<\/p>\n<p><strong>Prilagajanje:<\/strong><\/p>\n<ul>\n<li>Nudimo sitotisk po meri z va\u0161imi podatki. Za cene in razpolo\u017eljivost nas kontaktirajte.<\/li>\n<\/ul>\n<p><strong>Zna\u010dilnosti \u010dipa On Duty RFID Token Mifare 1k:<\/strong><\/p>\n<ul>\n<li><strong>Premer:<\/strong> 25 mm, 30 mm, 35 mm<\/li>\n<li><strong>Debelina:<\/strong> 2,3 mm, 2,5 mm, 3 mm, 4,5 mm itd. (+\/- 0,1 mm)<\/li>\n<li><strong>Luknja:<\/strong>\u00a03,3 mm (+\/- 0,1 mm)<\/li>\n<li><strong>Material:<\/strong>\u00a0ABS, ultrazvo\u010dno varjen<\/li>\n<li><strong>Te\u017ea:<\/strong>\u00a02,0 g<\/li>\n<li><strong>Delovna temperatura:<\/strong>\u00a0-25\u00b0C do +70\u00b0C<\/li>\n<li><strong>Ob\u010dutljivost:<\/strong>\u00a027mikroT. RMS pri RT za na\u010din branja pri 125 kHz<\/li>\n<\/ul>\n<p><strong>Zna\u010dilnosti Mifare 1k S50 Classic \/ ISO14443A:<\/strong><\/p>\n<ul>\n<li><strong>Delovna frekvenca:<\/strong>\u00a013,56 MHz<\/li>\n<li><strong>Pomnilnik:<\/strong>\u00a01 KB EEPROM za branje\/pisanje, organiziran kot 16 sektorjev po 4 bloke (16 bajtov vsak)<\/li>\n<li><strong>Obi\u010dajni \u010das transakcije:<\/strong>\u00a0&lt;100 ms<\/li>\n<li><strong>Fiksna serijska \u0161tevilka:<\/strong>\u00a0Edinstven, 4-bajtni<\/li>\n<li><strong>Napi\u0161ite vzdr\u017eljivost:<\/strong>\u00a0Najmanj 100.000 ciklov<\/li>\n<\/ul>","protected":false},"excerpt":{"rendered":"<p>Ta trpe\u017eni \u010drni \u010dip ISO14443A On Duty RFID Token Mifare 1k je del serije pasivnih brezkontaktnih transponderjev, izdelanih za zanesljivo sledenje sredstvi. Skladen je s standardom Mifare 1k S50 Classic \/ ISO14443A in vklju\u010duje edinstveno 4-bajtno identifikacijsko \u0161tevilko.<\/p>","protected":false},"featured_media":347,"template":"","meta":{"_kad_post_transparent":"default","_kad_post_title":"","_kad_post_layout":"default","_kad_post_sidebar_id":"","_kad_post_content_style":"default","_kad_post_vertical_padding":"default","_kad_post_feature":"","_kad_post_feature_position":"","_kad_post_header":false,"_kad_post_footer":false,"_kad_post_classname":""},"product_brand":[],"product_cat":[54],"product_tag":[150,126],"class_list":{"0":"post-346","1":"product","2":"type-product","3":"status-publish","4":"has-post-thumbnail","6":"product_cat-hot-selling-rfid-tags","7":"product_tag-iso14443a-on-duty-rfid-token-mifare-1k-chip","8":"product_tag-rfid-patrol-disc-tag","10":"first","11":"instock","12":"shipping-taxable","13":"product-type-simple","14":"entry","15":"content-bg","16":"loop-entry"},"_links":{"self":[{"href":"https:\/\/rfid-laundry-tag.com\/sl\/wp-json\/wp\/v2\/product\/346","targetHints":{"allow":["GET"]}}],"collection":[{"href":"https:\/\/rfid-laundry-tag.com\/sl\/wp-json\/wp\/v2\/product"}],"about":[{"href":"https:\/\/rfid-laundry-tag.com\/sl\/wp-json\/wp\/v2\/types\/product"}],"version-history":[{"count":1,"href":"https:\/\/rfid-laundry-tag.com\/sl\/wp-json\/wp\/v2\/product\/346\/revisions"}],"predecessor-version":[{"id":1332,"href":"https:\/\/rfid-laundry-tag.com\/sl\/wp-json\/wp\/v2\/product\/346\/revisions\/1332"}],"wp:featuredmedia":[{"embeddable":true,"href":"https:\/\/rfid-laundry-tag.com\/sl\/wp-json\/wp\/v2\/media\/347"}],"wp:attachment":[{"href":"https:\/\/rfid-laundry-tag.com\/sl\/wp-json\/wp\/v2\/media?parent=346"}],"wp:term":[{"taxonomy":"product_brand","embeddable":true,"href":"https:\/\/rfid-laundry-tag.com\/sl\/wp-json\/wp\/v2\/product_brand?post=346"},{"taxonomy":"product_cat","embeddable":true,"href":"https:\/\/rfid-laundry-tag.com\/sl\/wp-json\/wp\/v2\/product_cat?post=346"},{"taxonomy":"product_tag","embeddable":true,"href":"https:\/\/rfid-laundry-tag.com\/sl\/wp-json\/wp\/v2\/product_tag?post=346"}],"curies":[{"name":"delovni list","href":"https:\/\/api.w.org\/{rel}","templated":true}]}}