{"id":344,"date":"2024-06-28T09:45:28","date_gmt":"2024-06-28T09:45:28","guid":{"rendered":"https:\/\/rfid-laundry-tag.com\/?post_type=product&#038;p=344"},"modified":"2024-06-28T09:50:44","modified_gmt":"2024-06-28T09:50:44","slug":"13-56mhz-rfid-1k-token-coin-tag","status":"publish","type":"product","link":"https:\/\/rfid-laundry-tag.com\/sl\/13-56mhz-rfid-1k-token-coin-tag\/","title":{"rendered":"13,56Mhz RFID 1K oznaka za kovance"},"content":{"rendered":"<p><strong>13,56Mhz RFID 1K oznaka za kovance<\/strong><\/p>\n<p style=\"text-align: left;\">Klju\u010dne informacije: odporen na rezine in trpe\u017een.<\/p>\n<p style=\"text-align: left;\">Prilagoditev velikosti in logotipa je sprejemljiva.<\/p>\n<p style=\"text-align: left;\">Tisk: bela barva ali logotip po meri<\/p>\n<p style=\"text-align: left;\">Velikost: Premer 25 mm, 30 mm<\/p>\n<p style=\"text-align: left;\">Mini koli\u010dina: 1000 kosov<\/p>\n<p style=\"text-align: left;\">\u010cipi: RFID 1K itd.<\/p>\n<p style=\"text-align: left;\">Dodatne funkcije: logotip, natisnjena serijska \u0161tevilka, koda QR, \u010drtne kode, spremenljivi podatki in serializacija itd.<\/p>\n<table border=\"1\" cellspacing=\"0\" cellpadding=\"0\">\n<tbody>\n<tr>\n<td colspan=\"2\">\n<p align=\"left\">Specifikacije<\/p>\n<\/td>\n<\/tr>\n<tr>\n<td>\n<p align=\"left\">Vrsta nalepke\/\u010dipa<\/p>\n<\/td>\n<td>\n<p align=\"left\">RFID 1K<\/p>\n<\/td>\n<\/tr>\n<tr>\n<td>\n<p align=\"left\">Delovna frekvenca<\/p>\n<\/td>\n<td>\n<p align=\"left\">13,56 MHz<\/p>\n<\/td>\n<\/tr>\n<tr>\n<td>\n<p align=\"left\">Preizku\u0161en obseg branja<\/p>\n<\/td>\n<td>\n<p align=\"left\">0 \u2013 100 mm, odvisno od mo\u010di, ki jo zagotavlja \u010ditalnik<\/p>\n<\/td>\n<\/tr>\n<tr>\n<td>\n<p align=\"left\">Ve\u010dkratno zaznavanje<\/p>\n<\/td>\n<td>\n<p align=\"left\">ja<\/p>\n<\/td>\n<\/tr>\n<tr>\n<td>\n<p align=\"left\">Velikost<\/p>\n<\/td>\n<td>Dia 25 mm, Dia 30 mm itd<\/td>\n<\/tr>\n<tr>\n<td>\n<p align=\"left\">Material<\/p>\n<\/td>\n<td>\n<p align=\"left\">PVC \/ PET \/ antena itd<\/p>\n<\/td>\n<\/tr>\n<tr>\n<td>\n<p align=\"left\">Protokol:<\/p>\n<\/td>\n<td>\n<p align=\"left\">ISO14443A<\/p>\n<\/td>\n<\/tr>\n<tr>\n<td>\n<p align=\"left\">Okoljska specifikacija<\/p>\n<\/td>\n<td>\n<p align=\"left\">Rok uporabnosti 5 let<\/p>\n<p align=\"left\">Priporo\u010deno: -25C do +50C<\/p>\n<p align=\"left\">Pogoji shranjevanja: 20% do 90%RH<\/p>\n<p align=\"left\">Delovna temperatura: -40C do +65C<\/p>\n<\/td>\n<\/tr>\n<tr>\n<td>\n<p align=\"left\">\u010casi branja\/pisanja:<\/p>\n<\/td>\n<td>\n<p align=\"left\">100000-krat<\/p>\n<\/td>\n<\/tr>\n<tr>\n<td>\n<p align=\"left\">Uporaba:<\/p>\n<\/td>\n<td>\n<p align=\"left\" data-spm-anchor-id=\"a2700.wholesale.0.i54.a0d8206fLph15n\">Javni prevoz, upravljanje dostopa, e-vozovnice, upravljanje logistike in dobave, proizvodnja in monta\u017ea, nalepka na vetrobranskem steklu, sledenje dokumentom, upravljanje pralnice, upravljanje knji\u017enice, identiteta \u017eivali in tako naprej<\/p>\n<\/td>\n<\/tr>\n<\/tbody>\n<\/table>\n<p>&nbsp;<\/p>\n<p>Ta oznaka za kovance RFID NFC z lepilom se zdi robusten in zanesljiv izdelek, zlasti s funkcijami, ki ste jih omenili. Vklju\u010ditev materialov proti kovinam, lepila 3M in ultrazvo\u010dnega varjenja izbolj\u0161a njegovo u\u010dinkovitost na kovinskih povr\u0161inah ter zagotavlja vodoodpornost in zmogljivosti proti udarcem. Uporaba tuljave iz \u010diste bakrene \u017eice za stabilnost frekvence je odli\u010dna izbira, saj omogo\u010da dosledno razdaljo branja kartice tudi v zahtevnih okoljih. Na splo\u0161no bi morala ta tehnologija zagotavljati zanesljivo in dosledno delovanje, zaradi \u010desar je primerna za te\u017eke pogoje.<\/p>\n<p>&nbsp;<\/p>","protected":false},"excerpt":{"rendered":"<p>13,56 Mhz RFID 1K oznaka za kovance je dobra izbira za sledenje premo\u017eenju zaradi svoje majhnosti, enostavne namestitve in vzdr\u017eljivosti. S PVC materialom ali PET materialom je pomnilnik \u010dipa 1K Byte.<\/p>","protected":false},"featured_media":345,"template":"","meta":{"_kad_post_transparent":"default","_kad_post_title":"","_kad_post_layout":"default","_kad_post_sidebar_id":"","_kad_post_content_style":"default","_kad_post_vertical_padding":"default","_kad_post_feature":"","_kad_post_feature_position":"","_kad_post_header":false,"_kad_post_footer":false,"_kad_post_classname":""},"product_brand":[],"product_cat":[54],"product_tag":[149,145],"class_list":{"0":"post-344","1":"product","2":"type-product","3":"status-publish","4":"has-post-thumbnail","6":"product_cat-hot-selling-rfid-tags","7":"product_tag-13-56mhz-rfid-1k-token-coin-tag","8":"product_tag-anti-metal-nfc-tag","10":"first","11":"instock","12":"shipping-taxable","13":"product-type-simple","14":"entry","15":"content-bg","16":"loop-entry"},"_links":{"self":[{"href":"https:\/\/rfid-laundry-tag.com\/sl\/wp-json\/wp\/v2\/product\/344","targetHints":{"allow":["GET"]}}],"collection":[{"href":"https:\/\/rfid-laundry-tag.com\/sl\/wp-json\/wp\/v2\/product"}],"about":[{"href":"https:\/\/rfid-laundry-tag.com\/sl\/wp-json\/wp\/v2\/types\/product"}],"version-history":[{"count":0,"href":"https:\/\/rfid-laundry-tag.com\/sl\/wp-json\/wp\/v2\/product\/344\/revisions"}],"wp:featuredmedia":[{"embeddable":true,"href":"https:\/\/rfid-laundry-tag.com\/sl\/wp-json\/wp\/v2\/media\/345"}],"wp:attachment":[{"href":"https:\/\/rfid-laundry-tag.com\/sl\/wp-json\/wp\/v2\/media?parent=344"}],"wp:term":[{"taxonomy":"product_brand","embeddable":true,"href":"https:\/\/rfid-laundry-tag.com\/sl\/wp-json\/wp\/v2\/product_brand?post=344"},{"taxonomy":"product_cat","embeddable":true,"href":"https:\/\/rfid-laundry-tag.com\/sl\/wp-json\/wp\/v2\/product_cat?post=344"},{"taxonomy":"product_tag","embeddable":true,"href":"https:\/\/rfid-laundry-tag.com\/sl\/wp-json\/wp\/v2\/product_tag?post=344"}],"curies":[{"name":"delovni list","href":"https:\/\/api.w.org\/{rel}","templated":true}]}}