{"id":338,"date":"2024-06-28T08:41:45","date_gmt":"2024-06-28T08:41:45","guid":{"rendered":"https:\/\/rfid-laundry-tag.com\/?post_type=product&#038;p=338"},"modified":"2024-07-16T16:20:17","modified_gmt":"2024-07-16T16:20:17","slug":"nxp-mifare-1k-rfid-nfc-inlay-sticker","status":"publish","type":"product","link":"https:\/\/rfid-laundry-tag.com\/sl\/nxp-mifare-1k-rfid-nfc-inlay-sticker\/","title":{"rendered":"Nalepka NXP Mifare 1k RFID NFC"},"content":{"rendered":"<table class=\"has-title all magic-13\">\n<tbody>\n<tr>\n<td colspan=\"1\" rowspan=\"1\">\n<div class=\"magic-14\" data-spm-anchor-id=\"a2700.details.0.i37.2ec61361oDo4aX\">Ime izdelka<\/div>\n<\/td>\n<td colspan=\"1\" rowspan=\"1\">\n<div class=\"magic-15\">Nalepka NXP Mifare 1k RFID NFC<\/div>\n<\/td>\n<\/tr>\n<tr>\n<td colspan=\"1\" rowspan=\"1\">\n<div class=\"magic-14\">\u010dip<\/div>\n<\/td>\n<td colspan=\"1\" rowspan=\"1\">\n<div class=\"magic-15\">MIFARE Classic\u00ae 1K<\/div>\n<\/td>\n<\/tr>\n<tr>\n<td colspan=\"1\" rowspan=\"1\">\n<div class=\"magic-14\">Pogostost<\/div>\n<\/td>\n<td colspan=\"1\" rowspan=\"1\">\n<div class=\"magic-15\">13,56 MHz<\/div>\n<\/td>\n<\/tr>\n<tr>\n<td colspan=\"1\" rowspan=\"1\">\n<div class=\"magic-14\">Razdalja branja<\/div>\n<\/td>\n<td colspan=\"1\" rowspan=\"1\">\n<div class=\"magic-15\">1-5 CM<\/div>\n<\/td>\n<\/tr>\n<tr>\n<td colspan=\"1\" rowspan=\"1\">\n<div class=\"magic-14\">Material<\/div>\n<\/td>\n<td colspan=\"1\" rowspan=\"1\">\n<div class=\"magic-15\">Premazan papir<\/div>\n<\/td>\n<\/tr>\n<tr>\n<td colspan=\"1\" rowspan=\"1\">\n<div class=\"magic-14\">Substrat<\/div>\n<\/td>\n<td colspan=\"1\" rowspan=\"1\">\n<div class=\"magic-15\">PET<\/div>\n<\/td>\n<\/tr>\n<tr>\n<td colspan=\"1\" rowspan=\"1\">\n<div class=\"magic-14\">Premer 50 mm Velikost<\/div>\n<\/td>\n<td colspan=\"1\" rowspan=\"1\">\n<div class=\"magic-15\">Premer 25 mm ali prilagoditev<\/div>\n<\/td>\n<\/tr>\n<tr>\n<td colspan=\"1\" rowspan=\"1\">\n<div class=\"magic-14\">Delovni na\u010din<\/div>\n<\/td>\n<td colspan=\"1\" rowspan=\"1\">\n<div class=\"magic-15\">Pasivno<\/div>\n<\/td>\n<\/tr>\n<tr>\n<td colspan=\"1\" rowspan=\"1\">\n<div class=\"magic-14\">Napi\u0161ite cikle<\/div>\n<\/td>\n<td colspan=\"1\" rowspan=\"1\">\n<div class=\"magic-15\">100000<\/div>\n<\/td>\n<\/tr>\n<tr>\n<td colspan=\"1\" rowspan=\"1\">\n<div class=\"magic-14\">Delovna temperatura\/vla\u017enost<\/div>\n<\/td>\n<td colspan=\"1\" rowspan=\"1\">\n<div class=\"magic-15\">-40~70\u2103\/20%~90% RH<\/div>\n<\/td>\n<\/tr>\n<tr>\n<td colspan=\"1\" rowspan=\"1\">\n<div class=\"magic-14\">Temperatura\/vla\u017enost skladi\u0161\u010denja<\/div>\n<\/td>\n<td colspan=\"1\" rowspan=\"1\">\n<div class=\"magic-15\">-20~50\u2103 \/ 20%~90% RH (brez kondenzacije).<\/div>\n<\/td>\n<\/tr>\n<tr>\n<td colspan=\"1\" rowspan=\"1\">\n<div class=\"magic-14\">Razpolo\u017eljivost vzorcev<\/div>\n<\/td>\n<td colspan=\"1\" rowspan=\"1\">\n<div class=\"magic-15\">Brezpla\u010dni vzorci so na voljo na zahtevo<\/div>\n<\/td>\n<\/tr>\n<tr>\n<td colspan=\"1\" rowspan=\"1\">\n<div class=\"magic-14\">Pakiranje<\/div>\n<\/td>\n<td colspan=\"1\" rowspan=\"1\">\n<div class=\"magic-15\">1000-5000 kosov\/zvitek, 4 zvitki\/karton<\/div>\n<\/td>\n<\/tr>\n<tr>\n<td colspan=\"1\" rowspan=\"1\">\n<div class=\"magic-14\">\n<p>Aplikacija<\/p>\n<div><\/div>\n<\/div>\n<\/td>\n<td colspan=\"1\" rowspan=\"1\">\n<div class=\"magic-15\" data-spm-anchor-id=\"a2700.details.0.i47.2ec61361oDo4aX\">Varen nadzor vstopa\/brezgotovinsko pla\u010dilo \u010clanstvo in programi zvestobe Dostop do dogodkov in blagovna znamka\/Dru\u017eabni mediji\/Maloprodaja<br \/>\nOkolje\/Igre in igra\u010de Lokacija\/Elektronika\/Sejmi\/Dogodki\/Zahteva za klic\/Vizitke<\/div>\n<\/td>\n<\/tr>\n<\/tbody>\n<\/table>\n<p>&nbsp;<\/p>\n<p><strong>NXP<sup>\u00ae<\/sup>\u00a0je razvil MIFARE<sup>\u00ae<\/sup>\u00a0MF1ICS50 za uporabo v brezkontaktni pametni kartici v skladu z ISO\/IEC 14443 Type-A.<\/strong><\/p>\n<p>MIFARE MF1ICS50 IC se uporablja v aplikacijah, kot je izdajanje vozovnic za javni prevoz, kjer so ve\u010dja mesta sprejela MIFARE kot svojo izbrano re\u0161itev za e-vozovnice.<\/p>\n<p>Inteligentna funkcija za prepre\u010devanje trkov omogo\u010da isto\u010dasno upravljanje ve\u010d kot ene kartice na polju. Algoritem za prepre\u010devanje trkov izbere vsako kartico posebej in zagotovi, da je izvedba transakcije z izbrano kartico izvedena pravilno brez po\u0161kodb podatkov zaradi drugih kartic na terenu.<\/p>\n<p>MF1ICS50 je zasnovan za preprosto integracijo in udobje za uporabnike. Kar bi lahko omogo\u010dilo obdelavo celotnih transakcij izdajanja vozovnic v manj kot 100 ms. Tako se uporabnik kartice MF1ICS50 ni prisiljen ustaviti pri \u010ditalniku, kar omogo\u010da visoko prepustnost pri izhodih in kraj\u0161i \u010das vkrcanja na avtobuse. Kartica, ki temelji na produktu MIFARE, lahko ostane v denarnici tudi med transakcijo, tudi \u010de so v njej kovanci.<\/p>\n<p>Nekaj pogostih vpra\u0161anj, povezanih z nalepkami z vlo\u017eki NXP Mifare 1k RFID NFC:<\/p>\n<ol>\n<li>Kaj je vlo\u017ena nalepka NXP Mifare 1k RFID NFC?<\/li>\n<\/ol>\n<ul>\n<li>Nalepka z vlo\u017ekom je obi\u010dajno sestavljena iz majhnega RFID\/NFC \u010dipa in antene, ki sta vdelana v tanko lepljivo plast. NXP Mifare 1k se nana\u0161a na specifi\u010dno vrsto \u010dipa, uporabljenega v vlo\u017eku.<\/li>\n<\/ul>\n<ol start=\"2\">\n<li>Kak\u0161ne so zna\u010dilnosti vlo\u017ekov NXP Mifare 1k RFID NFC?<\/li>\n<\/ol>\n<ul>\n<li>\u010cip NXP Mifare 1k se obi\u010dajno uporablja v aplikacijah, kot so nadzor dostopa, prevoz in programi zvestobe. Ponuja 1 kilobajt pomnilnika in podpira ve\u010d na\u010dinov preverjanja pristnosti za varno shranjevanje podatkov.<\/li>\n<\/ul>\n<ol start=\"3\">\n<li>Kako je mogo\u010de programirati nalepke z vlo\u017eki NXP Mifare 1k RFID NFC?<\/li>\n<\/ol>\n<ul>\n<li>Te nalepke z vlo\u017eki je mogo\u010de programirati z napravami, ki podpirajo NFC, kot so pametni telefoni ali namenski \u010ditalci RFID\/NFC. To omogo\u010da prilagajanje podatkov, shranjenih na \u010dipu, kot so edinstveni identifikatorji ali varnostni klju\u010di.<\/li>\n<\/ul>\n<ol start=\"4\">\n<li>Kateri so tipi\u010dni primeri uporabe za NXP Mifare 1k RFID NFC vlo\u017ene nalepke?<\/li>\n<\/ol>\n<ul>\n<li>Te nalepke z vlo\u017eki se obi\u010dajno uporabljajo za brezsti\u010dne pla\u010dilne sisteme, kartice za nadzor dostopa, re\u0161itve za prodajo vstopnic in sledenje inventarju. So vsestranski in jih je mogo\u010de integrirati v razli\u010dne aplikacije, ki zahtevajo tehnologijo RFID\/NFC.<\/li>\n<\/ul>\n<ol start=\"5\">\n<li>Ali so nalepke NXP Mifare 1k RFID NFC varne?<\/li>\n<\/ol>\n<ul>\n<li>\u010cip NXP Mifare 1k ponuja vgrajene varnostne funkcije, kot so \u0161ifriranje in protokoli za preverjanje pristnosti, ki prepre\u010dujejo nepoobla\u0161\u010den dostop do podatkov, shranjenih na \u010dipu. Vendar je pravilna izvedba varnostnih ukrepov pomembna za zagotovitev splo\u0161ne varnosti sistema.<\/li>\n<\/ul>","protected":false},"excerpt":{"rendered":"<p>NFC vlo\u017eek z NFC \u010dipom MIFARE Classic EV1 1K (MF1S503yX). Ti vlo\u017eki so zasnovani tako, da so tanki in poceni, s \u010dipom in anteno, ki sta obrnjena navzdol na lepilo. Vlo\u017eek ima 4-bajtni NUID in anteno je obi\u010dajno mogo\u010de zaznati s prstom po povr\u0161ini.<\/p>","protected":false},"featured_media":339,"template":"","meta":{"_kad_post_transparent":"default","_kad_post_title":"","_kad_post_layout":"default","_kad_post_sidebar_id":"","_kad_post_content_style":"default","_kad_post_vertical_padding":"default","_kad_post_feature":"","_kad_post_feature_position":"","_kad_post_header":false,"_kad_post_footer":false,"_kad_post_classname":""},"product_brand":[],"product_cat":[54,189],"product_tag":[112,147],"class_list":{"0":"post-338","1":"product","2":"type-product","3":"status-publish","4":"has-post-thumbnail","6":"product_cat-hot-selling-rfid-tags","7":"product_cat-rfid-inlay","8":"product_tag-13-56mhz-rfid-inlay","9":"product_tag-nxp-mifare-1k-rfid-nfc-inlay-sticker","11":"first","12":"instock","13":"shipping-taxable","14":"product-type-simple","15":"entry","16":"content-bg","17":"loop-entry"},"_links":{"self":[{"href":"https:\/\/rfid-laundry-tag.com\/sl\/wp-json\/wp\/v2\/product\/338","targetHints":{"allow":["GET"]}}],"collection":[{"href":"https:\/\/rfid-laundry-tag.com\/sl\/wp-json\/wp\/v2\/product"}],"about":[{"href":"https:\/\/rfid-laundry-tag.com\/sl\/wp-json\/wp\/v2\/types\/product"}],"version-history":[{"count":1,"href":"https:\/\/rfid-laundry-tag.com\/sl\/wp-json\/wp\/v2\/product\/338\/revisions"}],"predecessor-version":[{"id":717,"href":"https:\/\/rfid-laundry-tag.com\/sl\/wp-json\/wp\/v2\/product\/338\/revisions\/717"}],"wp:featuredmedia":[{"embeddable":true,"href":"https:\/\/rfid-laundry-tag.com\/sl\/wp-json\/wp\/v2\/media\/339"}],"wp:attachment":[{"href":"https:\/\/rfid-laundry-tag.com\/sl\/wp-json\/wp\/v2\/media?parent=338"}],"wp:term":[{"taxonomy":"product_brand","embeddable":true,"href":"https:\/\/rfid-laundry-tag.com\/sl\/wp-json\/wp\/v2\/product_brand?post=338"},{"taxonomy":"product_cat","embeddable":true,"href":"https:\/\/rfid-laundry-tag.com\/sl\/wp-json\/wp\/v2\/product_cat?post=338"},{"taxonomy":"product_tag","embeddable":true,"href":"https:\/\/rfid-laundry-tag.com\/sl\/wp-json\/wp\/v2\/product_tag?post=338"}],"curies":[{"name":"delovni list","href":"https:\/\/api.w.org\/{rel}","templated":true}]}}