{"id":334,"date":"2024-06-28T08:07:22","date_gmt":"2024-06-28T08:07:22","guid":{"rendered":"https:\/\/rfid-laundry-tag.com\/?post_type=product&#038;p=334"},"modified":"2024-06-28T08:17:53","modified_gmt":"2024-06-28T08:17:53","slug":"rfid-ntag213-nfc-coin-tag","status":"publish","type":"product","link":"https:\/\/rfid-laundry-tag.com\/sl\/rfid-ntag213-nfc-coin-tag\/","title":{"rendered":"RFID Ntag213 NFC oznaka za kovance"},"content":{"rendered":"<p><strong>RFID Ntag213 NFC oznaka za kovance<\/strong><\/p>\n<p style=\"text-align: left;\">Klju\u010dne informacije: odporen na rezine in trpe\u017een.<\/p>\n<p style=\"text-align: left;\">Prilagoditev velikosti in logotipa je sprejemljiva.<\/p>\n<p style=\"text-align: left;\">Tisk: bela barva ali logotip po meri<\/p>\n<p style=\"text-align: left;\">Velikost: Premer 25 mm, 30 mm<\/p>\n<p style=\"text-align: left;\">Najmanj\u0161a koli\u010dina: 1000 kosov<\/p>\n<p style=\"text-align: left;\">\u010cipi: Ntag213, Ntag215, Ntag216 itd.<\/p>\n<p style=\"text-align: left;\">Dodatne funkcije: logotip, natisnjena serijska \u0161tevilka, koda QR, \u010drtne kode, spremenljivi podatki in serializacija itd.<\/p>\n<table border=\"1\" cellspacing=\"0\" cellpadding=\"0\">\n<tbody>\n<tr>\n<td colspan=\"2\">\n<p align=\"left\">Specifikacije<\/p>\n<\/td>\n<\/tr>\n<tr>\n<td>\n<p align=\"left\">Vrsta nalepke\/\u010dipa<\/p>\n<\/td>\n<td>\n<p align=\"left\">NXP Ntag213<\/p>\n<\/td>\n<\/tr>\n<tr>\n<td>\n<p align=\"left\">Delovna frekvenca<\/p>\n<\/td>\n<td>\n<p align=\"left\">13,56 MHz<\/p>\n<\/td>\n<\/tr>\n<tr>\n<td>\n<p align=\"left\">Preizku\u0161en obseg branja<\/p>\n<\/td>\n<td>\n<p align=\"left\">0 \u2013 100 mm, odvisno od mo\u010di, ki jo zagotavlja \u010ditalnik<\/p>\n<\/td>\n<\/tr>\n<tr>\n<td>\n<p align=\"left\">Ve\u010dkratno zaznavanje<\/p>\n<\/td>\n<td>\n<p align=\"left\">ja<\/p>\n<\/td>\n<\/tr>\n<tr>\n<td>\n<p align=\"left\">Velikost<\/p>\n<\/td>\n<td>Premer 25 mm<\/td>\n<\/tr>\n<tr>\n<td>\n<p align=\"left\">Material<\/p>\n<\/td>\n<td>\n<p align=\"left\">PVC \/ PET \/ antena itd<\/p>\n<\/td>\n<\/tr>\n<tr>\n<td>\n<p align=\"left\">Protokol:<\/p>\n<\/td>\n<td>\n<p align=\"left\">ISO14443A<\/p>\n<\/td>\n<\/tr>\n<tr>\n<td>\n<p align=\"left\">Okoljska specifikacija<\/p>\n<\/td>\n<td>\n<p align=\"left\">Rok uporabnosti 5 let<\/p>\n<p align=\"left\">Priporo\u010deno: -25C do +50C<\/p>\n<p align=\"left\">Pogoji shranjevanja: 20% do 90%RH<\/p>\n<p align=\"left\">Delovna temperatura: -40C do +65C<\/p>\n<\/td>\n<\/tr>\n<tr>\n<td>\n<p align=\"left\">\u010casi branja\/pisanja:<\/p>\n<\/td>\n<td>\n<p align=\"left\">100000-krat<\/p>\n<\/td>\n<\/tr>\n<tr>\n<td>\n<p align=\"left\">Uporaba:<\/p>\n<\/td>\n<td>\n<p align=\"left\" data-spm-anchor-id=\"a2700.wholesale.0.i54.a0d8206fLph15n\">Javni prevoz, upravljanje dostopa, e-vozovnice, upravljanje logistike in dobave, proizvodnja in monta\u017ea, nalepka na vetrobranskem steklu, sledenje dokumentom, upravljanje pralnice, upravljanje knji\u017enice, identiteta \u017eivali in tako naprej<\/p>\n<\/td>\n<\/tr>\n<\/tbody>\n<\/table>\n<p>&nbsp;<\/p>\n<p>Ta oznaka za kovance RFID NFC z lepilom se zdi robusten in zanesljiv izdelek, zlasti s funkcijami, ki ste jih omenili. Vklju\u010ditev materialov proti kovinam, lepila 3M in ultrazvo\u010dnega varjenja izbolj\u0161a njegovo u\u010dinkovitost na kovinskih povr\u0161inah ter zagotavlja vodoodpornost in zmogljivosti proti udarcem. Uporaba tuljave iz \u010diste bakrene \u017eice za stabilnost frekvence je odli\u010dna izbira, saj omogo\u010da dosledno razdaljo branja kartice tudi v zahtevnih okoljih. Na splo\u0161no bi morala ta tehnologija zagotavljati zanesljivo in dosledno delovanje, zaradi \u010desar je primerna za te\u017eke pogoje.<\/p>\n<p>Oznaka za kovance RFID Ntag213 NFC je priljubljena izbira za razli\u010dne aplikacije, vklju\u010dno s sledenjem sredstev, nadzorom dostopa in brezsti\u010dnimi pla\u010dili. Zdru\u017euje prednosti tehnologije RFID z zmogljivostmi komunikacije bli\u017enjega polja (NFC), kar omogo\u010da brezhibno komunikacijo z zdru\u017eljivimi napravami na blizu.<\/p>\n<p>\u010cip Ntag213, vdelan v oznako za kovance, ponuja funkcije, kot so funkcija proti tr\u010denju, hiter prenos podatkov in zdru\u017eljivost s \u0161iroko paleto naprav, ki podpirajo NFC. Majhna velikost oznake za kovance, ki je obi\u010dajno izdelana iz PVC ali prozornega PVC materiala, olaj\u0161a namestitev na sredstva in zagotavlja vzdr\u017eljivost za notranjo in zunanjo uporabo. Poleg tega njegova vodotesna konstrukcija zagotavlja zanesljivo delovanje v razli\u010dnih okoljskih pogojih.<\/p>\n<p>Na splo\u0161no je oznaka za kovance RFID Ntag213 NFC vsestranska in zanesljiva re\u0161itev za implementacijo tehnologije RFID in NFC pri sledenju sredstev in drugih aplikacijah, ki zahtevajo varno in u\u010dinkovito izmenjavo podatkov.<\/p>","protected":false},"excerpt":{"rendered":"<p>Oznaka za kovance Ntag213 NFC je dobra izbira za sledenje premo\u017eenju zaradi svoje majhnosti, enostavne namestitve in vzdr\u017eljivosti. Z materialom PVC ali PET je pomnilnik \u010dipa 144 bajtov.<\/p>","protected":false},"featured_media":335,"template":"","meta":{"_kad_post_transparent":"default","_kad_post_title":"","_kad_post_layout":"default","_kad_post_sidebar_id":"","_kad_post_content_style":"default","_kad_post_vertical_padding":"default","_kad_post_feature":"","_kad_post_feature_position":"","_kad_post_header":false,"_kad_post_footer":false,"_kad_post_classname":""},"product_brand":[],"product_cat":[54],"product_tag":[145,144],"class_list":{"0":"post-334","1":"product","2":"type-product","3":"status-publish","4":"has-post-thumbnail","6":"product_cat-hot-selling-rfid-tags","7":"product_tag-anti-metal-nfc-tag","8":"product_tag-anti-metal-rfid-nfc-sticker","10":"first","11":"instock","12":"shipping-taxable","13":"product-type-simple","14":"entry","15":"content-bg","16":"loop-entry"},"_links":{"self":[{"href":"https:\/\/rfid-laundry-tag.com\/sl\/wp-json\/wp\/v2\/product\/334","targetHints":{"allow":["GET"]}}],"collection":[{"href":"https:\/\/rfid-laundry-tag.com\/sl\/wp-json\/wp\/v2\/product"}],"about":[{"href":"https:\/\/rfid-laundry-tag.com\/sl\/wp-json\/wp\/v2\/types\/product"}],"version-history":[{"count":0,"href":"https:\/\/rfid-laundry-tag.com\/sl\/wp-json\/wp\/v2\/product\/334\/revisions"}],"wp:featuredmedia":[{"embeddable":true,"href":"https:\/\/rfid-laundry-tag.com\/sl\/wp-json\/wp\/v2\/media\/335"}],"wp:attachment":[{"href":"https:\/\/rfid-laundry-tag.com\/sl\/wp-json\/wp\/v2\/media?parent=334"}],"wp:term":[{"taxonomy":"product_brand","embeddable":true,"href":"https:\/\/rfid-laundry-tag.com\/sl\/wp-json\/wp\/v2\/product_brand?post=334"},{"taxonomy":"product_cat","embeddable":true,"href":"https:\/\/rfid-laundry-tag.com\/sl\/wp-json\/wp\/v2\/product_cat?post=334"},{"taxonomy":"product_tag","embeddable":true,"href":"https:\/\/rfid-laundry-tag.com\/sl\/wp-json\/wp\/v2\/product_tag?post=334"}],"curies":[{"name":"delovni list","href":"https:\/\/api.w.org\/{rel}","templated":true}]}}