{"id":332,"date":"2024-06-28T07:49:21","date_gmt":"2024-06-28T07:49:21","guid":{"rendered":"https:\/\/rfid-laundry-tag.com\/?post_type=product&#038;p=332"},"modified":"2024-06-28T08:02:32","modified_gmt":"2024-06-28T08:02:32","slug":"waterproof-pvc-ntag215-coin-nfc-tag","status":"publish","type":"product","link":"https:\/\/rfid-laundry-tag.com\/sl\/waterproof-pvc-ntag215-coin-nfc-tag\/","title":{"rendered":"Vodotesna PVC Ntag215 NFC oznaka za kovance"},"content":{"rendered":"<p><strong>Vodotesna PVC Ntag215 NFC oznaka za kovance<\/strong><\/p>\n<p>The <strong>NFC oznaka za kovanec Ntag215<\/strong>, izdelan iz PVC-ja (ali prozornega PVC-ja), je odli\u010dna mo\u017enost za sledenje premo\u017eenja zaradi:<\/p>\n<ul>\n<li><strong>Majhna velikost:<\/strong>\u00a0Enostavna namestitev na razli\u010dna sredstva brez dodajanja razsutega materiala.<\/li>\n<li><strong>Vodoodporen dizajn:<\/strong>\u00a0Primerno za notranjo in zunanjo uporabo, tudi v te\u017ekih okoljih.<\/li>\n<li><strong>Vgrajen 13,56 MHz NFC \u010dip:<\/strong>\u00a0Omogo\u010da zanesljiv prenos podatkov in komunikacijo z RFID \u010ditalci.<\/li>\n<\/ul>\n<p><strong>Klju\u010dne zna\u010dilnosti:<\/strong><\/p>\n<ul>\n<li><strong>Material:<\/strong>\u00a0PVC (ali prozoren PVC)<\/li>\n<li><strong>\u010dip:<\/strong>\u00a0Ntag215<\/li>\n<li><strong>Pogostost:<\/strong>\u00a013,56 MHz<\/li>\n<li><strong>Vodoodporen:<\/strong>\u00a0ja<\/li>\n<li><strong>Aplikacije:<\/strong>\u00a0Sledenje sredstvi, upravljanje inventarja, nadzor dostopa in drugo.<\/li>\n<\/ul>\n<table border=\"1\" cellspacing=\"0\" cellpadding=\"0\">\n<tbody>\n<tr>\n<td colspan=\"2\">\n<p align=\"left\">Specifikacije<\/p>\n<\/td>\n<\/tr>\n<tr>\n<td>\n<p align=\"left\">Vrsta nalepke\/\u010dipa<\/p>\n<\/td>\n<td>\n<p align=\"left\">NXP Ntag215<\/p>\n<\/td>\n<\/tr>\n<tr>\n<td>\n<p align=\"left\">Delovna frekvenca<\/p>\n<\/td>\n<td>\n<p align=\"left\">13,56 MHz<\/p>\n<\/td>\n<\/tr>\n<tr>\n<td>\n<p align=\"left\">Preizku\u0161en obseg branja<\/p>\n<\/td>\n<td>\n<p align=\"left\">0 \u2013 100 mm, odvisno od mo\u010di, ki jo zagotavlja \u010ditalnik<\/p>\n<\/td>\n<\/tr>\n<tr>\n<td>\n<p align=\"left\">Ve\u010dkratno zaznavanje<\/p>\n<\/td>\n<td>\n<p align=\"left\">ja<\/p>\n<\/td>\n<\/tr>\n<tr>\n<td>\n<p align=\"left\">Velikost<\/p>\n<\/td>\n<td>Premer 25 mm<\/td>\n<\/tr>\n<tr>\n<td>\n<p align=\"left\">Material<\/p>\n<\/td>\n<td>\n<p align=\"left\">PVC \/ PET \/ antena itd<\/p>\n<\/td>\n<\/tr>\n<tr>\n<td>\n<p align=\"left\">Protokol:<\/p>\n<\/td>\n<td>\n<p align=\"left\">ISO14443A<\/p>\n<\/td>\n<\/tr>\n<tr>\n<td>\n<p align=\"left\">Okoljska specifikacija<\/p>\n<\/td>\n<td>\n<p align=\"left\">Rok uporabnosti 5 let<\/p>\n<p align=\"left\">Priporo\u010deno: -25C do +50C<\/p>\n<p align=\"left\">Pogoji shranjevanja: 20% do 90%RH<\/p>\n<p align=\"left\">Delovna temperatura: -40C do +65C<\/p>\n<\/td>\n<\/tr>\n<tr>\n<td>\n<p align=\"left\">\u010casi branja\/pisanja:<\/p>\n<\/td>\n<td>\n<p align=\"left\">100000-krat<\/p>\n<\/td>\n<\/tr>\n<tr>\n<td>\n<p align=\"left\">Uporaba:<\/p>\n<\/td>\n<td>\n<p align=\"left\" data-spm-anchor-id=\"a2700.wholesale.0.i54.a0d8206fLph15n\">Javni prevoz, upravljanje dostopa, e-vozovnice, upravljanje logistike in dobave, proizvodnja in monta\u017ea, nalepka na vetrobranskem steklu, sledenje dokumentom, upravljanje pralnice, upravljanje knji\u017enice, identiteta \u017eivali in tako naprej<\/p>\n<\/td>\n<\/tr>\n<\/tbody>\n<\/table>\n<p>&nbsp;<\/p>\n<p><strong>Prednosti:<\/strong><\/p>\n<ul>\n<li><strong>Izbolj\u0161ana varnost:<\/strong>\u00a0Tehnologija RFID pomaga za\u0161\u010dititi pred krajo in nepoobla\u0161\u010denim dostopom.<\/li>\n<li><strong>Izbolj\u0161ana u\u010dinkovitost:<\/strong>\u00a0Sledenje v realnem \u010dasu omogo\u010da u\u010dinkovito upravljanje sredstev in nadzor zalog.<\/li>\n<li><strong>Stro\u0161kovna u\u010dinkovitost:<\/strong>\u00a0Trpe\u017ena konstrukcija in vodotesna zasnova zmanj\u0161ata stro\u0161ke zamenjave.<\/li>\n<li><strong>Vsestranske aplikacije:<\/strong>\u00a0Primerno za \u0161iroko paleto industrij in primerov uporabe.<\/li>\n<\/ul>","protected":false},"excerpt":{"rendered":"<p>Vodoodporna PVC Ntag215 NFC oznaka za kovance ponuja zanesljivo in vsestransko re\u0161itev za potrebe sledenja sredstev. Zaradi svoje kompaktne velikosti, vodotesne zasnove in vgrajenega \u010dipa NFC je dragoceno orodje za organizacije, ki \u017eelijo optimizirati svoje procese upravljanja sredstev.<\/p>","protected":false},"featured_media":333,"template":"","meta":{"_kad_post_transparent":"default","_kad_post_title":"","_kad_post_layout":"default","_kad_post_sidebar_id":"","_kad_post_content_style":"default","_kad_post_vertical_padding":"default","_kad_post_feature":"","_kad_post_feature_position":"","_kad_post_header":false,"_kad_post_footer":false,"_kad_post_classname":""},"product_brand":[],"product_cat":[54],"product_tag":[145,144],"class_list":{"0":"post-332","1":"product","2":"type-product","3":"status-publish","4":"has-post-thumbnail","6":"product_cat-hot-selling-rfid-tags","7":"product_tag-anti-metal-nfc-tag","8":"product_tag-anti-metal-rfid-nfc-sticker","10":"first","11":"instock","12":"shipping-taxable","13":"product-type-simple","14":"entry","15":"content-bg","16":"loop-entry"},"_links":{"self":[{"href":"https:\/\/rfid-laundry-tag.com\/sl\/wp-json\/wp\/v2\/product\/332","targetHints":{"allow":["GET"]}}],"collection":[{"href":"https:\/\/rfid-laundry-tag.com\/sl\/wp-json\/wp\/v2\/product"}],"about":[{"href":"https:\/\/rfid-laundry-tag.com\/sl\/wp-json\/wp\/v2\/types\/product"}],"version-history":[{"count":0,"href":"https:\/\/rfid-laundry-tag.com\/sl\/wp-json\/wp\/v2\/product\/332\/revisions"}],"wp:featuredmedia":[{"embeddable":true,"href":"https:\/\/rfid-laundry-tag.com\/sl\/wp-json\/wp\/v2\/media\/333"}],"wp:attachment":[{"href":"https:\/\/rfid-laundry-tag.com\/sl\/wp-json\/wp\/v2\/media?parent=332"}],"wp:term":[{"taxonomy":"product_brand","embeddable":true,"href":"https:\/\/rfid-laundry-tag.com\/sl\/wp-json\/wp\/v2\/product_brand?post=332"},{"taxonomy":"product_cat","embeddable":true,"href":"https:\/\/rfid-laundry-tag.com\/sl\/wp-json\/wp\/v2\/product_cat?post=332"},{"taxonomy":"product_tag","embeddable":true,"href":"https:\/\/rfid-laundry-tag.com\/sl\/wp-json\/wp\/v2\/product_tag?post=332"}],"curies":[{"name":"delovni list","href":"https:\/\/api.w.org\/{rel}","templated":true}]}}