{"id":330,"date":"2024-06-28T07:38:56","date_gmt":"2024-06-28T07:38:56","guid":{"rendered":"https:\/\/rfid-laundry-tag.com\/?post_type=product&#038;p=330"},"modified":"2024-09-05T08:39:15","modified_gmt":"2024-09-05T08:39:15","slug":"anti-metal-rfid-nfc-sticker","status":"publish","type":"product","link":"https:\/\/rfid-laundry-tag.com\/sl\/anti-metal-rfid-nfc-sticker\/","title":{"rendered":"Nalepka Anti Metal RFID NFC"},"content":{"rendered":"<p><strong>Nalepka Anti Metal RFID NFC<\/strong><\/p>\n<p>NTAG213, NTAG215 in NTAG216 je razvilo podjetje NXP Semiconductors kot standardne NFC oznake IC, ki se uporabljajo v aplikacijah mno\u017ei\u010dnega trga, kot so trgovina na drobno, igre na sre\u010do in potro\u0161ni\u0161ka elektronika, v kombinaciji z napravami NFC ali napravami za bli\u017einsko spajanje, ki so zdru\u017eljive z NFC. NTAG213, NTAG215 in NTAG216 (odslej na splo\u0161no imenovani NTAG21x) so zasnovani tako, da popolnoma ustrezajo NFC Forum Type 2 Tag in specifikacijam ISO\/IEC14443 Type A.<\/p>\n<table class=\"hight-light-first-column all magic-11\">\n<tbody>\n<tr>\n<td colspan=\"1\" rowspan=\"1\">\n<div class=\"magic-12\" data-spm-anchor-id=\"a2700.details.0.i57.12287cd6Tl6d8d\">Velikost<\/div>\n<\/td>\n<td colspan=\"4\" rowspan=\"1\">\n<div class=\"magic-13\">Premer 25 mm<\/div>\n<\/td>\n<\/tr>\n<tr>\n<td colspan=\"1\" rowspan=\"1\">\n<div class=\"magic-12\">barva<\/div>\n<\/td>\n<td colspan=\"4\" rowspan=\"1\">\n<div class=\"magic-16\">\u010crna, bela, rumena, rde\u010da ali po meri<\/div>\n<\/td>\n<\/tr>\n<tr>\n<td colspan=\"1\" rowspan=\"1\">\n<div class=\"magic-12\">\u010dip<\/div>\n<\/td>\n<td colspan=\"4\" rowspan=\"1\">\n<div class=\"magic-13\">NTAG213,NTAG215,NTAG216<\/div>\n<\/td>\n<\/tr>\n<tr>\n<td colspan=\"1\" rowspan=\"1\">\n<div class=\"magic-12\">Pogostost<\/div>\n<\/td>\n<td colspan=\"4\" rowspan=\"1\">\n<div class=\"magic-13\">13,56 MHz<\/div>\n<\/td>\n<\/tr>\n<tr>\n<td colspan=\"1\" rowspan=\"1\">\n<div class=\"magic-12\">Protokol<\/div>\n<\/td>\n<td colspan=\"4\" rowspan=\"1\">\n<div class=\"magic-13\">ISO14443A, NFC forum tipa 2<\/div>\n<\/td>\n<\/tr>\n<tr>\n<td colspan=\"1\" rowspan=\"1\">\n<div class=\"magic-12\">Material<\/div>\n<\/td>\n<td colspan=\"4\" rowspan=\"1\">\n<div class=\"magic-13\">ABS<\/div>\n<\/td>\n<\/tr>\n<tr>\n<td colspan=\"1\" rowspan=\"1\">\n<div class=\"magic-12\">Delovna temperatura<\/div>\n<\/td>\n<td colspan=\"4\" rowspan=\"1\">\n<div class=\"magic-13\">-20 do 85 stopinj C<\/div>\n<\/td>\n<\/tr>\n<tr>\n<td colspan=\"1\" rowspan=\"1\">\n<div class=\"magic-12\">Aplikacija<\/div>\n<\/td>\n<td colspan=\"4\" rowspan=\"1\">\n<div class=\"magic-16\">Veriga pralnic, mo\u010dne kemikalije, pla\u010dilna naprava, uporaba na prostem, kemikalije, industrija, logistika, patrulja, \u010dlanstvo, ladijski zabojnik, palete itd.<\/div>\n<\/td>\n<\/tr>\n<tr>\n<td colspan=\"1\" rowspan=\"1\">\n<div class=\"magic-12\">Ocena vodotesnosti<\/div>\n<\/td>\n<td colspan=\"4\" rowspan=\"1\">\n<div class=\"magic-16\">IP67<\/div>\n<\/td>\n<\/tr>\n<tr>\n<td colspan=\"1\" rowspan=\"1\">\n<div class=\"magic-12\">Bralno obmo\u010dje<\/div>\n<\/td>\n<td colspan=\"4\" rowspan=\"1\">\n<div class=\"magic-16\">5-10cm, odvisno od \u010ditalca<\/div>\n<\/td>\n<\/tr>\n<tr>\n<td colspan=\"1\" rowspan=\"1\">\n<div class=\"magic-12\">Craft<\/div>\n<\/td>\n<td colspan=\"4\" rowspan=\"1\">\n<div class=\"magic-16\">Lasersko vgravirana serijska \u0161tevilka, \u010drtna koda itd<\/div>\n<\/td>\n<\/tr>\n<tr>\n<td colspan=\"1\" rowspan=\"1\">\n<div class=\"magic-12\">Monta\u017ea<\/div>\n<\/td>\n<td colspan=\"4\" rowspan=\"1\">\n<div class=\"magic-16\">Z lepilom ali vijaki ali zakovicami<\/div>\n<\/td>\n<\/tr>\n<\/tbody>\n<\/table>\n<p>&nbsp;<\/p>\n<div class=\"auto-hide-last-sibling-br paragraph_9dc5f paragraph-element\">RFID NFC nalepke proti kovinam imajo zaradi svoje prilagodljivosti in zmo\u017enosti delovanja na kovinskih povr\u0161inah \u0161iroko paleto aplikacij na razli\u010dnih podro\u010djih. Tukaj je opisano, kako se uporabljajo v razli\u010dnih sektorjih:<\/div>\n<ul class=\"auto-hide-last-sibling-br\">\n<li>\n<div class=\"auto-hide-last-sibling-br paragraph_9dc5f paragraph-element\"><strong>Upravljanje logistike<\/strong>: Te nalepke je mogo\u010de uporabiti za u\u010dinkovito sledenje in lokacijo blaga med prevozom v realnem \u010dasu. Izbolj\u0161ajo u\u010dinkovitost dobavne verige in poenostavijo upravljanje logistike, tako da nudijo stalno vidljivost po\u0161iljk.<\/div>\n<\/li>\n<li>\n<div class=\"auto-hide-last-sibling-br paragraph_9dc5f paragraph-element\"><strong>Upravljanje premo\u017eenja<\/strong>: Imajo bistveno vlogo pri sledenju in upravljanju sredstev podjetja, kot so stroji, orodja in pisarni\u0161ka oprema. Omogo\u010dajo hitro in natan\u010dno identifikacijo in preverjanje sredstev, kar zmanj\u0161uje tveganje izgube, kraje ali pogre\u0161itve.<\/div>\n<\/li>\n<li>\n<div class=\"auto-hide-last-sibling-br paragraph_9dc5f paragraph-element\"><strong>Upravljanje dobavne verige<\/strong>: Nalepke NFC se uporabljajo za sledenje izdelkom na vseh stopnjah dobavne verige, kar zagotavlja preglednost in u\u010dinkovito prepre\u010duje vstop ponarejenega blaga na trg.<\/div>\n<\/li>\n<li>\n<div class=\"auto-hide-last-sibling-br paragraph_9dc5f paragraph-element\"><strong>Upravljanje vozil<\/strong>: Nalepke, ki se uporabljajo pri upravljanju voznega parka, ponujajo enostaven na\u010din za sledenje in spremljanje gibanja vozila ter zagotavljajo u\u010dinkovito optimizacijo poti.<\/div>\n<\/li>\n<li>\n<div class=\"auto-hide-last-sibling-br paragraph_9dc5f paragraph-element\"><strong>Vodenje skladi\u0161\u010da<\/strong>: Poenostavljajo poslovanje tako, da omogo\u010dajo sledenje zalogam v realnem \u010dasu, zaradi \u010desar je proces upravljanja skladi\u0161\u010d zelo u\u010dinkovit.<\/div>\n<\/li>\n<li>\n<div class=\"auto-hide-last-sibling-br paragraph_9dc5f paragraph-element\"><strong>Preverjanje izdelka<\/strong>: Nalepke NFC lahko uporabite za preverjanje pristnosti izdelkov, kar omogo\u010da preprost na\u010din ugotavljanja, ali je izdelek pristen ali ponarejen.<\/div>\n<\/li>\n<li>\n<div class=\"auto-hide-last-sibling-br paragraph_9dc5f paragraph-element\"><strong>Sledenje sredstvi<\/strong>: poenostavijo postopek sledenja sredstev v realnem \u010dasu, kar je \u0161e posebej uporabno za predmete visoke vrednosti ali pomembno opremo, ki se pogosto premika.<\/div>\n<\/li>\n<li>\n<div class=\"auto-hide-last-sibling-br paragraph_9dc5f paragraph-element\"><strong>Upravljanje zalog<\/strong>: Nalepke pomagajo pri upravljanju zalog v skladi\u0161\u010dih ali maloprodajnih trgovinah z zmanj\u0161anjem ro\u010dnih pregledov in zagotavljanjem natan\u010dnega \u0161tetja.<\/div>\n<\/li>\n<li>\n<div class=\"auto-hide-last-sibling-br paragraph_9dc5f paragraph-element\"><strong>Pla\u010dilo<\/strong>: Nalepke NFC se uporabljajo pri brezgotovinskem poslovanju, kar omogo\u010da hitra in varna pla\u010dila s samo enim dotikom, na primer v pla\u010dilnih sistemih z zapestnico.<\/div>\n<\/li>\n<li>\n<div class=\"auto-hide-last-sibling-br paragraph_9dc5f paragraph-element\"><strong>Dru\u017ebeni mediji<\/strong>: Nalepke NFC je mogo\u010de programirati za zagon ra\u010dunov dru\u017ebenih medijev ali hashtagov, kar zagotavlja brezhibno izku\u0161njo dru\u017ebenih medijev z enim dotikom.<\/div>\n<\/li>\n<li>\n<div class=\"auto-hide-last-sibling-br paragraph_9dc5f paragraph-element\"><strong>Zapestnice<\/strong>: Uporablja se na dogodkih, kjer sta potrebna enostaven dostop in varna pla\u010dila, kot so glasbeni festivali, sejmi in \u0161portni dogodki.<\/div>\n<\/li>\n<\/ul>\n<div class=\"auto-hide-last-sibling-br paragraph_9dc5f paragraph-element\">Zgoraj omenjeno je le kratek posnetek vsestranskosti RFID NFC nalepk proti kovinam. Mo\u017enosti so neskon\u010dne, vsaka aplikacija pa je zasnovana tako, da prina\u0161a dodatno u\u010dinkovitost, varnost in udobje.<\/div>","protected":false},"excerpt":{"rendered":"<p>Anti-Metal RFID NFC nalepke s \u010dipi NTAG21x so vzdr\u017eljive, vodoodporne in popolne za logistiko, upravljanje sredstev, pla\u010dila in drugo.<\/p>","protected":false},"featured_media":331,"template":"","meta":{"_kad_post_transparent":"default","_kad_post_title":"","_kad_post_layout":"default","_kad_post_sidebar_id":"","_kad_post_content_style":"default","_kad_post_vertical_padding":"default","_kad_post_feature":"","_kad_post_feature_position":"","_kad_post_header":false,"_kad_post_footer":false,"_kad_post_classname":""},"product_brand":[],"product_cat":[54],"product_tag":[145,144],"class_list":{"0":"post-330","1":"product","2":"type-product","3":"status-publish","4":"has-post-thumbnail","6":"product_cat-hot-selling-rfid-tags","7":"product_tag-anti-metal-nfc-tag","8":"product_tag-anti-metal-rfid-nfc-sticker","10":"first","11":"instock","12":"shipping-taxable","13":"product-type-simple","14":"entry","15":"content-bg","16":"loop-entry"},"_links":{"self":[{"href":"https:\/\/rfid-laundry-tag.com\/sl\/wp-json\/wp\/v2\/product\/330","targetHints":{"allow":["GET"]}}],"collection":[{"href":"https:\/\/rfid-laundry-tag.com\/sl\/wp-json\/wp\/v2\/product"}],"about":[{"href":"https:\/\/rfid-laundry-tag.com\/sl\/wp-json\/wp\/v2\/types\/product"}],"version-history":[{"count":1,"href":"https:\/\/rfid-laundry-tag.com\/sl\/wp-json\/wp\/v2\/product\/330\/revisions"}],"predecessor-version":[{"id":1854,"href":"https:\/\/rfid-laundry-tag.com\/sl\/wp-json\/wp\/v2\/product\/330\/revisions\/1854"}],"wp:featuredmedia":[{"embeddable":true,"href":"https:\/\/rfid-laundry-tag.com\/sl\/wp-json\/wp\/v2\/media\/331"}],"wp:attachment":[{"href":"https:\/\/rfid-laundry-tag.com\/sl\/wp-json\/wp\/v2\/media?parent=330"}],"wp:term":[{"taxonomy":"product_brand","embeddable":true,"href":"https:\/\/rfid-laundry-tag.com\/sl\/wp-json\/wp\/v2\/product_brand?post=330"},{"taxonomy":"product_cat","embeddable":true,"href":"https:\/\/rfid-laundry-tag.com\/sl\/wp-json\/wp\/v2\/product_cat?post=330"},{"taxonomy":"product_tag","embeddable":true,"href":"https:\/\/rfid-laundry-tag.com\/sl\/wp-json\/wp\/v2\/product_tag?post=330"}],"curies":[{"name":"delovni list","href":"https:\/\/api.w.org\/{rel}","templated":true}]}}