{"id":329,"date":"2024-06-28T07:30:57","date_gmt":"2024-06-28T07:30:57","guid":{"rendered":"https:\/\/rfid-laundry-tag.com\/?post_type=product&#038;p=329"},"modified":"2024-06-28T07:37:14","modified_gmt":"2024-06-28T07:37:14","slug":"mifare-ultralight-ev1-inlay-sticker","status":"publish","type":"product","link":"https:\/\/rfid-laundry-tag.com\/sl\/mifare-ultralight-ev1-inlay-sticker\/","title":{"rendered":"Mifare Ultralight ev1 Inlay nalepka"},"content":{"rendered":"<div>\n<div class=\"auto-hide-last-sibling-br paragraph_9dc5f paragraph-element\"><strong>Nalepke z vlo\u017eki MIFARE Ultralight EV1<\/strong> so precej priljubljeni in \u0161iroko uporabljeni, glede na prakti\u010dnost, ki jo prina\u0161ajo, in njihovo zdru\u017eljivost s \u0161irokim naborom naprav. Na voljo je nekaj mo\u017enosti:<\/div>\n<p><br class=\"container_21264 wrapper_661ac undefined\" \/><\/p>\n<ol class=\"auto-hide-last-sibling-br\">\n<li>\n<div class=\"auto-hide-last-sibling-br paragraph_9dc5f paragraph-element\"><strong>NFC papirnate nalepke MIFARE Ultralight\u00ae EV1 35x35 mm<\/strong>: Kot lepljive papirnate NFC oznake so opremljene z vgrajenim \u010dipom NXP MIFARE Ultralight\u00ae NFC, ki je zdru\u017eljiv s pametnimi telefoni in tablicami Android in BlackBerry. Njihova zmogljivost je 41 bajtov. Te nalepke, ki delujejo v skladu s standardi ISO\/IEC 14443 Type-A, \u017eal trenutno niso na zalogi.<\/div>\n<\/li>\n<li><strong>RFID nalepka 56x18mm NXP Mifare\u00aeUltralight EV1 50pf | ISO14443A<\/strong>: Ta visokokakovostna nalepka RFID ima \u010dip NXP Mifare\u00ae Ultralight EV1, ki je opremljen s kapacitivnostjo 50 pF in zagotavlja optimalno bralno obmo\u010dje in zmogljivost. Popolnoma skladen z ISO14443A je popoln za uporabo v aplikacijah, od javnega prevoza in programov zvestobe do nakupa vstopnic za dogodke in re\u0161itev za pametna mesta.<\/li>\n<\/ol>\n<\/div>\n<div class=\"text-title\"><strong><span class=\"magic-26\" style=\"font-family: Arial;\" data-spm-anchor-id=\"a2700.details.0.i47.6f4d7d7dnursE7\">Suhi vlo\u017eek<\/span><\/strong><\/div>\n<div class=\"text-content\">\n<p><span class=\"magic-6\" style=\"font-family: Arial;\">Preprosto povedano, RFID suhi vlo\u017eek je kombinacija RFID \u010dipa in antene. Lahko se uporablja za izdelavo nalepk NFC, nalepk RFID, vstopnic RFID in razli\u010dnih oznak RFID. <\/span><\/p>\n<div data-spm-anchor-id=\"a2700.details.0.i46.6f4d7d7dnursE7\">\n<p><span class=\"magic-6\" style=\"font-family: Arial;\"> Antena suhega vlo\u017eka je jedkana iz aluminija, ki je tanj\u0161a v primerjavi z bakreno tuljavo. Obliko antene je mogo\u010de prilagoditi in preoblikovati na zahtevo.<\/span><\/p>\n<p>&nbsp;<\/p>\n<\/div>\n<\/div>\n<div>\n<div class=\"text-title\"><strong><span class=\"magic-26\" style=\"font-family: Arial;\">Mokri vlo\u017eek<\/span><\/strong><\/div>\n<div class=\"text-content\">\n<p><span class=\"magic-6\" style=\"font-family: Arial;\" data-spm-anchor-id=\"a2700.details.0.i49.6f4d7d7dnursE7\">Suhi vlo\u017eek RFID, ki mu je dodano lepilo, se imenuje mokri vlo\u017eek. Lahko se uporablja neposredno kot nalepka RFID ali nalepka NFC, \u010de ne potrebujete tiskanja na povr\u0161ino. \u010ce jih nalepite na predmete, lahko prihranite stro\u0161ke in dose\u017eete isti namen. \u0160iroko se uporablja tudi pri izdelavi oznak RFID. Antena mokrega vlo\u017eka je jedkana iz aluminija, ki je tanj\u0161a v primerjavi z bakreno tuljavo. Obliko antene je mogo\u010de prilagoditi in preoblikovati na zahtevo.<\/span><\/p>\n<div><strong>Mifare Ultralight ev1 Inlay nalepka<\/strong><\/div>\n<div><\/div>\n<div data-spm-anchor-id=\"a2700.details.0.i48.6f4d7d7dnursE7\">\n<table class=\"hight-light-first-column all magic-14\">\n<tbody>\n<tr>\n<td colspan=\"1\" rowspan=\"1\">\n<div class=\"magic-15\"><b>Material<\/b><\/div>\n<\/td>\n<td colspan=\"1\" rowspan=\"1\">\n<div class=\"magic-16\" data-spm-anchor-id=\"a2700.details.0.i34.21f6414cWQ4Zrf\">Papir \/ termo papir \/ tkanina \/ PVC \/ PET<\/div>\n<\/td>\n<\/tr>\n<tr>\n<td colspan=\"1\" rowspan=\"1\">\n<div class=\"magic-15\"><b>Velikost<\/b><\/div>\n<\/td>\n<td colspan=\"1\" rowspan=\"1\">\n<div class=\"magic-16\">18 * 56 mm, 25 * 25 mm, 30 * 30 mm, 40 * 40 mm, dia18 mm, dia 20 mm, dia 22 mm, dia 25 mm ali velikost po meri.<\/div>\n<\/td>\n<\/tr>\n<tr>\n<td colspan=\"1\" rowspan=\"1\">\n<div class=\"magic-15\"><b>Tiskanje<\/b><\/div>\n<\/td>\n<td colspan=\"1\" rowspan=\"1\">\n<div class=\"magic-16\">Tiskanje ni potrebno<\/div>\n<\/td>\n<\/tr>\n<tr>\n<td colspan=\"1\" rowspan=\"1\">\n<div class=\"magic-15\"><b>\u010cip na voljo<\/b><\/div>\n<\/td>\n<td colspan=\"1\" rowspan=\"1\">\n<div class=\"magic-16\">\n<p><strong>Mifare Ultralight ev1 <\/strong><\/p>\n<\/div>\n<\/td>\n<\/tr>\n<tr>\n<td colspan=\"1\" rowspan=\"1\">\n<div class=\"magic-21\"><b>Protokol:<\/b><\/div>\n<\/td>\n<td colspan=\"4\" rowspan=\"1\">\n<div class=\"magic-22\">ISO\/IEC 14443 tip A<\/div>\n<\/td>\n<\/tr>\n<tr>\n<td colspan=\"1\" rowspan=\"1\">\n<div class=\"magic-26\"><b>obrt:<\/b><\/div>\n<\/td>\n<td colspan=\"4\" rowspan=\"1\">\n<div class=\"magic-22\" data-spm-anchor-id=\"a2700.details.0.i33.21f6414cWQ4Zrf\">Tiskanje, \u010drtna koda, QR koda itd.<\/div>\n<\/td>\n<\/tr>\n<\/tbody>\n<\/table>\n<\/div>\n<\/div>\n<\/div>","protected":false},"excerpt":{"rendered":"<p>Mifare Ultralight ev1 Inlay nalepka ali transponder, vrsta nedokon\u010dane komponente, se lahko spremeni v razli\u010dne predmete, kot so vstopnice, zna\u010dke, nalepke ali kartice. Hkrati je mogo\u010de te vlo\u017eke HF NFC RFID izdelati v nizu velikosti, prilagojenih va\u0161im posebnim potrebam.<\/p>","protected":false},"featured_media":328,"template":"","meta":{"_kad_post_transparent":"default","_kad_post_title":"","_kad_post_layout":"default","_kad_post_sidebar_id":"","_kad_post_content_style":"default","_kad_post_vertical_padding":"default","_kad_post_feature":"","_kad_post_feature_position":"","_kad_post_header":false,"_kad_post_footer":false,"_kad_post_classname":""},"product_brand":[],"product_cat":[54],"product_tag":[112,142,143],"class_list":{"0":"post-329","1":"product","2":"type-product","3":"status-publish","4":"has-post-thumbnail","6":"product_cat-hot-selling-rfid-tags","7":"product_tag-13-56mhz-rfid-inlay","8":"product_tag-mifare-ultralight-ev1-inlay-sticker","9":"product_tag-ultralight-ev1-nfc-inlay-sticker","11":"first","12":"instock","13":"shipping-taxable","14":"product-type-simple","15":"entry","16":"content-bg","17":"loop-entry"},"_links":{"self":[{"href":"https:\/\/rfid-laundry-tag.com\/sl\/wp-json\/wp\/v2\/product\/329","targetHints":{"allow":["GET"]}}],"collection":[{"href":"https:\/\/rfid-laundry-tag.com\/sl\/wp-json\/wp\/v2\/product"}],"about":[{"href":"https:\/\/rfid-laundry-tag.com\/sl\/wp-json\/wp\/v2\/types\/product"}],"version-history":[{"count":0,"href":"https:\/\/rfid-laundry-tag.com\/sl\/wp-json\/wp\/v2\/product\/329\/revisions"}],"wp:featuredmedia":[{"embeddable":true,"href":"https:\/\/rfid-laundry-tag.com\/sl\/wp-json\/wp\/v2\/media\/328"}],"wp:attachment":[{"href":"https:\/\/rfid-laundry-tag.com\/sl\/wp-json\/wp\/v2\/media?parent=329"}],"wp:term":[{"taxonomy":"product_brand","embeddable":true,"href":"https:\/\/rfid-laundry-tag.com\/sl\/wp-json\/wp\/v2\/product_brand?post=329"},{"taxonomy":"product_cat","embeddable":true,"href":"https:\/\/rfid-laundry-tag.com\/sl\/wp-json\/wp\/v2\/product_cat?post=329"},{"taxonomy":"product_tag","embeddable":true,"href":"https:\/\/rfid-laundry-tag.com\/sl\/wp-json\/wp\/v2\/product_tag?post=329"}],"curies":[{"name":"delovni list","href":"https:\/\/api.w.org\/{rel}","templated":true}]}}