{"id":3242,"date":"2026-01-13T13:41:34","date_gmt":"2026-01-13T13:41:34","guid":{"rendered":"https:\/\/rfid-laundry-tag.com\/?post_type=product&#038;p=3242"},"modified":"2026-03-12T10:03:35","modified_gmt":"2026-03-12T10:03:35","slug":"mifare-s50-rfid-inlay","status":"publish","type":"product","link":"https:\/\/rfid-laundry-tag.com\/sl\/mifare-s50-rfid-inlay\/","title":{"rendered":"Vlo\u017eek MIFARE S50 RFID"},"content":{"rendered":"<h2>Vlo\u017eek MIFARE S50 RFID<\/h2>\n<p><span class=\"ng-star-inserted\">The <a href=\"https:\/\/rfid-laundry-tag.com\/sl\/rfid-inlay\/\">MIFARE S50\u00a0<\/a><\/span><strong class=\"ng-star-inserted\"><span class=\"ng-star-inserted\">RFID vlo\u017eek<\/span><\/strong><span class=\"ng-star-inserted\">\u00a0je vrhunska re\u0161itev, zasnovana za poenostavitev va\u0161ega poslovanja, izbolj\u0161anje varnosti in izbolj\u0161anje uporabni\u0161ke izku\u0161nje v \u0161tevilnih aplikacijah. Ta zmogljiva, a diskretna tehnologija vam omogo\u010da enostavno upravljanje dostopa, obdelavo pla\u010dil, sledenje sredstev in inovativno interakcijo s strankami. Ta izdelek se spla\u010da kupiti, saj ponuja neprimerljivo zanesljivost, zdru\u017eljivost in enostavno integracijo, zaradi \u010desar je idealna izbira za podjetja, ki \u017eelijo izkoristiti mo\u010d RFID. Ne glede na to, ali \u017eelite uvesti varen nadzor dostopa, ustvariti brezhiben sistem brezgotovinskega pla\u010devanja ali revolucionarno spremeniti upravljanje zalog, ... <a href=\"https:\/\/rfid-laundry-tag.com\/sl\/rfid-inlay\/\">MIFARE S50\u00a0<\/a><\/span><strong class=\"ng-star-inserted\"><span class=\"ng-star-inserted\">RFID vlo\u017eek<\/span><\/strong><span class=\"ng-star-inserted\">\u00a0zagotavlja zmogljivost in vsestranskost, ki ju potrebujete za uspeh. Preprosto povedano, ta izdelek je obvezen.<\/span><\/p>\n<table class=\"has-title all magic-13\">\n<tbody>\n<tr>\n<td colspan=\"1\" rowspan=\"1\">\n<div class=\"magic-14\" data-spm-anchor-id=\"a2700.details.0.i37.2ec61361oDo4aX\">Ime izdelka<\/div>\n<\/td>\n<td colspan=\"1\" rowspan=\"1\">\n<div class=\"magic-15\">Vlo\u017eek MIFARE S50 RFID<\/div>\n<\/td>\n<\/tr>\n<tr>\n<td colspan=\"1\" rowspan=\"1\">\n<div class=\"magic-14\">\u010dip<\/div>\n<\/td>\n<td colspan=\"1\" rowspan=\"1\">\n<div class=\"magic-15\">MIFARE Classic\u00ae 1K<\/div>\n<\/td>\n<\/tr>\n<tr>\n<td colspan=\"1\" rowspan=\"1\">\n<div class=\"magic-14\">Pogostost<\/div>\n<\/td>\n<td colspan=\"1\" rowspan=\"1\">\n<div class=\"magic-15\">13,56 MHz<\/div>\n<\/td>\n<\/tr>\n<tr>\n<td colspan=\"1\" rowspan=\"1\">\n<div class=\"magic-14\">Razdalja branja<\/div>\n<\/td>\n<td colspan=\"1\" rowspan=\"1\">\n<div class=\"magic-15\">1-5 CM<\/div>\n<\/td>\n<\/tr>\n<tr>\n<td colspan=\"1\" rowspan=\"1\">\n<div class=\"magic-14\">Material<\/div>\n<\/td>\n<td colspan=\"1\" rowspan=\"1\">\n<div class=\"magic-15\">Premazan papir<\/div>\n<\/td>\n<\/tr>\n<tr>\n<td colspan=\"1\" rowspan=\"1\">\n<div class=\"magic-14\">Substrat<\/div>\n<\/td>\n<td colspan=\"1\" rowspan=\"1\">\n<div class=\"magic-15\">PET<\/div>\n<\/td>\n<\/tr>\n<tr>\n<td colspan=\"1\" rowspan=\"1\">\n<div class=\"magic-14\">Premer 50 mm Velikost<\/div>\n<\/td>\n<td colspan=\"1\" rowspan=\"1\">\n<div class=\"magic-15\">Premer 25 mm ali prilagoditev<\/div>\n<\/td>\n<\/tr>\n<tr>\n<td colspan=\"1\" rowspan=\"1\">\n<div class=\"magic-14\">Delovni na\u010din<\/div>\n<\/td>\n<td colspan=\"1\" rowspan=\"1\">\n<div class=\"magic-15\">Pasivno<\/div>\n<\/td>\n<\/tr>\n<tr>\n<td colspan=\"1\" rowspan=\"1\">\n<div class=\"magic-14\">Napi\u0161ite cikle<\/div>\n<\/td>\n<td colspan=\"1\" rowspan=\"1\">\n<div class=\"magic-15\">100000<\/div>\n<\/td>\n<\/tr>\n<tr>\n<td colspan=\"1\" rowspan=\"1\">\n<div class=\"magic-14\">Delovna temperatura\/vla\u017enost<\/div>\n<\/td>\n<td colspan=\"1\" rowspan=\"1\">\n<div class=\"magic-15\">-40~70\u2103\/20%~90% RH<\/div>\n<\/td>\n<\/tr>\n<tr>\n<td colspan=\"1\" rowspan=\"1\">\n<div class=\"magic-14\">Temperatura\/vla\u017enost skladi\u0161\u010denja<\/div>\n<\/td>\n<td colspan=\"1\" rowspan=\"1\">\n<div class=\"magic-15\">-20~50\u2103 \/ 20%~90% RH (brez kondenzacije).<\/div>\n<\/td>\n<\/tr>\n<tr>\n<td colspan=\"1\" rowspan=\"1\">\n<div class=\"magic-14\">Razpolo\u017eljivost vzorcev<\/div>\n<\/td>\n<td colspan=\"1\" rowspan=\"1\">\n<div class=\"magic-15\">Brezpla\u010dni vzorci so na voljo na zahtevo<\/div>\n<\/td>\n<\/tr>\n<tr>\n<td colspan=\"1\" rowspan=\"1\">\n<div class=\"magic-14\">Pakiranje<\/div>\n<\/td>\n<td colspan=\"1\" rowspan=\"1\">\n<div class=\"magic-15\">1000-5000 kosov\/zvitek, 4 zvitki\/karton<\/div>\n<\/td>\n<\/tr>\n<tr>\n<td colspan=\"1\" rowspan=\"1\">\n<div class=\"magic-14\">\n<p>Aplikacija<\/p>\n<div><\/div>\n<\/div>\n<\/td>\n<td colspan=\"1\" rowspan=\"1\">\n<div class=\"magic-15\" data-spm-anchor-id=\"a2700.details.0.i47.2ec61361oDo4aX\">Varen nadzor vstopa\/brezgotovinsko pla\u010dilo \u010clanstvo in programi zvestobe Dostop do dogodkov in blagovna znamka\/Dru\u017eabni mediji\/Maloprodaja<br \/>\nOkolje\/Igre in igra\u010de Lokacija\/Elektronika\/Sejmi\/Dogodki\/Zahteva za klic\/Vizitke<\/div>\n<\/td>\n<\/tr>\n<\/tbody>\n<\/table>\n<p>&nbsp;<\/p>\n<p>MIFARE S50<a href=\"https:\/\/rfid-laundry-tag.com\/sl\/rfid-inlay\/\"> RFID vlo\u017eek\u00a0<\/a>je vsestranska re\u0161itev, zasnovana tako, da izpolnjuje vse ve\u010dje zahteve sodobnih aplikacij. Ta vlo\u017eek, ki podpira NFC, deluje pri frekvenci 13,56 MHz in ohranja vse bistvene lastnosti tehnologije MIFARE Classic, hkrati pa zagotavlja uporabniku prijazno funkcionalnost. S svojo kompaktno velikostjo premera 25 mm in debeline 0,5 mm je na voljo v priro\u010dnem praznem formatu nalepke za kovance, kar omogo\u010da preprosto pritrditev in uporabo v razli\u010dnih aplikacijah. Ne glede na to, ali i\u0161\u010dete re\u0161itve RFID za pla\u010dilne sisteme, nadzor dostopa ali identifikacijo, MIFARE Classic 1K Inlay ponuja neprimerljivo zanesljivost in zmogljivost.<\/p>\n<h3>Zakaj izbrati MIFARE S50 RFID vlo\u017eek?<\/h3>\n<ul>\n<li><strong>Enostavna integracija<\/strong>: Idealen za razli\u010dne aplikacije, od pla\u010dilnih sistemov do vstopnic za dogodke, ta vlo\u017eek se brezhibno integrira v obstoje\u010de platforme.<\/li>\n<li><strong>Stro\u0161kovno u\u010dinkovita re\u0161itev<\/strong>: Z nizko ceno, visoko kakovostjo in vzdr\u017eljivim dizajnom predstavlja ekonomi\u010dno mo\u017enost brez kompromisov pri zmogljivosti.<\/li>\n<li><strong>Uporabniku prijazen<\/strong>: Format prazne nalepke omogo\u010da enostavno ozna\u010devanje in aplikacije po meri, kar izbolj\u0161a uporabni\u0161ko izku\u0161njo.<\/li>\n<\/ul>\n<h3>Razlaga tehnologije NFC<\/h3>\n<p>Tehnologija NFC (Near Field Communication) tvori hrbtenico <strong>MIFARE Classic 1K vlo\u017eek<\/strong>. Z uporabo te tehnologije vlo\u017eek omogo\u010da brezsti\u010dno izmenjavo podatkov med napravami. Ta funkcija ni omejena le na interakcije med karticami in \u010ditalniki, temve\u010d omogo\u010da tudi mobilna pla\u010dila in varen nadzor dostopa.<\/p>\n<h3>Klju\u010dne prednosti MIFARE Classic 1K<\/h3>\n<ul>\n<li><strong>Izbolj\u0161ana varnost<\/strong>: Z edinstvenim 4-bajtnim UID-jem MIFARE Classic 1K Inlay pomaga prepre\u010diti podvajanje podatkov in va\u0161im aplikacijam doda dodatno plast varnosti.<\/li>\n<li><strong>Vsestranskost<\/strong>: Primerno za razli\u010dne brezsti\u010dne aplikacije, od maloprodaje do transporta, kar pove\u010duje sodelovanje uporabnikov.<\/li>\n<li><strong>Zdru\u017eljivost<\/strong>: Popolnoma zdru\u017eljiv z bralnikom\/zapisovalcem ACR122U, skupaj z drugimi napravami MIFARE Classic, zaradi \u010desar je univerzalno orodje v va\u0161em arzenalu NFC.<\/li>\n<\/ul>\n<h3>Navodila za uporabo<\/h3>\n<p>Za uporabo RFID vlo\u017eka MIFARE S50 ga preprosto pritrdite na \u017eeleno povr\u0161ino s prilo\u017eeno lepilno podlago. Za optimalno oprijemljivost se prepri\u010dajte, da je povr\u0161ina \u010dista in suha. Ko je vlo\u017eek pritrjen, ga lahko berete in nanj zapisujete z napravo, ki podpira NFC, ali zdru\u017eljivim bralnikom, kot je ACR122U.<\/p>\n<h3>Vpliv na okolje<\/h3>\n<p>Vlo\u017eek MIFARE S50 RFID je izdelan z mislijo na okolje. Uporaba trpe\u017enih in recikliranih materialov zagotavlja, da poleg zadovoljevanja va\u0161ih osebnih ali poslovnih potreb uporabljate tudi okolju prijazne prakse.<\/p>\n<h2 class=\"ng-star-inserted\"><strong class=\"ng-star-inserted\"><span class=\"ng-star-inserted\">RFID oznaka in vlo\u017eek: neomejene mo\u017enosti uporabe<\/span><\/strong><\/h2>\n<p class=\"ng-star-inserted\"><span class=\"ng-star-inserted\">Vlo\u017eek MIFARE S50 RFID<\/span><span class=\"ng-star-inserted\">\u00a0je vsestranska re\u0161itev, ki jo je mogo\u010de uporabiti v \u0161irokem naboru aplikacij, vklju\u010dno z:<\/span><\/p>\n<ul class=\"ng-star-inserted\">\n<li class=\"ng-star-inserted\">\n<p class=\"ng-star-inserted\"><strong class=\"ng-star-inserted\"><span class=\"ng-star-inserted\">Varen nadzor vstopa:<\/span><\/strong><span class=\"ng-star-inserted\">\u00a0Omogo\u010dite dostop poobla\u0161\u010denemu osebju in prepre\u010dite nepoobla\u0161\u010den vstop. Idealno za pisarne, dogodke in obmo\u010dja z omejenim dostopom.<\/span><\/p>\n<\/li>\n<li class=\"ng-star-inserted\">\n<p class=\"ng-star-inserted\"><strong class=\"ng-star-inserted\"><span class=\"ng-star-inserted\">Brezgotovinsko pla\u010dilo:<\/span><\/strong><span class=\"ng-star-inserted\">\u00a0Omogo\u010dite brezhibna in varna pla\u010dila v zaprtih okoljih, kot so tematski parki, letovi\u0161\u010da in poslovni kampusi.<\/span><\/p>\n<\/li>\n<li class=\"ng-star-inserted\">\n<p class=\"ng-star-inserted\"><strong class=\"ng-star-inserted\"><span class=\"ng-star-inserted\">Programi \u010dlanstva in zvestobe:<\/span><\/strong><span class=\"ng-star-inserted\">\u00a0Spremljajte aktivnost \u010dlanov, nagrajujte zveste stranke in prilagodite izku\u0161nje.<\/span><\/p>\n<\/li>\n<li class=\"ng-star-inserted\">\n<p class=\"ng-star-inserted\"><strong class=\"ng-star-inserted\"><span class=\"ng-star-inserted\">Dostop do dogodkov in blagovna znamka:<\/span><\/strong><span class=\"ng-star-inserted\">\u00a0Poenostavite vnos, zberite dragocene podatke in izbolj\u0161ajte anga\u017eiranost udele\u017eencev.<\/span><\/p>\n<\/li>\n<li class=\"ng-star-inserted\">\n<p class=\"ng-star-inserted\"><strong class=\"ng-star-inserted\"><span class=\"ng-star-inserted\">Dru\u017ebeni mediji:<\/span><\/strong><span class=\"ng-star-inserted\">\u00a0Ustvarite interaktivne izku\u0161nje z vdelavo intarzij v promocijske materiale, ki uporabnikom omogo\u010dajo, da se pove\u017eejo z va\u0161o blagovno znamko na spletu.<\/span><\/p>\n<\/li>\n<li class=\"ng-star-inserted\">\n<p class=\"ng-star-inserted\"><strong class=\"ng-star-inserted\"><span class=\"ng-star-inserted\">Maloprodajno okolje:<\/span><\/strong><span class=\"ng-star-inserted\">\u00a0Upravljajte zaloge, prepre\u010dite krajo in pridobite dragocene vpoglede v vedenje strank.<\/span><\/p>\n<\/li>\n<li class=\"ng-star-inserted\">\n<p class=\"ng-star-inserted\"><strong class=\"ng-star-inserted\"><span class=\"ng-star-inserted\">Igre in igra\u010de:<\/span><\/strong><span class=\"ng-star-inserted\">\u00a0Dodajte igra\u010dam in igram novo dimenzijo interaktivnosti in anga\u017eiranosti.<\/span><\/p>\n<\/li>\n<li class=\"ng-star-inserted\">\n<p class=\"ng-star-inserted\"><strong class=\"ng-star-inserted\"><span class=\"ng-star-inserted\">Lokacija:<\/span><\/strong><span class=\"ng-star-inserted\">\u00a0Sledite sredstvom, nadzorujte gibanje in izbolj\u0161ajte logisti\u010dno u\u010dinkovitost.<\/span><\/p>\n<\/li>\n<li class=\"ng-star-inserted\">\n<p class=\"ng-star-inserted\"><strong class=\"ng-star-inserted\"><span class=\"ng-star-inserted\">Elektronika:<\/span><\/strong><span class=\"ng-star-inserted\">\u00a0V elektronske naprave vgradite vlo\u017eke za preverjanje pristnosti, sledenje in prepre\u010devanje ponarejanja.<\/span><\/p>\n<\/li>\n<li class=\"ng-star-inserted\">\n<p class=\"ng-star-inserted\"><strong class=\"ng-star-inserted\"><span class=\"ng-star-inserted\">Sejmi\/dogodki:<\/span><\/strong><span class=\"ng-star-inserted\">\u00a0Olaj\u0161ajte pridobivanje potencialnih strank, spremljajte interese udele\u017eencev in zagotavljajte interaktivne izku\u0161nje.<\/span><\/p>\n<\/li>\n<li class=\"ng-star-inserted\">\n<p class=\"ng-star-inserted\"><strong class=\"ng-star-inserted\"><span class=\"ng-star-inserted\">Zahteva za klic:<\/span><\/strong><span class=\"ng-star-inserted\">\u00a0Omogo\u010dite uporabnikom, da z enim samim dotikom zahtevajo informacije ali pomo\u010d.<\/span><\/p>\n<\/li>\n<li class=\"ng-star-inserted\">\n<p class=\"ng-star-inserted\"><strong class=\"ng-star-inserted\"><span class=\"ng-star-inserted\">Vizitke:<\/span><\/strong><span class=\"ng-star-inserted\">\u00a0Preoblikujte tradicionalne vizitke v interaktivna orodja za mre\u017eenje in izmenjavo informacij.<\/span><\/p>\n<\/li>\n<\/ul>\n<h2>pogosta vpra\u0161anja<\/h2>\n<ul>\n<li><strong>Kak\u0161en je doseg vlo\u017eka MIFARE S50 RFID?<\/strong><br \/>\nU\u010dinkovit doseg je obi\u010dajno pribli\u017eno 10 cm pri uporabi tipi\u010dnih bralnikov NFC.<\/li>\n<li><strong>Ali lahko prilagodim vlo\u017eek MIFARE S50 RFID?<\/strong><br \/>\nDa, vlo\u017eke je mogo\u010de natisniti ali kodirati s podatki po meri, zaradi \u010desar so primerni za razli\u010dne aplikacije.<\/li>\n<li><strong>Je vlo\u017eek MIFARE S50 RFID vodoodporen?<\/strong><br \/>\nMedtem ko so vlo\u017eki zasnovani tako, da prenesejo zmerne okoljske razmere, je priporo\u010dljivo, da se izogibate dolgotrajni izpostavljenosti vodi, da ohranite optimalno funkcionalnost.<\/li>\n<\/ul>","protected":false},"excerpt":{"rendered":"<p>MIFARE S50 RFID Inlay, vsestranska NFC re\u0161itev z 1K pomnilnikom za varne, brezsti\u010dne aplikacije v razli\u010dnih okoljih.<\/p>","protected":false},"featured_media":3243,"template":"","meta":{"_kad_post_transparent":"default","_kad_post_title":"","_kad_post_layout":"default","_kad_post_sidebar_id":"","_kad_post_content_style":"default","_kad_post_vertical_padding":"default","_kad_post_feature":"","_kad_post_feature_position":"","_kad_post_header":false,"_kad_post_footer":false,"_kad_post_classname":""},"product_brand":[],"product_cat":[189],"product_tag":[398,111,194,393,108,399],"class_list":{"0":"post-3242","1":"product","2":"type-product","3":"status-publish","4":"has-post-thumbnail","6":"product_cat-rfid-inlay","7":"product_tag-mifare-s50-rfid-inlay","8":"product_tag-nfc-inlay","9":"product_tag-nfc-rfid-inlay","10":"product_tag-nfc-wet-inlay-sticker-tag-clear","11":"product_tag-rfid-inlay","12":"product_tag-rfid-inlay-factory","14":"first","15":"instock","16":"shipping-taxable","17":"product-type-simple","18":"entry","19":"content-bg","20":"loop-entry"},"_links":{"self":[{"href":"https:\/\/rfid-laundry-tag.com\/sl\/wp-json\/wp\/v2\/product\/3242","targetHints":{"allow":["GET"]}}],"collection":[{"href":"https:\/\/rfid-laundry-tag.com\/sl\/wp-json\/wp\/v2\/product"}],"about":[{"href":"https:\/\/rfid-laundry-tag.com\/sl\/wp-json\/wp\/v2\/types\/product"}],"version-history":[{"count":1,"href":"https:\/\/rfid-laundry-tag.com\/sl\/wp-json\/wp\/v2\/product\/3242\/revisions"}],"predecessor-version":[{"id":3247,"href":"https:\/\/rfid-laundry-tag.com\/sl\/wp-json\/wp\/v2\/product\/3242\/revisions\/3247"}],"wp:featuredmedia":[{"embeddable":true,"href":"https:\/\/rfid-laundry-tag.com\/sl\/wp-json\/wp\/v2\/media\/3243"}],"wp:attachment":[{"href":"https:\/\/rfid-laundry-tag.com\/sl\/wp-json\/wp\/v2\/media?parent=3242"}],"wp:term":[{"taxonomy":"product_brand","embeddable":true,"href":"https:\/\/rfid-laundry-tag.com\/sl\/wp-json\/wp\/v2\/product_brand?post=3242"},{"taxonomy":"product_cat","embeddable":true,"href":"https:\/\/rfid-laundry-tag.com\/sl\/wp-json\/wp\/v2\/product_cat?post=3242"},{"taxonomy":"product_tag","embeddable":true,"href":"https:\/\/rfid-laundry-tag.com\/sl\/wp-json\/wp\/v2\/product_tag?post=3242"}],"curies":[{"name":"delovni list","href":"https:\/\/api.w.org\/{rel}","templated":true}]}}