{"id":324,"date":"2024-06-28T06:46:40","date_gmt":"2024-06-28T06:46:40","guid":{"rendered":"https:\/\/rfid-laundry-tag.com\/?post_type=product&#038;p=324"},"modified":"2024-08-14T16:46:59","modified_gmt":"2024-08-14T16:46:59","slug":"nxp-ntag213-nfc-inlay-144byte","status":"publish","type":"product","link":"https:\/\/rfid-laundry-tag.com\/sl\/nxp-ntag213-nfc-inlay-144byte\/","title":{"rendered":"NXP Ntag213 NFC vlo\u017eek 144 bajtov"},"content":{"rendered":"<div>\n<div>NXP Ntag213 NFC vlo\u017eek 144 bajtov<\/div>\n<div><\/div>\n<div>RFID NFC vlo\u017eki igrajo pomembno vlogo pri optimiziranem delovanju sistemov, ki temeljijo na radijskih frekvencah.<\/div>\n<div>V kontekstu vlo\u017eka NFC NXP Ntag213 s kapaciteto 144 bajtov je to lahko \u0161e posebej res.<\/div>\n<div>Ti vlo\u017eki so na voljo v dveh oblikah, mokri in suhi, od katerih vsaka slu\u017ei edinstvenemu namenu.<\/div>\n<div><\/div>\n<div><\/div>\n<div class=\"auto-hide-last-sibling-br paragraph_9dc5f paragraph-element\">\u010cip NTAG213 ponuja \u0161tevilne prednosti, kot so:<\/div>\n<p>&nbsp;<\/p>\n<ul class=\"auto-hide-last-sibling-br\">\n<li>Brezkontaktni prenos energije in podatkov<\/li>\n<li>Mo\u017enost hitrega branja<\/li>\n<li>Izbolj\u0161ana RF zmogljivost<\/li>\n<li>Varnostne funkcije, vklju\u010dno z za\u0161\u010dito z geslom in funkcijami proti trkom<\/li>\n<li>Popolna skladnost s specifikacijami NFC Forum Tag Type 2<\/li>\n<\/ul>\n<\/div>\n<div>\n<table class=\"all magic-9\">\n<tbody>\n<tr>\n<td colspan=\"1\" rowspan=\"1\">\n<div class=\"magic-10\">Material<\/div>\n<\/td>\n<td colspan=\"1\" rowspan=\"1\">\n<div class=\"magic-11\" data-spm-anchor-id=\"a2700.details.0.i85.504d267eS1Hb6u\">PET, PVC, premazan papir itd.<\/div>\n<\/td>\n<\/tr>\n<tr>\n<td colspan=\"1\" rowspan=\"1\">\n<div class=\"magic-10\">\u010dip<\/div>\n<\/td>\n<td colspan=\"1\" rowspan=\"1\">\n<div class=\"magic-11\">Ntag213\/Ntag215\/Ntag216 itd<\/div>\n<\/td>\n<\/tr>\n<tr>\n<td colspan=\"1\" rowspan=\"1\">\n<div class=\"magic-10\">Pogostost<\/div>\n<\/td>\n<td colspan=\"1\" rowspan=\"1\">\n<div class=\"magic-11\">13,56 MHz<\/div>\n<\/td>\n<\/tr>\n<tr>\n<td colspan=\"1\" rowspan=\"1\">\n<div class=\"magic-10\">Protokol<\/div>\n<\/td>\n<td colspan=\"1\" rowspan=\"1\">\n<div class=\"magic-11\">ISO 14443A<\/div>\n<\/td>\n<\/tr>\n<tr>\n<td colspan=\"1\" rowspan=\"1\">\n<div class=\"magic-10\">Velikost<\/div>\n<\/td>\n<td colspan=\"1\" rowspan=\"1\">\n<div class=\"magic-11\">Premer 25, 30, 35 mm ali velikost po meri<\/div>\n<\/td>\n<\/tr>\n<tr>\n<td colspan=\"1\" rowspan=\"1\">\n<div class=\"magic-10\">Funkcija<\/div>\n<\/td>\n<td colspan=\"1\" rowspan=\"1\">\n<div class=\"magic-11\">Vodoodporna, te\u017eka, tisk prilagojen<\/div>\n<\/td>\n<\/tr>\n<tr>\n<td colspan=\"1\" rowspan=\"1\">\n<div class=\"magic-10\">Vzorec<\/div>\n<\/td>\n<td colspan=\"1\" rowspan=\"1\">\n<div class=\"magic-11\">brezpla\u010dno na voljo<\/div>\n<\/td>\n<\/tr>\n<tr>\n<td colspan=\"1\" rowspan=\"1\">\n<div class=\"magic-10\">Preberi razdaljo<\/div>\n<\/td>\n<td colspan=\"1\" rowspan=\"1\">\n<div class=\"magic-11\" data-spm-anchor-id=\"a2700.details.0.i84.504d267eS1Hb6u\">0-10 cm<\/div>\n<\/td>\n<\/tr>\n<\/tbody>\n<\/table>\n<\/div>\n<div><\/div>\n<div><\/div>\n<div><strong>RFID NFC vlo\u017eki<\/strong> na voljo sta v dveh vrstah, mokri in suhi. Mokri vlo\u017eek RFID NFC je opremljen z lepljivo podlago, suhi pa ne. Zagotavljajo mo\u017enost oznake, ki deluje na 13,56 MHz in je posebej zasnovana za proizvajalce originalne opreme (OEM). Za te vlo\u017eke sta na voljo oba pomnilni\u0161ka \u010dipa ISO 15693 in 14443 NFC.<\/div>\n<div><\/div>\n<div class=\"text-title\"><strong><span class=\"magic-26\" style=\"font-family: Arial;\" data-spm-anchor-id=\"a2700.details.0.i47.6f4d7d7dnursE7\">Suhi vlo\u017eek<\/span><\/strong><\/div>\n<div class=\"text-content\">\n<p><span class=\"magic-6\" style=\"font-family: Arial;\">Preprosto povedano, RFID suhi vlo\u017eek je kombinacija RFID \u010dipa in antene. Lahko se uporablja za izdelavo nalepk NFC, nalepk RFID, vstopnic RFID in razli\u010dnih oznak RFID. <\/span><\/p>\n<div data-spm-anchor-id=\"a2700.details.0.i46.6f4d7d7dnursE7\">\n<p><span class=\"magic-6\" style=\"font-family: Arial;\"> Antena suhega vlo\u017eka je jedkana iz aluminija, ki je tanj\u0161a v primerjavi z bakreno tuljavo. Obliko antene je mogo\u010de prilagoditi in preoblikovati na zahtevo.<\/span><\/p>\n<p>&nbsp;<\/p>\n<\/div>\n<\/div>\n<div>\n<div class=\"text-title\"><strong><span class=\"magic-26\" style=\"font-family: Arial;\">Mokri vlo\u017eek<\/span><\/strong><\/div>\n<div class=\"text-content\">\n<p><span class=\"magic-6\" style=\"font-family: Arial;\" data-spm-anchor-id=\"a2700.details.0.i49.6f4d7d7dnursE7\">Suhi vlo\u017eek RFID, ki mu je dodano lepilo, se imenuje mokri vlo\u017eek. Lahko se uporablja neposredno kot nalepka RFID ali nalepka NFC, \u010de ne potrebujete tiskanja na povr\u0161ino. \u010ce jih nalepite na predmete, lahko prihranite stro\u0161ke in dose\u017eete isti namen. \u0160iroko se uporablja tudi pri izdelavi oznak RFID. Antena mokrega vlo\u017eka je jedkana iz aluminija, ki je tanj\u0161a v primerjavi z bakreno tuljavo. Obliko antene je mogo\u010de prilagoditi in preoblikovati na zahtevo.<\/span><\/p>\n<div><span class=\"magic-6\" style=\"font-family: Arial;\">\u00a0<\/span><\/div>\n<div data-spm-anchor-id=\"a2700.details.0.i48.6f4d7d7dnursE7\"><\/div>\n<\/div>\n<\/div>","protected":false},"excerpt":{"rendered":"<p>NXP Ntag213 NFC Inlay 144Byte je posebna vrsta IC, ki je skladna z oznako NFC Forum Type 2 in vsebuje 144 bajtov uporabni\u0161kega pomnilnika. Zasnovan je z mislijo na vsestranskost in je med drugim primeren za razli\u010dne aplikacije v panogah, kot so trgovina na drobno, igre na sre\u010do in potro\u0161ni\u0161ka elektronika.<\/p>","protected":false},"featured_media":326,"template":"","meta":{"_kad_post_transparent":"default","_kad_post_title":"","_kad_post_layout":"default","_kad_post_sidebar_id":"","_kad_post_content_style":"default","_kad_post_vertical_padding":"default","_kad_post_feature":"","_kad_post_feature_position":"","_kad_post_header":false,"_kad_post_footer":false,"_kad_post_classname":""},"product_brand":[],"product_cat":[54,189],"product_tag":[111,140,110],"class_list":{"0":"post-324","1":"product","2":"type-product","3":"status-publish","4":"has-post-thumbnail","6":"product_cat-hot-selling-rfid-tags","7":"product_cat-rfid-inlay","8":"product_tag-nfc-inlay","9":"product_tag-nxp-ntag213-nfc-inlay-144byte","10":"product_tag-rfid-nfc-inlay","12":"first","13":"instock","14":"shipping-taxable","15":"product-type-simple","16":"entry","17":"content-bg","18":"loop-entry"},"_links":{"self":[{"href":"https:\/\/rfid-laundry-tag.com\/sl\/wp-json\/wp\/v2\/product\/324","targetHints":{"allow":["GET"]}}],"collection":[{"href":"https:\/\/rfid-laundry-tag.com\/sl\/wp-json\/wp\/v2\/product"}],"about":[{"href":"https:\/\/rfid-laundry-tag.com\/sl\/wp-json\/wp\/v2\/types\/product"}],"version-history":[{"count":3,"href":"https:\/\/rfid-laundry-tag.com\/sl\/wp-json\/wp\/v2\/product\/324\/revisions"}],"predecessor-version":[{"id":1336,"href":"https:\/\/rfid-laundry-tag.com\/sl\/wp-json\/wp\/v2\/product\/324\/revisions\/1336"}],"wp:featuredmedia":[{"embeddable":true,"href":"https:\/\/rfid-laundry-tag.com\/sl\/wp-json\/wp\/v2\/media\/326"}],"wp:attachment":[{"href":"https:\/\/rfid-laundry-tag.com\/sl\/wp-json\/wp\/v2\/media?parent=324"}],"wp:term":[{"taxonomy":"product_brand","embeddable":true,"href":"https:\/\/rfid-laundry-tag.com\/sl\/wp-json\/wp\/v2\/product_brand?post=324"},{"taxonomy":"product_cat","embeddable":true,"href":"https:\/\/rfid-laundry-tag.com\/sl\/wp-json\/wp\/v2\/product_cat?post=324"},{"taxonomy":"product_tag","embeddable":true,"href":"https:\/\/rfid-laundry-tag.com\/sl\/wp-json\/wp\/v2\/product_tag?post=324"}],"curies":[{"name":"delovni list","href":"https:\/\/api.w.org\/{rel}","templated":true}]}}