{"id":321,"date":"2024-06-28T06:45:35","date_gmt":"2024-06-28T06:45:35","guid":{"rendered":"https:\/\/rfid-laundry-tag.com\/?post_type=product&#038;p=321"},"modified":"2024-06-28T06:45:35","modified_gmt":"2024-06-28T06:45:35","slug":"i-code-slix-rfid-library-book-sticker-5050mm","status":"publish","type":"product","link":"https:\/\/rfid-laundry-tag.com\/sl\/i-code-slix-rfid-library-book-sticker-5050mm\/","title":{"rendered":"I CODE SLIX RFID Knji\u017eni\u010dna knji\u017ena nalepka 50*50 mm"},"content":{"rendered":"<table style=\"font-family: var(--global-body-font-family);\" width=\"772\">\n<tbody>\n<tr>\n<td width=\"153\"><strong>Ime izdelka<\/strong><\/td>\n<td width=\"619\"><strong>\u00a0I CODE SLIX RFID Knji\u017eni\u010dna knji\u017ena nalepka\u00a0<\/strong><\/td>\n<\/tr>\n<tr>\n<td width=\"153\">Material<\/td>\n<td width=\"619\">PET+Al+papir\/PVC\/PET<\/td>\n<\/tr>\n<tr>\n<td width=\"153\">barva<\/td>\n<td width=\"619\">cmyk, \u0161tiribarvni tisk<\/td>\n<\/tr>\n<tr>\n<td width=\"153\">Dimenzija nalepke<\/td>\n<td width=\"619\">45 * 45 mm, 50 * 50 mm itd<\/td>\n<\/tr>\n<tr>\n<td width=\"153\">\u010dip<\/td>\n<td width=\"619\">\u00a0I CODE SLIX ,ICODE\u00ae SLIX-S itd<\/td>\n<\/tr>\n<tr>\n<td width=\"153\">Protokol<\/td>\n<td width=\"619\">ISO15693<\/td>\n<\/tr>\n<tr>\n<td width=\"153\">Pogostost<\/td>\n<td width=\"619\">13,56 MHz<\/td>\n<\/tr>\n<tr>\n<td width=\"153\">Razdalja branja<\/td>\n<td width=\"619\">HF: 1-30 cm je odvisno od bralnika in okolja<\/td>\n<\/tr>\n<tr>\n<td width=\"153\">Tiskanje<\/td>\n<td width=\"619\">CMYK, tisk po meri, prazno<\/td>\n<\/tr>\n<tr>\n<td width=\"153\">Paket<\/td>\n<td width=\"619\">2000 kosov\/zvitek, 16000 kosov\/ctn, po meri<\/td>\n<\/tr>\n<tr>\n<td width=\"153\">Brezpla\u010dni vzorec<\/td>\n<td width=\"619\">ja<\/td>\n<\/tr>\n<\/tbody>\n<\/table>\n<p>&nbsp;<\/p>\n<p>Sistem, ki je v prvi vrsti zasnovan za pove\u010danje u\u010dinkovitosti postopkov upravljanja knjig in datotek, pomaga pri pregledih inventarja, sledenju lokacijam, omogo\u010da samopostre\u017ene sisteme za vra\u010dila knjig in prepre\u010duje krajo, \u010de na\u0161tejemo le nekaj funkcij. Njegova uporaba bistveno optimizira knji\u017eni\u010dno poslovanje, zato je pametna izbira za sodobne knji\u017enice.<\/p>\n<div class=\"auto-hide-last-sibling-br paragraph_9dc5f paragraph-element\">Knji\u017eni\u010dna knji\u017ena nalepka I CODE SLIX RFID je u\u010dinkovita re\u0161itev za pametno upravljanje knji\u017eni\u010dnih virov. Tu so njegove funkcije in odgovori na nekatera pogosto zastavljena vpra\u0161anja:<\/div>\n<p>&nbsp;<\/p>\n<div class=\"auto-hide-last-sibling-br paragraph_9dc5f paragraph-element\"><strong>Zna\u010dilnosti knji\u017eni\u010dne nalepke I CODE SLIX RFID:<\/strong><\/div>\n<ol class=\"auto-hide-last-sibling-br\">\n<li>Ta oznaka RFID ISO15693 je posebej zasnovana za sisteme upravljanja knji\u017enic.<\/li>\n<li>Deluje na 13,56MHz v obmo\u010dju visokih frekvenc (HF).<\/li>\n<li>Te nalepke so na voljo v razli\u010dnih velikostih, predvsem 85*<em>50mm in 50*<\/em>50 mm.<\/li>\n<li>Pona\u0161ajo se z vodoodpornimi lastnostmi in so tudi samolepilni.<\/li>\n<li>Ponujajo lahko razdaljo branja v razponu od 1-15 cm, z uporabni\u0161kim pomnilnikom 896 bitov.<\/li>\n<li>Idealne so za aplikacije, ki so omejene z omejenim prostorom, najpogosteje v sistemih za upravljanje dokumentov.<\/li>\n<\/ol>\n<p>&nbsp;<\/p>\n<div class=\"auto-hide-last-sibling-br paragraph_9dc5f paragraph-element\"><strong>Pogosto zastavljena vpra\u0161anja (FAQ):<\/strong><\/div>\n<ul class=\"auto-hide-last-sibling-br\">\n<li>\n<div class=\"auto-hide-last-sibling-br paragraph_9dc5f paragraph-element\"><strong>V1:<\/strong>\u00a0Kako lahko oddam naro\u010dilo?<\/div>\n<ul class=\"auto-hide-last-sibling-br\">\n<li>O: Svoje zahteve lahko sporo\u010dite slu\u017ebi za stranke, dokon\u010date specifikacije izdelka, izvedete pla\u010dilo in nato poskrbite za dostavo izdelka.<\/li>\n<\/ul>\n<\/li>\n<li>\n<div class=\"auto-hide-last-sibling-br paragraph_9dc5f paragraph-element\"><strong>Q2:<\/strong>\u00a0Kak\u0161en je pri\u010dakovani rok izdelave\/dobave?<\/div>\n<ul class=\"auto-hide-last-sibling-br\">\n<li>O: Pri\u010dakovani \u010dasovni okvir za proizvodnjo in dostavo je obi\u010dajno v 20 dneh. Vendar se to lahko spremeni glede na posebne konfiguracije naro\u010dila.<\/li>\n<\/ul>\n<\/li>\n<li>\n<div class=\"auto-hide-last-sibling-br paragraph_9dc5f paragraph-element\"><strong>Q3:<\/strong>\u00a0Ali gredo vsi artikli skozi testiranje pred po\u0161iljanjem?<\/div>\n<ul class=\"auto-hide-last-sibling-br\">\n<li>O: Dejansko so vsi izdelki podvr\u017eeni obse\u017enemu testiranju, preden so odposlani, vklju\u010dno s pregledi osnovne opreme.<\/li>\n<\/ul>\n<\/li>\n<li>\n<div class=\"auto-hide-last-sibling-br paragraph_9dc5f paragraph-element\"><strong>Q4:<\/strong>\u00a0Ali je mogo\u010de prejeti vzor\u010dno po\u0161iljko?<\/div>\n<ul class=\"auto-hide-last-sibling-br\">\n<li>O: Da, na\u0161im strankam ponujamo dejanske izdelke kot vzorce.<\/li>\n<\/ul>\n<\/li>\n<\/ul>","protected":false},"excerpt":{"rendered":"<p>I CODE SLIX RFID knji\u017eni\u010dna knji\u017ena nalepka s svojimi dimenzijami 50*50 mm igra klju\u010dno vlogo pri upravljanju knji\u017eni\u010dnih knjig in datotek. Deluje v povezavi z RFID anteno in \u010ditalnikom ter prispeva k pametnemu upravljanju knji\u017eni\u010dnih virov.<\/p>","protected":false},"featured_media":323,"template":"","meta":{"_kad_post_transparent":"default","_kad_post_title":"","_kad_post_layout":"default","_kad_post_sidebar_id":"","_kad_post_content_style":"default","_kad_post_vertical_padding":"default","_kad_post_feature":"","_kad_post_feature_position":"","_kad_post_header":false,"_kad_post_footer":false,"_kad_post_classname":""},"product_brand":[],"product_cat":[54],"product_tag":[138,139],"class_list":{"0":"post-321","1":"product","2":"type-product","3":"status-publish","4":"has-post-thumbnail","6":"product_cat-hot-selling-rfid-tags","7":"product_tag-i-code-slix-rfid-library-book-sticker","8":"product_tag-i-code-slix-rfid-sticker","10":"first","11":"instock","12":"shipping-taxable","13":"product-type-simple","14":"entry","15":"content-bg","16":"loop-entry"},"_links":{"self":[{"href":"https:\/\/rfid-laundry-tag.com\/sl\/wp-json\/wp\/v2\/product\/321","targetHints":{"allow":["GET"]}}],"collection":[{"href":"https:\/\/rfid-laundry-tag.com\/sl\/wp-json\/wp\/v2\/product"}],"about":[{"href":"https:\/\/rfid-laundry-tag.com\/sl\/wp-json\/wp\/v2\/types\/product"}],"version-history":[{"count":0,"href":"https:\/\/rfid-laundry-tag.com\/sl\/wp-json\/wp\/v2\/product\/321\/revisions"}],"wp:featuredmedia":[{"embeddable":true,"href":"https:\/\/rfid-laundry-tag.com\/sl\/wp-json\/wp\/v2\/media\/323"}],"wp:attachment":[{"href":"https:\/\/rfid-laundry-tag.com\/sl\/wp-json\/wp\/v2\/media?parent=321"}],"wp:term":[{"taxonomy":"product_brand","embeddable":true,"href":"https:\/\/rfid-laundry-tag.com\/sl\/wp-json\/wp\/v2\/product_brand?post=321"},{"taxonomy":"product_cat","embeddable":true,"href":"https:\/\/rfid-laundry-tag.com\/sl\/wp-json\/wp\/v2\/product_cat?post=321"},{"taxonomy":"product_tag","embeddable":true,"href":"https:\/\/rfid-laundry-tag.com\/sl\/wp-json\/wp\/v2\/product_tag?post=321"}],"curies":[{"name":"delovni list","href":"https:\/\/api.w.org\/{rel}","templated":true}]}}