{"id":3191,"date":"2026-01-09T13:46:57","date_gmt":"2026-01-09T13:46:57","guid":{"rendered":"https:\/\/rfid-laundry-tag.com\/?post_type=product&#038;p=3191"},"modified":"2026-01-09T13:46:57","modified_gmt":"2026-01-09T13:46:57","slug":"uhf-wash-care-label-rfid-chips-in-garment","status":"publish","type":"product","link":"https:\/\/rfid-laundry-tag.com\/sl\/uhf-wash-care-label-rfid-chips-in-garment\/","title":{"rendered":"UHF RFID \u010dipi za etikete za nego pranja v obla\u010dilih"},"content":{"rendered":"<div class=\"J_module\">\n<div class=\"ife-detail-decorate-table\">\n<table class=\"hight-light-first-column all magic-14\">\n<tbody>\n<tr>\n<td colspan=\"1\" rowspan=\"1\">\n<div class=\"magic-15\" data-spm-anchor-id=\"a2700.details.0.i95.236a58c1ycsfva\">Ime produkcije:<\/div>\n<\/td>\n<td colspan=\"1\" rowspan=\"1\">\n<div class=\"magic-16\"><strong>UHF RFID \u010dipi za etikete za nego pranja v obla\u010dilih<\/strong><\/div>\n<\/td>\n<\/tr>\n<tr>\n<td colspan=\"1\" rowspan=\"1\">\n<div class=\"magic-15\"><span class=\"magic-17\">Material:<\/span><\/div>\n<\/td>\n<td colspan=\"1\" rowspan=\"1\">\n<div class=\"magic-16\">Poliester\/sestava\/saten\/bomba\u017e\/netkano\/PET itd.<\/div>\n<\/td>\n<\/tr>\n<tr>\n<td colspan=\"1\" rowspan=\"1\">\n<div class=\"magic-15\"><span class=\"magic-17\">Velikost:<\/span><\/div>\n<\/td>\n<td colspan=\"1\" rowspan=\"1\">\n<div class=\"magic-16\"><span class=\"magic-17\">80 * 38 mm\/60 * 30 mm\/61 * 26 mm\/60 * 22 mm\/ itd. ali po meri<\/span><\/div>\n<\/td>\n<\/tr>\n<tr>\n<td colspan=\"1\" rowspan=\"1\">\n<div class=\"magic-15\"><span class=\"magic-17\">Tip:<\/span><\/div>\n<\/td>\n<td colspan=\"1\" rowspan=\"1\">\n<div class=\"magic-16\"><span class=\"magic-17\">Pasivno, RFID<\/span><\/div>\n<\/td>\n<\/tr>\n<tr>\n<td colspan=\"1\" rowspan=\"1\">\n<div class=\"magic-15\">RF protokol:<\/div>\n<\/td>\n<td colspan=\"1\" rowspan=\"1\">\n<div class=\"magic-16\">ISO 18000-6C; EPC razred 1 Gen 2<\/div>\n<\/td>\n<\/tr>\n<tr>\n<td colspan=\"1\" rowspan=\"1\">\n<div class=\"magic-15\"><span class=\"magic-17\">Pogostost:<\/span><\/div>\n<\/td>\n<td colspan=\"1\" rowspan=\"1\">\n<div class=\"magic-16\"><span class=\"magic-17\">860~960MHz<\/span><\/div>\n<\/td>\n<\/tr>\n<tr>\n<td colspan=\"1\" rowspan=\"1\">\n<div class=\"magic-15\">\u010dip<\/div>\n<\/td>\n<td colspan=\"1\" rowspan=\"1\">\n<div class=\"magic-16\">U8,U9,Alien Higgs, Monza 4D, Monza 4QT, Monza R6, Monza R6-P, Impinj M730, Impinj M750 itd.<\/div>\n<\/td>\n<\/tr>\n<tr>\n<td colspan=\"1\" rowspan=\"1\">\n<div class=\"magic-15\"><span class=\"magic-17\">Razdalja branja:<\/span><\/div>\n<\/td>\n<td colspan=\"1\" rowspan=\"1\">\n<div class=\"magic-16\"><span class=\"magic-17\">UHF: 1~10m (odvisno od \u010ditalnika in antene)<\/span><\/div>\n<\/td>\n<\/tr>\n<tr>\n<td colspan=\"1\" rowspan=\"1\">\n<div class=\"magic-15\"><span class=\"magic-17\">Fiksni na\u010din:<\/span><\/div>\n<\/td>\n<td colspan=\"1\" rowspan=\"1\">\n<div class=\"magic-16\"><span class=\"magic-17\">\u0160ivanje \/ likanje<\/span><\/div>\n<\/td>\n<\/tr>\n<tr>\n<td colspan=\"1\" rowspan=\"1\">\n<div class=\"magic-15\"><span class=\"magic-17\">Tiskanje:<\/span><\/div>\n<\/td>\n<td colspan=\"1\" rowspan=\"1\">\n<div class=\"magic-16\"><span class=\"magic-17\">Tiskanje, kodiranje, serijska \u0161tevilka, oblikovanje itd.<\/span><\/div>\n<\/td>\n<\/tr>\n<tr>\n<td colspan=\"1\" rowspan=\"1\">\n<div class=\"magic-15\"><span class=\"magic-17\">\u017divljenjska doba IC:<\/span><\/div>\n<\/td>\n<td colspan=\"1\" rowspan=\"1\">\n<div class=\"magic-16\" data-spm-anchor-id=\"a2700.details.0.i94.236a58c1ycsfva\"><span class=\"magic-17\">100.000 programskih ciklov<br \/>\n10 let hrambe podatkov<\/span><\/div>\n<\/td>\n<\/tr>\n<tr>\n<td colspan=\"1\" rowspan=\"1\">\n<div class=\"magic-15\"><span class=\"magic-17\">Razpolo\u017eljivost vzorcev:<\/span><\/div>\n<\/td>\n<td colspan=\"1\" rowspan=\"1\">\n<div class=\"magic-16\"><span class=\"magic-17\">Brezpla\u010dni vzorci so na voljo na zahtevo<\/span><\/div>\n<\/td>\n<\/tr>\n<tr>\n<td colspan=\"1\" rowspan=\"1\">\n<div class=\"magic-15\"><span class=\"magic-17\">Aplikacije:\u00a0<\/span><\/div>\n<\/td>\n<td colspan=\"1\" rowspan=\"1\">\n<div class=\"magic-16\"><span class=\"magic-17\">\u00b7 Upravljanje zalog<br \/>\n\u00b7 Dobavna veriga<br \/>\n\u00b7 Maloprodaja<\/span><\/div>\n<\/td>\n<\/tr>\n<tr>\n<td colspan=\"1\" rowspan=\"1\">\n<div class=\"magic-15\"><span class=\"magic-17\">Uporaba<\/span><\/div>\n<\/td>\n<td colspan=\"1\" rowspan=\"1\">\n<div class=\"magic-16\"><span class=\"magic-17\">Obla\u010dila, obla\u010dila, torbe, \u010devlji itd.<\/span><\/div>\n<\/td>\n<\/tr>\n<\/tbody>\n<\/table>\n<\/div>\n<\/div>\n<div class=\"J_module\">\n<div class=\"detail-decorate-json-renderer-container\">\n<div class=\"magic-1\">\n<div class=\"magic-5\">\n<div class=\"magic-6\">\n<div><\/div>\n<\/div>\n<div>\n<div class=\"auto-hide-last-sibling-br paragraph_1252f paragraph-element\">\n<div class=\"auto-hide-last-sibling-br paragraph_1252f paragraph-element\">\n<div class=\"auto-hide-last-sibling-br paragraph_1252f paragraph-element\">\n<p>&nbsp;<\/p>\n<div class=\"auto-hide-last-sibling-br paragraph_1252f paragraph-element\">\n<p><a href=\"https:\/\/rfid-laundry-tag.com\/sl\/\"><strong>UHF RFID \u010dipi za etikete za nego pranja<\/strong>\u00a0<\/a>Ponujajo udobnej\u0161o in ko\u017ei prijaznej\u0161o alternativo tradicionalnim etiketam za obla\u010dila. Te etikete so zasnovane za enostavno integracijo v obla\u010dila in poenostavljajo upravljanje obla\u010dil.<\/p>\n<\/div>\n<\/div>\n<\/div>\n<div><\/div>\n<div class=\"auto-hide-last-sibling-br paragraph_1252f paragraph-element\">\n<div class=\"auto-hide-last-sibling-br paragraph_1252f paragraph-element\">\n<h2 class=\"AnswerParser_AnswerParserH2__SIHnF\">Izbolj\u0161ajte prepoznavnost svoje dobavne verige<\/h2>\n<p><span class=\"AnswerParser_TextContainer__z_Iiv\" data-testid=\"youchat-text\">Z vgradnjo na\u0161ih UHF RFID \u010dipov za ozna\u010devanje pralnega \u010dasa v va\u0161a obla\u010dila pridobite izjemno preglednost nad svojo dobavno verigo. Sledite svojim obla\u010dilom od izdelave do prodaje in celo skozi ve\u010d ciklov pranja v industrijskih pralnicah.<\/span><span class=\"AnswerParser_TextContainer__z_Iiv\" data-testid=\"youchat-text\">Ta izbolj\u0161ana vidnost vam omogo\u010da, da:<\/span><\/p>\n<ul class=\"AnswerParser_AnswerParserUnorderedList__P_1FW\">\n<li class=\"AnswerParser_ListItem__XqLOV\" translate=\"yes\">Zmanj\u0161ajte kr\u010denje in izgubo<\/li>\n<li class=\"AnswerParser_ListItem__XqLOV\" translate=\"yes\">Izbolj\u0161ajte u\u010dinkovitost zamenjave izdelka<\/li>\n<li class=\"AnswerParser_ListItem__XqLOV\" translate=\"yes\">Optimizirajte ravni zalog<\/li>\n<li class=\"AnswerParser_ListItem__XqLOV\" translate=\"yes\">Pove\u010dajte zadovoljstvo strank z bolj\u0161o razpolo\u017eljivostjo izdelkov<\/li>\n<\/ul>\n<h2 class=\"AnswerParser_AnswerParserH2__SIHnF\">Enostavna namestitev in uporaba<\/h2>\n<p><span class=\"AnswerParser_TextContainer__z_Iiv\" data-testid=\"youchat-text\">Na\u0161e nalepke RFID za nego pri pranju so zasnovane za brezhibno integracijo v va\u0161a obla\u010dila:<\/span><\/p>\n<ol class=\"AnswerParser_AnswerParserOrderedList__kl_2Y\">\n<li class=\"AnswerParser_ListItem__XqLOV\" translate=\"yes\"><strong>Mo\u017enost \u0161ivanja<\/strong>: Tradicionalna metoda pritrditve za vzdr\u017eljivost.<\/li>\n<li class=\"AnswerParser_ListItem__XqLOV\" translate=\"yes\"><strong>Iron-On aplikacija<\/strong>: Hitra in enostavna namestitev s tehnologijo prenosa toplote.<\/li>\n<\/ol>\n<p><span class=\"AnswerParser_TextContainer__z_Iiv\" data-testid=\"youchat-text\">Obe metodi zagotavljata, da etiketa ostane varno pritrjena skozi celoten \u017eivljenjski cikel obla\u010dila.<\/span><\/p>\n<h3 class=\"auto-hide-last-sibling-br paragraph_1252f paragraph-element\"><strong>Tukaj je nekaj primerov, kako so vrhunske blagovne znamke obla\u010dil uspe\u0161no implementirale oznake RFID UHF:<\/strong><\/h3>\n<ol class=\"auto-hide-last-sibling-br\">\n<li>\n<div class=\"auto-hide-last-sibling-br paragraph_1252f paragraph-element\"><strong>Prada<\/strong>: Ta znana italijanska luksuzna znamka je leta 2001 sprejela oznake RFID, ki omogo\u010dajo podrobno bele\u017eenje informacij, kot so slog, velikost, barva in cena. Zanimivo je, da ko gredo potro\u0161niki v obla\u010dilih Prada skozi njihove trgovine, so na modelih v trgovini prikazane ustrezne obleke, ki posnemajo pisto visoke mode v Milanu. Ta inovativna uporaba tehnologije RFID pove\u010duje zadovoljstvo potro\u0161nikov Prade po nakupu.<\/div>\n<\/li>\n<li>\n<div class=\"auto-hide-last-sibling-br paragraph_1252f paragraph-element\"><strong>H&amp;M<\/strong>: Ta mednarodna znamka je tehnologijo RFID za\u010dela uporabljati leta 2014. Pri na\u010drtovanih 1800 trgovinah tehnologija RFID omogo\u010da samodejno sledenje kategorijam izdelkov, koli\u010dinam in porabi.<\/div>\n<\/li>\n<li>\n<div class=\"auto-hide-last-sibling-br paragraph_1252f paragraph-element\"><strong>ZARA<\/strong>V prvi polovici leta 2016 je mati\u010dna dru\u017eba Zara, Inditex, izjavila, da je uporaba tehnologije RFID izbolj\u0161ala upravljanje zalog in dobave za pribli\u017eno 701 000 njenih blagovnih znamk. Ta uvedba je povzro\u010dila 11,11 tiso\u010d pove\u010danja prodaje in 7,51 tiso\u010d pove\u010danja dobi\u010dka, kar je zna\u0161alo 1,26 milijarde evrov.<\/div>\n<\/li>\n<li>\n<div class=\"auto-hide-last-sibling-br paragraph_1252f paragraph-element\"><strong>Uniqlo<\/strong>: Leta 2017 je Uniqlo objavil svoj na\u010drt za uvedbo oznak RFID UHF v 3000 trgovinah po vsem svetu, s \u010dimer je postal prvi japonski trgovec na drobno, ki uporablja elektronske oznake po vsem svetu.<\/div>\n<\/li>\n<\/ol>\n<div class=\"auto-hide-last-sibling-br paragraph_1252f paragraph-element\">To je le nekaj vpogledov v to, kako vodilne blagovne znamke obla\u010dil izkori\u0161\u010dajo oznake RFID. Od leta 2019 je prakti\u010dno vsaka svetovna blagovna znamka na svoja obla\u010dila namestila oznake RFID, kar je povzro\u010dilo ve\u010d kot 20 milijard ozna\u010denih kosov obla\u010dil \u2013 \u0161tevilo, ki \u0161e naprej znatno nara\u0161\u010da. Med drugimi pomembnimi blagovnimi znamkami, ki so sprejele to tehnologijo, sta NIKE in Walmart.<\/div>\n<\/div>\n<\/div>\n<\/div>\n<h2 class=\"AnswerParser_AnswerParserH2__SIHnF\">Kontaktirajte nas za re\u0161itev po meri<\/h2>\n<p><span class=\"AnswerParser_TextContainer__z_Iiv\" data-testid=\"youchat-text\">Ste pripravljeni na revolucijo v upravljanju obla\u010dil z na\u0161imi UHF RFID etiketami za pranje? Tukaj smo, da vam pomagamo najti popolno re\u0161itev za va\u0161e potrebe.<\/span><\/p>\n<ul class=\"AnswerParser_AnswerParserUnorderedList__P_1FW\">\n<li class=\"AnswerParser_ListItem__XqLOV\" translate=\"yes\"><strong>Brezpla\u010dni vzorci<\/strong>: Zahtevajte brezpla\u010dne vzorce za testiranje v va\u0161em okolju.<\/li>\n<li class=\"AnswerParser_ListItem__XqLOV\" translate=\"yes\"><strong>Prilagajanje<\/strong>: Povejte nam svoje posebne zahteve za re\u0161itev po meri.<\/li>\n<li class=\"AnswerParser_ListItem__XqLOV\" translate=\"yes\"><strong>Strokovno posvetovanje<\/strong>: Na\u0161a ekipa strokovnjakov za RFID je pripravljena odgovoriti na va\u0161a vpra\u0161anja.<\/li>\n<\/ul>\n<p>Skratka, etikete za nego UHF satenastega pranja zdru\u017eujejo udobje, priro\u010dnost in napredno tehnologijo, zaradi \u010desar so odli\u010dna izbira tako za proizvajalce kot za potro\u0161nike, ki i\u0161\u010dejo bolj\u0161o re\u0161itev za ozna\u010devanje.<\/p>\n<p>&nbsp;<\/p>\n<\/div>\n<\/div>\n<\/div>\n<\/div>\n<\/div>","protected":false},"excerpt":{"rendered":"<p><strong>UHF RFID \u010dipi za etikete za nego pranja v obla\u010dilih<\/strong>\u00a0ponujamo udobnej\u0161o in ko\u017ei prijaznej\u0161o alternativo tradicionalnim obla\u010dilnim znamkam, z ve\u010d kot 15-letnimi izku\u0161njami!<\/p>","protected":false},"featured_media":3192,"template":"","meta":{"_kad_post_transparent":"default","_kad_post_title":"","_kad_post_layout":"default","_kad_post_sidebar_id":"","_kad_post_content_style":"default","_kad_post_vertical_padding":"default","_kad_post_feature":"","_kad_post_feature_position":"","_kad_post_header":false,"_kad_post_footer":false,"_kad_post_classname":""},"product_brand":[],"product_cat":[81],"product_tag":[389,390,388,391],"class_list":{"0":"post-3191","1":"product","2":"type-product","3":"status-publish","4":"has-post-thumbnail","6":"product_cat-rfid-wash-care-clothing-label","7":"product_tag-rfid-chips-in-garment","8":"product_tag-uhf-wash-care-labe","9":"product_tag-uhf-wash-care-label-rfid-chips-in-garment","10":"product_tag-wash-care-label-rfid","12":"first","13":"instock","14":"shipping-taxable","15":"product-type-simple","16":"entry","17":"content-bg","18":"loop-entry"},"_links":{"self":[{"href":"https:\/\/rfid-laundry-tag.com\/sl\/wp-json\/wp\/v2\/product\/3191","targetHints":{"allow":["GET"]}}],"collection":[{"href":"https:\/\/rfid-laundry-tag.com\/sl\/wp-json\/wp\/v2\/product"}],"about":[{"href":"https:\/\/rfid-laundry-tag.com\/sl\/wp-json\/wp\/v2\/types\/product"}],"version-history":[{"count":1,"href":"https:\/\/rfid-laundry-tag.com\/sl\/wp-json\/wp\/v2\/product\/3191\/revisions"}],"predecessor-version":[{"id":3194,"href":"https:\/\/rfid-laundry-tag.com\/sl\/wp-json\/wp\/v2\/product\/3191\/revisions\/3194"}],"wp:featuredmedia":[{"embeddable":true,"href":"https:\/\/rfid-laundry-tag.com\/sl\/wp-json\/wp\/v2\/media\/3192"}],"wp:attachment":[{"href":"https:\/\/rfid-laundry-tag.com\/sl\/wp-json\/wp\/v2\/media?parent=3191"}],"wp:term":[{"taxonomy":"product_brand","embeddable":true,"href":"https:\/\/rfid-laundry-tag.com\/sl\/wp-json\/wp\/v2\/product_brand?post=3191"},{"taxonomy":"product_cat","embeddable":true,"href":"https:\/\/rfid-laundry-tag.com\/sl\/wp-json\/wp\/v2\/product_cat?post=3191"},{"taxonomy":"product_tag","embeddable":true,"href":"https:\/\/rfid-laundry-tag.com\/sl\/wp-json\/wp\/v2\/product_tag?post=3191"}],"curies":[{"name":"delovni list","href":"https:\/\/api.w.org\/{rel}","templated":true}]}}