{"id":319,"date":"2024-06-28T06:17:02","date_gmt":"2024-06-28T06:17:02","guid":{"rendered":"https:\/\/rfid-laundry-tag.com\/?post_type=product&#038;p=319"},"modified":"2024-09-23T10:21:27","modified_gmt":"2024-09-23T10:21:27","slug":"iso15693-i-code-slix-rfid-inlay","status":"publish","type":"product","link":"https:\/\/rfid-laundry-tag.com\/sl\/iso15693-i-code-slix-rfid-inlay\/","title":{"rendered":"ISO15693 ICODE SLIX RFID vlo\u017eek"},"content":{"rendered":"<table class=\"hight-light-first-column all magic-1\">\n<tbody>\n<tr>\n<td colspan=\"1\" rowspan=\"1\">\n<div class=\"magic-2\">\n<div class=\"magic-3\" data-spm-anchor-id=\"a2700.pc-decorate.0.i24.7f543333WPG8F0\"><span class=\"magic-4\" data-spm-anchor-id=\"a2700.pc-decorate.0.i23.7f543333WPG8F0\"><span class=\"magic-5\" style=\"color: #000000; font-family: Roboto;\"><b class=\"magic-4\" data-spm-anchor-id=\"a2700.pc-decorate.0.i114.7f543333WPG8F0\">Postavka<\/b><\/span><\/span><\/div>\n<\/div>\n<\/td>\n<td colspan=\"4\" rowspan=\"1\">\n<div class=\"magic-6\"><strong>ISO15693 ICODE SLIX RFID vlo\u017eek<\/strong><\/div>\n<\/td>\n<\/tr>\n<tr>\n<td colspan=\"1\" rowspan=\"1\">\n<div class=\"magic-2\">\n<div class=\"magic-3\" data-spm-anchor-id=\"a2700.pc-decorate.0.i22.7f543333WPG8F0\"><span class=\"magic-4\" data-spm-anchor-id=\"a2700.pc-decorate.0.i10.7f543333WPG8F0\"><b class=\"magic-4\"><span class=\"magic-5\" style=\"color: #000000; font-family: Roboto;\">Material<\/span><\/b><\/span><\/div>\n<\/div>\n<\/td>\n<td colspan=\"4\" rowspan=\"1\">\n<div class=\"magic-9\"><span class=\"magic-5\" style=\"color: #000000;\">Papir \/ PP folija \/ PET \/ Inlay<\/span><\/div>\n<\/td>\n<\/tr>\n<tr>\n<td colspan=\"1\" rowspan=\"1\">\n<div class=\"magic-2\">\n<div class=\"magic-3\" data-spm-anchor-id=\"a2700.pc-decorate.0.i34.7f543333WPG8F0\"><b class=\"magic-13\" data-spm-anchor-id=\"a2700.pc-decorate.0.i111.7f543333WPG8F0\"><span class=\"magic-5\" style=\"color: #000000; font-family: Roboto;\">Pogostost<\/span><\/b><\/div>\n<\/div>\n<\/td>\n<td colspan=\"4\" rowspan=\"1\">\n<div class=\"magic-6\"><span class=\"magic-5\" style=\"color: #000000; font-family: Roboto;\" data-spm-anchor-id=\"a2700.details.0.i25.244e512bmtbZH7\">13,56 MHz<\/span><\/div>\n<\/td>\n<\/tr>\n<tr>\n<td colspan=\"1\" rowspan=\"1\">\n<div class=\"magic-2\">\n<div class=\"magic-3\" data-spm-anchor-id=\"a2700.pc-decorate.0.i33.7f543333WPG8F0\"><b class=\"magic-4\"><span class=\"magic-5\" style=\"color: #000000; font-family: Roboto;\">Velikost<\/span><\/b><\/div>\n<\/div>\n<\/td>\n<td colspan=\"4\" rowspan=\"1\">\n<div class=\"magic-9\"><span class=\"magic-5\" style=\"color: #000000;\">50*50\/45*45\/30*15\/40*25\/ Dia 25\/30 ali velikost po meri<\/span><\/div>\n<\/td>\n<\/tr>\n<tr>\n<td colspan=\"1\" rowspan=\"1\">\n<div class=\"magic-2\">\n<div class=\"magic-3\"><b class=\"magic-14\">Aplikacije<\/b><\/div>\n<\/div>\n<\/td>\n<td colspan=\"4\" rowspan=\"1\">\n<div class=\"magic-6\" data-spm-anchor-id=\"a2700.details.0.i24.244e512bmtbZH7\"><span class=\"magic-5\" style=\"color: #000000; font-family: Roboto;\">Pogosto se uporablja pri upravljanju sredstev, upravljanju obla\u010dil, inventarju, knji\u017enici, nakitu, logistiki itd.<\/span><\/div>\n<\/td>\n<\/tr>\n<\/tbody>\n<\/table>\n<p>&nbsp;<\/p>\n<p>ICODE SLIX IC je namenski \u010dip za aplikacije inteligentnih nalepk, kot so knji\u017enice, preverjanje pristnosti izdelkov v razli\u010dnih panogah, kot so farmacija, medicinske naprave in alkohol, ter upravljanje proizvodnje na razli\u010dnih podro\u010djih industrije. Ta IC je tretja generacija dru\u017eine izdelkov IC-jev s pametnimi nalepkami, ki temelji na standardih ISO ISO\/IEC 15693 in ISO\/IEC 18000-3, ter podalj\u0161uje uspe\u0161no zgodbo NXP.<sup>\u00ae<\/sup>\u00a0na podro\u010dju sistemov za identifikacijo okolice.<\/p>\n<h3>Brezkontaktni prenos energije in podatkov<\/h3>\n<p>Kadarkoli je ICODE SLIX IC povezan z zelo preprostim in enostavnim tipom antene (zaradi nosilne frekvence 13,56 MHz), izdelano iz nekaj navitij, tiskanih, navitih, jedkanih ali luknjanih tuljav, lahko deluje brez vidna linija do razdalje 1,5 m (\u0161irina vrat). Baterija ni potrebna. Ko je pametna nalepka name\u0161\u010dena v polju spra\u0161evalne antene, hitri RF komunikacijski vmesnik omogo\u010da prenos podatkov do 53 kbit\/s.<\/p>\n<h3>Proti tr\u010denju<\/h3>\n<p>Inteligentna funkcija proti tr\u010denju omogo\u010da, da ve\u010d oznak deluje na polju hkrati. Algoritem za prepre\u010devanje trkov izbere vsako oznako posebej in zagotovi, da je izvedba transakcije z izbrano oznako izvedena pravilno brez po\u0161kodb podatkov, ki so posledica drugih oznak v polju.<\/p>\n<h3>Zna\u010dilnosti vlo\u017enega \u010dipa ISO15693 ICODE SLIX RFID<\/h3>\n<div id=\"featuresXsp\" class=\"features-list\">\n<div class=\"features-xsp\">\n<div class=\"collapse-mobile ste-list\">\n<h3>RF vmesnik ICODE SLIX (ISO\/IEC 15693)<\/h3>\n<ul class=\"boxes\">\n<li>Brezkontaktni prenos podatkov in dobava energije (brez baterije)<\/li>\n<li>Delovna razdalja: do 1,5 m (odvisno od geometrije antene)<\/li>\n<li>Delovna frekvenca: 13,56 MHz (ISM, svetovna licenca je prosto dostopna)<\/li>\n<li>Hiter prenos podatkov: do 53 kbit\/s<\/li>\n<li>Visoka celovitost podatkov: 16-bitni CRC, okvirjanje<\/li>\n<li>Prava za\u0161\u010dita pred tr\u010denjem<\/li>\n<li>Elektronski nadzor izdelkov (EAS), za\u0161\u010diten z geslom<\/li>\n<li>Z geslom za\u0161\u010diten identifikator dru\u017eine aplikacij (AFI)<\/li>\n<li>ID formata za shranjevanje podatkov (DSFID)<\/li>\n<li>Dodatno hitro branje proti trku<\/li>\n<li>Razdalja pisanja je enaka razdalji branja<\/li>\n<\/ul>\n<\/div>\n<div class=\"collapse-mobile ste-list\">\n<h3>EEPROM<\/h3>\n<ul class=\"boxes\">\n<li>1024 bitov, organiziranih v 32 blokih po 4 bajte<\/li>\n<li>50 let hrambe podatkov<\/li>\n<li>Napi\u0161ite vzdr\u017eljivost 100000 ciklov<\/li>\n<\/ul>\n<\/div>\n<div class=\"collapse-mobile ste-list\">\n<h3>Varnost<\/h3>\n<ul class=\"boxes\">\n<li>Enoli\u010dni identifikator za vsako napravo<\/li>\n<li>Mehanizem zaklepanja za vsak uporabni\u0161ki pomnilni\u0161ki blok (za\u0161\u010dita pred pisanjem)<\/li>\n<li>Zaklepni mehanizem za DSFID, AFI, EAS<\/li>\n<li>Z geslom (32-bitno) za\u0161\u010ditena funkcija EAS in AFI<\/li>\n<\/ul>\n<\/div>\n<\/div>\n<\/div>\n<div class=\"auto-hide-last-sibling-br paragraph_9dc5f paragraph-element\"><strong>ISO15693 ICODE SLIX RFID vlo\u017eek:<\/strong>\u00a0Vlo\u017eek RFID je sestavljen iz antene in mikro\u010dipa, kjer \u010dip shranjuje podatke, antena pa je odgovorna za prenos teh podatkov do \u010ditalnika RFID.<\/div>\n<p>&nbsp;<\/p>\n<div class=\"auto-hide-last-sibling-br paragraph_9dc5f paragraph-element\"><strong>Mokri vlo\u017eki:<\/strong>\u00a0To so vlo\u017eki RFID, ki so name\u0161\u010deni na vrhu lepilne plasti in prozorne plasti PET (polietilen tereftalat). PET plast se uporablja za za\u0161\u010dito pred fizi\u010dnimi po\u0161kodbami. Z lepljivo stranjo, obrnjeno stran od nalepke ali materiala, jih je mogo\u010de udobno uporabiti za izdelavo nalepk RFID, zato je njihova \u0161iroka uporaba pri ustvarjanju nalepk za razli\u010dne sektorje.<\/div>\n<div><\/div>\n<div>\n<div class=\"auto-hide-last-sibling-br paragraph_9dc5f paragraph-element\">\u00a0Oznaka ISO15693 ICODE SLIX NFC, izdelana iz razli\u010dnih materialov, kot so papir, PP folija, PET ali vlo\u017eek, in v razli\u010dnih velikostih, se \u0161iroko uporablja. Pogosto jih boste na\u0161li v panogah, kot so:<\/div>\n<p>&nbsp;<\/p>\n<ul class=\"auto-hide-last-sibling-br\">\n<li><strong>Upravljanje premo\u017eenja:<\/strong>\u00a0Oznake se uporabljajo za sledenje fizi\u010dnih sredstev v razli\u010dnih nastavitvah, kot je oprema za spremljanje v zdravstvu ali IT.<\/li>\n<li><strong>Upravljanje obla\u010dil:<\/strong>\u00a0V modni maloprodaji te oznake olaj\u0161ajo sledenje inventarja, ukrepe proti kraji in izbolj\u0161ajo izku\u0161njo strank v trgovini.<\/li>\n<li><strong>Upravljanje zalog:<\/strong>\u00a0V skladi\u0161\u010dih in maloprodaji se oznake RFID uporabljajo za u\u010dinkovito upravljanje zalog, zmanj\u0161anje ro\u010dnega dela in zmanj\u0161anje napak.<\/li>\n<li><strong>Upravljanje knji\u017enice:<\/strong>\u00a0Uporabljajo se za avtomatizacijo postopkov izposoje in vra\u010dila, izbolj\u0161anje upravljanja zalog in nudijo za\u0161\u010dito pred krajo.<\/li>\n<li><strong>Upravljanje nakita:<\/strong>\u00a0Lahke in natan\u010dne te oznake nudijo varen in u\u010dinkovit nadzor zalog v industriji nakita.<\/li>\n<li><strong>Logistika:<\/strong> Oznake RFID se uporabljajo za sledenje blaga v tranzitu, izbolj\u0161anje natan\u010dnosti po\u0161iljanja in izbolj\u0161anje vidnosti v dobavni verigi.<\/li>\n<\/ul>\n<div class=\"auto-hide-last-sibling-br paragraph_9dc5f paragraph-element\">Velikost in obliko oznake je mogo\u010de prilagoditi glede na specifi\u010dno aplikacijo, kar pove\u010da njihovo prilagodljivost in prilagodljivost v razli\u010dnih primerih uporabe.<\/div>\n<\/div>\n<div><\/div>\n<div>\n<h2 class=\"AnswerParser_AnswerParserH2__SIHnF\">Za\u010dnite z NXP ICODE SLIX RFID \u017ee danes<\/h2>\n<p><span class=\"AnswerParser_TextContainer__z_Iiv\" data-testid=\"youchat-text\">Ste pripravljeni spremeniti svoje procese upravljanja sredstev in preverjanja pristnosti? Naredite prvi korak k u\u010dinkovitej\u0161i prihodnosti:<\/span><\/p>\n<ol class=\"AnswerParser_AnswerParserOrderedList__kl_2Y\">\n<li class=\"AnswerParser_ListItem__XqLOV\" translate=\"yes\"><strong>Zahtevajte brezpla\u010den vzorec<\/strong>: Izkusite kakovost in zmogljivost iz prve roke<\/li>\n<li class=\"AnswerParser_ListItem__XqLOV\" translate=\"yes\"><strong>Posvetujte se z na\u0161imi strokovnjaki<\/strong>: Pridobite prilagojen nasvet o uvedbi RFID v va\u0161em podjetju<\/li>\n<li class=\"AnswerParser_ListItem__XqLOV\" translate=\"yes\"><strong>Ponudba po meri<\/strong>: Prejmite cenovni na\u010drt po meri, ki temelji na va\u0161ih specifi\u010dnih potrebah in obsegu<\/li>\n<\/ol>\n<p><span class=\"AnswerParser_TextContainer__z_Iiv\" data-testid=\"youchat-text\">Ne dovolite, da zastarele metode sledenja ovirajo va\u0161e poslovanje. Izkoristite mo\u010d tehnologije NXP ICODE SLIX RFID in ostanite pred konkurenco. Izpolnite na\u0161 obrazec za povpra\u0161evanje \u0161e danes, da za\u010dnete svojo pot proti pametnej\u0161im in u\u010dinkovitej\u0161im operacijam.<\/span><\/div>","protected":false},"excerpt":{"rendered":"<p>Naredite revolucijo pri upravljanju sredstev z vlo\u017ekom RFID NXP ICODE SLIX 13,56 MHz, ki izbolj\u0161a u\u010dinkovitost zalog in avtentikacijo izdelkov v razli\u010dnih panogah.<\/p>","protected":false},"featured_media":320,"template":"","meta":{"_kad_post_transparent":"default","_kad_post_title":"","_kad_post_layout":"default","_kad_post_sidebar_id":"","_kad_post_content_style":"default","_kad_post_vertical_padding":"default","_kad_post_feature":"","_kad_post_feature_position":"","_kad_post_header":false,"_kad_post_footer":false,"_kad_post_classname":""},"product_brand":[],"product_cat":[54,189],"product_tag":[306,111,108],"class_list":{"0":"post-319","1":"product","2":"type-product","3":"status-publish","4":"has-post-thumbnail","6":"product_cat-hot-selling-rfid-tags","7":"product_cat-rfid-inlay","8":"product_tag-icode-slix-rfid-inlay","9":"product_tag-nfc-inlay","10":"product_tag-rfid-inlay","12":"first","13":"instock","14":"shipping-taxable","15":"product-type-simple","16":"entry","17":"content-bg","18":"loop-entry"},"_links":{"self":[{"href":"https:\/\/rfid-laundry-tag.com\/sl\/wp-json\/wp\/v2\/product\/319","targetHints":{"allow":["GET"]}}],"collection":[{"href":"https:\/\/rfid-laundry-tag.com\/sl\/wp-json\/wp\/v2\/product"}],"about":[{"href":"https:\/\/rfid-laundry-tag.com\/sl\/wp-json\/wp\/v2\/types\/product"}],"version-history":[{"count":3,"href":"https:\/\/rfid-laundry-tag.com\/sl\/wp-json\/wp\/v2\/product\/319\/revisions"}],"predecessor-version":[{"id":2656,"href":"https:\/\/rfid-laundry-tag.com\/sl\/wp-json\/wp\/v2\/product\/319\/revisions\/2656"}],"wp:featuredmedia":[{"embeddable":true,"href":"https:\/\/rfid-laundry-tag.com\/sl\/wp-json\/wp\/v2\/media\/320"}],"wp:attachment":[{"href":"https:\/\/rfid-laundry-tag.com\/sl\/wp-json\/wp\/v2\/media?parent=319"}],"wp:term":[{"taxonomy":"product_brand","embeddable":true,"href":"https:\/\/rfid-laundry-tag.com\/sl\/wp-json\/wp\/v2\/product_brand?post=319"},{"taxonomy":"product_cat","embeddable":true,"href":"https:\/\/rfid-laundry-tag.com\/sl\/wp-json\/wp\/v2\/product_cat?post=319"},{"taxonomy":"product_tag","embeddable":true,"href":"https:\/\/rfid-laundry-tag.com\/sl\/wp-json\/wp\/v2\/product_tag?post=319"}],"curies":[{"name":"delovni list","href":"https:\/\/api.w.org\/{rel}","templated":true}]}}