{"id":3186,"date":"2026-01-09T13:37:43","date_gmt":"2026-01-09T13:37:43","guid":{"rendered":"https:\/\/rfid-laundry-tag.com\/?post_type=product&#038;p=3186"},"modified":"2026-01-09T13:37:44","modified_gmt":"2026-01-09T13:37:44","slug":"fabric-woven-rfid-wash-care-tag","status":"publish","type":"product","link":"https:\/\/rfid-laundry-tag.com\/sl\/fabric-woven-rfid-wash-care-tag\/","title":{"rendered":"Tkana RFID etiketa za pranje in nego"},"content":{"rendered":"<div>\n<div>\n<table>\n<tbody>\n<tr>\n<td colspan=\"1\" rowspan=\"1\">\n<div data-spm-anchor-id=\"a2700.details.0.i95.236a58c1ycsfva\">Ime produkcije:<\/div>\n<\/td>\n<td colspan=\"1\" rowspan=\"1\">\n<div><strong>Tkana RFID etiketa za pranje in nego<\/strong><\/div>\n<\/td>\n<\/tr>\n<tr>\n<td colspan=\"1\" rowspan=\"1\">\n<div>Material:<\/div>\n<\/td>\n<td colspan=\"1\" rowspan=\"1\">\n<div>Poliester\/tkani\/sestava\/saten\/bomba\u017e\/netkani\/PET itd.<\/div>\n<\/td>\n<\/tr>\n<tr>\n<td colspan=\"1\" rowspan=\"1\">\n<div>Velikost:<\/div>\n<\/td>\n<td colspan=\"1\" rowspan=\"1\">\n<div>80 * 38 mm\/60 * 30 mm\/61 * 26 mm\/60 * 22 mm\/ itd. ali po meri<\/div>\n<\/td>\n<\/tr>\n<tr>\n<td colspan=\"1\" rowspan=\"1\">\n<div>Tip:<\/div>\n<\/td>\n<td colspan=\"1\" rowspan=\"1\">\n<div>Pasivno, RFID<\/div>\n<\/td>\n<\/tr>\n<tr>\n<td colspan=\"1\" rowspan=\"1\">\n<div>RF protokol:<\/div>\n<\/td>\n<td colspan=\"1\" rowspan=\"1\">\n<div>ISO 18000-6C; EPC razred 1 Gen 2<\/div>\n<\/td>\n<\/tr>\n<tr>\n<td colspan=\"1\" rowspan=\"1\">\n<div>Pogostost:<\/div>\n<\/td>\n<td colspan=\"1\" rowspan=\"1\">\n<div>860~960MHz<\/div>\n<\/td>\n<\/tr>\n<tr>\n<td colspan=\"1\" rowspan=\"1\">\n<div>\u010dip<\/div>\n<\/td>\n<td colspan=\"1\" rowspan=\"1\">\n<div>U8,U9,Alien Higgs, Monza 4D, Monza 4QT, Monza R6, Monza R6-P, Impinj M730, Impinj M750 itd.<\/div>\n<\/td>\n<\/tr>\n<tr>\n<td colspan=\"1\" rowspan=\"1\">\n<div>Razdalja branja:<\/div>\n<\/td>\n<td colspan=\"1\" rowspan=\"1\">\n<div>UHF: 1~10m (odvisno od \u010ditalnika in antene)<\/div>\n<\/td>\n<\/tr>\n<tr>\n<td colspan=\"1\" rowspan=\"1\">\n<div>Fiksni na\u010din:<\/div>\n<\/td>\n<td colspan=\"1\" rowspan=\"1\">\n<div>\u0160ivanje \/ likanje<\/div>\n<\/td>\n<\/tr>\n<tr>\n<td colspan=\"1\" rowspan=\"1\">\n<div>Tiskanje:<\/div>\n<\/td>\n<td colspan=\"1\" rowspan=\"1\">\n<div>Tiskanje, kodiranje, serijska \u0161tevilka, oblikovanje itd.<\/div>\n<\/td>\n<\/tr>\n<tr>\n<td colspan=\"1\" rowspan=\"1\">\n<div>\u017divljenjska doba IC:<\/div>\n<\/td>\n<td colspan=\"1\" rowspan=\"1\">\n<div data-spm-anchor-id=\"a2700.details.0.i94.236a58c1ycsfva\">100.000 programskih ciklov<br \/>\n10 let hrambe podatkov<\/div>\n<\/td>\n<\/tr>\n<tr>\n<td colspan=\"1\" rowspan=\"1\">\n<div>Razpolo\u017eljivost vzorcev:<\/div>\n<\/td>\n<td colspan=\"1\" rowspan=\"1\">\n<div>Brezpla\u010dni vzorci so na voljo na zahtevo<\/div>\n<\/td>\n<\/tr>\n<tr>\n<td colspan=\"1\" rowspan=\"1\">\n<div>Aplikacije:<\/div>\n<\/td>\n<td colspan=\"1\" rowspan=\"1\">\n<div>\u00b7 Upravljanje zalog<br \/>\n\u00b7 Dobavna veriga<br \/>\n\u00b7 Maloprodaja<\/div>\n<\/td>\n<\/tr>\n<tr>\n<td colspan=\"1\" rowspan=\"1\">\n<div>Uporaba<\/div>\n<\/td>\n<td colspan=\"1\" rowspan=\"1\">\n<div>Obla\u010dila, obla\u010dila, torbe, \u010devlji itd.<\/div>\n<\/td>\n<\/tr>\n<\/tbody>\n<\/table>\n<\/div>\n<\/div>\n<div>\n<div>\n<div>\n<div>\n<div>\n<div><\/div>\n<\/div>\n<div>\n<div>\n<h2>Najlonska tkanina je mehka in odporna proti obrabi<\/h2>\n<div><a href=\"https:\/\/rfid-laundry-tag.com\/sl\/\">Tkana RFID etiketa za pranje in nego<\/a>\u00a0Najlonska tkanina ima dobro \u017eilavost, gladko tkanino in odli\u010dne tiskarske u\u010dinke, zato jo je mogo\u010de prati brez lahke obrabe.<\/div>\n<div>Trenutno se pogosto uporablja v obla\u010dilih, \u010devljih, torbah, doma\u010dem tekstilu in upravljanju hotelskega perila.<\/div>\n<\/div>\n<\/div>\n<\/div>\n<div><\/div>\n<div>Tkana RFID oznaka za pranje perila ima vgrajen UHF \u010dip in mo\u017enost branja na dolge razdalje<br \/>\nOpremljen z UHF \u010dipom, ga je mogo\u010de prepisati<br \/>\nPodatki se lahko hranijo do 100.000-krat 10 let, poleg tega pa ponuja stabilno in zanesljivo delovanje.<\/div>\n<\/div>\n<div><\/div>\n<div>Tkanina Tkana RFID Oznaka za nego pranja je bila podpora za prilagoditev Brezpla\u010dna zasnova<br \/>\nPrilagodljivo s kodiranjem, logotipom, 1D\/2D \u010drtnimi kodami po \u017eelji,<\/div>\n<div>in na voljo tudi v velikostih po meri, modelih \u010dipov, barvah itd.<\/div>\n<div>\n<div><\/div>\n<div>\n<div>\n<div>\n<div>\n<div>\n<h2>Enostavna namestitev in uporaba<\/h2>\n<p>Na\u0161e tkaninske RFID etikete za pranje in nego so zasnovane za brezhibno integracijo z va\u0161imi obla\u010dili:<\/p>\n<ol>\n<li translate=\"yes\">Mo\u017enost pri\u0161itja: Tradicionalna metoda pritrditve za vzdr\u017eljivost.<\/li>\n<li translate=\"yes\">Nanos z likanjem: Hitra in enostavna namestitev s tehnologijo prenosa toplote.<\/li>\n<\/ol>\n<p>Obe metodi zagotavljata, da RFID oznaka ostane varno pritrjena skozi celoten \u017eivljenjski cikel obla\u010dila.<\/p>\n<h3>Tukaj je nekaj primerov, kako so vrhunske blagovne znamke obla\u010dil uspe\u0161no uvedle tkane RFID oznake za pranje in nego:<\/h3>\n<ol>\n<li>\n<div>Prada: Ta znana italijanska luksuzna blagovna znamka je leta 2001 uvedla RFID oznake za pranje in nego, ki omogo\u010dajo podrobno bele\u017eenje informacij, kot so slog, velikost, barva in cena. Zanimivo je, da so pri prehodu potro\u0161nikov, ki nosijo obla\u010dila Prada, ustrezna obla\u010dila prikazana na modelih v trgovini, kar posnema modno pisto v Milanu. Ta inovativna uporaba tehnologije RFID pove\u010duje zadovoljstvo potro\u0161nikov Prade po nakupu.<\/div>\n<\/li>\n<li>\n<div>H&amp;M: Ta mednarodna blagovna znamka je za\u010dela uporabljati tehnologijo RFID leta 2014. V na\u010drtovanih 1800 trgovinah tehnologija RFID omogo\u010da samodejno sledenje kategorijam izdelkov, koli\u010dinam in porabi.<\/div>\n<\/li>\n<li>\n<div>ZARA: V prvi polovici leta 2016 je mati\u010dna dru\u017eba Zara, Inditex, izjavila, da je uporaba tehnologije RFID izbolj\u0161ala upravljanje zalog in dobave za pribli\u017eno 701 000 njenih blagovnih znamk. Ta uvedba je povzro\u010dila 11,11 tiso\u010d pove\u010danja prodaje in 7,51 tiso\u010d pove\u010danja dobi\u010dka, kar je zna\u0161alo 1,26 milijarde evrov.<\/div>\n<\/li>\n<li>\n<div>Uniqlo: Leta 2017 je Uniqlo napovedal na\u010drt za namestitev RFID UHF oznak v 3000 trgovinah po vsem svetu, s \u010dimer je postal prvi japonski trgovec na drobno, ki uporablja elektronske oznake po vsem svetu.<\/div>\n<\/li>\n<\/ol>\n<div>To je le nekaj vpogledov v to, kako vodilne blagovne znamke obla\u010dil izkori\u0161\u010dajo oznake RFID. Od leta 2019 je prakti\u010dno vsaka svetovna blagovna znamka na svoja obla\u010dila namestila oznake RFID, kar je povzro\u010dilo ve\u010d kot 20 milijard ozna\u010denih kosov obla\u010dil \u2013 \u0161tevilo, ki \u0161e naprej znatno nara\u0161\u010da. Med drugimi pomembnimi blagovnimi znamkami, ki so sprejele to tehnologijo, sta NIKE in Walmart.<\/div>\n<\/div>\n<\/div>\n<\/div>\n<\/div>\n<\/div>\n<\/div>\n<\/div>\n<\/div>","protected":false},"excerpt":{"rendered":"<div class=\"elementor-element elementor-element-4f79c63 e-flex e-con-boxed e-con e-parent e-lazyloaded\" data-id=\"4f79c63\" data-element_type=\"container\" data-settings=\"{&quot;_ha_eqh_enable&quot;:false}\">\n<div class=\"e-con-inner\">\n<div class=\"elementor-element elementor-element-be3873c elementor-widget elementor-widget-woocommerce-product-short-description\" data-id=\"be3873c\" data-element_type=\"widget\" data-widget_type=\"woocommerce-product-short-description.default\">\n<div class=\"elementor-widget-container\">\n<div class=\"woocommerce-product-details__short-description\">\n<p>Vzdr\u017eljiv <strong>najlonska tkana RFID etiketa za pranje in nego<\/strong> z UHF \u010dipom, 100.000-kratno ponovno zapisljiv, dolgo obstojen, prilagodljiv dizajn, idealen za tekstil in obla\u010dila.<\/p>\n<\/div>\n<\/div>\n<\/div>\n<\/div>\n<\/div>\n<div class=\"elementor-element elementor-element-3ad806e e-flex e-con-boxed e-con e-parent e-lazyloaded\" data-id=\"3ad806e\" data-element_type=\"container\" data-settings=\"{&quot;_ha_eqh_enable&quot;:false}\">\n<div class=\"e-con-inner\">\n<div class=\"elementor-element elementor-element-362020f elementor-widget elementor-widget-woocommerce-product-data-tabs\" data-id=\"362020f\" data-element_type=\"widget\" data-widget_type=\"woocommerce-product-data-tabs.default\">\n<div class=\"elementor-widget-container\">\n<div class=\"woocommerce-tabs wc-tabs-wrapper\"><\/div>\n<\/div>\n<\/div>\n<\/div>\n<\/div>","protected":false},"featured_media":3187,"template":"","meta":{"_kad_post_transparent":"default","_kad_post_title":"","_kad_post_layout":"default","_kad_post_sidebar_id":"","_kad_post_content_style":"default","_kad_post_vertical_padding":"default","_kad_post_feature":"","_kad_post_feature_position":"","_kad_post_header":false,"_kad_post_footer":false,"_kad_post_classname":""},"product_brand":[],"product_cat":[81],"product_tag":[386,285,387],"class_list":{"0":"post-3186","1":"product","2":"type-product","3":"status-publish","4":"has-post-thumbnail","6":"product_cat-rfid-wash-care-clothing-label","7":"product_tag-fabric-woven-rfid-wash-care-tag","8":"product_tag-rfid-tag","9":"product_tag-rfid-wash-care-tag","11":"first","12":"instock","13":"shipping-taxable","14":"product-type-simple","15":"entry","16":"content-bg","17":"loop-entry"},"_links":{"self":[{"href":"https:\/\/rfid-laundry-tag.com\/sl\/wp-json\/wp\/v2\/product\/3186","targetHints":{"allow":["GET"]}}],"collection":[{"href":"https:\/\/rfid-laundry-tag.com\/sl\/wp-json\/wp\/v2\/product"}],"about":[{"href":"https:\/\/rfid-laundry-tag.com\/sl\/wp-json\/wp\/v2\/types\/product"}],"version-history":[{"count":1,"href":"https:\/\/rfid-laundry-tag.com\/sl\/wp-json\/wp\/v2\/product\/3186\/revisions"}],"predecessor-version":[{"id":3190,"href":"https:\/\/rfid-laundry-tag.com\/sl\/wp-json\/wp\/v2\/product\/3186\/revisions\/3190"}],"wp:featuredmedia":[{"embeddable":true,"href":"https:\/\/rfid-laundry-tag.com\/sl\/wp-json\/wp\/v2\/media\/3187"}],"wp:attachment":[{"href":"https:\/\/rfid-laundry-tag.com\/sl\/wp-json\/wp\/v2\/media?parent=3186"}],"wp:term":[{"taxonomy":"product_brand","embeddable":true,"href":"https:\/\/rfid-laundry-tag.com\/sl\/wp-json\/wp\/v2\/product_brand?post=3186"},{"taxonomy":"product_cat","embeddable":true,"href":"https:\/\/rfid-laundry-tag.com\/sl\/wp-json\/wp\/v2\/product_cat?post=3186"},{"taxonomy":"product_tag","embeddable":true,"href":"https:\/\/rfid-laundry-tag.com\/sl\/wp-json\/wp\/v2\/product_tag?post=3186"}],"curies":[{"name":"delovni list","href":"https:\/\/api.w.org\/{rel}","templated":true}]}}