{"id":3180,"date":"2026-01-09T13:29:20","date_gmt":"2026-01-09T13:29:20","guid":{"rendered":"https:\/\/rfid-laundry-tag.com\/?post_type=product&#038;p=3180"},"modified":"2026-01-09T13:29:20","modified_gmt":"2026-01-09T13:29:20","slug":"rfid-garment-tag-for-apparel-and-fashion","status":"publish","type":"product","link":"https:\/\/rfid-laundry-tag.com\/sl\/rfid-garment-tag-for-apparel-and-fashion\/","title":{"rendered":"RFID oznaka za obla\u010dila in modo"},"content":{"rendered":"<h2 class=\"ng-star-inserted\"><strong class=\"ng-star-inserted\"><span class=\"ng-star-inserted\">RFID oznaka za obla\u010dila in modo<\/span><\/strong><\/h2>\n<h2 class=\"ng-star-inserted\"><strong class=\"ng-star-inserted\"><span class=\"ng-star-inserted\">Vzpon RFID v obla\u010dilih in modi<\/span><\/strong><\/h2>\n<p class=\"ng-star-inserted\"><span class=\"ng-star-inserted\">The\u00a0<\/span><strong class=\"ng-star-inserted\"><span class=\"ng-star-inserted\">obla\u010dila<\/span><\/strong><span class=\"ng-star-inserted\">\u00a0in modna industrija hitro sprejema\u00a0<\/span><strong class=\"ng-star-inserted\"><span class=\"ng-star-inserted\">RFID<\/span><\/strong><span class=\"ng-star-inserted\">\u00a0(<\/span><strong class=\"ng-star-inserted\"><span class=\"ng-star-inserted\">radijska frekvenca<\/span><\/strong><span class=\"ng-star-inserted\">\u00a0identifikacija)\u00a0<\/span><strong class=\"ng-star-inserted\"><span class=\"ng-star-inserted\">tehnologija<\/span><\/strong><span class=\"ng-star-inserted\">\u00a0za optimizacijo poslovanja in izbolj\u0161anje uporabni\u0161ke izku\u0161nje.\u00a0<\/span><strong class=\"ng-star-inserted\"><span class=\"ng-star-inserted\">RFID<\/span><\/strong><span class=\"ng-star-inserted\">\u00a0<\/span><strong class=\"ng-star-inserted\"><span class=\"ng-star-inserted\">obla\u010dilo<\/span><\/strong><span class=\"ng-star-inserted\">\u00a0<\/span><strong class=\"ng-star-inserted\"><span class=\"ng-star-inserted\">oznake<\/span><\/strong><span class=\"ng-star-inserted\">\u00a0ponujajo zmogljiv na\u010din za sledenje artiklov skozi celoten njihov \u017eivljenjski cikel, od proizvodnje do prodaje in naprej.\u00a0<\/span><strong class=\"ng-star-inserted\"><span class=\"ng-star-inserted\">RFID<\/span><\/strong><span class=\"ng-star-inserted\">\u00a0omogo\u010da\u00a0<\/span><strong class=\"ng-star-inserted\"><span class=\"ng-star-inserted\">novo<\/span><\/strong><span class=\"ng-star-inserted\">\u00a0doba u\u010dinkovitosti, preglednosti in odlo\u010danja na podlagi podatkov.<\/span><\/p>\n<p class=\"ng-star-inserted\"><span class=\"ng-star-inserted\">Za razliko od tradicionalnih\u00a0<\/span><strong class=\"ng-star-inserted\"><span class=\"ng-star-inserted\">\u010drtna koda<\/span><\/strong><span class=\"ng-star-inserted\">s,\u00a0<\/span><strong class=\"ng-star-inserted\"><span class=\"ng-star-inserted\">RFID<\/span><\/strong><span class=\"ng-star-inserted\">\u00a0<\/span><strong class=\"ng-star-inserted\"><span class=\"ng-star-inserted\">oznaka<\/span><\/strong><span class=\"ng-star-inserted\">Ne zahtevajo skeniranja v vidnem polju. To omogo\u010da hitrej\u0161e in u\u010dinkovitej\u0161e zajemanje podatkov, tudi v zahtevnih okoljih, kot so prenatrpana skladi\u0161\u010da ali prometne trgovine. Zmo\u017enost branja ve\u010d\u00a0<\/span><strong class=\"ng-star-inserted\"><span class=\"ng-star-inserted\">oznake<\/span><\/strong><span class=\"ng-star-inserted\">\u00a0hkrati je klju\u010dna prednost\u00a0<\/span><strong class=\"ng-star-inserted\"><span class=\"ng-star-inserted\">RFID<\/span><\/strong><span class=\"ng-star-inserted\">, kar znatno pospe\u0161i procese, kot so popisi zalog in\u00a0<\/span><strong class=\"ng-star-inserted\"><span class=\"ng-star-inserted\">blagajna<\/span><\/strong><span class=\"ng-star-inserted\">. Lahko prepozna hitro premikajo\u010de se predmete z ve\u010d elektronskimi napravami\u00a0<\/span><strong class=\"ng-star-inserted\"><span class=\"ng-star-inserted\">oznake<\/span><\/strong><span class=\"ng-star-inserted\">\u00a0hkrati\u00a0<\/span><strong class=\"ng-star-inserted\"><span class=\"ng-star-inserted\">\u010das<\/span><\/strong><span class=\"ng-star-inserted\">\u00a0skozi\u00a0<\/span><strong class=\"ng-star-inserted\"><span class=\"ng-star-inserted\">RFID<\/span><\/strong><span class=\"ng-star-inserted\">\u00a0<\/span><strong class=\"ng-star-inserted\"><span class=\"ng-star-inserted\">tehnologija<\/span><\/strong><span class=\"ng-star-inserted\">.<\/span><\/p>\n<h2 class=\"ng-star-inserted\"><strong class=\"ng-star-inserted\"><span class=\"ng-star-inserted\">RFID obe\u0161alne oznake: Revolucioniranje maloprodaje<\/span><\/strong><\/h2>\n<p class=\"ng-star-inserted\"><strong class=\"ng-star-inserted\"><span class=\"ng-star-inserted\">RFID vise\u010de oznake<\/span><\/strong><span class=\"ng-star-inserted\">\u00a0spreminjajo maloprodajno okolje z zagotavljanjem neprimerljivega vpogleda v zaloge in izbolj\u0161anjem varnosti. Te\u00a0<\/span><strong class=\"ng-star-inserted\"><span class=\"ng-star-inserted\">oznake<\/span><\/strong><span class=\"ng-star-inserted\">, ki so obi\u010dajno pritrjeni na obla\u010dila, klobuke, torbe in \u010devlje, vsebujejo mikro\u010dip, ki hrani podatke o izdelku in edinstven identifikator. Z vdelavo\u00a0<\/span><strong class=\"ng-star-inserted\"><span class=\"ng-star-inserted\">RFID<\/span><\/strong><span class=\"ng-star-inserted\">\u00a0<\/span><strong class=\"ng-star-inserted\"><span class=\"ng-star-inserted\">tehnologija<\/span><\/strong><span class=\"ng-star-inserted\">\u00a0v\u00a0<\/span><strong class=\"ng-star-inserted\"><span class=\"ng-star-inserted\">obesiti<\/span><\/strong><span class=\"ng-star-inserted\">\u00a0<\/span><strong class=\"ng-star-inserted\"><span class=\"ng-star-inserted\">oznaka<\/span><\/strong><span class=\"ng-star-inserted\">s, je to te\u017eavo mogo\u010de u\u010dinkovito re\u0161iti.<\/span><\/p>\n<p class=\"ng-star-inserted\"><strong class=\"ng-star-inserted\"><span class=\"ng-star-inserted\">RFID vise\u010de oznake<\/span><\/strong><span class=\"ng-star-inserted\">\u00a0ponujajo \u0161tevilne ugodnosti, vklju\u010dno z:<\/span><\/p>\n<ul class=\"ng-star-inserted\">\n<li class=\"ng-star-inserted\">\n<p class=\"ng-star-inserted\"><strong class=\"ng-star-inserted\"><span class=\"ng-star-inserted\">Izbolj\u0161ana natan\u010dnost zalog:<\/span><\/strong><span class=\"ng-star-inserted\">\u00a0<\/span><strong class=\"ng-star-inserted\"><span class=\"ng-star-inserted\">V realnem \u010dasu<\/span><\/strong><span class=\"ng-star-inserted\">\u00a0spremljanje stanja zalog, zmanj\u0161anje pomanjkanja in prese\u017ekov zalog.<\/span><\/p>\n<\/li>\n<li class=\"ng-star-inserted\">\n<p class=\"ng-star-inserted\"><strong class=\"ng-star-inserted\"><span class=\"ng-star-inserted\">Prepre\u010devanje izgube:<\/span><\/strong><span class=\"ng-star-inserted\">\u00a0<\/span><strong class=\"ng-star-inserted\"><span class=\"ng-star-inserted\">RFID<\/span><\/strong><span class=\"ng-star-inserted\">\u00a0<\/span><strong class=\"ng-star-inserted\"><span class=\"ng-star-inserted\">oznaka<\/span><\/strong><span class=\"ng-star-inserted\">Uporabljajo se lahko kot del sistema za elektronski nadzor izdelkov (EAS) za prepre\u010devanje kraje. Pomagajo lahko tudi pri prepre\u010devanju ponarejanja.\u00a0<\/span><strong class=\"ng-star-inserted\"><span class=\"ng-star-inserted\">obla\u010dilo<\/span><\/strong><span class=\"ng-star-inserted\">s.<\/span><\/p>\n<\/li>\n<li class=\"ng-star-inserted\">\n<p class=\"ng-star-inserted\"><strong class=\"ng-star-inserted\"><span class=\"ng-star-inserted\">Preverjanje pristnosti blagovne znamke:<\/span><\/strong><span class=\"ng-star-inserted\">\u00a0<\/span><strong class=\"ng-star-inserted\"><span class=\"ng-star-inserted\">RFID<\/span><\/strong><span class=\"ng-star-inserted\">\u00a0pomaga preverjati pristnost izdelkov, \u0161\u010diti va\u0161o blagovno znamko in va\u0161e stranke.<\/span><\/p>\n<\/li>\n<li class=\"ng-star-inserted\">\n<p class=\"ng-star-inserted\"><strong class=\"ng-star-inserted\"><span class=\"ng-star-inserted\">Izbolj\u0161ana uporabni\u0161ka izku\u0161nja:<\/span><\/strong><span class=\"ng-star-inserted\">\u00a0Hitreje\u00a0<\/span><strong class=\"ng-star-inserted\"><span class=\"ng-star-inserted\">blagajna<\/span><\/strong><span class=\"ng-star-inserted\">\u00a0procese in prilagojena priporo\u010dila prek pametnih polic in garderob.<\/span><\/p>\n<\/li>\n<\/ul>\n<p class=\"ng-star-inserted\">\n<h2 class=\"ng-star-inserted\"><strong class=\"ng-star-inserted\"><span class=\"ng-star-inserted\">Tehni\u010dno\u00a0<\/span><\/strong><\/h2>\n<div class=\"table-container ng-star-inserted\">\n<table>\n<tbody>\n<tr class=\"table-header ng-star-inserted\">\n<td class=\"ng-star-inserted\"><span class=\"ng-star-inserted\">Funkcija<\/span><\/td>\n<td class=\"ng-star-inserted\"><span class=\"ng-star-inserted\">Specifikacija<\/span><\/td>\n<\/tr>\n<tr class=\"ng-star-inserted\">\n<td class=\"ng-star-inserted\"><strong class=\"ng-star-inserted\"><span class=\"ng-star-inserted\">Pogostost<\/span><\/strong><\/td>\n<td class=\"ng-star-inserted\"><strong class=\"ng-star-inserted\"><span class=\"ng-star-inserted\">UHF RFID<\/span><\/strong><span class=\"ng-star-inserted\">\u00a0(860\u2013960 MHz),\u00a0<\/span><strong class=\"ng-star-inserted\"><span class=\"ng-star-inserted\">DE\u017dNA RFID<\/span><\/strong><\/td>\n<\/tr>\n<tr class=\"ng-star-inserted\">\n<td class=\"ng-star-inserted\"><strong class=\"ng-star-inserted\"><span class=\"ng-star-inserted\">Protokol<\/span><\/strong><\/td>\n<td class=\"ng-star-inserted\"><strong class=\"ng-star-inserted\"><span class=\"ng-star-inserted\">ISO 18000-6C<\/span><\/strong><span class=\"ng-star-inserted\">\u00a0(<\/span><strong class=\"ng-star-inserted\"><span class=\"ng-star-inserted\">EPC razreda 1, generacije 2<\/span><\/strong><span class=\"ng-star-inserted\">)<\/span><\/td>\n<\/tr>\n<tr class=\"ng-star-inserted\">\n<td class=\"ng-star-inserted\"><strong class=\"ng-star-inserted\"><span class=\"ng-star-inserted\">Vrsta \u010dipa<\/span><\/strong><\/td>\n<td class=\"ng-star-inserted\"><span class=\"ng-star-inserted\">Impinj Monza, NXP UCODE, Alien Higgs<\/span><\/td>\n<\/tr>\n<tr class=\"ng-star-inserted\">\n<td class=\"ng-star-inserted\"><strong class=\"ng-star-inserted\"><span class=\"ng-star-inserted\">Spomin<\/span><\/strong><\/td>\n<td class=\"ng-star-inserted\"><strong class=\"ng-star-inserted\"><span class=\"ng-star-inserted\">EPC<\/span><\/strong><span class=\"ng-star-inserted\">\u00a096-bitni,\u00a0<\/span><strong class=\"ng-star-inserted\"><span class=\"ng-star-inserted\">shranjevanje podatkov<\/span><\/strong><span class=\"ng-star-inserted\">\u00a0Uporabni\u0161ki pomnilnik 512-bitni (razlikuje se glede na \u010dip)<\/span><\/td>\n<\/tr>\n<tr class=\"ng-star-inserted\">\n<td class=\"ng-star-inserted\"><strong class=\"ng-star-inserted\"><span class=\"ng-star-inserted\">Bralno obmo\u010dje<\/span><\/strong><\/td>\n<td class=\"ng-star-inserted\"><span class=\"ng-star-inserted\">Do 10 metrov (odvisno od \u010ditalnika in okolja)<\/span><\/td>\n<\/tr>\n<tr class=\"ng-star-inserted\">\n<td class=\"ng-star-inserted\"><strong class=\"ng-star-inserted\"><span class=\"ng-star-inserted\">Hramba podatkov<\/span><\/strong><\/td>\n<td class=\"ng-star-inserted\"><span class=\"ng-star-inserted\">10 let<\/span><\/td>\n<\/tr>\n<tr class=\"ng-star-inserted\">\n<td class=\"ng-star-inserted\"><strong class=\"ng-star-inserted\"><span class=\"ng-star-inserted\">Napi\u0161i Vzdr\u017eljivost<\/span><\/strong><\/td>\n<td class=\"ng-star-inserted\"><span class=\"ng-star-inserted\">100.000 ciklov<\/span><\/td>\n<\/tr>\n<tr class=\"ng-star-inserted\">\n<td class=\"ng-star-inserted\"><strong class=\"ng-star-inserted\"><span class=\"ng-star-inserted\">Delovna temp<\/span><\/strong><\/td>\n<td class=\"ng-star-inserted\"><span class=\"ng-star-inserted\">-40 \u00b0C do +85 \u00b0C (odvisno od\u00a0<\/span><strong class=\"ng-star-inserted\"><span class=\"ng-star-inserted\">oznaka<\/span><\/strong><span class=\"ng-star-inserted\">\u00a0vrsta)<\/span><\/td>\n<\/tr>\n<tr class=\"ng-star-inserted\">\n<td class=\"ng-star-inserted\"><strong class=\"ng-star-inserted\"><span class=\"ng-star-inserted\">Material<\/span><\/strong><\/td>\n<td class=\"ng-star-inserted\"><span class=\"ng-star-inserted\">Papir, saten, najlon itd.<\/span><\/td>\n<\/tr>\n<tr class=\"ng-star-inserted\">\n<td class=\"ng-star-inserted\"><strong class=\"ng-star-inserted\"><span class=\"ng-star-inserted\">Priloga<\/span><\/strong><\/td>\n<td class=\"ng-star-inserted\"><strong class=\"ng-star-inserted\"><span class=\"ng-star-inserted\">Lepilo<\/span><\/strong><span class=\"ng-star-inserted\">, Toplotno tesnjenje, V\u0161itje,\u00a0<\/span><strong class=\"ng-star-inserted\"><span class=\"ng-star-inserted\">Vise\u010da oznaka<\/span><\/strong><\/td>\n<\/tr>\n<tr class=\"ng-star-inserted\">\n<td class=\"ng-star-inserted\"><strong class=\"ng-star-inserted\"><span class=\"ng-star-inserted\">Prilagajanje<\/span><\/strong><\/td>\n<td class=\"ng-star-inserted\"><span class=\"ng-star-inserted\">Tiskanje, kodiranje,\u00a0<\/span><strong class=\"ng-star-inserted\"><span class=\"ng-star-inserted\">\u010crtna koda<\/span><\/strong><span class=\"ng-star-inserted\">, Logotip<\/span><\/td>\n<\/tr>\n<tr class=\"ng-star-inserted\">\n<td class=\"ng-star-inserted\"><strong class=\"ng-star-inserted\"><span class=\"ng-star-inserted\">Oblika<\/span><\/strong><\/td>\n<td class=\"ng-star-inserted\"><strong class=\"ng-star-inserted\"><span class=\"ng-star-inserted\">Vise\u010da oznaka<\/span><\/strong><span class=\"ng-star-inserted\">,\u00a0<\/span><strong class=\"ng-star-inserted\"><span class=\"ng-star-inserted\">Nalepka<\/span><\/strong><span class=\"ng-star-inserted\">,\u00a0<\/span><strong class=\"ng-star-inserted\"><span class=\"ng-star-inserted\">Tkana etiketa<\/span><\/strong><span class=\"ng-star-inserted\">,\u00a0<\/span><strong class=\"ng-star-inserted\"><span class=\"ng-star-inserted\">Intarzija<\/span><\/strong><\/td>\n<\/tr>\n<tr class=\"ng-star-inserted\">\n<td class=\"ng-star-inserted\"><strong class=\"ng-star-inserted\"><span class=\"ng-star-inserted\">Okoljsko<\/span><\/strong><\/td>\n<td class=\"ng-star-inserted\"><span class=\"ng-star-inserted\">100% okolju prijazna antena na osnovi papirja\u00a0<\/span><strong class=\"ng-star-inserted\"><span class=\"ng-star-inserted\">mo\u017enost<\/span><\/strong><span class=\"ng-star-inserted\">\u00a0na voljo<\/span><\/td>\n<\/tr>\n<\/tbody>\n<\/table>\n<p>&nbsp;<\/p>\n<\/div>\n<p class=\"ng-star-inserted\"><strong class=\"ng-star-inserted\"><span class=\"ng-star-inserted\">RFID etiketa za obla\u010dila<\/span><\/strong><span class=\"ng-star-inserted\">\u00a0je najbolj izjemna aplikacija, kjer\u00a0<\/span><strong class=\"ng-star-inserted\"><span class=\"ng-star-inserted\">RFID<\/span><\/strong><span class=\"ng-star-inserted\">\u00a0<\/span><strong class=\"ng-star-inserted\"><span class=\"ng-star-inserted\">tehnologija<\/span><\/strong><span class=\"ng-star-inserted\">\u00a0vpliva na obla\u010dilno industrijo. Skozi\u00a0<\/span><strong class=\"ng-star-inserted\"><span class=\"ng-star-inserted\">radijska frekvenca<\/span><\/strong><span class=\"ng-star-inserted\">\u00a0signali,\u00a0<\/span><strong class=\"ng-star-inserted\"><span class=\"ng-star-inserted\">RFID<\/span><\/strong><span class=\"ng-star-inserted\">\u00a0<\/span><strong class=\"ng-star-inserted\"><span class=\"ng-star-inserted\">obla\u010dilo<\/span><\/strong><span class=\"ng-star-inserted\">\u00a0<\/span><strong class=\"ng-star-inserted\"><span class=\"ng-star-inserted\">oznaka<\/span><\/strong><span class=\"ng-star-inserted\">\u00a0lahko samodejno prepozna ciljne objekte in pridobi ustrezne podatke ter identificira delo brez ro\u010dnega posredovanja. Deluje lahko v vseh vrstah slabih okolij. Te\u00a0<\/span><strong class=\"ng-star-inserted\"><span class=\"ng-star-inserted\">oznake so zasnovane<\/span><\/strong><span class=\"ng-star-inserted\">\u00a0za zadovoljevanje razli\u010dnih potreb.<\/span><\/p>\n<h2 class=\"ng-star-inserted\"><strong class=\"ng-star-inserted\"><span class=\"ng-star-inserted\">Prilagajanje in integracija<\/span><\/strong><\/h2>\n<p class=\"ng-star-inserted\"><strong class=\"ng-star-inserted\"><span class=\"ng-star-inserted\">RFID<\/span><\/strong><span class=\"ng-star-inserted\">\u00a0<\/span><strong class=\"ng-star-inserted\"><span class=\"ng-star-inserted\">obla\u010dilo<\/span><\/strong><span class=\"ng-star-inserted\">\u00a0<\/span><strong class=\"ng-star-inserted\"><span class=\"ng-star-inserted\">oznake<\/span><\/strong><span class=\"ng-star-inserted\">\u00a0je mogo\u010de prilagoditi specifi\u010dnim potrebam va\u0161e blagovne znamke in poslovanja.\u00a0<\/span><strong class=\"ng-star-inserted\"><span class=\"ng-star-inserted\">Vise\u010da oznaka<\/span><\/strong><span class=\"ng-star-inserted\">lahko prilagodite z va\u0161im logotipom, barvami blagovne znamke in informacijami o izdelku. Etikete za nego z\u00a0<\/span><strong class=\"ng-star-inserted\"><span class=\"ng-star-inserted\">RFID<\/span><\/strong><span class=\"ng-star-inserted\">\u00a0<\/span><strong class=\"ng-star-inserted\"><span class=\"ng-star-inserted\">vlo\u017eek<\/span><\/strong><span class=\"ng-star-inserted\">je mogo\u010de zasnovati tako, da se brezhibno integrirajo z va\u0161im obstoje\u010dim\u00a0<\/span><strong class=\"ng-star-inserted\"><span class=\"ng-star-inserted\">obla\u010dilo<\/span><\/strong><span class=\"ng-star-inserted\">\u00a0proizvodnih procesov.<\/span><\/p>\n<h2 class=\"ng-star-inserted\"><strong class=\"ng-star-inserted\"><span class=\"ng-star-inserted\">Kontaktirajte nas za izvedbo va\u0161e strategije RFID<\/span><\/strong><\/h2>\n<p class=\"ng-star-inserted\"><span class=\"ng-star-inserted\">Pripravljeni izkoristiti mo\u010d\u00a0<\/span><strong class=\"ng-star-inserted\"><span class=\"ng-star-inserted\">RFID<\/span><\/strong><span class=\"ng-star-inserted\">\u00a0<\/span><strong class=\"ng-star-inserted\"><span class=\"ng-star-inserted\">tehnologija<\/span><\/strong><span class=\"ng-star-inserted\">\u00a0preoblikovati tvoje\u00a0<\/span><strong class=\"ng-star-inserted\"><span class=\"ng-star-inserted\">obla\u010dila<\/span><\/strong><span class=\"ng-star-inserted\">\u00a0posel?\u00a0<\/span><strong class=\"ng-star-inserted\"><span class=\"ng-star-inserted\">Kontaktirajte nas<\/span><\/strong><span class=\"ng-star-inserted\">\u00a0danes, da se pogovorimo o va\u0161ih specifi\u010dnih potrebah in izvemo ve\u010d o na\u0161em celovitem\u00a0<\/span><strong class=\"ng-star-inserted\"><span class=\"ng-star-inserted\">RFID<\/span><\/strong><span class=\"ng-star-inserted\">\u00a0re\u0161itve, vklju\u010dno z\u00a0<\/span><strong class=\"ng-star-inserted\"><span class=\"ng-star-inserted\">RFID<\/span><\/strong><span class=\"ng-star-inserted\">\u00a0<\/span><strong class=\"ng-star-inserted\"><span class=\"ng-star-inserted\">obla\u010dilo<\/span><\/strong><span class=\"ng-star-inserted\">\u00a0<\/span><strong class=\"ng-star-inserted\"><span class=\"ng-star-inserted\">oznake<\/span><\/strong><span class=\"ng-star-inserted\">,\u00a0<\/span><strong class=\"ng-star-inserted\"><span class=\"ng-star-inserted\">RFID<\/span><\/strong><span class=\"ng-star-inserted\">\u00a0bralniki in programska oprema.<\/span><\/p>","protected":false},"excerpt":{"rendered":"<p><span class=\"ng-star-inserted\">Ponujamo\u00a0<\/span><strong class=\"ng-star-inserted\"><span class=\"ng-star-inserted\">brezpla\u010dni vzorci<\/span><\/strong><span class=\"ng-star-inserted\"> od\u00a0 <\/span><strong class=\"ng-star-inserted\"><span class=\"ng-star-inserted\">RFID obla\u010dila<\/span><\/strong><span class=\"ng-star-inserted\">\u00a0<\/span><strong class=\"ng-star-inserted\"><span class=\"ng-star-inserted\">oznake<\/span><\/strong><span class=\"ng-star-inserted\">\u00a0tako da lahko ocenite njihovo delovanje v svojem okolju. Na\u0161a proizvodna tovarna je opremljena z\u00a0<\/span><strong class=\"ng-star-inserted\"><span class=\"ng-star-inserted\">najnovej\u0161i<\/span><\/strong><span class=\"ng-star-inserted\">\u00a0<\/span><strong class=\"ng-star-inserted\"><span class=\"ng-star-inserted\">tehnologija<\/span><\/strong><span class=\"ng-star-inserted\">\u00a0zagotoviti\u00a0<\/span><strong class=\"ng-star-inserted\"><span class=\"ng-star-inserted\">visokokakovosten<\/span><\/strong><span class=\"ng-star-inserted\">\u00a0<\/span><strong class=\"ng-star-inserted\"><span class=\"ng-star-inserted\">oznaka<\/span><\/strong><span class=\"ng-star-inserted\">po konkuren\u010dnih cenah.<\/span><\/p>","protected":false},"featured_media":3181,"template":"","meta":{"_kad_post_transparent":"default","_kad_post_title":"","_kad_post_layout":"default","_kad_post_sidebar_id":"","_kad_post_content_style":"default","_kad_post_vertical_padding":"default","_kad_post_feature":"","_kad_post_feature_position":"","_kad_post_header":false,"_kad_post_footer":false,"_kad_post_classname":""},"product_brand":[],"product_cat":[53],"product_tag":[385,383,384],"class_list":{"0":"post-3180","1":"product","2":"type-product","3":"status-publish","4":"has-post-thumbnail","6":"product_cat-rfid-clothes-tag","7":"product_tag-rfid-garment-paper-tag","8":"product_tag-rfid-garment-tag","9":"product_tag-rfid-hang-tag","11":"first","12":"instock","13":"shipping-taxable","14":"product-type-simple","15":"entry","16":"content-bg","17":"loop-entry"},"_links":{"self":[{"href":"https:\/\/rfid-laundry-tag.com\/sl\/wp-json\/wp\/v2\/product\/3180","targetHints":{"allow":["GET"]}}],"collection":[{"href":"https:\/\/rfid-laundry-tag.com\/sl\/wp-json\/wp\/v2\/product"}],"about":[{"href":"https:\/\/rfid-laundry-tag.com\/sl\/wp-json\/wp\/v2\/types\/product"}],"version-history":[{"count":1,"href":"https:\/\/rfid-laundry-tag.com\/sl\/wp-json\/wp\/v2\/product\/3180\/revisions"}],"predecessor-version":[{"id":3185,"href":"https:\/\/rfid-laundry-tag.com\/sl\/wp-json\/wp\/v2\/product\/3180\/revisions\/3185"}],"wp:featuredmedia":[{"embeddable":true,"href":"https:\/\/rfid-laundry-tag.com\/sl\/wp-json\/wp\/v2\/media\/3181"}],"wp:attachment":[{"href":"https:\/\/rfid-laundry-tag.com\/sl\/wp-json\/wp\/v2\/media?parent=3180"}],"wp:term":[{"taxonomy":"product_brand","embeddable":true,"href":"https:\/\/rfid-laundry-tag.com\/sl\/wp-json\/wp\/v2\/product_brand?post=3180"},{"taxonomy":"product_cat","embeddable":true,"href":"https:\/\/rfid-laundry-tag.com\/sl\/wp-json\/wp\/v2\/product_cat?post=3180"},{"taxonomy":"product_tag","embeddable":true,"href":"https:\/\/rfid-laundry-tag.com\/sl\/wp-json\/wp\/v2\/product_tag?post=3180"}],"curies":[{"name":"delovni list","href":"https:\/\/api.w.org\/{rel}","templated":true}]}}