{"id":3174,"date":"2026-01-09T13:11:22","date_gmt":"2026-01-09T13:11:22","guid":{"rendered":"https:\/\/rfid-laundry-tag.com\/?post_type=product&#038;p=3174"},"modified":"2026-01-09T13:11:23","modified_gmt":"2026-01-09T13:11:23","slug":"rfid-mifare-desfire-ev3-2k-4k-8k-inlay","status":"publish","type":"product","link":"https:\/\/rfid-laundry-tag.com\/sl\/rfid-mifare-desfire-ev3-2k-4k-8k-inlay\/","title":{"rendered":"RFID Mifare Desfire EV3 2K 4K 8K Inlay"},"content":{"rendered":"<h2>RFID Mifare Desfire EV3 2K 4K 8K Inlay<\/h2>\n<p>The\u00a0<strong>MIFARE\u00ae DESFire\u00ae EV3<\/strong>\u00a0Serija NXP Semiconductors predstavlja vrhunsko re\u0161itev na podro\u010dju varne, brezkontaktne RFID tehnologije, idealno za razli\u010dne aplikacije, ki zahtevajo visoko varnost in prilagodljivost. Tukaj je kratek pregled njenih funkcij, mo\u017enosti pomnilnika, varnostnih izbolj\u0161av, aplikacij in mo\u017enosti prilagajanja:<\/p>\n<h3>Mo\u017enosti pomnilnika<\/h3>\n<p>MIFARE\u00ae DESFire\u00ae EV3 je na voljo v treh konfiguracijah pomnilnika:<\/p>\n<ul>\n<li><strong>2K<\/strong>Najbolj\u0161e za preproste aplikacije, kot so nadzor dostopa ali enkratne vstopnice.<\/li>\n<li><strong>4K<\/strong>Primerno za srednje velike aplikacije, kot so programi zvestobe in manj\u0161i sistemi javnega prevoza.<\/li>\n<li><strong>8K<\/strong>Zasnovan za kompleksna, ve\u010daplikacijska okolja, kot so pametna mesta in velika podjetja.<\/li>\n<\/ul>\n<p>Vsaka konfiguracija podpira ve\u010d aplikacij z mo\u017enostjo shranjevanja do\u00a0<strong>32 datotek na aplikacijo<\/strong>, kar podjetjem omogo\u010da, da re\u0161itve prilagodijo svojim potrebam.<\/p>\n<h3>Izbolj\u0161ane varnostne funkcije<\/h3>\n<p>Varnost je glavni poudarek EV3, vklju\u010dno z:<\/p>\n<ul>\n<li><strong>\u0160ifriranje AES<\/strong>: \u0160\u010diti podatke med prenosom.<\/li>\n<li><strong>Certifikat EAL5+<\/strong>Zagotavlja visoko raven varnosti za ob\u010dutljive podatke.<\/li>\n<li><strong>Varna enoli\u010dna overitev NFC<\/strong>Vsaka kartica ima edinstven identifikator, ki prepre\u010duje podvajanje.<\/li>\n<li><strong>Ve\u010dplastna varnost<\/strong>Podpira razli\u010dne protokole \u0161ifriranja, vklju\u010dno z AES in DES\/Triple-DES.<\/li>\n<\/ul>\n<p>Zaradi teh lastnosti je EV3 primeren za visoko varnostne aplikacije, kot so nadzor dostopa, brezgotovinsko pla\u010devanje in pametne klju\u010davnice.<\/p>\n<h3>Aplikacije<\/h3>\n<p>Vsestranskost <a href=\"https:\/\/rfid-laundry-tag.com\/sl\/rfid-inlay\/\">RFID Mifare Desfire EV3 2K 4K 8K Inlay<\/a>\u00a0omogo\u010da uporabo v razli\u010dnih sektorjih:<\/p>\n<ul>\n<li><strong>Nadzor dostopa<\/strong>Varno upravljanje vstopov v stavbe in obmo\u010dja z omejenim dostopom.<\/li>\n<li><strong>Javni prevoz<\/strong>Omogo\u010da u\u010dinkovito prodajo vozovnic in pobiranje voznin.<\/li>\n<li><strong>Programi zvestobe<\/strong>Varno shranjuje podatke o strankah in nagrade.<\/li>\n<li><strong>Pametna mesta<\/strong>Podpira infrastrukturo z robustno zmogljivostjo in zdru\u017eljivostjo s tehnologijama NFC in RFID.<\/li>\n<\/ul>\n<h3>Prilagoditev in podpora<\/h3>\n<p>NXP ponuja obse\u017ene mo\u017enosti prilagajanja za specifi\u010dne poslovne potrebe:<\/p>\n<ul>\n<li><strong>Tiskanje po meri<\/strong>Prilagodite kartice z logotipi in blagovno znamko.<\/li>\n<li><strong>Dodelitev pomnilnika po meri<\/strong>Prilagodite konfiguracije pomnilnika za specifi\u010dne aplikacije.<\/li>\n<li><strong>Prilagodljive varnostne nastavitve<\/strong>: Prilagodite metode \u0161ifriranja in preverjanja pristnosti.<\/li>\n<\/ul>\n<p>Podjetja lahko prejmejo vzorce s predvidenim rokom dobave le\u00a0<strong>1\u20132 dni<\/strong>, kar omogo\u010da hitro oceno in izvedbo.<\/p>\n<h2><strong><b>Tehni\u010dne specifikacije<\/b><\/strong><\/h2>\n<div class=\"collapse-mobile ste-list\">\n<h3>RF vmesnik: ISO\/IEC 14443 tip A<\/h3>\n<ul class=\"boxes\">\n<li>Brezkontaktni vmesnik, skladen z ISO\/IEC 14443-2\/3 A<\/li>\n<li>Nizek Hmin, ki omogo\u010da delovno razdaljo do 100 mm (odvisno od mo\u010di, ki jo zagotavlja PCD in geometrija antene)<\/li>\n<li>Hiter prenos podatkov: 106 kbit\/s, 212 kbit\/s, 424 kbit\/s, 848 kbit\/s<\/li>\n<li>7 bajtov edinstvenega identifikatorja (mo\u017enost za naklju\u010dni ID)<\/li>\n<li>Uporablja prenosni protokol ISO\/IEC 14443-4<\/li>\n<li>Nastavljiv FSCI za podporo velikosti okvirja do 256 bajtov<\/li>\n<\/ul>\n<\/div>\n<div class=\"collapse-mobile ste-list\">\n<h3>Nehlapni pomnilnik<\/h3>\n<ul class=\"boxes\">\n<li>2kB, 4kB, 8kB in 16kB<\/li>\n<li>Hramba podatkov 25 let<\/li>\n<li>Tipi\u010dna vzdr\u017eljivost pisanja 1 000 000 ciklov<\/li>\n<li>Hitri programski cikli<\/li>\n<\/ul>\n<\/div>\n<div class=\"collapse-mobile ste-list\">\n<h3>Organizacija NV-pomnilnika in podpora za ve\u010d aplikacij<\/h3>\n<ul class=\"boxes\">\n<li>Prilagodljiv datote\u010dni sistem: uporabnik lahko poljubno definira strukture aplikacij na PICC<\/li>\n<li>Toliko aplikacij, kolikor podpira velikost pomnilnika<\/li>\n<li>Do 32 datotek v vsaki aplikaciji (na voljo je 6 vrst datotek: standardna podatkovna datoteka, datoteka varnostnih kopij podatkov, datoteka vrednosti, datoteka linearnega zapisa, datoteka cikli\u010dnega zapisa in datoteka transakcijskega MAC)<\/li>\n<li>Velikost datoteke je dolo\u010dena med ustvarjanjem (ne za transakcijsko datoteko MAC)<\/li>\n<li>MlsmartApp (Delegirano upravljanje aplikacij)<\/li>\n<li>Ponovna uporaba pomnilnika v aplikacijah DAM (Format Application)<\/li>\n<li>Tovarni\u0161ko nalo\u017eeni klju\u010di NXP DAM za podporo storitve AppXplorer<\/li>\n<li>Dostop do datotek iz poljubnih dveh aplikacij med eno transakcijo<\/li>\n<\/ul>\n<\/div>\n<div class=\"collapse-mobile ste-list\">\n<h3>Varnost in zasebnost<\/h3>\n<ul class=\"boxes\">\n<li>Certifikat Common Criteria: EAL5+ (strojna in programska oprema)<\/li>\n<li>Edinstvena 7-bajtna serijska \u0161tevilka za vsako napravo<\/li>\n<li>Izbirni \u201cNAKLJU\u010cNI\u201d ID za izbolj\u0161ano varnost in zasebnost<\/li>\n<li>Vzajemna tristopenjska avtentikacija<\/li>\n<li>Medsebojno preverjanje pristnosti v skladu z ISO\/IEC 7816-4<\/li>\n<li>Prilagodljivo upravljanje klju\u010dev: 1 kartica\u00a0<span class=\"Footnote\" data-id=\"Inclusive Language\">vodja<\/span>\u00a0klju\u010d in do 14 klju\u010dev na aplikacijo<\/li>\n<li>Dodelitev ve\u010d tipk za vsako pravico dostopa do datoteke (do 8)<\/li>\n<li>Ve\u010d kompletov klju\u010dev na aplikacijo s hitrim mehanizmom za premikanje klju\u010dev (do 16 kompletov)<\/li>\n<li>Strojna oprema DES z uporabo 56\/112\/168 bitnih klju\u010dev z razli\u010dico klju\u010da<\/li>\n<li>Strojna AES z uporabo 128-bitnih klju\u010dev z razli\u010dico klju\u010da<\/li>\n<li>Avtenti\u010dnost podatkov z 8-bajtnim CMAC<\/li>\n<li>Zdru\u017eljiv na\u010din z MF3ICD40: 4-bajtni MAC, CRC 16<\/li>\n<li>\u0160ifriranje podatkov na RF-kanalu<\/li>\n<li>Avtentikacija na ravni aplikacije<\/li>\n<li>Senzorji izjem strojne opreme<\/li>\n<li>Samoza\u0161\u010ditni datote\u010dni sistem<\/li>\n<li>MAC transakcije, podpisan s tajnim klju\u010dem na aplikacijo<\/li>\n<li>Arhitektura virtualnih kartic za izbolj\u0161ano izbiro kartic\/aplikacij na napravah z ve\u010d virtualnimi karticami z za\u0161\u010dito zasebnosti<\/li>\n<li>Preverjanje bli\u017eine za za\u0161\u010dito pred napadi relejev<\/li>\n<li>Preverjanje izvirnosti za dokazilo o pristnem izdelku NXP<\/li>\n<\/ul>\n<\/div>","protected":false},"excerpt":{"rendered":"<p><strong>RFID Mifare Desfire EV3 2K 4K 8K Inlay<\/strong> je napredna RFID re\u0161itev, ki ponuja visoko varnost, hiter prenos podatkov, prilagodljive mo\u017enosti pomnilnika in brezhibno integracijo za ve\u010d aplikacij.<\/p>","protected":false},"featured_media":3175,"template":"","meta":{"_kad_post_transparent":"default","_kad_post_title":"","_kad_post_layout":"default","_kad_post_sidebar_id":"","_kad_post_content_style":"default","_kad_post_vertical_padding":"default","_kad_post_feature":"","_kad_post_feature_position":"","_kad_post_header":false,"_kad_post_footer":false,"_kad_post_classname":""},"product_brand":[],"product_cat":[189],"product_tag":[111,108,382],"class_list":{"0":"post-3174","1":"product","2":"type-product","3":"status-publish","4":"has-post-thumbnail","6":"product_cat-rfid-inlay","7":"product_tag-nfc-inlay","8":"product_tag-rfid-inlay","9":"product_tag-rfid-mifare-desfire-ev3-2k-4k-8k-inlay","11":"first","12":"instock","13":"shipping-taxable","14":"product-type-simple","15":"entry","16":"content-bg","17":"loop-entry"},"_links":{"self":[{"href":"https:\/\/rfid-laundry-tag.com\/sl\/wp-json\/wp\/v2\/product\/3174","targetHints":{"allow":["GET"]}}],"collection":[{"href":"https:\/\/rfid-laundry-tag.com\/sl\/wp-json\/wp\/v2\/product"}],"about":[{"href":"https:\/\/rfid-laundry-tag.com\/sl\/wp-json\/wp\/v2\/types\/product"}],"version-history":[{"count":1,"href":"https:\/\/rfid-laundry-tag.com\/sl\/wp-json\/wp\/v2\/product\/3174\/revisions"}],"predecessor-version":[{"id":3179,"href":"https:\/\/rfid-laundry-tag.com\/sl\/wp-json\/wp\/v2\/product\/3174\/revisions\/3179"}],"wp:featuredmedia":[{"embeddable":true,"href":"https:\/\/rfid-laundry-tag.com\/sl\/wp-json\/wp\/v2\/media\/3175"}],"wp:attachment":[{"href":"https:\/\/rfid-laundry-tag.com\/sl\/wp-json\/wp\/v2\/media?parent=3174"}],"wp:term":[{"taxonomy":"product_brand","embeddable":true,"href":"https:\/\/rfid-laundry-tag.com\/sl\/wp-json\/wp\/v2\/product_brand?post=3174"},{"taxonomy":"product_cat","embeddable":true,"href":"https:\/\/rfid-laundry-tag.com\/sl\/wp-json\/wp\/v2\/product_cat?post=3174"},{"taxonomy":"product_tag","embeddable":true,"href":"https:\/\/rfid-laundry-tag.com\/sl\/wp-json\/wp\/v2\/product_tag?post=3174"}],"curies":[{"name":"delovni list","href":"https:\/\/api.w.org\/{rel}","templated":true}]}}