{"id":315,"date":"2024-06-28T01:50:42","date_gmt":"2024-06-28T01:50:42","guid":{"rendered":"https:\/\/rfid-laundry-tag.com\/?post_type=product&#038;p=315"},"modified":"2024-08-19T15:48:20","modified_gmt":"2024-08-19T15:48:20","slug":"tamper-proof-nfc-sticker-ntag424-dna-tt","status":"publish","type":"product","link":"https:\/\/rfid-laundry-tag.com\/sl\/tamper-proof-nfc-sticker-ntag424-dna-tt\/","title":{"rendered":"Nalepka NFC, za\u0161\u010ditena pred posegi, NTAG424 DNA TT"},"content":{"rendered":"<h2>Nalepka NFC, za\u0161\u010ditena pred posegi, NTAG424 DNA TT<\/h2>\n<table class=\"all magic-15\">\n<tbody>\n<tr>\n<td colspan=\"1\" rowspan=\"1\">\n<div class=\"magic-16\" data-spm-anchor-id=\"a2700.details.0.i75.2d9c3353FQLlpS\">Material<\/div>\n<\/td>\n<td colspan=\"4\" rowspan=\"1\">\n<div class=\"magic-17\">Lomljiv papir + Lomljiva antena<\/div>\n<\/td>\n<\/tr>\n<tr>\n<td colspan=\"1\" rowspan=\"1\">\n<div class=\"magic-16\">Velikost<\/div>\n<\/td>\n<td colspan=\"4\" rowspan=\"1\">\n<div class=\"magic-17\">24 * 60 mm, 20 * 70 mm, 27 * 77 mm, 35 * 66 mm, 35 * 80 mm itd.<\/div>\n<\/td>\n<\/tr>\n<tr>\n<td colspan=\"1\" rowspan=\"1\">\n<div class=\"magic-16\">Tiskanje<\/div>\n<\/td>\n<td colspan=\"4\" rowspan=\"1\">\n<div class=\"magic-17\">Barvni tisk<\/div>\n<\/td>\n<\/tr>\n<tr>\n<td colspan=\"1\" rowspan=\"1\">\n<div class=\"magic-16\">Pogostost<\/div>\n<\/td>\n<td colspan=\"4\" rowspan=\"1\">\n<div class=\"magic-17\" data-spm-anchor-id=\"a2700.details.0.i74.2d9c3353FQLlpS\">13,56 MHz<\/div>\n<\/td>\n<\/tr>\n<tr>\n<td colspan=\"1\" rowspan=\"1\">\n<div class=\"magic-16\">Protokol<\/div>\n<\/td>\n<td colspan=\"4\" rowspan=\"1\">\n<div class=\"magic-17\">ISO14443A<\/div>\n<\/td>\n<\/tr>\n<tr>\n<td colspan=\"1\" rowspan=\"2\">\n<div class=\"magic-16\">\u010dip<\/div>\n<\/td>\n<td colspan=\"4\" rowspan=\"1\">\n<div class=\"magic-17\">\n<p>NTAG213 TT<\/p>\n<p>* 184 bajtov, organiziranih na 46 straneh s 4 bajti na stran<br \/>\n* 144 bajtov prosto dostopnega uporabni\u0161kega obmo\u010dja za branje\/pisanje (36 strani)<\/p>\n<\/div>\n<\/td>\n<\/tr>\n<tr>\n<td colspan=\"4\" rowspan=\"1\">\n<div class=\"magic-17\">\n<p>NTAG424 DNA TT Tamper (416 bajtov)<\/p>\n<p>416 bajtov pomnilnika, organiziranega v datote\u010dnem sistemu ISO\/IEC 7816-4:<br \/>\n* Vsebnik zmogljivosti 32 bajtov<br \/>\n* 256-bajtna datoteka NDEF<br \/>\n* 128 bajtov za\u0161\u010ditena podatkovna datoteka<\/p>\n<\/div>\n<\/td>\n<\/tr>\n<tr>\n<td colspan=\"1\" rowspan=\"1\">\n<div class=\"magic-16\">Preberi razdaljo<\/div>\n<\/td>\n<td colspan=\"4\" rowspan=\"1\">\n<div class=\"magic-17\" data-spm-anchor-id=\"a2700.details.0.i76.2d9c3353FQLlpS\">1-10 CM (povezano z zmogljivostjo bralnika in delovnim okoljem)<\/div>\n<\/td>\n<\/tr>\n<tr>\n<td colspan=\"1\" rowspan=\"1\">\n<div class=\"magic-16\">Funkcija<\/div>\n<\/td>\n<td colspan=\"4\" rowspan=\"1\">\n<div class=\"magic-17\">Proti ponarejanju, za\u0161\u010diten pred posegi, za enkratno uporabo<\/div>\n<\/td>\n<\/tr>\n<tr>\n<td colspan=\"1\" rowspan=\"1\">\n<div class=\"magic-16\">Podpora po meri<\/div>\n<\/td>\n<td colspan=\"4\" rowspan=\"1\">\n<div class=\"magic-17\">Material, velikost, \u010dip, tisk, kodiranje, serijska \u0161tevilka, oblika, paket itd.<\/div>\n<\/td>\n<\/tr>\n<tr>\n<td colspan=\"1\" rowspan=\"1\">\n<div class=\"magic-16\">Certifikat<\/div>\n<\/td>\n<td colspan=\"4\" rowspan=\"1\">\n<div class=\"magic-17\">CE RoHS ISO<\/div>\n<\/td>\n<\/tr>\n<\/tbody>\n<\/table>\n<h3>Kako deluje TAG (NTAG213 TagTamper \/ 424 DNA TagTamper).<\/h3>\n<p><strong>Splo\u0161no na\u010delo:<\/strong><\/p>\n<p>Sistem TAG uporablja\u00a0<strong>RFID tehnologija<\/strong>\u00a0s specializiranim\u00a0<strong>Tag Tamper<\/strong>\u00a0funkcionalnost za odkrivanje nepoobla\u0161\u010denega odpiranja paketa. Sestavljen je iz dveh primarnih komponent:<\/p>\n<ol>\n<li><strong>Oznaka RFID:<\/strong>\n<ul>\n<li><strong>Glavna antenska zanka:<\/strong>\u00a0Prena\u0161a radijske valove med \u010ditalnikom RFID in IC \u010dipom.<\/li>\n<li><strong>Zaznavna zanka\/\u017eica:<\/strong>\u00a0Lo\u010dena \u017eica, zasnovana tako, da se zlomi ob posegu. Ta prelom trajno zabele\u017ei \u010dip IC.<\/li>\n<\/ul>\n<\/li>\n<li><strong>\u010citalnik RFID:<\/strong>\n<ul>\n<li><strong>Bere podatke z oznake RFID<\/strong>, vklju\u010dno s statusom zaznavne \u017eice.<\/li>\n<li><strong>Podatke prena\u0161a na stre\u017enik<\/strong>, kjer ga je mogo\u010de analizirati in uporabiti za razli\u010dne aplikacije.<\/li>\n<\/ul>\n<\/li>\n<\/ol>\n<p><strong>Funkcionalnost spreminjanja oznak:<\/strong><\/p>\n<ul>\n<li>Zaznavna \u017eica je povezana z IC \u010dipom.<\/li>\n<li>Ko je \u017eica prekinjena, \u010dip\u00a0<strong>shrani trajni zapis o posegu<\/strong>.<\/li>\n<li>Te informacije so lahko\u00a0<strong>zrcali v kodi ASCII v uporabni\u0161ki pomnilnik<\/strong>\u00a0in\u00a0<strong>sporo\u010dil oblaku<\/strong>\u00a0za nadaljnjo analizo.<\/li>\n<\/ul>\n<p><strong>424 DNA TagTamper s kriptografijo AES-128:<\/strong><\/p>\n<ul>\n<li><strong>Edinstveno sporo\u010dilo za preverjanje pristnosti NFC (SUN):<\/strong>\u00a0Vsaki\u010d, ko se 424 DNA TagTamper dotakne mobilni telefon ali \u010ditalnik NFC, ustvari edinstveno SUN.<\/li>\n<li><strong>Varna avtentikacija:<\/strong>\n<ul>\n<li>SUN se po\u0161lje gostiteljskemu stre\u017eniku skupaj z edinstvenim URL-jem.<\/li>\n<li>Gostitelj izvaja avtentikacijo s kriptografijo AES-128.<\/li>\n<li><strong>Preverjanje<\/strong>\u00a0se vrne v bralnik\/mobilno napravo.<\/li>\n<\/ul>\n<\/li>\n<\/ul>\n<p><strong>Aplikacije:<\/strong><\/p>\n<ul>\n<li><strong>Napredni boj proti ponarejanju (preverjanje pristnosti izdelka):<\/strong>\n<ul>\n<li>Preverja pristnost fizi\u010dnega blaga.<\/li>\n<li>Ozna\u010duje prodajo zunaj poobla\u0161\u010denih trgov.<\/li>\n<\/ul>\n<\/li>\n<li><strong>Zaznavanje posegov in dokaz (pametno pakiranje):<\/strong>\n<ul>\n<li>Zazna nepoobla\u0161\u010deno odpiranje izdelka.<\/li>\n<li>Zagotavlja celovitost izdelka.<\/li>\n<\/ul>\n<\/li>\n<li><strong>Zavarovane ekskluzivne uporabni\u0161ke izku\u0161nje na podlagi statusa izdelka:<\/strong>\n<ul>\n<li>Omogo\u010da napredne uporabni\u0161ke interakcije (pred in po prodaji).<\/li>\n<li>Nagrajuje stranke s prilagojeno vsebino, ponudbami in privilegiji.<\/li>\n<\/ul>\n<\/li>\n<li><strong>Zavarovane aplikacije za ob\u010dutljive podatke:<\/strong>\n<ul>\n<li>\u0160\u010diti ob\u010dutljive podatke o izdelkih in uporabnikih.<\/li>\n<li>Spro\u017ei dejanje ob preverjenem pojavu (npr. pla\u010dilo).<\/li>\n<\/ul>\n<\/li>\n<li><strong>Varna avtentikacija in konfiguracija naprav z zaprto zanko:<\/strong>\n<ul>\n<li>Preverja pristnost potro\u0161nega materiala in delov.<\/li>\n<li>Omogo\u010da preverjanje integritete.<\/li>\n<li>Samodejno prenese nastavitve naprave.<\/li>\n<\/ul>\n<\/li>\n<\/ul>\n<p><strong>Klju\u010dne prednosti:<\/strong><\/p>\n<ul>\n<li><strong>Visoka varnost:<\/strong>\u00a0Funkcija zaznavanja posegov in kriptografija AES-128 zagotavljata celovitost podatkov in prepre\u010dujeta nepoobla\u0161\u010den dostop.<\/li>\n<li><strong>Vsestranske aplikacije:<\/strong>\u00a0Sistem se lahko uporablja za razli\u010dne namene, od avtentikacije izdelkov do varnosti podatkov.<\/li>\n<li><strong>Sledenje v realnem \u010dasu:<\/strong>\u00a0Informacije se po\u0161iljajo v oblak v realnem \u010dasu, kar omogo\u010da takoj\u0161nje ukrepanje in sledenje.<\/li>\n<\/ul>","protected":false},"excerpt":{"rendered":"<p>NTAG 424 DNA je visokovarnostna, zmogljiva NFC nalepka NTAG424 DNA TT, ki jo zagotavlja NXP semiconductors. Oznaka je idealna za za\u0161\u010dito sredstev in informacij, saj ima napredne funkcije, kot sta kriptografija AES in avtentikacija sporo\u010dil SUN, ter \u0161\u010diti shranjevanje ob\u010dutljivih podatkov.<\/p>","protected":false},"featured_media":316,"template":"","meta":{"_kad_post_transparent":"default","_kad_post_title":"","_kad_post_layout":"default","_kad_post_sidebar_id":"","_kad_post_content_style":"default","_kad_post_vertical_padding":"default","_kad_post_feature":"","_kad_post_feature_position":"","_kad_post_header":false,"_kad_post_footer":false,"_kad_post_classname":""},"product_brand":[],"product_cat":[54],"product_tag":[135,134],"class_list":{"0":"post-315","1":"product","2":"type-product","3":"status-publish","4":"has-post-thumbnail","6":"product_cat-hot-selling-rfid-tags","7":"product_tag-tamper-proof-nfc-sticker","8":"product_tag-tamper-proof-nfc-sticker-ntag424-dna-tt","10":"first","11":"instock","12":"shipping-taxable","13":"product-type-simple","14":"entry","15":"content-bg","16":"loop-entry"},"_links":{"self":[{"href":"https:\/\/rfid-laundry-tag.com\/sl\/wp-json\/wp\/v2\/product\/315","targetHints":{"allow":["GET"]}}],"collection":[{"href":"https:\/\/rfid-laundry-tag.com\/sl\/wp-json\/wp\/v2\/product"}],"about":[{"href":"https:\/\/rfid-laundry-tag.com\/sl\/wp-json\/wp\/v2\/types\/product"}],"version-history":[{"count":1,"href":"https:\/\/rfid-laundry-tag.com\/sl\/wp-json\/wp\/v2\/product\/315\/revisions"}],"predecessor-version":[{"id":1566,"href":"https:\/\/rfid-laundry-tag.com\/sl\/wp-json\/wp\/v2\/product\/315\/revisions\/1566"}],"wp:featuredmedia":[{"embeddable":true,"href":"https:\/\/rfid-laundry-tag.com\/sl\/wp-json\/wp\/v2\/media\/316"}],"wp:attachment":[{"href":"https:\/\/rfid-laundry-tag.com\/sl\/wp-json\/wp\/v2\/media?parent=315"}],"wp:term":[{"taxonomy":"product_brand","embeddable":true,"href":"https:\/\/rfid-laundry-tag.com\/sl\/wp-json\/wp\/v2\/product_brand?post=315"},{"taxonomy":"product_cat","embeddable":true,"href":"https:\/\/rfid-laundry-tag.com\/sl\/wp-json\/wp\/v2\/product_cat?post=315"},{"taxonomy":"product_tag","embeddable":true,"href":"https:\/\/rfid-laundry-tag.com\/sl\/wp-json\/wp\/v2\/product_tag?post=315"}],"curies":[{"name":"delovni list","href":"https:\/\/api.w.org\/{rel}","templated":true}]}}