{"id":313,"date":"2024-06-28T01:43:55","date_gmt":"2024-06-28T01:43:55","guid":{"rendered":"https:\/\/rfid-laundry-tag.com\/?post_type=product&#038;p=313"},"modified":"2024-08-19T15:55:01","modified_gmt":"2024-08-19T15:55:01","slug":"tamper-proof-ntag424-dna-tt-nfc-label","status":"publish","type":"product","link":"https:\/\/rfid-laundry-tag.com\/sl\/tamper-proof-ntag424-dna-tt-nfc-label\/","title":{"rendered":"Za\u0161\u010dita pred posegi Ntag424 DNA TT NFC nalepka"},"content":{"rendered":"<table class=\"hight-light-first-column all magic-8\">\n<tbody>\n<tr>\n<td colspan=\"1\" rowspan=\"1\">\n<div class=\"magic-11\"><span class=\"magic-7\" data-spm-anchor-id=\"a2700.details.0.i73.5472537dnd6ZwT\">Ime izdelka<\/span><\/div>\n<\/td>\n<td colspan=\"1\" rowspan=\"1\">\n<div class=\"magic-12\"><span class=\"magic-7\">Anti-fake NFC oznaka<\/span><\/div>\n<\/td>\n<\/tr>\n<tr>\n<td colspan=\"1\" rowspan=\"1\">\n<div class=\"magic-11\"><span class=\"magic-7\">Klju\u010dna beseda<\/span><\/div>\n<\/td>\n<td colspan=\"1\" rowspan=\"1\">\n<div class=\"magic-12\"><span class=\"magic-7\">Za\u0161\u010dita pred posegi Ntag424 DNA TT NFC nalepka<\/span><\/div>\n<\/td>\n<\/tr>\n<tr>\n<td colspan=\"1\" rowspan=\"1\">\n<div class=\"magic-11\"><span class=\"magic-7\">Material<\/span><\/div>\n<\/td>\n<td colspan=\"1\" rowspan=\"1\">\n<div class=\"magic-12\"><span class=\"magic-7\">AL+PET+papir<\/span><\/div>\n<\/td>\n<\/tr>\n<tr>\n<td colspan=\"1\" rowspan=\"1\">\n<div class=\"magic-11\"><span class=\"magic-7\">Velikost<\/span><\/div>\n<\/td>\n<td colspan=\"1\" rowspan=\"1\">\n<div class=\"magic-12\"><span class=\"magic-7\">24*49*0,2 mm<\/span><\/div>\n<\/td>\n<\/tr>\n<tr>\n<td colspan=\"1\" rowspan=\"1\">\n<div class=\"magic-11\"><span class=\"magic-7\">\u010dip<\/span><\/div>\n<\/td>\n<td colspan=\"1\" rowspan=\"1\">\n<div class=\"magic-12\"><span class=\"magic-7\">NTag 424 DNA TT<\/span><\/div>\n<\/td>\n<\/tr>\n<tr>\n<td colspan=\"1\" rowspan=\"1\">\n<div class=\"magic-11\"><span class=\"magic-7\">Spomin<\/span><\/div>\n<\/td>\n<td colspan=\"1\" rowspan=\"1\">\n<div class=\"magic-12\" data-spm-anchor-id=\"a2700.details.0.i72.5472537dnd6ZwT\"><span class=\"magic-7\">416 bajtov<\/span><\/div>\n<\/td>\n<\/tr>\n<tr>\n<td colspan=\"1\" rowspan=\"1\">\n<div class=\"magic-11\"><span class=\"magic-7\">Pogostost<\/span><\/div>\n<\/td>\n<td colspan=\"1\" rowspan=\"1\">\n<div class=\"magic-12\"><span class=\"magic-7\">13,56 MHz<\/span><\/div>\n<\/td>\n<\/tr>\n<tr>\n<td colspan=\"1\" rowspan=\"1\">\n<div class=\"magic-11\"><span class=\"magic-7\">Protokol<\/span><\/div>\n<\/td>\n<td colspan=\"1\" rowspan=\"1\">\n<div class=\"magic-12\"><span class=\"magic-7\">ISO 14443A<\/span><\/div>\n<\/td>\n<\/tr>\n<tr>\n<td colspan=\"1\" rowspan=\"1\">\n<div class=\"magic-11\"><span class=\"magic-7\">Aplikacija<\/span><\/div>\n<\/td>\n<td colspan=\"1\" rowspan=\"1\">\n<div class=\"magic-12\"><span class=\"magic-7\">Varovanje alkohola, vrhunska kozmetika, nakit, upravljanje premo\u017eenja itd.<\/span><\/div>\n<\/td>\n<\/tr>\n<tr>\n<td colspan=\"1\" rowspan=\"1\">\n<div class=\"magic-11\"><span class=\"magic-7\">Funkcija<\/span><\/div>\n<\/td>\n<td colspan=\"1\" rowspan=\"1\">\n<div class=\"magic-12\"><span class=\"magic-7\">ANTI-FAKE<\/span><\/div>\n<\/td>\n<\/tr>\n<\/tbody>\n<\/table>\n<p>&nbsp;<\/p>\n<p>NTAG 424 DNA je visokovarnostna, zmogljiva NFC oznaka, ki jo zagotavlja NXP semiconductors. Oznaka je idealna za za\u0161\u010dito sredstev in informacij, saj ima napredne funkcije, kot sta kriptografija AES in avtentikacija sporo\u010dil SUN, ter \u0161\u010diti shranjevanje ob\u010dutljivih podatkov.<\/p>\n<div class=\"auto-hide-last-sibling-br paragraph_9dc5f paragraph-element\">NTAG 424 DNA TT (NT4H2421Tx) predstavlja neverjeten napredek na podro\u010dju NFC in IoT aplikacij. Njegova usmeritev je k pove\u010dani varnosti, za\u0161\u010dita celovitosti izdelka pa je dokaz njegovega najsodobnej\u0161ega dizajna.<\/div>\n<p>&nbsp;<\/p>\n<div class=\"auto-hide-last-sibling-br paragraph_9dc5f paragraph-element\"><strong>Lastnosti NTAG 424 DNA TT (NT4H2421Tx):<\/strong><\/div>\n<div><\/div>\n<ol class=\"auto-hide-last-sibling-br\">\n<li>\n<div class=\"auto-hide-last-sibling-br paragraph_9dc5f paragraph-element\"><strong>Visoka varnost:<\/strong>\u00a0Z najsodobnej\u0161imi varnostnimi ukrepi ta \u010dip nudi napredno za\u0161\u010dito pred nepoobla\u0161\u010denim dostopom in posegi.<\/div>\n<\/li>\n<li>\n<div class=\"auto-hide-last-sibling-br paragraph_9dc5f paragraph-element\"><strong>Zaznavanje stanja:<\/strong>\u00a0\u010cip uporablja natan\u010dne algoritme za zaznavanje stanja za hitro prepoznavanje morebitnih nepravilnosti. Ta funkcija je \u0161e posebej uporabna pri odkrivanju poskusov poseganja v izdelke.<\/div>\n<\/li>\n<li>\n<div class=\"auto-hide-last-sibling-br paragraph_9dc5f paragraph-element\"><strong>Za\u0161\u010dita zasebnosti:<\/strong>\u00a0V obdobju, ko je zasebnost visoko cenjena, NTAG 424 DNA TT (NT4H2421Tx) zagotavlja tudi zanesljive mehanizme za za\u0161\u010dito zasebnosti pred morebitnimi kr\u0161itvami podatkov.<\/div>\n<\/li>\n<li>\n<div class=\"auto-hide-last-sibling-br paragraph_9dc5f paragraph-element\"><strong>Zasnova, za\u0161\u010ditena pred posegi:<\/strong>\u00a0Izdelek je sijajno zasnovan s funkcijami za za\u0161\u010dito pred posegi, kot je uporaba krhkih materialov pri izdelavi antene, razrezan papir in ukrepi proti lupljenju, ki zagotavljajo, da oznake ni prenosljivo.<\/div>\n<\/li>\n<li>\n<div class=\"auto-hide-last-sibling-br paragraph_9dc5f paragraph-element\"><strong>U\u010dinkovito odkrivanje:<\/strong>\u00a0\u010citalnik kartic, ki podpira NFC, ali mobilni telefon lahko hitro prepozna popolne in brezkompromisne nalepke. \u010ce se vanjo posega, nalepka spremeni status zaznavanja ali postane neberljiva, kar ka\u017ee na te\u017eavo s celovitostjo izdelka.<\/div>\n<\/li>\n<\/ol>\n<div class=\"auto-hide-last-sibling-br paragraph_9dc5f paragraph-element\"><strong>Pogosta vpra\u0161anja o NTAG 424 DNA TT (NT4H2421Tx):<\/strong><\/div>\n<div><\/div>\n<div class=\"auto-hide-last-sibling-br paragraph_9dc5f paragraph-element\">V:\u00a0<strong>Katere aplikacije bodo imele najve\u010d koristi od NTAG 424 DNA TT (NT4H2421Tx)?<\/strong><br class=\"container_21264 wrapper_661ac undefined\" \/>O: NTAG 424 DNA TT (NT4H2421Tx) se ve\u010dinoma uporablja v panogah, ki zahtevajo visoko raven varnosti, kot so luksuzno blago, farmacevtski izdelki, pomembni dokumenti in drugi predmeti, ki zahtevajo stroge ukrepe proti ponarejanju.<\/div>\n<div><\/div>\n<div class=\"auto-hide-last-sibling-br paragraph_9dc5f paragraph-element\">V:\u00a0<strong>Kako zanesljiva je funkcija zaznavanja posegov?<\/strong><br class=\"container_21264 wrapper_661ac undefined\" \/>O: Oznaka uporablja skrbno oblikovane krhke materiale, zaradi katerih je zelo ob\u010dutljiva na kakr\u0161ne koli poskuse poseganja. Ob posegu spremeni status zaznave ali postane neberljiv, kar u\u010dinkovito ozna\u010di morebitne poskuse nepoobla\u0161\u010denega posega.<\/div>\n<div class=\"auto-hide-last-sibling-br paragraph_9dc5f paragraph-element\">Te napredne funkcije NTAG 424 DNA TT (NT4H2421Tx) slu\u017eijo krepitvi varnosti, za\u0161\u010dite in pristnosti katerega koli izdelka, s katerim je povezan.<\/div>","protected":false},"excerpt":{"rendered":"<p>NTAG 424 DNA TT postavlja nov standard v varnih aplikacijah NFC in IoT ter predstavlja novo generacijo \u010dipov NTAG DNA z najsodobnej\u0161imi funkcijami za varnost, zaznavanje stanja in za\u0161\u010dito zasebnosti.<\/p>","protected":false},"featured_media":314,"template":"","meta":{"_kad_post_transparent":"default","_kad_post_title":"","_kad_post_layout":"default","_kad_post_sidebar_id":"","_kad_post_content_style":"default","_kad_post_vertical_padding":"default","_kad_post_feature":"","_kad_post_feature_position":"","_kad_post_header":false,"_kad_post_footer":false,"_kad_post_classname":""},"product_brand":[],"product_cat":[54],"product_tag":[130,131],"class_list":{"0":"post-313","1":"product","2":"type-product","3":"status-publish","4":"has-post-thumbnail","6":"product_cat-hot-selling-rfid-tags","7":"product_tag-tamper-proof-ntag424-dna-tt-nfc-sticker","8":"product_tag-tamper-proof-ntag424-tt-nfc-sticker","10":"first","11":"instock","12":"shipping-taxable","13":"product-type-simple","14":"entry","15":"content-bg","16":"loop-entry"},"_links":{"self":[{"href":"https:\/\/rfid-laundry-tag.com\/sl\/wp-json\/wp\/v2\/product\/313","targetHints":{"allow":["GET"]}}],"collection":[{"href":"https:\/\/rfid-laundry-tag.com\/sl\/wp-json\/wp\/v2\/product"}],"about":[{"href":"https:\/\/rfid-laundry-tag.com\/sl\/wp-json\/wp\/v2\/types\/product"}],"version-history":[{"count":3,"href":"https:\/\/rfid-laundry-tag.com\/sl\/wp-json\/wp\/v2\/product\/313\/revisions"}],"predecessor-version":[{"id":1569,"href":"https:\/\/rfid-laundry-tag.com\/sl\/wp-json\/wp\/v2\/product\/313\/revisions\/1569"}],"wp:featuredmedia":[{"embeddable":true,"href":"https:\/\/rfid-laundry-tag.com\/sl\/wp-json\/wp\/v2\/media\/314"}],"wp:attachment":[{"href":"https:\/\/rfid-laundry-tag.com\/sl\/wp-json\/wp\/v2\/media?parent=313"}],"wp:term":[{"taxonomy":"product_brand","embeddable":true,"href":"https:\/\/rfid-laundry-tag.com\/sl\/wp-json\/wp\/v2\/product_brand?post=313"},{"taxonomy":"product_cat","embeddable":true,"href":"https:\/\/rfid-laundry-tag.com\/sl\/wp-json\/wp\/v2\/product_cat?post=313"},{"taxonomy":"product_tag","embeddable":true,"href":"https:\/\/rfid-laundry-tag.com\/sl\/wp-json\/wp\/v2\/product_tag?post=313"}],"curies":[{"name":"delovni list","href":"https:\/\/api.w.org\/{rel}","templated":true}]}}