{"id":312,"date":"2024-06-26T17:16:17","date_gmt":"2024-06-26T17:16:17","guid":{"rendered":"https:\/\/rfid-laundry-tag.com\/?post_type=product&#038;p=312"},"modified":"2024-06-26T17:19:23","modified_gmt":"2024-06-26T17:19:23","slug":"ntag213-nfc-inlay-dia25mm","status":"publish","type":"product","link":"https:\/\/rfid-laundry-tag.com\/sl\/ntag213-nfc-inlay-dia25mm\/","title":{"rendered":"Ntag213 NFC vlo\u017eek premera 25 mm"},"content":{"rendered":"<div class=\"text-title\"><strong><span class=\"magic-26\" style=\"font-family: Arial;\" data-spm-anchor-id=\"a2700.details.0.i47.6f4d7d7dnursE7\">NFC suhi vlo\u017eek<\/span><\/strong><\/div>\n<div class=\"text-content\">\n<p><span class=\"magic-6\" style=\"font-family: Arial;\">Preprosto povedano, RFID suhi vlo\u017eek je kombinacija RFID \u010dipa in antene. Lahko se uporablja za izdelavo nalepk NFC, nalepk RFID, vstopnic RFID in razli\u010dnih oznak RFID. <\/span><\/p>\n<div data-spm-anchor-id=\"a2700.details.0.i46.6f4d7d7dnursE7\">\n<p><span class=\"magic-6\" style=\"font-family: Arial;\"> Antena suhega vlo\u017eka je jedkana iz aluminija, ki je tanj\u0161a v primerjavi z bakreno tuljavo. Obliko antene je mogo\u010de prilagoditi in preoblikovati na zahtevo.<\/span><\/p>\n<div><\/div>\n<\/div>\n<\/div>\n<div>\n<div class=\"text-title\"><strong><span class=\"magic-26\" style=\"font-family: Arial;\">NFC mokri vlo\u017eek<\/span><\/strong><\/div>\n<div class=\"text-content\">\n<p><span class=\"magic-6\" style=\"font-family: Arial;\" data-spm-anchor-id=\"a2700.details.0.i49.6f4d7d7dnursE7\">Suhi vlo\u017eek RFID, ki mu je dodano lepilo, se imenuje mokri vlo\u017eek. Lahko se uporablja neposredno kot nalepka RFID ali nalepka NFC, \u010de ne potrebujete tiskanja na povr\u0161ino. \u010ce jih nalepite na predmete, lahko prihranite stro\u0161ke in dose\u017eete isti namen. \u0160iroko se uporablja tudi pri izdelavi oznak RFID. Antena mokrega vlo\u017eka je jedkana iz aluminija, ki je tanj\u0161a v primerjavi z bakreno tuljavo. Obliko antene je mogo\u010de prilagoditi in preoblikovati na zahtevo.<\/span><\/p>\n<div>\n<h2>Ntag213 NFC vlo\u017eek premera 25 mm<\/h2>\n<p>Ta specifikacija opisuje vlo\u017eek Ntag213 NFC s premerom 25 mm. Je suh vlo\u017eek, kar pomeni, da nima lepljive podlage in zahteva dodatne korake za pritrditev na predmet.<\/p>\n<p><strong>Klju\u010dne zna\u010dilnosti:<\/strong><\/p>\n<ul>\n<li><strong>\u010dip:<\/strong>\u00a0Ntag213<\/li>\n<li><strong>Premer:<\/strong>\u00a025 mm<\/li>\n<li><strong>Tip:<\/strong>\u00a0Suhi vlo\u017eek<\/li>\n<li><strong>Protokol:<\/strong>\u00a0ISO\/IEC 14443 tip A<\/li>\n<li><strong>Pogostost:<\/strong>\u00a013,56 MHz<\/li>\n<li><strong>Pomnilnik:<\/strong>\u00a0144 bajtov<\/li>\n<\/ul>\n<p><strong>Prednosti:<\/strong><\/p>\n<ul>\n<li><strong>Stro\u0161kovno u\u010dinkovito:<\/strong>\u00a0Ntag213 je \u0161iroko uporabljen in cenovno dostopen NFC \u010dip.<\/li>\n<li><strong>Vsestranski:<\/strong>\u00a0Zaradi velikosti pomnilnika in funkcionalnosti je primeren za \u0161iroko paleto aplikacij.<\/li>\n<li><strong>Vzdr\u017eljiv:<\/strong>\u00a0Suhi vlo\u017eki nudijo bolj\u0161o vzdr\u017eljivost v primerjavi z mokrimi vlo\u017eki.<\/li>\n<li><strong>Prilagodljivo:<\/strong>\u00a0Anteno je mogo\u010de prilagoditi za posebne aplikacije.<\/li>\n<\/ul>\n<p><strong>Aplikacije:<\/strong><\/p>\n<ul>\n<li><strong>Nadzor dostopa:<\/strong>\u00a0Kartice s klju\u010di, zna\u010dke RFID in drugi sistemi varnega dostopa.<\/li>\n<li><strong>Sledenje sredstvu:<\/strong>\u00a0Sledenje zalog, opreme in drugega dragocenega premo\u017eenja.<\/li>\n<li><strong>Tr\u017eenje in ogla\u0161evanje:<\/strong>\u00a0Interaktivni plakati, promocijski materiali in programi zvestobe.<\/li>\n<li><strong>Pla\u010dilni sistemi:<\/strong>\u00a0Brezsti\u010dne pla\u010dilne kartice in mobilne denarnice.<\/li>\n<li><strong>Shranjevanje podatkov:<\/strong>\u00a0Shranjevanje majhnih koli\u010din podatkov, kot so informacije o izdelku ali serijske \u0161tevilke.<\/li>\n<\/ul>\n<\/div>\n<div data-spm-anchor-id=\"a2700.details.0.i48.6f4d7d7dnursE7\"><\/div>\n<\/div>\n<\/div>","protected":false},"excerpt":{"rendered":"<p><strong>RFID NFC vlo\u017eki<\/strong> na voljo sta v dveh vrstah, mokri in suhi. Mokri vlo\u017eek RFID NFC je opremljen z lepljivo podlago, suhi pa ne. Zagotavljajo mo\u017enost oznake, ki deluje na 13,56 MHz in je posebej zasnovana za proizvajalce originalne opreme (OEM). Za te vlo\u017eke sta na voljo oba pomnilni\u0161ka \u010dipa ISO 15693 in 14443 NFC.<\/p>","protected":false},"featured_media":287,"template":"","meta":{"_kad_post_transparent":"default","_kad_post_title":"","_kad_post_layout":"default","_kad_post_sidebar_id":"","_kad_post_content_style":"default","_kad_post_vertical_padding":"default","_kad_post_feature":"","_kad_post_feature_position":"","_kad_post_header":false,"_kad_post_footer":false,"_kad_post_classname":""},"product_brand":[],"product_cat":[54],"product_tag":[111,129],"class_list":{"0":"post-312","1":"product","2":"type-product","3":"status-publish","4":"has-post-thumbnail","6":"product_cat-hot-selling-rfid-tags","7":"product_tag-nfc-inlay","8":"product_tag-ntag213-nfc-inlay-dia25mm","10":"first","11":"instock","12":"shipping-taxable","13":"product-type-simple","14":"entry","15":"content-bg","16":"loop-entry"},"_links":{"self":[{"href":"https:\/\/rfid-laundry-tag.com\/sl\/wp-json\/wp\/v2\/product\/312","targetHints":{"allow":["GET"]}}],"collection":[{"href":"https:\/\/rfid-laundry-tag.com\/sl\/wp-json\/wp\/v2\/product"}],"about":[{"href":"https:\/\/rfid-laundry-tag.com\/sl\/wp-json\/wp\/v2\/types\/product"}],"version-history":[{"count":0,"href":"https:\/\/rfid-laundry-tag.com\/sl\/wp-json\/wp\/v2\/product\/312\/revisions"}],"wp:featuredmedia":[{"embeddable":true,"href":"https:\/\/rfid-laundry-tag.com\/sl\/wp-json\/wp\/v2\/media\/287"}],"wp:attachment":[{"href":"https:\/\/rfid-laundry-tag.com\/sl\/wp-json\/wp\/v2\/media?parent=312"}],"wp:term":[{"taxonomy":"product_brand","embeddable":true,"href":"https:\/\/rfid-laundry-tag.com\/sl\/wp-json\/wp\/v2\/product_brand?post=312"},{"taxonomy":"product_cat","embeddable":true,"href":"https:\/\/rfid-laundry-tag.com\/sl\/wp-json\/wp\/v2\/product_cat?post=312"},{"taxonomy":"product_tag","embeddable":true,"href":"https:\/\/rfid-laundry-tag.com\/sl\/wp-json\/wp\/v2\/product_tag?post=312"}],"curies":[{"name":"delovni list","href":"https:\/\/api.w.org\/{rel}","templated":true}]}}