{"id":3117,"date":"2025-12-18T12:06:28","date_gmt":"2025-12-18T12:06:28","guid":{"rendered":"https:\/\/rfid-laundry-tag.com\/?post_type=product&#038;p=3117"},"modified":"2026-01-04T12:40:55","modified_gmt":"2026-01-04T12:40:55","slug":"textile-iron-durable-heat-sealed-rfid-laundry-tag","status":"publish","type":"product","link":"https:\/\/rfid-laundry-tag.com\/sl\/textile-iron-durable-heat-sealed-rfid-laundry-tag\/","title":{"rendered":"Tekstilna likalnik Trajna toplotno zatesnjena RFID etiketa za perilo"},"content":{"rendered":"<div>\n<div>\n<h2>Tekstilna likalnik Trajna toplotno zatesnjena RFID etiketa za perilo<\/h2>\n<p>&nbsp;<\/p>\n<p><strong><a href=\"https:\/\/rfid-laundry-tag.com\/sl\/textile-rfid-laundry-tag\/\">Oznaka za perilo s toplotnim tesnjenjem RFID<\/a>\u00a0\u2013 Trpe\u017ena, visokotemperaturno odporna re\u0161itev za sledenje tekstila<\/strong><\/p>\n<p>Na\u0161a RFID etiketa za perilo s toplotnim stiskanjem ponuja robustno in zanesljivo re\u0161itev za identifikacijo in sledenje tekstila v zdravstvu, industrijskem pranju perila in sektorjih upravljanja uniform v Evropi, ZDA in Kanadi. Znana je tudi kot etiketa za prenos toplote.\u00a0<a href=\"https:\/\/rfid-laundry-tag.com\/sl\/textile-rfid-laundry-tag\/\">RFID oznaka za perilo<\/a>, ali toplotno tesnilna RFID etiketa za perilo zagotavlja izjemno zmogljivost v zahtevnih pogojih pranja.<\/p>\n<h2>Prednosti:<\/h2>\n<p align=\"left\" data-spm-anchor-id=\"a2700.details-description.0.i1.404eTMiRTMiR6E\">1). Vodoodpornost in odpornost na toploto<br \/>\n2).200 pralnih ciklov ali 300-krat<br \/>\n3). Razdalja branja, 8~12 metrov<br \/>\n4). Rok dobave je 3 dni<\/p>\n<\/div>\n<h3>Klju\u010dne zna\u010dilnosti<\/h3>\n<ul>\n<li>Vodoodporno in kemi\u010dno odporno: Zasnovano tako, da prenese detergente, meh\u010dalce, belilo (kisik\/klor) in alkalne obdelave.<\/li>\n<li>RFID-oznaka, ki se aktivira s toploto: Brezhibno se integrira s stroji za toplotno varjenje za hitro in trdno pritrditev.<\/li>\n<li>RFID etiketa za perilo z likanjem: Enostavna namestitev s standardnim toplotnim stiskanjem ali \u0161ivanjem, idealna za vdelavo v robove tekstila ali etikete za nego.<\/li>\n<li>Nosljiva RFID oznaka s toplotnim stiskanjem: Zagotavlja trajno oprijemljivost in zmanj\u0161uje izgubo oznake skozi celotno \u017eivljenjsko dobo.<\/li>\n<li>Visokotemperaturna RFID etiketa za perilo: Izdelana tako, da je odporna na intenzivno vro\u010dino in mehanske obremenitve industrijskih procesov pranja perila.<\/li>\n<\/ul>\n<div>\n<table width=\"637\">\n<tbody>\n<tr>\n<td width=\"328\">Ime predmeta:<\/td>\n<td width=\"309\">Tekstilna likalnik Trajna toplotno zatesnjena RFID etiketa za perilo<\/td>\n<\/tr>\n<tr>\n<td width=\"328\">Standard RFID:<\/td>\n<td width=\"309\">ISO\/IEC 18000-6 TypeC (EPC Gen2)<\/td>\n<\/tr>\n<tr>\n<td width=\"328\">Velikost in te\u017ea:<\/td>\n<td width=\"309\">\u00a035 mm x 15 mm; 58 mm x 15 mm; 70 mm x 10 mm 70 x 15 mm 75 x 12 mm 75 x 15 mm ali po meri<\/td>\n<\/tr>\n<tr>\n<td width=\"328\">Vrsta \u010dipa:<\/td>\n<td width=\"309\">Monza 4QT, NXP U CODE 9, Alien H9 itd.<\/td>\n<\/tr>\n<tr>\n<td width=\"328\">Pomnilnik EPC:<\/td>\n<td width=\"309\">128 bitov<\/td>\n<\/tr>\n<tr>\n<td width=\"328\">Uporabni\u0161ki pomnilnik:<\/td>\n<td width=\"309\">512 bitov<\/td>\n<\/tr>\n<tr>\n<td width=\"328\">Razpon branja (2W ERP FCC):<\/td>\n<td width=\"309\">8M~10M<\/td>\n<\/tr>\n<tr>\n<td width=\"328\">Razpon branja (2W ERP ETSI):<\/td>\n<td width=\"309\">8M~10M<\/td>\n<\/tr>\n<tr>\n<td width=\"328\">Ozna\u010devanje:<\/td>\n<td width=\"309\">Lepilo za vro\u010de \u017eigosanje, grelno tesnilo, luknja itd.<\/td>\n<\/tr>\n<tr>\n<td width=\"328\">Predvidena \u017eivljenjska doba:<\/td>\n<td width=\"309\">200 pralnih ciklov ali 300 pranj<\/td>\n<\/tr>\n<tr>\n<td width=\"328\">Metoda pranja:<\/td>\n<td width=\"309\">Pralnica, kemi\u010dna \u010distilnica<\/td>\n<\/tr>\n<tr>\n<td width=\"328\">Pritisk vode:<\/td>\n<td width=\"309\">60 barov<\/td>\n<\/tr>\n<tr>\n<td width=\"328\">Vodoodpornost:<\/td>\n<td width=\"309\">Vodoodporen<\/td>\n<\/tr>\n<tr>\n<td width=\"328\">Kemi\u010dna odpornost:<\/td>\n<td width=\"309\">Detergent, meh\u010dalec, belilo (kisik\/klor), alkalije<\/td>\n<\/tr>\n<tr>\n<td width=\"328\">Predhodno su\u0161enje v me\u0161alniku:<\/td>\n<td width=\"309\">125 \u00baC 15-20 minut<\/td>\n<\/tr>\n<tr>\n<td width=\"328\">Temperatura sterilizacije:<\/td>\n<td width=\"309\">135\u00b0C 15-20 minut<\/td>\n<\/tr>\n<tr>\n<td width=\"328\">Temperatura pranja:<\/td>\n<td width=\"309\">90\u00b0C, do 15 min.<\/td>\n<\/tr>\n<tr>\n<td width=\"328\">Vla\u017enost\/temperatura - delovanje:<\/td>\n<td width=\"309\">-20 do 110 \u00b0C, 8 do 95%RH<\/td>\n<\/tr>\n<tr>\n<td width=\"328\">Vla\u017enost\/temperatura-skladi\u0161\u010denje:<\/td>\n<td width=\"309\">-40 do 110 \u00b0C, 8 do 95%RH<\/td>\n<\/tr>\n<\/tbody>\n<\/table>\n<\/div>\n<\/div>\n<figure id=\"attachment_3280\" class=\"wp-caption alignnone\" aria-describedby=\"caption-attachment-3280\"><figcaption id=\"caption-attachment-3280\" class=\"wp-caption-text\">\n<figure id=\"attachment_3085\" aria-describedby=\"caption-attachment-3085\" style=\"width: 750px\" class=\"wp-caption alignnone\"><a href=\"https:\/\/rfid-laundry-tag.com\/sl\/textile-rfid-laundry-tag\/\"><img fetchpriority=\"high\" decoding=\"async\" class=\"size-full wp-image-3085\" src=\"https:\/\/rfid-laundry-tag.com\/wp-content\/uploads\/2025\/12\/UHF-RFID-washable-laundry-tag-11.jpg\" alt=\"Washable RFID Tags for Laundry Uniform\" width=\"750\" height=\"750\" srcset=\"https:\/\/rfid-laundry-tag.com\/wp-content\/uploads\/2025\/12\/UHF-RFID-washable-laundry-tag-11.jpg 750w, https:\/\/rfid-laundry-tag.com\/wp-content\/uploads\/2025\/12\/UHF-RFID-washable-laundry-tag-11-300x300.jpg 300w, https:\/\/rfid-laundry-tag.com\/wp-content\/uploads\/2025\/12\/UHF-RFID-washable-laundry-tag-11-150x150.jpg 150w, https:\/\/rfid-laundry-tag.com\/wp-content\/uploads\/2025\/12\/UHF-RFID-washable-laundry-tag-11-12x12.jpg 12w, https:\/\/rfid-laundry-tag.com\/wp-content\/uploads\/2025\/12\/UHF-RFID-washable-laundry-tag-11-600x600.jpg 600w, https:\/\/rfid-laundry-tag.com\/wp-content\/uploads\/2025\/12\/UHF-RFID-washable-laundry-tag-11-100x100.jpg 100w\" sizes=\"(max-width: 750px) 100vw, 750px\" \/><\/a><figcaption id=\"caption-attachment-3085\" class=\"wp-caption-text\">Pralne RFID oznake za uniformo perila<\/figcaption><\/figure>\n<\/figcaption><\/figure>\n<p>Ta RFID etiketa za perilo, izdelana iz tkanega poliestra in vrhunskih toplotno aktiviranih lepil, se varno prilepi na bomba\u017e, poliester in me\u0161ane tkanine. Oznaka prenese zahtevne cikle pranja, vklju\u010dno s sterilizacijo pri visoki temperaturi, zaradi \u010desar je idealna za uporabo v RFID sistemih za upravljanje perila, ki se pogosto uporabljajo v bolni\u0161nicah in industrijskih pralnicah.<\/p>\n<div class=\"entry-content-asset videofit\"><iframe title=\"Zakaj uporabljati RFID v tekstilnem pralnem stroju?\" src=\"https:\/\/www.youtube.com\/embed\/X_P3EuhS_hE?feature=oembed\" width=\"720\" height=\"405\" frameborder=\"0\" allowfullscreen=\"allowfullscreen\" data-mce-fragment=\"1\"><\/iframe><\/div>\n<div>\n<h3><strong><b>Uporaba na svetovnih trgih<\/b><\/strong><\/h3>\n<p>Na\u0161\u00a0<strong>RFID etiketa za perilo za zdravstveno varstvo<\/strong>\u00a0Omogo\u010da natan\u010dno sledenje rjuh, brisa\u010d in uniform, kar podpira nadzor oku\u017eb in natan\u010dnost zalog v bolni\u0161nicah po Severni Ameriki in Evropi. Tekstilne RFID oznake za bolni\u0161nice izbolj\u0161ujejo upravljanje \u017eivljenjskega cikla posteljnine, zmanj\u0161ujejo izgube in pove\u010dujejo operativno u\u010dinkovitost v okoljih, ki zahtevajo skladnost s predpisi.<\/p>\n<p>V industrijskih pralnicah je\u00a0<strong>RFID pralna etiketa za industrijsko pranje perila<\/strong>\u00a0je klju\u010dnega pomena za upravljanje obse\u017ene predelave perila, saj omogo\u010da brezhibno integracijo v\u00a0<strong>Sistemi za upravljanje pralnic z RFID<\/strong>\u00a0zasnovan za zahtevne pogoje pranja.\u00a0<strong>enotni RFID sledilni \u010dip<\/strong>\u00a0Vgrajene v trpe\u017ene RFID oznake za uniforme pomagajo multinacionalnim korporacijam in zdravstvenim ustanovam ohranjati odgovornost in optimizirati kro\u017eenje uniform.<\/p>\n<h3><strong><b>Namestitev in uporaba<\/b><\/strong><\/h3>\n<ul>\n<li><strong>Ozna\u010devanje \u0161ivov:<\/strong>\u0160ivajte v robove obla\u010dil stran od pregibnih linij, da prepre\u010dite po\u0161kodbe<\/li>\n<li><strong>Toplotno tesnjenje:<\/strong>Nanesite pri 200 \u00b0C (392 \u00b0F) 12\u201314 sekund z uporabo standardnih industrijskih strojev za toplotno varjenje.<\/li>\n<li><strong>V vre\u010dki:<\/strong>Za\u0161ijte v notranjost standardne etikete za nego, da ohranite estetiko obla\u010dila<\/li>\n<\/ul>\n<figure id=\"attachment_3407\" class=\"wp-caption alignnone\" aria-describedby=\"caption-attachment-3407\"><figcaption id=\"caption-attachment-3407\" class=\"wp-caption-text\">\n<figure id=\"attachment_2970\" aria-describedby=\"caption-attachment-2970\" style=\"width: 1000px\" class=\"wp-caption alignnone\"><a href=\"https:\/\/rfid-laundry-tag.com\/sl\/textile-rfid-laundry-tag\/\"><img decoding=\"async\" class=\"size-full wp-image-2970\" src=\"https:\/\/rfid-laundry-tag.com\/wp-content\/uploads\/2025\/11\/UHF-RFID-washable-laundry-tag-08.jpg\" alt=\"Textile UHF RFID Tags Labels\" width=\"1000\" height=\"1000\" srcset=\"https:\/\/rfid-laundry-tag.com\/wp-content\/uploads\/2025\/11\/UHF-RFID-washable-laundry-tag-08.jpg 1000w, https:\/\/rfid-laundry-tag.com\/wp-content\/uploads\/2025\/11\/UHF-RFID-washable-laundry-tag-08-300x300.jpg 300w, https:\/\/rfid-laundry-tag.com\/wp-content\/uploads\/2025\/11\/UHF-RFID-washable-laundry-tag-08-150x150.jpg 150w, https:\/\/rfid-laundry-tag.com\/wp-content\/uploads\/2025\/11\/UHF-RFID-washable-laundry-tag-08-768x768.jpg 768w, https:\/\/rfid-laundry-tag.com\/wp-content\/uploads\/2025\/11\/UHF-RFID-washable-laundry-tag-08-12x12.jpg 12w, https:\/\/rfid-laundry-tag.com\/wp-content\/uploads\/2025\/11\/UHF-RFID-washable-laundry-tag-08-600x600.jpg 600w, https:\/\/rfid-laundry-tag.com\/wp-content\/uploads\/2025\/11\/UHF-RFID-washable-laundry-tag-08-100x100.jpg 100w\" sizes=\"(max-width: 1000px) 100vw, 1000px\" \/><\/a><figcaption id=\"caption-attachment-2970\" class=\"wp-caption-text\">Tekstilne UHF RFID oznake<\/figcaption><\/figure>\n<\/figcaption><\/figure>\n<p>Z vgrajeno napredno tehnologijo toplotnega tesnjenja te oznake zagotavljajo enakomeren pritisk na obli\u017e in samodejne povratne informacije za brezhibno namestitev.<\/p>\n<p>&nbsp;<\/p>\n<\/div>","protected":false},"excerpt":{"rendered":"<p>Smo 5 najbolj\u0161ih proizvajalcev UHF RFID etiket za perilo<strong>.Tekstilna likalnik Trajna toplotno zatesnjena RFID etiketa za perilo <\/strong>Zagotavlja trajno sledenje tekstila v zdravstvu, pralnicah in uniformah po vsej Evropi, ZDA in Kanadi \u2013 odporen na zahtevne cikle pranja.<\/p>","protected":false},"featured_media":3118,"template":"","meta":{"_kad_post_transparent":"default","_kad_post_title":"","_kad_post_layout":"default","_kad_post_sidebar_id":"","_kad_post_content_style":"default","_kad_post_vertical_padding":"default","_kad_post_feature":"","_kad_post_feature_position":"","_kad_post_header":false,"_kad_post_footer":false,"_kad_post_classname":""},"product_brand":[],"product_cat":[16],"product_tag":[24,375,342,339,65,368,30,374,373],"class_list":{"0":"post-3117","1":"product","2":"type-product","3":"status-publish","4":"has-post-thumbnail","6":"product_cat-uhf-rfid-laundry-tags","7":"product_tag-laundry-rfid-tags","8":"product_tag-rfid-laundry-tag-7015mm","9":"product_tag-rfid-laundry-tags","10":"product_tag-rfid-washable-tags","11":"product_tag-textile-rfid-laundry-tags","12":"product_tag-textile-uhf-rfid-tags-labels","13":"product_tag-uhf-rfid-laundry-tag","14":"product_tag-washable-uhf-rfid-labels","15":"product_tag-washable-uhf-rfid-laundry-textile-labels","17":"first","18":"instock","19":"featured","20":"shipping-taxable","21":"product-type-simple","22":"entry","23":"content-bg","24":"loop-entry"},"_links":{"self":[{"href":"https:\/\/rfid-laundry-tag.com\/sl\/wp-json\/wp\/v2\/product\/3117","targetHints":{"allow":["GET"]}}],"collection":[{"href":"https:\/\/rfid-laundry-tag.com\/sl\/wp-json\/wp\/v2\/product"}],"about":[{"href":"https:\/\/rfid-laundry-tag.com\/sl\/wp-json\/wp\/v2\/types\/product"}],"version-history":[{"count":3,"href":"https:\/\/rfid-laundry-tag.com\/sl\/wp-json\/wp\/v2\/product\/3117\/revisions"}],"predecessor-version":[{"id":3168,"href":"https:\/\/rfid-laundry-tag.com\/sl\/wp-json\/wp\/v2\/product\/3117\/revisions\/3168"}],"wp:featuredmedia":[{"embeddable":true,"href":"https:\/\/rfid-laundry-tag.com\/sl\/wp-json\/wp\/v2\/media\/3118"}],"wp:attachment":[{"href":"https:\/\/rfid-laundry-tag.com\/sl\/wp-json\/wp\/v2\/media?parent=3117"}],"wp:term":[{"taxonomy":"product_brand","embeddable":true,"href":"https:\/\/rfid-laundry-tag.com\/sl\/wp-json\/wp\/v2\/product_brand?post=3117"},{"taxonomy":"product_cat","embeddable":true,"href":"https:\/\/rfid-laundry-tag.com\/sl\/wp-json\/wp\/v2\/product_cat?post=3117"},{"taxonomy":"product_tag","embeddable":true,"href":"https:\/\/rfid-laundry-tag.com\/sl\/wp-json\/wp\/v2\/product_tag?post=3117"}],"curies":[{"name":"delovni list","href":"https:\/\/api.w.org\/{rel}","templated":true}]}}