{"id":310,"date":"2024-06-26T17:12:34","date_gmt":"2024-06-26T17:12:34","guid":{"rendered":"https:\/\/rfid-laundry-tag.com\/?post_type=product&#038;p=310"},"modified":"2024-06-26T17:15:58","modified_gmt":"2024-06-26T17:15:58","slug":"anti-metal-uhf-rfid-tag","status":"publish","type":"product","link":"https:\/\/rfid-laundry-tag.com\/sl\/anti-metal-uhf-rfid-tag\/","title":{"rendered":"Anti-metal UHF RFID oznaka"},"content":{"rendered":"<h2>Anti-metal UHF RFID oznaka<\/h2>\n<h2>Razpolo\u017eljive prilagoditve:<\/h2>\n<p><strong>Tiskanje:<\/strong><\/p>\n<ul>\n<li><strong>Barvne mo\u017enosti:<\/strong>\n<ul>\n<li>Enobarvno tiskanje<\/li>\n<li>4-barvni ofset tisk<\/li>\n<\/ul>\n<\/li>\n<li><strong>Vnos:<\/strong>\n<ul>\n<li>Grafi\u010dna postavitev naro\u010dnika v vektorski obliki<\/li>\n<\/ul>\n<\/li>\n<li><strong>Vsebina:<\/strong>\n<ul>\n<li>Tiskanje EPC kode<\/li>\n<li>Progresivno tiskanje serijske kode:\n<ul>\n<li>Iz baze podatkov<\/li>\n<li>Iz datoteke .xls<\/li>\n<\/ul>\n<\/li>\n<li>Tiskanje \u010drtnih kod<\/li>\n<li>Tiskanje QRCode<\/li>\n<\/ul>\n<\/li>\n<li><strong>Dodatne mo\u017enosti prilagajanja so na voljo na zahtevo.<\/strong><\/li>\n<\/ul>\n<p><strong>Kodiranje pomnilnika \u010dipa:<\/strong><\/p>\n<ul>\n<li><strong>Kodiranje transponderja RFID UHF:<\/strong>\n<ul>\n<li>Kodiranje EPC kode<\/li>\n<li>Pisanje v pomnilnik oznake UHF:\n<ul>\n<li>Iz podatkovne baze, ki jo zagotovi naro\u010dnik<\/li>\n<\/ul>\n<\/li>\n<\/ul>\n<\/li>\n<li><strong>Zaklepanje pomnilnika:<\/strong>\n<ul>\n<li>Za\u010dasno ali trajno zaklepanje z geslom<\/li>\n<\/ul>\n<\/li>\n<li><strong>Povezava podatkov:<\/strong>\n<ul>\n<li>Povezava kode EPC in kode TID v bazi podatkov<\/li>\n<li>Koda TID in povezava progresivne\/\u010drtne kode<\/li>\n<\/ul>\n<\/li>\n<\/ul>\n<table class=\"has-title all magic-4\">\n<tbody>\n<tr>\n<td colspan=\"1\" rowspan=\"1\">\n<div class=\"magic-5\" data-spm-anchor-id=\"a2700.details.0.i72.6b4c1284vyugjJ\">Material<\/div>\n<\/td>\n<td colspan=\"1\" rowspan=\"1\">\n<div class=\"magic-6\">ABS<\/div>\n<\/td>\n<\/tr>\n<tr>\n<td colspan=\"1\" rowspan=\"1\">\n<div class=\"magic-5\">Velikost<\/div>\n<\/td>\n<td colspan=\"1\" rowspan=\"1\">\n<div class=\"magic-6\">78x31x10 mm ali po meri<\/div>\n<\/td>\n<\/tr>\n<tr>\n<td colspan=\"1\" rowspan=\"1\">\n<div class=\"magic-5\">Pogostost<\/div>\n<\/td>\n<td colspan=\"1\" rowspan=\"1\">\n<div class=\"magic-6\">860-960 mhz<\/div>\n<\/td>\n<\/tr>\n<tr>\n<td colspan=\"1\" rowspan=\"1\">\n<div class=\"magic-5\">Vrsta IC (\u010dip)<\/div>\n<\/td>\n<td colspan=\"1\" rowspan=\"1\">\n<div class=\"magic-6\">Impinj Monza R6P<\/div>\n<\/td>\n<\/tr>\n<tr>\n<td colspan=\"1\" rowspan=\"1\">\n<div class=\"magic-5\">Protokol<\/div>\n<\/td>\n<td colspan=\"1\" rowspan=\"1\">\n<div class=\"magic-6\">EPC Global Class 1 Gen2 &amp; ISO18000-6C<\/div>\n<\/td>\n<\/tr>\n<tr>\n<td colspan=\"1\" rowspan=\"1\">\n<div class=\"magic-7\">Spomin<\/div>\n<\/td>\n<td colspan=\"1\" rowspan=\"1\">\n<div class=\"magic-6\">EPC 128 bitov, uporabnik 32 bitov<\/div>\n<\/td>\n<\/tr>\n<tr>\n<td colspan=\"1\" rowspan=\"1\">\n<div class=\"magic-5\">Faktor oblike oznake<\/div>\n<\/td>\n<td colspan=\"1\" rowspan=\"1\">\n<div class=\"magic-6\">Trda oznaka<\/div>\n<\/td>\n<\/tr>\n<tr>\n<td colspan=\"1\" rowspan=\"1\">\n<div class=\"magic-5\">Metoda pritrditve<\/div>\n<\/td>\n<td colspan=\"1\" rowspan=\"1\">\n<div class=\"magic-6\" data-spm-anchor-id=\"a2700.details.0.i73.6b4c1284vyugjJ\">Pritrditev z vijaki, lepilo za film<\/div>\n<\/td>\n<\/tr>\n<tr>\n<td colspan=\"1\" rowspan=\"1\">\n<div class=\"magic-5\">Delovna temperatura<\/div>\n<\/td>\n<td colspan=\"1\" rowspan=\"1\">\n<div class=\"magic-6\">-35 \u00b0C \/ +90 \u00b0C<\/div>\n<\/td>\n<\/tr>\n<tr>\n<td colspan=\"1\" rowspan=\"1\">\n<div class=\"magic-5\">Preberi Razdalja<\/div>\n<\/td>\n<td colspan=\"1\" rowspan=\"1\">\n<div class=\"magic-6\" data-spm-anchor-id=\"a2700.details.0.i67.6b4c1284vyugjJ\">Do 10m<\/div>\n<\/td>\n<\/tr>\n<tr>\n<td colspan=\"1\" rowspan=\"1\">\n<div class=\"magic-8\">Uporabni povr\u0161inski materiali<\/div>\n<\/td>\n<td colspan=\"1\" rowspan=\"1\">\n<div class=\"magic-6\">Kovinske in nekovinske podlage<\/div>\n<\/td>\n<\/tr>\n<tr>\n<td colspan=\"1\" rowspan=\"1\">\n<div class=\"magic-7\">Ocena IP<\/div>\n<\/td>\n<td colspan=\"1\" rowspan=\"1\">\n<div class=\"magic-6\">IP68<\/div>\n<\/td>\n<\/tr>\n<tr>\n<td colspan=\"1\" rowspan=\"1\">\n<div class=\"magic-7\">Aplikacija<\/div>\n<\/td>\n<td colspan=\"1\" rowspan=\"1\">\n<div class=\"magic-6\">Za sredstva, te\u017eko industrijo in uporabo na prostem<\/div>\n<\/td>\n<\/tr>\n<\/tbody>\n<\/table>\n<p>&nbsp;<\/p>\n<p><strong>Zaklju\u010dek:<\/strong><\/p>\n<p>Oznaka ABS RFID je vsestranska in prilagodljiva re\u0161itev za razli\u010dne aplikacije, ki ponuja kombinacijo robustnega delovanja in prilagodljivih mo\u017enosti za izpolnjevanje posebnih potreb.<\/p>","protected":false},"excerpt":{"rendered":"<p>Anti-metal UHF RFID oznaka je zmogljiva pasivna UHF RFID oznaka dolgega dosega, zasnovana za odli\u010dnost v zahtevnih okoljih. Zanesljivo ga je mogo\u010de brati na kovinskih povr\u0161inah, zunaj njih in celo v bli\u017eini, kar zagotavlja izjemno prilagodljivost pri sledenju sredstev. Njegova kompaktna velikost in robustna, vodotesna konstrukcija zagotavljata dolgotrajno delovanje pri zunanji in industrijski uporabi.<\/p>","protected":false},"featured_media":311,"template":"","meta":{"_kad_post_transparent":"default","_kad_post_title":"","_kad_post_layout":"default","_kad_post_sidebar_id":"","_kad_post_content_style":"default","_kad_post_vertical_padding":"default","_kad_post_feature":"","_kad_post_feature_position":"","_kad_post_header":false,"_kad_post_footer":false,"_kad_post_classname":""},"product_brand":[],"product_cat":[54],"product_tag":[128,119],"class_list":{"0":"post-310","1":"product","2":"type-product","3":"status-publish","4":"has-post-thumbnail","6":"product_cat-hot-selling-rfid-tags","7":"product_tag-anti-metal-uhf-rfid-tag","8":"product_tag-on-metal-abs-uhf-rfid-tag","10":"first","11":"instock","12":"shipping-taxable","13":"product-type-simple","14":"entry","15":"content-bg","16":"loop-entry"},"_links":{"self":[{"href":"https:\/\/rfid-laundry-tag.com\/sl\/wp-json\/wp\/v2\/product\/310","targetHints":{"allow":["GET"]}}],"collection":[{"href":"https:\/\/rfid-laundry-tag.com\/sl\/wp-json\/wp\/v2\/product"}],"about":[{"href":"https:\/\/rfid-laundry-tag.com\/sl\/wp-json\/wp\/v2\/types\/product"}],"version-history":[{"count":0,"href":"https:\/\/rfid-laundry-tag.com\/sl\/wp-json\/wp\/v2\/product\/310\/revisions"}],"wp:featuredmedia":[{"embeddable":true,"href":"https:\/\/rfid-laundry-tag.com\/sl\/wp-json\/wp\/v2\/media\/311"}],"wp:attachment":[{"href":"https:\/\/rfid-laundry-tag.com\/sl\/wp-json\/wp\/v2\/media?parent=310"}],"wp:term":[{"taxonomy":"product_brand","embeddable":true,"href":"https:\/\/rfid-laundry-tag.com\/sl\/wp-json\/wp\/v2\/product_brand?post=310"},{"taxonomy":"product_cat","embeddable":true,"href":"https:\/\/rfid-laundry-tag.com\/sl\/wp-json\/wp\/v2\/product_cat?post=310"},{"taxonomy":"product_tag","embeddable":true,"href":"https:\/\/rfid-laundry-tag.com\/sl\/wp-json\/wp\/v2\/product_tag?post=310"}],"curies":[{"name":"delovni list","href":"https:\/\/api.w.org\/{rel}","templated":true}]}}