{"id":3084,"date":"2025-12-18T10:22:25","date_gmt":"2025-12-18T10:22:25","guid":{"rendered":"https:\/\/rfid-laundry-tag.com\/?post_type=product&#038;p=3084"},"modified":"2025-12-18T10:22:26","modified_gmt":"2025-12-18T10:22:26","slug":"washable-rfid-tags-for-laundry-uniform","status":"publish","type":"product","link":"https:\/\/rfid-laundry-tag.com\/sl\/washable-rfid-tags-for-laundry-uniform\/","title":{"rendered":"Pralne RFID oznake za uniformo perila"},"content":{"rendered":"<h2>Pralne RFID oznake za uniformo perila<\/h2>\n<div class=\"auto-hide-last-sibling-br paragraph_1252f paragraph-element\">\n<div class=\"auto-hide-last-sibling-br paragraph_1252f paragraph-element\">Obla\u010dila <a href=\"https:\/\/rfid-laundry-tag.com\/sl\/uhf-rfid-laundry-tags\/\">Pralna RFID oznaka<\/a> je vsestranska alternativa tradicionalnim RFID oznakam za perilo, posebej zasnovana tako, da prenese ve\u010d kot 50 ciklov pranja v gospodinjstvu z minimalnim zmanj\u0161anjem (10% na 15%) u\u010dinkovitosti RFID. Ta vodoodporna RFID oznaka, ki slu\u017ei kot idealna stro\u0161kovno u\u010dinkovita re\u0161itev, je odli\u010dna za izposojo in prodajo obla\u010dil, obutve in posteljnine.<\/div>\n<div><\/div>\n<div class=\"auto-hide-last-sibling-br paragraph_1252f paragraph-element\">Z edinstveno strukturo in za\u0161\u010ditnim mehanizmom za \u010dip RFID lahko ta oznaka zdr\u017ei ve\u010d kot 50 ciklov pranja v gospodinjstvu. Lahko se neopazno zatakne v \u0161iv ali zdrsne v etiketo za nego, tako da je prakti\u010dno neopazen.<\/div>\n<p>&nbsp;<\/p>\n<div class=\"auto-hide-last-sibling-br paragraph_1252f paragraph-element\">Kar razlikuje to oznako UHF RFID od drugih pralnih oznak iz platna, je njena tanka prozorna zasnova debeline 0,55 mm, zaradi \u010desar je najtanj\u0161a na trgu. Skupaj to predstavlja inovativno re\u0161itev UHF RFID za obla\u010dila, ki ponuja stro\u0161kovno u\u010dinkovitost, vzdr\u017eljivost in diskretnost.<\/div>\n<div><\/div>\n<div data-spm-anchor-id=\"a2700.details.0.i57.23b419c7xXORP0\"><span data-spm-anchor-id=\"a2700.details.0.i75.23b419c7xXORP0\"><b>funkcija:<\/b><br \/>\n1) UHF tehnologija za branje ve\u010d sto oznak hkrati.<br \/>\n2) Razdalja za branje ve\u010d kot 8 \u010devljev.<br \/>\n3) Nova mehanska zasnova za izbolj\u0161ano delovanje ravnega perila.<br \/>\n4) Primerno za visokotla\u010dne sesalnike do 60 barov.<br \/>\n5) Primerno za sterilizacijo v avtoklavu.<br \/>\n6) Majhen, mehak, prilagodljiv material, idealen za tekstil, perilo, obla\u010dila in dodatke.<\/span><\/div>\n<div data-spm-anchor-id=\"a2700.details.0.i57.23b419c7xXORP0\">7) Tip lepila za grelno \u017eelezo, v\u0161it tip, z luknjo itd.<\/div>\n<\/div>\n<div data-spm-anchor-id=\"a2700.details.0.i57.23b419c7xXORP0\">\n<figure id=\"attachment_3030\" aria-describedby=\"caption-attachment-3030\" style=\"width: 790px\" class=\"wp-caption alignnone\"><a href=\"https:\/\/rfid-laundry-tag.com\/sl\/uhf-rfid-laundry-tags\/\"><img fetchpriority=\"high\" decoding=\"async\" class=\"size-full wp-image-3030\" src=\"https:\/\/rfid-laundry-tag.com\/wp-content\/uploads\/2025\/12\/RFID-Laundry-Tag-Installation-Guide.png\" alt=\"RFID Laundry Tag Installation Guide\" width=\"790\" height=\"777\" srcset=\"https:\/\/rfid-laundry-tag.com\/wp-content\/uploads\/2025\/12\/RFID-Laundry-Tag-Installation-Guide.png 790w, https:\/\/rfid-laundry-tag.com\/wp-content\/uploads\/2025\/12\/RFID-Laundry-Tag-Installation-Guide-300x295.png 300w, https:\/\/rfid-laundry-tag.com\/wp-content\/uploads\/2025\/12\/RFID-Laundry-Tag-Installation-Guide-768x755.png 768w, https:\/\/rfid-laundry-tag.com\/wp-content\/uploads\/2025\/12\/RFID-Laundry-Tag-Installation-Guide-12x12.png 12w, https:\/\/rfid-laundry-tag.com\/wp-content\/uploads\/2025\/12\/RFID-Laundry-Tag-Installation-Guide-600x590.png 600w\" sizes=\"(max-width: 790px) 100vw, 790px\" \/><\/a><figcaption id=\"caption-attachment-3030\" class=\"wp-caption-text\">Navodila za namestitev RFID oznake za perilo<\/figcaption><\/figure>\n<\/div>\n<div data-spm-anchor-id=\"a2700.details.0.i57.23b419c7xXORP0\">\n<div class=\"text-content\" data-spm-anchor-id=\"a2700.details.0.i54.23b419c7xXORP0\">\n<h2>Fizi\u010dno:<\/h2>\n<div>Material: 100% poliester<br \/>\nVelikost: 70 mm \u00d7 15 mm x 1,5 mm<br \/>\n\u010cip: UHF<br \/>\nNa\u010din namestitve etikete: \u0161ivanje, likanje<br \/>\nProtokol: ISO18ooo-6C EPC C1G2<br \/>\nLikanje: 15 sekund pri 210 \u2103<br \/>\nIzpostavljenost: 2,5 bara<br \/>\nSu\u0161enje: 15 minut pri 180\u00b0C<br \/>\nPranje: 15 minut pri 90\u2103<br \/>\nCikli pranja: 200+ ciklov ali 3 leta<br \/>\nPogoji skladi\u0161\u010denja: -20-80 \u2103, 5-95% relativna vla\u017enost<\/div>\n<\/div>\n<\/div>\n<div>\n<figure id=\"attachment_2943\" aria-describedby=\"caption-attachment-2943\" style=\"width: 800px\" class=\"wp-caption alignnone\"><a href=\"https:\/\/rfid-laundry-tag.com\/sl\/uhf-rfid-laundry-tags\/\"><img decoding=\"async\" class=\"size-full wp-image-2943\" src=\"https:\/\/rfid-laundry-tag.com\/wp-content\/uploads\/2025\/10\/1-1.jpg\" alt=\"Textile UHF RFID Tags Labels\" width=\"800\" height=\"800\" srcset=\"https:\/\/rfid-laundry-tag.com\/wp-content\/uploads\/2025\/10\/1-1.jpg 800w, https:\/\/rfid-laundry-tag.com\/wp-content\/uploads\/2025\/10\/1-1-300x300.jpg 300w, https:\/\/rfid-laundry-tag.com\/wp-content\/uploads\/2025\/10\/1-1-150x150.jpg 150w, https:\/\/rfid-laundry-tag.com\/wp-content\/uploads\/2025\/10\/1-1-768x768.jpg 768w, https:\/\/rfid-laundry-tag.com\/wp-content\/uploads\/2025\/10\/1-1-12x12.jpg 12w, https:\/\/rfid-laundry-tag.com\/wp-content\/uploads\/2025\/10\/1-1-600x600.jpg 600w, https:\/\/rfid-laundry-tag.com\/wp-content\/uploads\/2025\/10\/1-1-100x100.jpg 100w\" sizes=\"(max-width: 800px) 100vw, 800px\" \/><\/a><figcaption id=\"caption-attachment-2943\" class=\"wp-caption-text\">Tekstilne UHF RFID oznake<\/figcaption><\/figure>\n<\/div>\n<div>\n<h2>Prednosti pralnih RFID oznak za uniforme za pranje perila<\/h2>\n<p>Izbira pralnih RFID etiket za perilo pomeni nalo\u017ebo v re\u0161itev, ki poenostavlja upravljanje perila. Te specializirane etikete so zasnovane tako, da prenesejo industrijske procese pranja perila brez ogro\u017eanja u\u010dinkovitosti. Njihove klju\u010dne prednosti vklju\u010dujejo:<\/p>\n<ol>\n<li><strong>Izbolj\u0161ano sledenje<\/strong>RFID tehnologija omogo\u010da sledenje vsakega kosa perila v realnem \u010dasu, kar zagotavlja natan\u010dno upravljanje zalog in zmanj\u0161uje izgube.<\/li>\n<li><strong>Vzdr\u017eljivost<\/strong>Te trpe\u017ene RFID oznake, zasnovane tako, da prenesejo visoke temperature in zahtevne pogoje pranja, zagotavljajo dolgo \u017eivljenjsko dobo, zaradi \u010desar so stro\u0161kovno u\u010dinkovita izbira.<\/li>\n<li><strong>Izbolj\u0161ana u\u010dinkovitost<\/strong>Avtomatizacija delovnih procesov v pralnicah zmanj\u0161uje ro\u010dne napake in pospe\u0161uje postopke prijave in odjave, s \u010dimer se izbolj\u0161a splo\u0161na u\u010dinkovitost pralnic.<\/li>\n<\/ol>\n<p>Z obse\u017enim razumevanjem prednosti in zmogljivosti pralnih RFID oznak se lahko informirano odlo\u010dite za svoje potrebe upravljanja perila.<\/p>\n<h3>Kaj so pralne RFID oznake?<\/h3>\n<p>Pralne RFID oznake so specializirana vrsta\u00a0<strong>RFID oznaka<\/strong>\u00a0zasnovane posebej za pranje perila. Te oznake uporabljajo\u00a0<strong>visokozmogljiva RFID tehnologija<\/strong>\u00a0da se omogo\u010di natan\u010dno sledenje in upravljanje tekstilnih izdelkov skozi celoten njihov \u017eivljenjski cikel. Pralne RFID oznake, izdelane iz trpe\u017enih materialov, lahko prenesejo obremenitve industrijskega pranja perila, vklju\u010dno z izpostavljenostjo visokim temperaturam in ponavljajo\u010dim se ciklom pranja.<\/p>\n<h3>Prednosti uporabe oznak RFID pri upravljanju pralnic<\/h3>\n<p>Integriranje\u00a0<strong>RFID tehnologija<\/strong>\u00a0v procese pranja perila ponuja znatne prednosti. Te oznake ne le izbolj\u0161ajo natan\u010dnost sledenja perila, temve\u010d omogo\u010dajo tudi avtomatizacijo nadzora zalog, kar zmanj\u0161uje stro\u0161ke dela in \u010dlove\u0161ke napake.,\u00a0<strong>RFID za pranje perila<\/strong>\u00a0Sistemi omogo\u010dajo brezhibno integracijo z obstoje\u010do programsko opremo za upravljanje in zagotavljajo analitiko, ki pomaga izbolj\u0161ati operativno u\u010dinkovitost.<\/p>\n<h3>Kako uporabljati pralne RFID oznake<\/h3>\n<p>Uporaba pralnih RFID oznak je preprosta. Vsako oznako je mogo\u010de pri\u0161iti na\u00a0<strong>obla\u010dila<\/strong>\u00a0ali posteljnino, ki zagotavlja jasne identifikatorje, ki jih je mogo\u010de enostavno skenirati\u00a0<strong>\u010ditalci RFID<\/strong>. Za optimalno delovanje je klju\u010dnega pomena zagotoviti, da so oznake pravilno name\u0161\u010dene na predmetih in so zdru\u017eljive z\u00a0<strong>RFID sistem za pranje perila<\/strong>\u00a0v uporabi. Redni pregledi artiklov, ozna\u010denih z RFID, pomagajo vzdr\u017eevati natan\u010dne evidence zalog.<\/p>\n<h3>Mnenja strank<\/h3>\n<p>Povratne informacije strank poudarjajo transformativen vpliv na\u0161ih pralnih RFID oznak. Mnogi uporabniki poro\u010dajo o znatnih izbolj\u0161avah pri upravljanju zalog in zmanj\u0161anju izgubljenih predmetov. Reprezentativen citat zadovoljne stranke pravi: \u201cIzvedba\u00a0<strong>RFID oznake<\/strong>\u00a0v na\u0161ih pralnicah je izjemno poenostavilo na\u0161e procese in pove\u010dalo na\u0161o splo\u0161no produktivnost.\u201d<\/p>\n<\/div>\n<h3 class=\"wp-block-heading\">Namestitev<\/h3>\n<p><strong>Ozna\u010devanje \u0161ivov<\/strong>: Za v\u0161ivanje v rob tekstila. Etiketo za perilo pri\u0161ijte stran od pregibnih linij.<br \/>\n<strong>Toplotno tesnjenje<\/strong>: Za toplotno tesnjenje neposredno na tekstil pri +200\u00b0C (392\u00b0F), za 12~14s.<br \/>\n<strong>V vre\u010dki<\/strong>: za \u0161ivanje kot standardna etiketa za nego. Etiketo za perilo pri\u0161ijte stran od pregibnih linij.<\/p>\n<figure id=\"attachment_3036\" aria-describedby=\"caption-attachment-3036\" style=\"width: 1024px\" class=\"wp-caption alignnone\"><a href=\"https:\/\/rfid-laundry-tag.com\/sl\/uhf-rfid-laundry-tags\/\"><img decoding=\"async\" class=\"size-large wp-image-3036\" src=\"https:\/\/rfid-laundry-tag.com\/wp-content\/uploads\/2025\/12\/RFID-Laundry-Tag-Installation-Guide-03--1024x590.png\" alt=\"How to Sew RFID Laundry Tags into Linens and Garments\" width=\"1024\" height=\"590\" srcset=\"https:\/\/rfid-laundry-tag.com\/wp-content\/uploads\/2025\/12\/RFID-Laundry-Tag-Installation-Guide-03--1024x590.png 1024w, https:\/\/rfid-laundry-tag.com\/wp-content\/uploads\/2025\/12\/RFID-Laundry-Tag-Installation-Guide-03--300x173.png 300w, https:\/\/rfid-laundry-tag.com\/wp-content\/uploads\/2025\/12\/RFID-Laundry-Tag-Installation-Guide-03--768x442.png 768w, https:\/\/rfid-laundry-tag.com\/wp-content\/uploads\/2025\/12\/RFID-Laundry-Tag-Installation-Guide-03--18x10.png 18w, https:\/\/rfid-laundry-tag.com\/wp-content\/uploads\/2025\/12\/RFID-Laundry-Tag-Installation-Guide-03--600x345.png 600w, https:\/\/rfid-laundry-tag.com\/wp-content\/uploads\/2025\/12\/RFID-Laundry-Tag-Installation-Guide-03-.png 1148w\" sizes=\"(max-width: 1024px) 100vw, 1024px\" \/><\/a><figcaption id=\"caption-attachment-3036\" class=\"wp-caption-text\">Kako v\u0161iti RFID oznake za perilo v posteljnino in obla\u010dila<\/figcaption><\/figure>\n<div class=\"auto-hide-last-sibling-br paragraph_1252f paragraph-element\"><strong>Pralne oznake RFID<\/strong>\u00a0so sestavni del \u0161tevilnih industrij, saj zagotavljajo u\u010dinkovito sledenje sredstev, upravljanje zalog in izbolj\u0161ajo splo\u0161no operativno produktivnost. Tukaj je nekaj njegovih aplikacij v razli\u010dnih sektorjih:<\/div>\n<ol class=\"auto-hide-last-sibling-br\">\n<li>\n<div class=\"auto-hide-last-sibling-br paragraph_1252f paragraph-element\"><strong>Zdravstveno varstvo<\/strong>: Bolni\u0161nice in druge zdravstvene ustanove uporabljajo oznake za perilo RFID za upravljanje ogromnih zalog posteljnine, brisa\u010d, pilingov, uniform in kirur\u0161kega perila. To pomaga zmanj\u0161ati izgubo, upravljati cikle pranja perila in zagotoviti, da je \u010disto in sve\u017ee perilo vedno na voljo, kot je potrebno.<\/div>\n<\/li>\n<li>\n<div class=\"auto-hide-last-sibling-br paragraph_1252f paragraph-element\"><strong>Hoteli<\/strong>: Upravljanje s posteljnino je velika naloga v hotelski industriji, kjer je v obtoku na tiso\u010de predmetov, od posteljnine do brisa\u010d do zaves in halj. Oznake za perilo RFID poenostavljajo sledenje, zagotavljajo pravo\u010dasno \u010di\u0161\u010denje in zamenjavo ter pomagajo pri odkrivanju in prepre\u010devanju kraje.<\/div>\n<\/li>\n<li>\n<div class=\"auto-hide-last-sibling-br paragraph_1252f paragraph-element\"><strong>Restavracije<\/strong>V gostinski industriji lahko RFID oznake spremljajo uporabo in \u010di\u0161\u010denje uniform, prtov, prti\u010dkov in kuharskih predpasnikov. To lahko izbolj\u0161a standarde \u010disto\u010de in pomaga ohranjati uglajen, profesionalen videz.<\/div>\n<\/li>\n<li>\n<div class=\"auto-hide-last-sibling-br paragraph_1252f paragraph-element\"><strong>Industrija modnih obla\u010dil<\/strong>: Oznake RFID igrajo veliko vlogo pri sledenju predmetov v celotni dobavni verigi, od proizvodnje do maloprodaje. Lahko zagotovijo dragocene informacije, kot so izvor, zgodovina potovanj in celo podrobnosti o tkanini in navodilih za nego.<\/div>\n<\/li>\n<li>\n<div class=\"auto-hide-last-sibling-br paragraph_1252f paragraph-element\"><strong>Delovna obla\u010dila\/Ognjeodporna obla\u010dila<\/strong>: Podjetja lahko uporabljajo oznake RFID za sledenje in upravljanje posebnih obla\u010dil. To lahko vklju\u010duje zagotavljanje, da se ognjevarna ali druga za\u0161\u010ditna obla\u010dila redno pregledujejo, pravilno \u010distijo in po potrebi zamenjajo.<\/div>\n<\/li>\n<li>\n<div class=\"auto-hide-last-sibling-br paragraph_1252f paragraph-element\"><strong>Obutev in maske<\/strong>: Sledenje uporabi, \u010di\u0161\u010denju in vzdr\u017eevanju predmetov, kot so maske in za\u0161\u010ditni \u010devlji, je \u0161e posebej pomembno v panogah, kot sta zdravstvo in gradbeni\u0161tvo, kjer je varnost klju\u010dnega pomena, z uporabo oznak RFID.<\/div>\n<\/li>\n<li>\n<div class=\"auto-hide-last-sibling-br paragraph_1252f paragraph-element\"><strong>Podloge in krpe<\/strong>: Za podjetja, ki nudijo storitve \u010di\u0161\u010denja ali upravljajo velike objekte, lahko oznake RFID na podlogah in krpah pomagajo pri sledenju uporabe in vzdr\u017eevanja, kar zagotavlja \u010dista in u\u010dinkovita orodja v vsakem trenutku.<\/div>\n<\/li>\n<\/ol>\n<h3>Pogosta vpra\u0161anja o pralnih RFID oznakah<\/h3>\n<p><strong>V: Ali so RFID oznake vodoodporne?<\/strong><br \/>\nA: Da, na\u0161e RFID oznake za perilo so zasnovane tako, da so vodoodporne, kar zagotavlja vzdr\u017eljivost v mokrem okolju.<\/p>\n<p><strong>V: Koliko ciklov pranja lahko prenesejo te etikete?<\/strong><br \/>\nA: Na\u0161e pralne RFID oznake obi\u010dajno prenesejo do\u00a0<strong>200 ciklov pranja<\/strong>\u00a0hkrati pa ohranjajo svojo funkcijo sledenja.<\/p>\n<p><strong>V: Ali lahko oznake prilagodim svojim specifi\u010dnim potrebam?<\/strong><br \/>\nO: Absolutno! Ponujamo\u00a0<strong>RFID re\u0161itve po meri<\/strong>\u00a0prilagojeno va\u0161im specifi\u010dnim potrebam upravljanja perila.<\/p>","protected":false},"excerpt":{"rendered":"<p><strong>Pralne oznake RFID<\/strong>, pogosto imenovane RFID oznake za perilo, so izdelane z ne\u017eno, a trdno gumijasto zunanjostjo. To so oznake za obla\u010dila, zasnovane tako, da so fleksibilne in robustne, saj prenesejo do 200 ciklov pranja in tlak do 60 barov. Na\u0161e UHF RFID oznake za perilo se odlikujejo po mno\u017ei\u010dnem branju, ki ga je mogo\u010de u\u010dinkovito zaznati z razdalje ve\u010d metrov. Na voljo so v razli\u010dnih merah, od 3,8 do 7,6 cm v dol\u017eino in od 1,25 do 2,5 cm v \u0161irino. Te pralne RFID oznake se pogosto uporabljajo v medicini, pogosto so pritrjene na zdravni\u0161ka obla\u010dila, ki jih nosijo zdravniki in medicinske sestre, pa tudi na druge profesionalne uniforme, kostume in predmete za najem, kot so podloge.<\/p>","protected":false},"featured_media":3085,"template":"","meta":{"_kad_post_transparent":"default","_kad_post_title":"","_kad_post_layout":"default","_kad_post_sidebar_id":"","_kad_post_content_style":"default","_kad_post_vertical_padding":"default","_kad_post_feature":"","_kad_post_feature_position":"","_kad_post_header":false,"_kad_post_footer":false,"_kad_post_classname":""},"product_brand":[],"product_cat":[16],"product_tag":[24,375,342,339,65,368,30,374,373],"class_list":{"0":"post-3084","1":"product","2":"type-product","3":"status-publish","4":"has-post-thumbnail","6":"product_cat-uhf-rfid-laundry-tags","7":"product_tag-laundry-rfid-tags","8":"product_tag-rfid-laundry-tag-7015mm","9":"product_tag-rfid-laundry-tags","10":"product_tag-rfid-washable-tags","11":"product_tag-textile-rfid-laundry-tags","12":"product_tag-textile-uhf-rfid-tags-labels","13":"product_tag-uhf-rfid-laundry-tag","14":"product_tag-washable-uhf-rfid-labels","15":"product_tag-washable-uhf-rfid-laundry-textile-labels","17":"first","18":"instock","19":"featured","20":"shipping-taxable","21":"product-type-simple","22":"entry","23":"content-bg","24":"loop-entry"},"_links":{"self":[{"href":"https:\/\/rfid-laundry-tag.com\/sl\/wp-json\/wp\/v2\/product\/3084","targetHints":{"allow":["GET"]}}],"collection":[{"href":"https:\/\/rfid-laundry-tag.com\/sl\/wp-json\/wp\/v2\/product"}],"about":[{"href":"https:\/\/rfid-laundry-tag.com\/sl\/wp-json\/wp\/v2\/types\/product"}],"version-history":[{"count":1,"href":"https:\/\/rfid-laundry-tag.com\/sl\/wp-json\/wp\/v2\/product\/3084\/revisions"}],"predecessor-version":[{"id":3087,"href":"https:\/\/rfid-laundry-tag.com\/sl\/wp-json\/wp\/v2\/product\/3084\/revisions\/3087"}],"wp:featuredmedia":[{"embeddable":true,"href":"https:\/\/rfid-laundry-tag.com\/sl\/wp-json\/wp\/v2\/media\/3085"}],"wp:attachment":[{"href":"https:\/\/rfid-laundry-tag.com\/sl\/wp-json\/wp\/v2\/media?parent=3084"}],"wp:term":[{"taxonomy":"product_brand","embeddable":true,"href":"https:\/\/rfid-laundry-tag.com\/sl\/wp-json\/wp\/v2\/product_brand?post=3084"},{"taxonomy":"product_cat","embeddable":true,"href":"https:\/\/rfid-laundry-tag.com\/sl\/wp-json\/wp\/v2\/product_cat?post=3084"},{"taxonomy":"product_tag","embeddable":true,"href":"https:\/\/rfid-laundry-tag.com\/sl\/wp-json\/wp\/v2\/product_tag?post=3084"}],"curies":[{"name":"delovni list","href":"https:\/\/api.w.org\/{rel}","templated":true}]}}