{"id":3079,"date":"2025-12-18T10:10:20","date_gmt":"2025-12-18T10:10:20","guid":{"rendered":"https:\/\/rfid-laundry-tag.com\/?post_type=product&#038;p=3079"},"modified":"2026-01-04T13:08:46","modified_gmt":"2026-01-04T13:08:46","slug":"rfid-laundry-tag-7015mm","status":"publish","type":"product","link":"https:\/\/rfid-laundry-tag.com\/sl\/rfid-laundry-tag-7015mm\/","title":{"rendered":"RFID etiketa za perilo - 70 * 15 mm"},"content":{"rendered":"<h2>RFID etiketa za perilo - 70 * 15 mm<\/h2>\n<p><b>Uporaba<a href=\"https:\/\/rfid-laundry-tag.com\/sl\/textile-rfid-laundry-tag\/\">\u00a0RFID oznake za perilo<\/a>\u00a0prednosti:<\/b><br \/>\n1) Zmanj\u0161ajte stro\u0161ke dela, skupaj z ro\u010dnim bralnikom UHF Scan bo poznal koli\u010dino.<br \/>\n2) Razvrstite obla\u010dila iz razli\u010dnih hotelov ali podjetij.<br \/>\n3) Analiza podatkov, po zbiranju podatkov lahko izveste ve\u010d, na primer:<br \/>\n* Katera kakovost tekstila je bolj\u0161a, lahko izberete to podjetje, da prihranite ve\u010d stro\u0161kov za prihodnja naro\u010dila.<br \/>\n* Kateri hotelski ali podjetni\u0161ki tekstil se la\u017eje po\u0161koduje itd.<\/p>\n<div class=\"entry-content-asset videofit\"><iframe title=\"Zakaj uporabljati RFID v tekstilnem pralnem stroju?\" src=\"https:\/\/www.youtube.com\/embed\/X_P3EuhS_hE?feature=oembed\" width=\"720\" height=\"405\" frameborder=\"0\" allowfullscreen=\"allowfullscreen\" data-mce-fragment=\"1\"><\/iframe><\/div>\n<div class=\"table-with-header rounded-lg border border-solid border-grey-line2-normal w-fit max-w-full mb-2\">\n<div class=\"overflow-x-auto custom-scrollbar custom-scrollbar-float max-w-full\">\n<table class=\"w-fit !mb-0 !max-w-none\">\n<thead>\n<tr>\n<th>Funkcija<\/th>\n<th>Specifikacija<\/th>\n<\/tr>\n<\/thead>\n<tbody>\n<tr>\n<td><strong>Ime izdelka<\/strong><\/td>\n<td><strong>RFID oznaka za perilo<\/strong><\/td>\n<\/tr>\n<tr>\n<td><strong>Standard RFID<\/strong><\/td>\n<td>ISO\/IEC 18000-6 TypeC (EPC Gen2)<\/td>\n<\/tr>\n<tr>\n<td><strong>Velikost in te\u017ea<\/strong><\/td>\n<td>70 \u00d7 15 mm, 0,6 g<\/td>\n<\/tr>\n<tr>\n<td><strong>Vrsta \u010dipa<\/strong><\/td>\n<td>NXP U KODA 8, NXP U KODA 9<\/td>\n<\/tr>\n<tr>\n<td><strong>EPC pomnilnik<\/strong><\/td>\n<td>128 bitov<\/td>\n<\/tr>\n<tr>\n<td><strong>Uporabni\u0161ki pomnilnik<\/strong><\/td>\n<td>512 bitov<\/td>\n<\/tr>\n<tr>\n<td><strong>Preberi obseg<\/strong><\/td>\n<td>8 m (2W ERP FCC\/ETSI)<\/td>\n<\/tr>\n<tr>\n<td><strong>Ozna\u010devanje<\/strong><\/td>\n<td>\u0160ivanje, lepilo za vro\u010de \u017eigosanje<\/td>\n<\/tr>\n<tr>\n<td><strong>Ocenjena \u017eivljenjska doba<\/strong><\/td>\n<td>200 ciklov pranja ali 3 leta<\/td>\n<\/tr>\n<tr>\n<td><strong>Metoda pranja<\/strong><\/td>\n<td>Pralnica, kemi\u010dna \u010distilnica<\/td>\n<\/tr>\n<tr>\n<td><strong>Tlak \u010drpanja vode<\/strong><\/td>\n<td>60 barov<\/td>\n<\/tr>\n<tr>\n<td><strong>Vodoodpornost<\/strong><\/td>\n<td>Vodoodporen<\/td>\n<\/tr>\n<tr>\n<td><strong>Kemi\u010dna odpornost<\/strong><\/td>\n<td>Detergent, meh\u010dalec, belilo (kisik\/klor), alkalije<\/td>\n<\/tr>\n<tr>\n<td>\u00a0Likalnik:<\/td>\n<td>190 \u00baC ~225 \u00baC za 10~15 sekund<\/td>\n<\/tr>\n<\/tbody>\n<\/table>\n<\/div>\n<\/div>\n<h3 class=\"wp-block-heading\">Namestitev<\/h3>\n<p><strong>Ozna\u010devanje \u0161ivov<\/strong>: Za v\u0161ivanje v rob tekstila. Etiketo za perilo pri\u0161ijte stran od pregibnih linij.<br \/>\n<strong>Toplotno tesnjenje<\/strong>: Za toplotno tesnjenje neposredno na tekstil pri +200\u00b0C (392\u00b0F), za 12~14s.<br \/>\n<strong>V vre\u010dki<\/strong>: za \u0161ivanje kot standardna etiketa za nego. Etiketo za perilo pri\u0161ijte stran od pregibnih linij.<\/p>\n<p>&nbsp;<\/p>\n<p><strong>Predstavitev izdelka:<\/strong><br \/>\n*Ve\u010d kot 200-kratno industrijsko pranje.<br \/>\n*100% Preizkus pisanja v pomnilnik;<br \/>\n*Material in zasnova sta bila preizku\u0161ena glede zanesljivosti;<br \/>\n*Izdelek je bil pregledan glede skladnosti z RF standardom 100% s strani finske opreme Tagformace.<br \/>\n* 200-kratno industrijsko pranje.<br \/>\n* Mehka, pro\u017ena;<br \/>\n* Vzdr\u017ei 60 atmosferskih tlakov.<\/p>\n<figure id=\"attachment_3434\" class=\"wp-caption alignnone\" aria-describedby=\"caption-attachment-3434\">\n<p><figure id=\"attachment_3081\" aria-describedby=\"caption-attachment-3081\" style=\"width: 1000px\" class=\"wp-caption alignnone\"><a href=\"https:\/\/rfid-laundry-tag.com\/sl\/textile-rfid-laundry-tag\/\"><img fetchpriority=\"high\" decoding=\"async\" class=\"size-full wp-image-3081\" src=\"https:\/\/rfid-laundry-tag.com\/wp-content\/uploads\/2025\/12\/UHF-RFID-washable-laundry-tag-08.jpg\" alt=\"RFID Laundry Tag-70*15mm\" width=\"1000\" height=\"1000\" srcset=\"https:\/\/rfid-laundry-tag.com\/wp-content\/uploads\/2025\/12\/UHF-RFID-washable-laundry-tag-08.jpg 1000w, https:\/\/rfid-laundry-tag.com\/wp-content\/uploads\/2025\/12\/UHF-RFID-washable-laundry-tag-08-300x300.jpg 300w, https:\/\/rfid-laundry-tag.com\/wp-content\/uploads\/2025\/12\/UHF-RFID-washable-laundry-tag-08-150x150.jpg 150w, https:\/\/rfid-laundry-tag.com\/wp-content\/uploads\/2025\/12\/UHF-RFID-washable-laundry-tag-08-768x768.jpg 768w, https:\/\/rfid-laundry-tag.com\/wp-content\/uploads\/2025\/12\/UHF-RFID-washable-laundry-tag-08-12x12.jpg 12w, https:\/\/rfid-laundry-tag.com\/wp-content\/uploads\/2025\/12\/UHF-RFID-washable-laundry-tag-08-600x600.jpg 600w, https:\/\/rfid-laundry-tag.com\/wp-content\/uploads\/2025\/12\/UHF-RFID-washable-laundry-tag-08-100x100.jpg 100w\" sizes=\"(max-width: 1000px) 100vw, 1000px\" \/><\/a><figcaption id=\"caption-attachment-3081\" class=\"wp-caption-text\">RFID etiketa za perilo - 70 * 15 mm<\/figcaption><\/figure><figcaption id=\"caption-attachment-3434\" class=\"wp-caption-text\">\u00a0<\/figcaption><\/figure>\n<p><strong>Uporaba izdelka:<\/strong><br \/>\n* Industrijsko pranje;<br \/>\n* Upravljanje uniform zaposlenih in \u0161ol;<br \/>\n* Upravljanje medicinskih obla\u010dil;<br \/>\n* Upravljanje patruljiranja osebja;<br \/>\n* Vodenje proizvodnje v tovarnah obla\u010dil.<\/p>\n<h2 data-spm-anchor-id=\"a2700.details-description.0.i0.40e8juJgjuJgsa\"><b><span class=\"magic-29\" data-spm-anchor-id=\"a2700.details-description.0.i4.40e8juJgjuJgsa\">Glavne prednosti:<\/span><\/b><\/h2>\n<div data-spm-anchor-id=\"a2700.details-description.0.i0.40e8juJgjuJgsa\">\n<div data-spm-anchor-id=\"a2700.details-description.0.i3.40e8juJgjuJgsa\"><span class=\"magic-30\"><span class=\"magic-31\">* Vgrajen v kovinske in nekovinske povr\u0161ine ima dobro delovanje radijske frekvence, 100% prek evropske uvozne oznake;<br \/>\nPreizkus sistema za presku\u0161anje skladnosti * po validaciji in uporabi mednarodno znanih strank;<\/span><\/span><\/div>\n<\/div>\n<div class=\"auto-hide-last-sibling-br paragraph_1252f paragraph-element\">\n<figure id=\"attachment_3033\" aria-describedby=\"caption-attachment-3033\" style=\"width: 768px\" class=\"wp-caption alignnone\"><a href=\"https:\/\/rfid-laundry-tag.com\/sl\/textile-rfid-laundry-tag\/\"><img decoding=\"async\" class=\"size-large wp-image-3033\" src=\"https:\/\/rfid-laundry-tag.com\/wp-content\/uploads\/2025\/12\/RFID-Laundry-Tag-Installation-Guide-01-768x1024.png\" alt=\"RFID Laundry Tags\" width=\"768\" height=\"1024\" srcset=\"https:\/\/rfid-laundry-tag.com\/wp-content\/uploads\/2025\/12\/RFID-Laundry-Tag-Installation-Guide-01-768x1025.png 768w, https:\/\/rfid-laundry-tag.com\/wp-content\/uploads\/2025\/12\/RFID-Laundry-Tag-Installation-Guide-01-225x300.png 225w, https:\/\/rfid-laundry-tag.com\/wp-content\/uploads\/2025\/12\/RFID-Laundry-Tag-Installation-Guide-01-9x12.png 9w, https:\/\/rfid-laundry-tag.com\/wp-content\/uploads\/2025\/12\/RFID-Laundry-Tag-Installation-Guide-01-600x801.png 600w, https:\/\/rfid-laundry-tag.com\/wp-content\/uploads\/2025\/12\/RFID-Laundry-Tag-Installation-Guide-01.png 790w\" sizes=\"(max-width: 768px) 100vw, 768px\" \/><\/a><figcaption id=\"caption-attachment-3033\" class=\"wp-caption-text\">RFID oznake za perilo<\/figcaption><\/figure>\n<\/div>\n<div>\n<div class=\"J_module\">\n<h2 id=\"ali-anchor-AliMagic-0o5zmv\" class=\"magic-0\" data-section=\"AliMagic-0o5zmv\" data-section-title=\"FAQ\" data-spm-anchor-id=\"a2700.details-description.0.i2.40e8juJgjuJgsa\"><strong>Pogosto zastavljena vpra\u0161anja<\/strong><\/h2>\n<div data-section=\"AliMagic-0o5zmv\" data-section-title=\"FAQ\" data-spm-anchor-id=\"a2700.details-description.0.i2.40e8juJgjuJgsa\"><\/div>\n<\/div>\n<div class=\"J_module\">\n<div class=\"detail-decorate-json-renderer-container\">\n<div class=\"magic-17\">\n<div class=\"magic-18\">\n<div class=\"magic-19\">\n<div class=\"magic-20\">\n<div data-spm-anchor-id=\"a2700.details-description.0.i5.40e8juJgjuJgsa\"><b class=\"magic-32\">1. Ali nam lahko ponudite nekaj vzorcev?<\/b><\/div>\n<div data-spm-anchor-id=\"a2700.details-description.0.i5.40e8juJgjuJgsa\">Ko bomo jasno vedeli, katere izdelke potrebujete, vam lahko za referenco ponudimo podoben obstoje\u010di vzorec. Vzorec je brezpla\u010den, stro\u0161ke po\u0161iljanja pa pla\u010date sami. \u010ce potrebujete vzorec etikete po meri glede na va\u0161o zasnovo in zahteve, se zara\u010dunajo ustrezni stro\u0161ki vzorca.<\/div>\n<div data-spm-anchor-id=\"a2700.details-description.0.i5.40e8juJgjuJgsa\"><\/div>\n<div data-spm-anchor-id=\"a2700.details-description.0.i5.40e8juJgjuJgsa\"><b class=\"magic-32\">2. Nismo strokovnjak za va\u0161o tehnologijo, katere informacije potrebujete od nas za ponudbo?<\/b><\/div>\n<div data-spm-anchor-id=\"a2700.details-description.0.i5.40e8juJgjuJgsa\">Dragi prijatelj, prosim, jasno nam sporo\u010dite uporabo RFID oznake in kak\u0161en cilj \u017eelite dose\u010di. Predlagali vam bomo primeren izdelek po ugodni ceni.<\/div>\n<div data-spm-anchor-id=\"a2700.details-description.0.i5.40e8juJgjuJgsa\"><\/div>\n<div data-spm-anchor-id=\"a2700.details-description.0.i5.40e8juJgjuJgsa\"><b class=\"magic-32\">3. Skrbi nas, da smo pla\u010dali, vendar nam blaga niste poslali. .<\/b>\u00a0Smo vodilno podjetje za RFID oznake, ki \u017ee leta posluje po\u0161teno na mednarodnem trgu. Vedno dobivamo pozitivne povratne informacije na\u0161ih strank po vsem svetu.<\/div>\n<div data-spm-anchor-id=\"a2700.details-description.0.i5.40e8juJgjuJgsa\"><\/div>\n<div data-spm-anchor-id=\"a2700.details-description.0.i5.40e8juJgjuJgsa\"><span class=\"magic-32\"><b><span class=\"magic-30\">4. Ali lahko obi\u0161\u010demo va\u0161o tovarno?<\/span><\/b><\/span>\u00a0Da, toplo pozdravljamo va\u0161 ogled tovarne. In v \u010dast nam je, da smo va\u0161 vodnik na va\u0161em potovanju po Kitajski.<\/div>\n<\/div>\n<div data-spm-anchor-id=\"a2700.details-description.0.i5.40e8juJgjuJgsa\">\n<figure id=\"attachment_3036\" aria-describedby=\"caption-attachment-3036\" style=\"width: 1024px\" class=\"wp-caption alignnone\"><a href=\"https:\/\/rfid-laundry-tag.com\/sl\/textile-rfid-laundry-tag\/\"><img decoding=\"async\" class=\"size-large wp-image-3036\" src=\"https:\/\/rfid-laundry-tag.com\/wp-content\/uploads\/2025\/12\/RFID-Laundry-Tag-Installation-Guide-03--1024x590.png\" alt=\"How to Sew RFID Laundry Tags into Linens and Garments\" width=\"1024\" height=\"590\" srcset=\"https:\/\/rfid-laundry-tag.com\/wp-content\/uploads\/2025\/12\/RFID-Laundry-Tag-Installation-Guide-03--1024x590.png 1024w, https:\/\/rfid-laundry-tag.com\/wp-content\/uploads\/2025\/12\/RFID-Laundry-Tag-Installation-Guide-03--300x173.png 300w, https:\/\/rfid-laundry-tag.com\/wp-content\/uploads\/2025\/12\/RFID-Laundry-Tag-Installation-Guide-03--768x442.png 768w, https:\/\/rfid-laundry-tag.com\/wp-content\/uploads\/2025\/12\/RFID-Laundry-Tag-Installation-Guide-03--18x10.png 18w, https:\/\/rfid-laundry-tag.com\/wp-content\/uploads\/2025\/12\/RFID-Laundry-Tag-Installation-Guide-03--600x345.png 600w, https:\/\/rfid-laundry-tag.com\/wp-content\/uploads\/2025\/12\/RFID-Laundry-Tag-Installation-Guide-03-.png 1148w\" sizes=\"(max-width: 1024px) 100vw, 1024px\" \/><\/a><figcaption id=\"caption-attachment-3036\" class=\"wp-caption-text\">Kako v\u0161iti RFID oznake za perilo v posteljnino in obla\u010dila<\/figcaption><\/figure>\n<\/div>\n<\/div>\n<\/div>\n<\/div>\n<\/div>\n<\/div>\n<\/div>","protected":false},"excerpt":{"rendered":"<div class=\"elementor-element elementor-element-4f79c63 e-flex e-con-boxed e-con e-parent e-lazyloaded\" data-id=\"4f79c63\" data-element_type=\"container\" data-settings=\"{&quot;_ha_eqh_enable&quot;:false}\">\n<div class=\"e-con-inner\">\n<div class=\"elementor-element elementor-element-be3873c elementor-widget elementor-widget-woocommerce-product-short-description\" data-id=\"be3873c\" data-element_type=\"widget\" data-widget_type=\"woocommerce-product-short-description.default\">\n<div class=\"elementor-widget-container\">\n<div class=\"woocommerce-product-details__short-description\"><\/div>\n<\/div>\n<\/div>\n<\/div>\n<\/div>\n<div class=\"elementor-element elementor-element-3ad806e e-flex e-con-boxed e-con e-parent e-lazyloaded\" data-id=\"3ad806e\" data-element_type=\"container\" data-settings=\"{&quot;_ha_eqh_enable&quot;:false}\">\n<div class=\"e-con-inner\">\n<div class=\"elementor-element elementor-element-362020f elementor-widget elementor-widget-woocommerce-product-data-tabs\" data-id=\"362020f\" data-element_type=\"widget\" data-widget_type=\"woocommerce-product-data-tabs.default\">\n<div class=\"elementor-widget-container\">\n<div class=\"woocommerce-tabs wc-tabs-wrapper\">\n<h3 class=\"wp-block-heading\">RFID etiketa za perilo - 70 * 15 mm<\/h3>\n<p>1, velikost je 70 * 15 mm<br \/>\n2, Zagotovljeno za 200 ali 300 ciklov pranja, ki delujejo s sterilizacijo, dehidracijo, toplotnim likalnikom pod tlakom 60 barov, ogrevanjem na 200 \u00b0C.<br \/>\n3, Dobavni rok je 1~2 dni<\/p>\n<\/div>\n<\/div>\n<\/div>\n<\/div>\n<\/div>","protected":false},"featured_media":3080,"template":"","meta":{"_kad_post_transparent":"default","_kad_post_title":"","_kad_post_layout":"default","_kad_post_sidebar_id":"","_kad_post_content_style":"default","_kad_post_vertical_padding":"default","_kad_post_feature":"","_kad_post_feature_position":"","_kad_post_header":false,"_kad_post_footer":false,"_kad_post_classname":""},"product_brand":[],"product_cat":[16],"product_tag":[378,24,375,342,339,380,65,368,30,379,374,373],"class_list":{"0":"post-3079","1":"product","2":"type-product","3":"status-publish","4":"has-post-thumbnail","6":"product_cat-uhf-rfid-laundry-tags","7":"product_tag-laundry-management","8":"product_tag-laundry-rfid-tags","9":"product_tag-rfid-laundry-tag-7015mm","10":"product_tag-rfid-laundry-tags","11":"product_tag-rfid-washable-tags","12":"product_tag-smart-textile","13":"product_tag-textile-rfid-laundry-tags","14":"product_tag-textile-uhf-rfid-tags-labels","15":"product_tag-uhf-rfid-laundry-tag","16":"product_tag-uniform-management","17":"product_tag-washable-uhf-rfid-labels","18":"product_tag-washable-uhf-rfid-laundry-textile-labels","20":"first","21":"instock","22":"featured","23":"shipping-taxable","24":"product-type-simple","25":"entry","26":"content-bg","27":"loop-entry"},"_links":{"self":[{"href":"https:\/\/rfid-laundry-tag.com\/sl\/wp-json\/wp\/v2\/product\/3079","targetHints":{"allow":["GET"]}}],"collection":[{"href":"https:\/\/rfid-laundry-tag.com\/sl\/wp-json\/wp\/v2\/product"}],"about":[{"href":"https:\/\/rfid-laundry-tag.com\/sl\/wp-json\/wp\/v2\/types\/product"}],"version-history":[{"count":3,"href":"https:\/\/rfid-laundry-tag.com\/sl\/wp-json\/wp\/v2\/product\/3079\/revisions"}],"predecessor-version":[{"id":3170,"href":"https:\/\/rfid-laundry-tag.com\/sl\/wp-json\/wp\/v2\/product\/3079\/revisions\/3170"}],"wp:featuredmedia":[{"embeddable":true,"href":"https:\/\/rfid-laundry-tag.com\/sl\/wp-json\/wp\/v2\/media\/3080"}],"wp:attachment":[{"href":"https:\/\/rfid-laundry-tag.com\/sl\/wp-json\/wp\/v2\/media?parent=3079"}],"wp:term":[{"taxonomy":"product_brand","embeddable":true,"href":"https:\/\/rfid-laundry-tag.com\/sl\/wp-json\/wp\/v2\/product_brand?post=3079"},{"taxonomy":"product_cat","embeddable":true,"href":"https:\/\/rfid-laundry-tag.com\/sl\/wp-json\/wp\/v2\/product_cat?post=3079"},{"taxonomy":"product_tag","embeddable":true,"href":"https:\/\/rfid-laundry-tag.com\/sl\/wp-json\/wp\/v2\/product_tag?post=3079"}],"curies":[{"name":"delovni list","href":"https:\/\/api.w.org\/{rel}","templated":true}]}}