{"id":3076,"date":"2025-12-18T09:52:47","date_gmt":"2025-12-18T09:52:47","guid":{"rendered":"https:\/\/rfid-laundry-tag.com\/?post_type=product&#038;p=3076"},"modified":"2026-01-04T13:40:48","modified_gmt":"2026-01-04T13:40:48","slug":"fabric-washable-uhf-rfid-laundry-tags","status":"publish","type":"product","link":"https:\/\/rfid-laundry-tag.com\/sl\/fabric-washable-uhf-rfid-laundry-tags\/","title":{"rendered":"Pralne UHF RFID oznake za perilo"},"content":{"rendered":"<div class=\"auto-hide-last-sibling-br paragraph_1252f paragraph-element\">\n<h2 class=\"auto-hide-last-sibling-br paragraph_1252f paragraph-element\">Pralne UHF RFID oznake za perilo<\/h2>\n<p><a href=\"https:\/\/rfid-laundry-tag.com\/sl\/textile-rfid-laundry-tag\/\">Oznake za tekstilno perilo UHF\u00a0<\/a>so zasnovani tako, da izpolnjujejo potrebe po sledenju v sektorju pranja perila, zlasti v hotelih in bolni\u0161nicah. Izdelani so za vzdr\u017eljivost in primerni za razli\u010dne postopke, vklju\u010dno s pranjem, su\u0161enjem, kemi\u010dnim \u010di\u0161\u010denjem in likanjem.<\/p>\n<p>Te oznake se pona\u0161ajo z visoko ob\u010dutljivostjo, kar omogo\u010da hkratno branje ve\u010d oznak in u\u010dinkovito delovanje tudi sredi razli\u010dnih motenj signala.<\/p>\n<div data-spm-anchor-id=\"a2700.details.0.i57.23b419c7xXORP0\"><span data-spm-anchor-id=\"a2700.details.0.i75.23b419c7xXORP0\"><b>Zna\u010dilnost oznak za pranje perila UHF RFID:<\/b><br \/>\n1) UHF tehnologija za branje ve\u010d sto oznak hkrati.<br \/>\n2) Razdalja branja ve\u010d kot 8 m~12 m.<br \/>\n3) Pralno 200-krat do 300-krat<\/span><\/div>\n<div data-spm-anchor-id=\"a2700.details.0.i57.23b419c7xXORP0\">\n<div class=\"entry-content-asset videofit\"><iframe title=\"Tovarna oznak za ogrevanje z UHF RFID za pranje perila s testom branja na razdalji 12 m\" src=\"https:\/\/www.youtube.com\/embed\/cOnG5fgEIs4?feature=oembed\" width=\"720\" height=\"405\" frameborder=\"0\" allowfullscreen=\"allowfullscreen\" data-mce-fragment=\"1\"><\/iframe><\/div>\n<\/div>\n<\/div>\n<div data-spm-anchor-id=\"a2700.details.0.i57.23b419c7xXORP0\"><\/div>\n<div data-spm-anchor-id=\"a2700.details.0.i57.23b419c7xXORP0\">\n<div class=\"text-content\" data-spm-anchor-id=\"a2700.details.0.i54.23b419c7xXORP0\">\n<table>\n<tbody>\n<tr>\n<td width=\"139\">Ime izdelka<\/td>\n<td width=\"600\">Pralne UHF RFID oznake za perilo<\/td>\n<\/tr>\n<tr>\n<td width=\"139\">Material<\/td>\n<td width=\"600\">Tkanina\/tkanina itd.<\/td>\n<\/tr>\n<tr>\n<td width=\"139\">Model \u010dipa<\/td>\n<td width=\"600\">UCODE\u00ae 9<\/td>\n<\/tr>\n<tr>\n<td width=\"139\">Spomin<\/td>\n<td width=\"600\">EPC: 96 bitov<\/td>\n<\/tr>\n<tr>\n<td width=\"139\">Protokol<\/td>\n<td width=\"600\">EPC C1 G2<\/td>\n<\/tr>\n<tr>\n<td width=\"139\">Velikost<\/td>\n<td width=\"600\">70 * 15 mm, 86 * 16 mm; 50 * 20 mm; 72 * 16 mm; 35 * 15 mm itd.<\/td>\n<\/tr>\n<tr>\n<td width=\"139\">barva<\/td>\n<td width=\"600\">Bela<\/td>\n<\/tr>\n<tr>\n<td width=\"139\">Delovni \u010dasi<\/td>\n<td width=\"600\">Povpre\u010dje je 200-krat, nekateri pa lahko ve\u010d kot 300-krat.<\/td>\n<\/tr>\n<tr>\n<td width=\"139\">Delovna temperatura<\/td>\n<td width=\"600\">-25 \u2103 do +150 \u2103<\/td>\n<\/tr>\n<tr>\n<td width=\"139\">Preberi Razdalja<\/td>\n<td width=\"600\">3\u201310 milijonov<\/td>\n<\/tr>\n<tr>\n<td width=\"139\">Aplikacija<\/td>\n<td width=\"600\">Re\u0161itve za pranje perila, pralnice, industrijsko pranje, upravljanje hotelskih obla\u010dil, upravljanje supermarketov\/trgovin z obla\u010dili itd.<\/td>\n<\/tr>\n<\/tbody>\n<\/table>\n<\/div>\n<\/div>\n<div><\/div>\n<h3 class=\"wp-block-heading\">Kako namestiti pralne UHF RFID oznake za perilo<\/h3>\n<p><strong>Ozna\u010devanje \u0161ivov<\/strong>: Za v\u0161ivanje v rob tekstila. Etiketo za perilo pri\u0161ijte stran od pregibnih linij.<br \/>\n<strong>Toplotno tesnjenje<\/strong>: Za toplotno tesnjenje neposredno na tekstil pri +200\u00b0C (392\u00b0F), za 12~14s.<br \/>\n<strong>V vre\u010dki<\/strong>: za \u0161ivanje kot standardna etiketa za nego. Etiketo za perilo pri\u0161ijte stran od pregibnih linij.<\/p>\n<p><b>RFID oznake za pranje perila se lahko \u0161iroko uporabljajo na naslednjih podro\u010djih:<br \/>\n<\/b>1) Upravljanje sledenja<br \/>\n2) Tovarna\/skladi\u0161\u010de\/hotel\/bolni\u0161nica\/zabavi\u0161\u010dni park<br \/>\n3) Bolni\u0161ni\u010dne uniforme\/Posteljnina\/Palete\/Platenske torbe<br \/>\n4) Kemi\u010dno \u010di\u0161\u010denje<br \/>\n5) Uporaba v hotelski rjuhi\/Pritrjena na tekstil\/Delovna obla\u010dila<br \/>\n6) Perilci denarja<\/p>\n<h2>Kaj so RFID \u010dipi za perilo?<\/h2>\n<p><a href=\"https:\/\/rfid-laundry-tag.com\/sl\/textile-rfid-laundry-tag\/\">RFID \u010dipi za perilo<\/a> so kompaktne, trpe\u017ene oznake z vgrajenim mikro\u010dipom in anteno za radiofrekven\u010dno identifikacijo (RFID), posebej zasnovane za sledenje tekstila, kot so rjuhe, brisa\u010de in uniforme v industrijskem okolju. Te \u010dipe je mogo\u010de toplotno zatesniti ali v\u0161iti v blagovne izdelke, kar omogo\u010da samodejno identifikacijo in sledenje skozi celoten njihov \u017eivljenjski cikel. Za razliko od tradicionalnih \u010drtnih kod RFID \u010dipi za skeniranje ne potrebujejo neposredne vidne linije, kar omogo\u010da u\u010dinkovito sledenje, tudi ko so izdelki zlo\u017eeni ali pakirani v vre\u010de.<\/p>\n<h2>Prednosti RFID v tekstilnih pralnicah:<\/h2>\n<p>Z rastjo sektorjev industrijskega pranja perila in izposoje obla\u010dil se pove\u010duje potreba po avtomatizaciji in natan\u010dnem upravljanju zalog. Trenutno manj kot 1% svetovne industrije pranja perila uporablja tehnologijo RFID, vendar tisti, ki so jo uvedli, poro\u010dajo o pomembnih prednostih. RFID velja za bistvenega pomena za tehnolo\u0161ke nadgradnje v sektorju pranja perila, v naslednjih nekaj letih pa se pri\u010dakuje pove\u010dana uporaba. Zni\u017eevanje stro\u0161kov in izbolj\u0161anje kakovosti naprav RFID in tekstilnih oznak zagotavljata konkuren\u010dno prednost, ki spodbuja inovacije.<\/p>\n<ol>\n<li><strong>Poenostavljena klasifikacija obla\u010dil:<\/strong>\u00a0RFID oznake, pritrjene na obla\u010dila, omogo\u010dajo avtomatizirano sortiranje med pranjem in obdelavo, kar zmanj\u0161uje potrebo po ro\u010dnem delu in izbolj\u0161uje u\u010dinkovitost.<\/li>\n<li><strong>Natan\u010dni zapisi ciklov pranja:<\/strong>\u00a0Sledenje ciklom pranja pomaga napovedati \u017eivljenjsko dobo obla\u010dil. Sistem opozori uporabnike, ko se izdelki bli\u017eajo koncu svoje \u017eivljenjske dobe, kar omogo\u010da pravo\u010dasno naro\u010danje in upravljanje zalog.<\/li>\n<li><strong>Hiter pregled zalog:<\/strong>\u00a0RFID oznake omogo\u010dajo hitro preverjanje zalog, kar pomaga prepre\u010diti izgubo ali krajo in zagotavlja operativno u\u010dinkovitost.<\/li>\n<li><strong>Zmanj\u0161evanje izgub in kraj:<\/strong>\u00a0Vsaka RFID oznaka ima edinstven identifikator, ki omogo\u010da natan\u010dno sledenje izgubljenim ali ukradenim predmetom, kar lahko pomaga povrniti stro\u0161ke.<\/li>\n<\/ol>\n<h2>Kako delujejo RFID \u010dipi za perilo v industrijskih pralnicah:<\/h2>\n<ul>\n<li><strong>Ozna\u010devanje in registracija:<\/strong>\u00a0Vsak izdelek je opremljen z RFID \u010dipom, ki je povezan z bazo podatkov, ki vsebuje njegove podrobnosti.<\/li>\n<li><strong>Samodejno sledenje:<\/strong>\u00a0\u010citalniki RFID na klju\u010dnih to\u010dkah procesa pranja perila zajemajo podatke v realnem \u010dasu, ko se obla\u010dila premikajo skozi zbiranje, pranje in distribucijo.<\/li>\n<li><strong>Sortiranje in obdelava:<\/strong>\u00a0Sistem avtomatizira razvr\u0161\u010danje po vrsti ali stranki, kar zmanj\u0161uje stro\u0161ke dela.<\/li>\n<li><strong>Upravljanje zalog:<\/strong>\u00a0Neprekinjene posodobitve podatkov omogo\u010dajo vpogled v raven zalog in vzorce porabe, kar zagotavlja razpolo\u017eljivost in prepre\u010duje prevelike zaloge.<\/li>\n<\/ul>\n<p>Na splo\u0161no, <a href=\"https:\/\/rfid-laundry-tag.com\/sl\/rfid-chips-for-uniform-and-linen\/\">RFID \u010dipi za perilo<\/a> optimizirajte delovanje industrijskih pralnic z izbolj\u0161anim sledenjem, u\u010dinkovitostjo in prepre\u010devanjem izgub.<\/p>","protected":false},"excerpt":{"rendered":"<div class=\"elementor-element elementor-element-4f79c63 e-flex e-con-boxed e-con e-parent e-lazyloaded\" data-id=\"4f79c63\" data-element_type=\"container\" data-settings=\"{&quot;_ha_eqh_enable&quot;:false}\">\n<div class=\"e-con-inner\">\n<div class=\"elementor-element elementor-element-be3873c elementor-widget elementor-widget-woocommerce-product-short-description\" data-id=\"be3873c\" data-element_type=\"widget\" data-widget_type=\"woocommerce-product-short-description.default\">\n<div class=\"elementor-widget-container\">\n<div class=\"woocommerce-product-details__short-description\"><\/div>\n<\/div>\n<\/div>\n<\/div>\n<\/div>\n<div class=\"elementor-element elementor-element-3ad806e e-flex e-con-boxed e-con e-parent e-lazyloaded\" data-id=\"3ad806e\" data-element_type=\"container\" data-settings=\"{&quot;_ha_eqh_enable&quot;:false}\">\n<div class=\"e-con-inner\">\n<div class=\"elementor-element elementor-element-362020f elementor-widget elementor-widget-woocommerce-product-data-tabs\" data-id=\"362020f\" data-element_type=\"widget\" data-widget_type=\"woocommerce-product-data-tabs.default\">\n<div class=\"elementor-widget-container\">\n<div class=\"woocommerce-tabs wc-tabs-wrapper\"><strong>Pralne UHF RFID oznake za perilo<\/strong> za hotele in bolni\u0161nice, pralno 200\u2013300-krat, hkrati bere na stotine oznak z razdalje 8\u201312 m, idealno za u\u010dinkovito sledenje.<\/div>\n<\/div>\n<\/div>\n<\/div>\n<\/div>","protected":false},"featured_media":3077,"template":"","meta":{"_kad_post_transparent":"default","_kad_post_title":"","_kad_post_layout":"default","_kad_post_sidebar_id":"","_kad_post_content_style":"default","_kad_post_vertical_padding":"default","_kad_post_feature":"","_kad_post_feature_position":"","_kad_post_header":false,"_kad_post_footer":false,"_kad_post_classname":""},"product_brand":[],"product_cat":[19],"product_tag":[381,378,24,342,339,380,65,368,30,379,374,373],"class_list":{"0":"post-3076","1":"product","2":"type-product","3":"status-publish","4":"has-post-thumbnail","6":"product_cat-textile-rfid-laundry-tag","7":"product_tag-industrial-iot","8":"product_tag-laundry-management","9":"product_tag-laundry-rfid-tags","10":"product_tag-rfid-laundry-tags","11":"product_tag-rfid-washable-tags","12":"product_tag-smart-textile","13":"product_tag-textile-rfid-laundry-tags","14":"product_tag-textile-uhf-rfid-tags-labels","15":"product_tag-uhf-rfid-laundry-tag","16":"product_tag-uniform-management","17":"product_tag-washable-uhf-rfid-labels","18":"product_tag-washable-uhf-rfid-laundry-textile-labels","20":"first","21":"instock","22":"featured","23":"shipping-taxable","24":"product-type-simple","25":"entry","26":"content-bg","27":"loop-entry"},"_links":{"self":[{"href":"https:\/\/rfid-laundry-tag.com\/sl\/wp-json\/wp\/v2\/product\/3076","targetHints":{"allow":["GET"]}}],"collection":[{"href":"https:\/\/rfid-laundry-tag.com\/sl\/wp-json\/wp\/v2\/product"}],"about":[{"href":"https:\/\/rfid-laundry-tag.com\/sl\/wp-json\/wp\/v2\/types\/product"}],"version-history":[{"count":3,"href":"https:\/\/rfid-laundry-tag.com\/sl\/wp-json\/wp\/v2\/product\/3076\/revisions"}],"predecessor-version":[{"id":3172,"href":"https:\/\/rfid-laundry-tag.com\/sl\/wp-json\/wp\/v2\/product\/3076\/revisions\/3172"}],"wp:featuredmedia":[{"embeddable":true,"href":"https:\/\/rfid-laundry-tag.com\/sl\/wp-json\/wp\/v2\/media\/3077"}],"wp:attachment":[{"href":"https:\/\/rfid-laundry-tag.com\/sl\/wp-json\/wp\/v2\/media?parent=3076"}],"wp:term":[{"taxonomy":"product_brand","embeddable":true,"href":"https:\/\/rfid-laundry-tag.com\/sl\/wp-json\/wp\/v2\/product_brand?post=3076"},{"taxonomy":"product_cat","embeddable":true,"href":"https:\/\/rfid-laundry-tag.com\/sl\/wp-json\/wp\/v2\/product_cat?post=3076"},{"taxonomy":"product_tag","embeddable":true,"href":"https:\/\/rfid-laundry-tag.com\/sl\/wp-json\/wp\/v2\/product_tag?post=3076"}],"curies":[{"name":"delovni list","href":"https:\/\/api.w.org\/{rel}","templated":true}]}}