{"id":304,"date":"2024-06-26T16:50:11","date_gmt":"2024-06-26T16:50:11","guid":{"rendered":"https:\/\/rfid-laundry-tag.com\/?post_type=product&#038;p=304"},"modified":"2024-06-26T17:00:07","modified_gmt":"2024-06-26T17:00:07","slug":"on-duty-ntag215-nfc-patrol-tag","status":"publish","type":"product","link":"https:\/\/rfid-laundry-tag.com\/sl\/on-duty-ntag215-nfc-patrol-tag\/","title":{"rendered":"Na dol\u017enosti Ntag215 NFC patruljna oznaka"},"content":{"rendered":"<p><strong>Na dol\u017enosti Ntag215 NFC patruljna oznaka <\/strong><\/p>\n<p>NTAG215 je razvilo podjetje NXP Semiconductors kot standardne NFC oznake IC, ki se uporabljajo v aplikacijah mno\u017ei\u010dnega trga, kot so trgovina na drobno, igre na sre\u010do in potro\u0161ni\u0161ka elektronika, v kombinaciji z napravami NFC ali napravami za bli\u017einsko spajanje, ki so zdru\u017eljive z NFC. NTAG215 (odslej na splo\u0161no imenovan NTAG21x) je zasnovan tako, da je v celoti skladen s specifikacijami NFC Forum Type 2 Tag in ISO\/IEC14443 Type A. Pomnilnik je 504 bajtov.<\/p>\n<table class=\"hight-light-first-column all magic-11\">\n<tbody>\n<tr>\n<td colspan=\"1\" rowspan=\"1\">\n<div class=\"magic-12\" data-spm-anchor-id=\"a2700.details.0.i57.12287cd6Tl6d8d\">Velikost<\/div>\n<\/td>\n<td colspan=\"4\" rowspan=\"1\">\n<div class=\"magic-13\">Premer 25 mm<\/div>\n<\/td>\n<\/tr>\n<tr>\n<td colspan=\"1\" rowspan=\"1\">\n<div class=\"magic-12\">barva<\/div>\n<\/td>\n<td colspan=\"4\" rowspan=\"1\">\n<div class=\"magic-16\">\u010crna, bela, rumena, rde\u010da ali po meri<\/div>\n<\/td>\n<\/tr>\n<tr>\n<td colspan=\"1\" rowspan=\"1\">\n<div class=\"magic-12\">\u010dip<\/div>\n<\/td>\n<td colspan=\"4\" rowspan=\"1\">\n<div class=\"magic-13\">NTAG215<\/div>\n<\/td>\n<\/tr>\n<tr>\n<td colspan=\"1\" rowspan=\"1\">\n<div class=\"magic-12\">Pogostost<\/div>\n<\/td>\n<td colspan=\"4\" rowspan=\"1\">\n<div class=\"magic-13\">13,56 MHz<\/div>\n<\/td>\n<\/tr>\n<tr>\n<td colspan=\"1\" rowspan=\"1\">\n<div class=\"magic-12\">Protokol<\/div>\n<\/td>\n<td colspan=\"4\" rowspan=\"1\">\n<div class=\"magic-13\">ISO14443A, NFC forum tipa 2<\/div>\n<\/td>\n<\/tr>\n<tr>\n<td colspan=\"1\" rowspan=\"1\">\n<div class=\"magic-12\">Material<\/div>\n<\/td>\n<td colspan=\"4\" rowspan=\"1\">\n<div class=\"magic-13\">ABS<\/div>\n<\/td>\n<\/tr>\n<tr>\n<td colspan=\"1\" rowspan=\"1\">\n<div class=\"magic-12\">Delovna temperatura<\/div>\n<\/td>\n<td colspan=\"4\" rowspan=\"1\">\n<div class=\"magic-13\">-20 do 85 stopinj C<\/div>\n<\/td>\n<\/tr>\n<tr>\n<td colspan=\"1\" rowspan=\"1\">\n<div class=\"magic-12\">Aplikacija<\/div>\n<\/td>\n<td colspan=\"4\" rowspan=\"1\">\n<div class=\"magic-16\">Veriga pralnic, mo\u010dne kemikalije, pla\u010dilna naprava, uporaba na prostem, kemikalije, industrija, logistika, patrulja, \u010dlanstvo, ladijski zabojnik, palete itd.<\/div>\n<\/td>\n<\/tr>\n<tr>\n<td colspan=\"1\" rowspan=\"1\">\n<div class=\"magic-12\">Ocena vodotesnosti<\/div>\n<\/td>\n<td colspan=\"4\" rowspan=\"1\">\n<div class=\"magic-16\">IP67<\/div>\n<\/td>\n<\/tr>\n<tr>\n<td colspan=\"1\" rowspan=\"1\">\n<div class=\"magic-12\">Bralno obmo\u010dje<\/div>\n<\/td>\n<td colspan=\"4\" rowspan=\"1\">\n<div class=\"magic-16\">5-10cm, odvisno od \u010ditalca<\/div>\n<\/td>\n<\/tr>\n<tr>\n<td colspan=\"1\" rowspan=\"1\">\n<div class=\"magic-12\">Craft<\/div>\n<\/td>\n<td colspan=\"4\" rowspan=\"1\">\n<div class=\"magic-16\">Lasersko vgravirana serijska \u0161tevilka, \u010drtna koda itd<\/div>\n<\/td>\n<\/tr>\n<tr>\n<td colspan=\"1\" rowspan=\"1\">\n<div class=\"magic-12\">Monta\u017ea<\/div>\n<\/td>\n<td colspan=\"4\" rowspan=\"1\">\n<div class=\"magic-16\">Z lepilom ali vijaki ali zakovicami<\/div>\n<\/td>\n<\/tr>\n<\/tbody>\n<\/table>\n<p>&nbsp;<\/p>\n<h2>Aplikacija On Duty Ntag215 NFC Patrol Tag<\/h2>\n<p>Ta dokument opisuje mo\u017eno uporabo oznake NFC Ntag215 v kontekstu patruljiranja.<\/p>\n<p><strong>Scenarij:<\/strong><\/p>\n<p>Varnostnik ali patruljni policist se mora v svoji izmeni prijaviti na dolo\u010denih lokacijah. Cilj je avtomatizirati postopek bele\u017eenja teh prijav, zagotavljanje podatkov o lokaciji v realnem \u010dasu in morebitno spro\u017eitev dodatnih dejanj.<\/p>\n<p><strong>Uporaba:<\/strong><\/p>\n<ol>\n<li><strong>Oznake patrulje NFC:<\/strong>\n<ul>\n<li>Oznake Ntag215 NFC so pritrjene na strate\u0161ke lokacije okoli patruljne poti (npr. vhodi v zgradbe, varnostne kontrolne to\u010dke, dolo\u010dena obmo\u010dja).<\/li>\n<li>Vsaki oznaki je dodeljen edinstven ID in potencialno identifikator lokacije.<\/li>\n<\/ul>\n<\/li>\n<li><strong>Mobilna aplikacija:<\/strong>\n<ul>\n<li>Varnostno osebje uporablja pametni telefon ali tablico z namensko aplikacijo.<\/li>\n<li>Aplikacija se pove\u017ee z oznako NFC s preprostim dotikom ali zaznavanjem bli\u017eine.<\/li>\n<li>Ob stiku z oznako aplikacija:\n<ul>\n<li>Bele\u017ei uro in datum prijave.<\/li>\n<li>Zabele\u017ei ID oznake in morebitno njeno lokacijo.<\/li>\n<li>Samodejno posodablja status in lokacijo patruljnega policista na osrednji nadzorni plo\u0161\u010di.<\/li>\n<\/ul>\n<\/li>\n<\/ul>\n<\/li>\n<li><strong>Centralna nadzorna plo\u0161\u010da:<\/strong>\n<ul>\n<li>Spletna platforma ali platforma v oblaku prikazuje podatke o patruljnih policistih v realnem \u010dasu.<\/li>\n<li>Vizualizira njihovo lokacijo, \u010das prijave in morebitna opozorila.<\/li>\n<li>To nadzorno plo\u0161\u010do lahko uporabite tudi za:\n<ul>\n<li>Spro\u017ei obvestila o pozni prijavi ali zamujenih postankih.<\/li>\n<li>Spremljajte dejavnost za upravljanje uspe\u0161nosti.<\/li>\n<li>Samodejno ustvarjanje poro\u010dil in dnevnikov.<\/li>\n<\/ul>\n<\/li>\n<\/ul>\n<\/li>\n<\/ol>\n<p><strong>Prednosti:<\/strong><\/p>\n<ul>\n<li><strong>Samodejna prijava:<\/strong>\u00a0Odpravlja ro\u010dne vnose v dnevnik in morebitne napake.<\/li>\n<li><strong>Sledenje lokaciji v realnem \u010dasu:<\/strong>\u00a0Zagotavlja takoj\u0161nje zavedanje o polo\u017eajih patruljnih policistov.<\/li>\n<li><strong>Izbolj\u0161ana odgovornost:<\/strong>\u00a0Ponuja zanesljivo revizijsko sled patruljnih dejavnosti.<\/li>\n<li><strong>Izbolj\u0161ana varnost:<\/strong>\u00a0Omogo\u010da hiter odziv na incidente in opozorila.<\/li>\n<li><strong>Vpogledi na podlagi podatkov:<\/strong>\u00a0Podpira analizo delovanja in optimizacijo patruljnih poti.<\/li>\n<\/ul>\n<p><strong>Podrobnosti izvedbe:<\/strong><\/p>\n<ul>\n<li><strong>Programiranje oznak:<\/strong>\u00a0Oznake Ntag215 je enostavno programirati z orodji NFC in lahko shranijo informacije, kot so identifikatorji lokacije, kode za dostop ali opozorila.<\/li>\n<li><strong>Razvoj mobilnih aplikacij:<\/strong>\u00a0Aplikacija mora izkoristiti funkcijo NFC naprave, kar omogo\u010da varno komunikacijo z oznakami.<\/li>\n<li><strong>Integracija nadzorne plo\u0161\u010de:<\/strong>\u00a0Podatke, zbrane iz oznak, je mogo\u010de integrirati s platformo v oblaku ali obstoje\u010dimi varnostnimi sistemi.<\/li>\n<li><strong>\u0160ifriranje podatkov:<\/strong>\u00a0Ob\u010dutljive podatke je mogo\u010de \u0161ifrirati zaradi varnosti in zasebnosti.<\/li>\n<\/ul>\n<p><strong>Premisleki:<\/strong><\/p>\n<ul>\n<li><strong>Trajnost oznake:<\/strong>\u00a0Oznake Ntag215 so odporne na okoljske dejavnike, vendar jih je treba za dolgotrajno uporabo ustrezno namestiti.<\/li>\n<li><strong>Omre\u017ena povezljivost:<\/strong>\u00a0Za prenos podatkov in dostop do nadzorne plo\u0161\u010de je potrebna zanesljiva internetna ali omre\u017ena povezljivost.<\/li>\n<li><strong>Zasebnost in varnost:<\/strong>\u00a0Izvedite ustrezne varnostne ukrepe in protokole za zasebnost podatkov.<\/li>\n<li><strong>Analiza stro\u0161kov:<\/strong>\u00a0Upo\u0161tevajte stro\u0161ke oznak, razvoja aplikacij in morebitne infrastrukture v oblaku.<\/li>\n<\/ul>\n<p>&nbsp;<\/p>\n<p>&nbsp;<\/p>","protected":false},"excerpt":{"rendered":"<p>NFC oznaka Ntag215 ponuja dragoceno orodje za izbolj\u0161anje u\u010dinkovitosti in varnosti patruljiranja. Ta aplikacija lahko poenostavi procese patruljiranja, izbolj\u0161a odgovornost in zagotovi dragocene vpoglede v podatke za bolj\u0161e odlo\u010danje.<\/p>","protected":false},"featured_media":305,"template":"","meta":{"_kad_post_transparent":"default","_kad_post_title":"","_kad_post_layout":"default","_kad_post_sidebar_id":"","_kad_post_content_style":"default","_kad_post_vertical_padding":"default","_kad_post_feature":"","_kad_post_feature_position":"","_kad_post_header":false,"_kad_post_footer":false,"_kad_post_classname":""},"product_brand":[],"product_cat":[54],"product_tag":[118,124],"class_list":{"0":"post-304","1":"product","2":"type-product","3":"status-publish","4":"has-post-thumbnail","6":"product_cat-hot-selling-rfid-tags","7":"product_tag-anti-metal-nfc-patrol-tag","8":"product_tag-on-duty-ntag215-nfc-patrol-tag","10":"first","11":"instock","12":"shipping-taxable","13":"product-type-simple","14":"entry","15":"content-bg","16":"loop-entry"},"_links":{"self":[{"href":"https:\/\/rfid-laundry-tag.com\/sl\/wp-json\/wp\/v2\/product\/304","targetHints":{"allow":["GET"]}}],"collection":[{"href":"https:\/\/rfid-laundry-tag.com\/sl\/wp-json\/wp\/v2\/product"}],"about":[{"href":"https:\/\/rfid-laundry-tag.com\/sl\/wp-json\/wp\/v2\/types\/product"}],"version-history":[{"count":0,"href":"https:\/\/rfid-laundry-tag.com\/sl\/wp-json\/wp\/v2\/product\/304\/revisions"}],"wp:featuredmedia":[{"embeddable":true,"href":"https:\/\/rfid-laundry-tag.com\/sl\/wp-json\/wp\/v2\/media\/305"}],"wp:attachment":[{"href":"https:\/\/rfid-laundry-tag.com\/sl\/wp-json\/wp\/v2\/media?parent=304"}],"wp:term":[{"taxonomy":"product_brand","embeddable":true,"href":"https:\/\/rfid-laundry-tag.com\/sl\/wp-json\/wp\/v2\/product_brand?post=304"},{"taxonomy":"product_cat","embeddable":true,"href":"https:\/\/rfid-laundry-tag.com\/sl\/wp-json\/wp\/v2\/product_cat?post=304"},{"taxonomy":"product_tag","embeddable":true,"href":"https:\/\/rfid-laundry-tag.com\/sl\/wp-json\/wp\/v2\/product_tag?post=304"}],"curies":[{"name":"delovni list","href":"https:\/\/api.w.org\/{rel}","templated":true}]}}