{"id":3020,"date":"2025-12-02T09:39:21","date_gmt":"2025-12-02T09:39:21","guid":{"rendered":"https:\/\/rfid-laundry-tag.com\/?post_type=product&#038;p=3020"},"modified":"2025-12-02T09:41:12","modified_gmt":"2025-12-02T09:41:12","slug":"uhf-rfid-chips","status":"publish","type":"product","link":"https:\/\/rfid-laundry-tag.com\/sl\/uhf-rfid-chips\/","title":{"rendered":"UHF RFID \u010dipi"},"content":{"rendered":"<div>\n<div class=\"auto-hide-last-sibling-br paragraph_1252f paragraph-element\">\n<h2>UHF RFID \u010dipi za uniforme, obla\u010dila in re\u0161itev za sledenje perila<\/h2>\n<p><strong>UHF RFID \u010dipi za re\u0161itev za sledenje uniform, obla\u010dil in perila<\/strong>\u00a0ponujajo podjetjem zanesljiv na\u010din upravljanja tekstila, zagotavljajo natan\u010dnost in zmanj\u0161ujejo izgube. Ta \u010dlanek podrobno obravnava prednosti uporabe <a href=\"https:\/\/rfid-laundry-tag.com\/sl\/uhf-rfid-laundry-tags\/\">RFID oznake za perilo<\/a>, kako delujejo in zakaj so pametna nalo\u017eba za vsako pralnico.<\/p>\n<table width=\"637\">\n<tbody>\n<tr>\n<td width=\"328\">Ime predmeta:<\/td>\n<td width=\"309\">UHF RFID \u010dipi za uniforme in obla\u010dila<\/td>\n<\/tr>\n<tr>\n<td width=\"328\">Standard RFID:<\/td>\n<td width=\"309\">ISO\/IEC 18000-6 tip C (EPC Gen2)<\/td>\n<\/tr>\n<tr>\n<td width=\"328\">Velikost in te\u017ea:<\/td>\n<td width=\"309\">70 \u00d7 15 mm, 0,6 g<\/td>\n<\/tr>\n<tr>\n<td width=\"328\">Vrsta \u010dipa:<\/td>\n<td width=\"309\">Impinj Monza 4QT,NXP U KODA 8\uff0cNXP U KODA 9<\/td>\n<\/tr>\n<tr>\n<td width=\"328\">Pomnilnik EPC:<\/td>\n<td width=\"309\">128 bitov<\/td>\n<\/tr>\n<tr>\n<td width=\"328\">Uporabni\u0161ki pomnilnik:<\/td>\n<td width=\"309\">512 bitov<\/td>\n<\/tr>\n<tr>\n<td width=\"328\">Razpon branja (2W ERP FCC):<\/td>\n<td width=\"309\">8m<\/td>\n<\/tr>\n<tr>\n<td width=\"328\">Razpon branja (2W ERP ETSI):<\/td>\n<td width=\"309\">8m<\/td>\n<\/tr>\n<tr>\n<td width=\"328\">Ozna\u010devanje:<\/td>\n<td width=\"309\">\u0160ivanje, lepilo za vro\u010de \u017eigosanje<\/td>\n<\/tr>\n<tr>\n<td width=\"328\">Predvidena \u017eivljenjska doba:<\/td>\n<td width=\"309\">200 ciklov pranja ali 3 leta, kar nastopi prej<\/td>\n<\/tr>\n<tr>\n<td width=\"328\">Metoda pranja:<\/td>\n<td width=\"309\">Pralnica, kemi\u010dna \u010distilnica<\/td>\n<\/tr>\n<tr>\n<td width=\"328\">Pritisk vode:<\/td>\n<td width=\"309\">60 barov<\/td>\n<\/tr>\n<tr>\n<td width=\"328\">Vodoodpornost:<\/td>\n<td width=\"309\">Vodoodporen<\/td>\n<\/tr>\n<tr>\n<td width=\"328\">Kemi\u010dna odpornost:<\/td>\n<td width=\"309\">Detergent, meh\u010dalec, belilo (kisik\/klor), alkalije<\/td>\n<\/tr>\n<tr>\n<td width=\"328\">Predhodno su\u0161enje v me\u0161alniku:<\/td>\n<td width=\"309\">125 \u00baC 15-20 minut<\/td>\n<\/tr>\n<tr>\n<td width=\"328\">Temperatura sterilizacije:<\/td>\n<td width=\"309\">135\u00b0C 15-20 minut<\/td>\n<\/tr>\n<tr>\n<td width=\"328\">Temperatura pranja:<\/td>\n<td width=\"309\">90\u00b0C, do 15 min.<\/td>\n<\/tr>\n<tr>\n<td width=\"328\">Vla\u017enost\/temperatura - delovanje:<\/td>\n<td width=\"309\">-20 do 110 \u00b0C, 8 do 95%RH<\/td>\n<\/tr>\n<tr>\n<td width=\"328\">Vla\u017enost\/temperatura-skladi\u0161\u010denje:<\/td>\n<td width=\"309\">-40 do 110 \u00b0C, 8 do 95%RH<\/td>\n<\/tr>\n<\/tbody>\n<\/table>\n<\/div>\n<div class=\"auto-hide-last-sibling-br paragraph_1252f paragraph-element\"><\/div>\n<\/div>\n<div data-spm-anchor-id=\"a2700.details.0.i57.23b419c7xXORP0\">\n<div class=\"auto-hide-last-sibling-br paragraph_1252f paragraph-element\"><a href=\"https:\/\/www.rfidtaglaundry.com\/uhf-rfid-laundry-tags\/\" target=\"_blank\" rel=\"noopener\">UHF RFID \u010dipi<\/a>\u00a0Re\u0161itev za sledenje uniform, obla\u010dil in perila so posebne RFID oznake, ustvarjene posebej za tekstil, ki gre skozi stroge industrijske postopke pranja, vklju\u010dno s sterilizacijo in likanjem.<\/div>\n<\/div>\n<div><\/div>\n<div>\n<div class=\"entry-content-asset videofit\"><iframe title=\"Zakaj uporabljati RFID v tekstilnem pralnem stroju?\" src=\"https:\/\/www.youtube.com\/embed\/X_P3EuhS_hE?feature=oembed\" width=\"720\" height=\"405\" frameborder=\"0\" allowfullscreen=\"allowfullscreen\" data-mce-fragment=\"1\"><\/iframe><\/div>\n<\/div>\n<h3 class=\"wp-block-heading\">Namestitev UHF RFID \u010dipov za uniforme<\/h3>\n<p><strong>Ozna\u010devanje \u0161ivov<\/strong>: Za v\u0161ivanje v rob tekstila. Etiketo za perilo pri\u0161ijte stran od pregibnih linij.<br \/>\n<strong>Toplotno tesnjenje<\/strong>: Za toplotno tesnjenje neposredno na tekstil pri +200\u00b0C (392\u00b0F), za 12~14s.<br \/>\n<strong>V vre\u010dki<\/strong>: za \u0161ivanje kot standardna etiketa za nego. Etiketo za perilo pri\u0161ijte stran od pregibnih linij.<\/p>\n<div class=\"auto-hide-last-sibling-br paragraph_1252f paragraph-element\">\n<p><span data-spm-anchor-id=\"a2700.details.0.i52.7e74253fSAfL7T\">kako\u00a0<\/span><b><strong>MO\u010cNO<\/strong><\/b>\u00a0so?<\/p>\n<p><b><strong>\u2460<\/strong><\/b>.Ali se RFID \u010dipi lahko po\u0161kodujejo pri visokih temperaturah?<b><strong>\u2714 Na\u0161e tekstilne etikete za pranje perila RFID so zasnovane za uporabo pri 200 \u00b0C<\/strong><\/b>.<\/p>\n<p><b><strong>\u2461<\/strong><\/b>Kolikokrat lahko operemo etikete, ki so pritrjene na uniformne tekstilne izdelke?\u00a0<b><strong>\u2013\u2714Na\u0161o oznako RFID za tekstilno perilo je mogo\u010de oprati ve\u010d kot 200-krat zajam\u010deno 2 leti po po\u0161iljanju.<\/strong><\/b><\/p>\n<p><b><strong>\u2462<\/strong><\/b>Bomo porabili presti\u017ene uniforme tekstilne izdelke, nadaljevali delo v primeru zme\u010dkanine odkru\u0161kov?\u00a0<b><strong>\u2013\u2714Na\u0161o tekstilno etiketo za perilo smo zasnovali tako, da zdr\u017ei 60 barov pritiska v procesu stiskanja va\u0161ih tekstilnih izdelkov.<\/strong><\/b><\/p>\n<p><b><strong>\u2463<\/strong><\/b>Kam namestite oznake za perilo RFID na tkanine za uniforme?\u00a0<b><strong>\u2013 \u2714RFID etikete za tekstilno perilo so name\u0161\u010dene glede na razpolo\u017eljivost uniform.<\/strong><\/b><\/p>\n<h2 class=\"AnswerParser_AnswerParserH2__SIHnF\">Kaj je RFID sledenje perilu?<\/h2>\n<p><span class=\"AnswerParser_TextContainer__z_Iiv\" data-testid=\"youchat-text\">RFID (radiofrekven\u010dna identifikacija) sledenje perilu je tehnologija, ki uporablja\u00a0<strong>RFID oznake<\/strong>\u00a0pritrjen na tekstil za spremljanje in upravljanje kosov perila skozi njihov \u017eivljenjski cikel. Te oznake, ki jih pogosto imenujemo\u00a0<strong>RFID oznake za perilo<\/strong>, uporabljajo radijske valove za prenos podatkov do bralnikov RFID, kar omogo\u010da sledenje v realnem \u010dasu in upravljanje zalog.<\/span><span class=\"AnswerParser_TextContainer__z_Iiv\" data-testid=\"youchat-text\">Ta tehnologija izbolj\u0161uje postopke pranja perila z avtomatizacijo postopka sledenja, s \u010dimer zagotavlja, da so obla\u010dila in perilo upo\u0161tevani v vsaki fazi \u2013 od pranja do dostave. Z uvedbo sistema RFID za sledenje perilu lahko podjetja znatno zmanj\u0161ajo \u0161tevilo \u010dlove\u0161kih napak in izbolj\u0161ajo splo\u0161no u\u010dinkovitost.<\/span><\/p>\n<h2 class=\"AnswerParser_AnswerParserH2__SIHnF\">Prednosti RFID oznak za perilo<\/h2>\n<h3 class=\"AnswerParser_AnswerParserH3__Mpe4s\">Izbolj\u0161ano upravljanje zalog<\/h3>\n<p><span class=\"AnswerParser_TextContainer__z_Iiv\" data-testid=\"youchat-text\">Oznake za perilo RFID olaj\u0161ajo natan\u010dno upravljanje zalog z zagotavljanjem takoj\u0161njih podatkov o lokaciji in statusu vsakega obla\u010dila ali perila. Ta zmogljivost omogo\u010da pralnicam, da u\u010dinkovito sledijo artiklom, s \u010dimer zagotovijo, da so vse uniforme in perilo na voljo, ko je to potrebno, s \u010dimer se pove\u010da operativni tok.<\/span><\/p>\n<h3 class=\"AnswerParser_AnswerParserH3__Mpe4s\">Zmanj\u0161ana izguba in kraja<\/h3>\n<p><span class=\"AnswerParser_TextContainer__z_Iiv\" data-testid=\"youchat-text\">Ena od pomembnih prednosti uporabe oznak RFID v pralnicah je zmanj\u0161anje izgube in kraje. Vsak ozna\u010den predmet je mogo\u010de enostavno identificirati in mu slediti, zaradi \u010desar je skoraj nemogo\u010de, da bi predmeti izginili. Podjetja lahko spremljajo svoje zaloge v realnem \u010dasu in tako zagotovijo, da je vse zapisano.<\/span><\/p>\n<h3 class=\"AnswerParser_AnswerParserH3__Mpe4s\">Izbolj\u0161ana operativna u\u010dinkovitost<\/h3>\n<p><span class=\"AnswerParser_TextContainer__z_Iiv\" data-testid=\"youchat-text\">S tehnologijo RFID lahko pralnice avtomatizirajo razli\u010dne procese, kar vodi do ve\u010dje u\u010dinkovitosti. Naloge, kot so razvr\u0161\u010danje, sledenje in upravljanje perila, je mogo\u010de poenostaviti, kar osebju omogo\u010da, da se osredoto\u010di na bolj kriti\u010dne funkcije. Ta tehnologija lahko tudi bistveno skraj\u0161a \u010das, porabljen za ro\u010dne preglede zalog.<\/span><\/p>\n<h2 class=\"AnswerParser_AnswerParserH2__SIHnF\">Kako delujejo oznake RFID?<\/h2>\n<h3 class=\"AnswerParser_AnswerParserH3__Mpe4s\">Komponente sistema RFID<\/h3>\n<p><span class=\"AnswerParser_TextContainer__z_Iiv\" data-testid=\"youchat-text\">Sistem RFID je sestavljen iz treh glavnih komponent:\u00a0<strong>RFID oznake<\/strong>,\u00a0<strong>\u010ditalci RFID<\/strong>, in\u00a0<strong>programsko opremo<\/strong>\u00a0za upravljanje podatkov. Oznake RFID so pritrjene na obla\u010dila in perilo, medtem ko \u010ditalci skenirajo in zbirajo podatke iz teh oznak. Zbrane podatke nato obdela programska oprema za upravljanje za sledenje zalog in poro\u010danje.<\/span><\/p>\n<h3 class=\"AnswerParser_AnswerParserH3__Mpe4s\">Prenos podatkov<\/h3>\n<p><span class=\"AnswerParser_TextContainer__z_Iiv\" data-testid=\"youchat-text\">Ko se RFID-oznaka znajde v dosegu RFID-bralnika, ta oddaja radijske valove, ki napajajo oznako in jo spodbudijo k oddaji njene edinstvene identifikacijske \u0161tevilke. Te informacije se po\u0161ljejo programski opremi, ki bele\u017ei lokacijo in stanje predmeta, kar omogo\u010da sledenje v realnem \u010dasu.<\/span><\/p>\n<h3 class=\"AnswerParser_AnswerParserH3__Mpe4s\">Zdru\u017eljivost s pralnicami<\/h3>\n<p><span class=\"AnswerParser_TextContainer__z_Iiv\" data-testid=\"youchat-text\">Oznake RFID, zasnovane za uporabo v pralnicah, so trpe\u017ene in pralne, kar zagotavlja, da lahko prenesejo cikle pranja pri visoki temperaturi, ne da bi pri tem izgubile funkcionalnost. U\u010dinkovito delujejo tudi v te\u017ekih okoljih pranja perila, zaradi \u010desar so idealni za industrijske pralnice.<\/span><\/p>\n<h2 class=\"AnswerParser_AnswerParserH2__SIHnF\">Klju\u010dne zna\u010dilnosti RFID oznak za perilo<\/h2>\n<h3 class=\"AnswerParser_AnswerParserH3__Mpe4s\">Pralno in vzdr\u017eljivo<\/h3>\n<p><span class=\"AnswerParser_TextContainer__z_Iiv\" data-testid=\"youchat-text\">RFID oznake za perilo so zasnovane tako, da so\u00a0<strong>pralni<\/strong>, kar jim omogo\u010da, da prenesejo ve\u010d ciklov pranja brez degradacije. Izdelani so iz trpe\u017enih materialov, ki so odporni na visoke temperature in ostre detergente, kar zagotavlja dolgotrajno delovanje.<\/span><\/p>\n<h3 class=\"AnswerParser_AnswerParserH3__Mpe4s\">UHF tehnologija<\/h3>\n<p><span class=\"AnswerParser_TextContainer__z_Iiv\" data-testid=\"youchat-text\">Ve\u010dina RFID oznak za perilo uporablja\u00a0<strong>UHF (ultra visoke frekvence)<\/strong>\u00a0tehnologijo, ki omogo\u010da razpon od\u010ditavanja ve\u010d metrov. Ta zmo\u017enost pove\u010da u\u010dinkovitost sledenja, saj omogo\u010da hkratno skeniranje ve\u010d elementov brez neposrednega vidnega polja.<\/span><\/p>\n<h3 class=\"AnswerParser_AnswerParserH3__Mpe4s\">Mo\u017enosti prilagajanja<\/h3>\n<p><span class=\"AnswerParser_TextContainer__z_Iiv\" data-testid=\"youchat-text\">RFID oznake za perilo je mogo\u010de prilagoditi v razli\u010dnih oblikah, velikostih in pomnilni\u0161kih zmogljivostih, da ustrezajo posebnim operativnim potrebam. Ta prilagodljivost omogo\u010da podjetjem, da izberejo oznake, ki najbolje ustrezajo njihovim zahtevam glede upravljanja obla\u010dil ali perila.<\/span><\/p>\n<h2 class=\"AnswerParser_AnswerParserH2__SIHnF\">Razumevanje tehnologije UHF RFID<\/h2>\n<h3 class=\"AnswerParser_AnswerParserH3__Mpe4s\">Kaj je UHF RFID?<\/h3>\n<p><span class=\"AnswerParser_TextContainer__z_Iiv\" data-testid=\"youchat-text\"><strong>UHF RFID<\/strong>\u00a0deluje v frekven\u010dnem obmo\u010dju od 300 MHz do 3 GHz in ponuja \u0161tevilne prednosti pred drugimi frekvencami, vklju\u010dno z dalj\u0161imi razponi branja in hitrej\u0161imi hitrostmi prenosa podatkov. Ta tehnologija je \u0161e posebej uporabna za uporabo v pralnicah, kjer je bistveno sledenje ve\u010d kosov hkrati.<\/span><\/p>\n<h3 class=\"AnswerParser_AnswerParserH3__Mpe4s\">Prednosti UHF RFID pri upravljanju pralnic<\/h3>\n<p><span class=\"AnswerParser_TextContainer__z_Iiv\" data-testid=\"youchat-text\">Tehnologija UHF RFID zagotavlja izbolj\u0161ane zmogljivosti sledenja, kar omogo\u010da u\u010dinkovito upravljanje velikih zalog. Njegova zmo\u017enost prenosa podatkov na dalj\u0161e razdalje pomeni, da lahko pralnice izbolj\u0161ajo svoj potek dela z zmanj\u0161anjem potrebe po ro\u010dnem skeniranju.<\/span><\/p>\n<h2 class=\"AnswerParser_AnswerParserH2__SIHnF\">Vpliv RFID oznak za perilo na okolje<\/h2>\n<h3 class=\"AnswerParser_AnswerParserH3__Mpe4s\">Premisleki glede trajnosti<\/h3>\n<p><span class=\"AnswerParser_TextContainer__z_Iiv\" data-testid=\"youchat-text\">Izvajanje tehnologije RFID v pralnicah lahko prispeva k prizadevanjem za trajnost. Z zmanj\u0161anjem izgube tekstila in optimizacijo postopkov pranja lahko podjetja zmanj\u0161ajo koli\u010dino odpadkov in izbolj\u0161ajo u\u010dinkovitost virov.<\/span><\/p>\n<h2 class=\"AnswerParser_AnswerParserH2__SIHnF\">Mnenja in pri\u010devanja strank<\/h2>\n<h3 class=\"AnswerParser_AnswerParserH3__Mpe4s\">Izku\u0161nje iz resni\u010dnega sveta<\/h3>\n<p><span class=\"AnswerParser_TextContainer__z_Iiv\" data-testid=\"youchat-text\">\u0160tevilne pralnice so poro\u010dale o znatnih izbolj\u0161avah u\u010dinkovitosti in to\u010dnosti inventarja po uvedbi RFID oznak za perilo. Stranke cenijo zmanj\u0161anje izgubljenih predmetov in enostavnost sledenja njihovih uniform in perila.<\/span><\/p>\n<blockquote><p><span class=\"AnswerParser_TextContainer__z_Iiv\" data-testid=\"youchat-text\">\u201cOdkar smo uvedli sledenje perila s tehnologijo RFID, se je na\u0161a operativna u\u010dinkovitost mo\u010dno pove\u010dala! Zdaj lahko sledimo svojemu perilu v realnem \u010dasu, kar je mo\u010dno zmanj\u0161alo na\u0161e izgube.\u201d \u2013\u00a0<em>Jane D., vodja pralnice<\/em><\/span><\/p><\/blockquote>\n<h3 class=\"AnswerParser_AnswerParserH3__Mpe4s\">Pozitivne povratne informacije<\/h3>\n<p><span class=\"AnswerParser_TextContainer__z_Iiv\" data-testid=\"youchat-text\">Povratne informacije uporabnikov poudarjajo u\u010dinkovitost in zanesljivost RFID oznak za pranje perila, zaradi \u010desar so prednostna izbira med pralnicami. Stranke cenijo dolgoro\u010dne prihranke, povezane z zmanj\u0161animi izgubami zalog in izbolj\u0161anim upravljanjem.<\/span><\/p>\n<h2 class=\"AnswerParser_AnswerParserH2__SIHnF\">Pogosto zastavljena vpra\u0161anja<\/h2>\n<h3 class=\"AnswerParser_AnswerParserH3__Mpe4s\">Kako dolgo trajajo oznake za perilo RFID?<\/h3>\n<p><span class=\"AnswerParser_TextContainer__z_Iiv\" data-testid=\"youchat-text\">RFID oznake za perilo so zasnovane tako, da vzdr\u017eijo do\u00a0<strong>200 ciklov pranja<\/strong>, odvisno od specifi\u010dne oznake in pogojev pranja. Njihova vzdr\u017eljivost zagotavlja, da ostanejo funkcionalni skozi celotno \u017eivljenjsko dobo.<\/span><\/p>\n<h3 class=\"AnswerParser_AnswerParserH3__Mpe4s\">Ali je mogo\u010de oznake za perilo RFID prilagoditi?<\/h3>\n<p><span class=\"AnswerParser_TextContainer__z_Iiv\" data-testid=\"youchat-text\">Da, oznake za perilo RFID je mogo\u010de prilagoditi v razli\u010dnih oblikah in pomnilni\u0161kih zmogljivostih, da ustrezajo posebnim potrebam va\u0161ega pranja perila.<\/span><\/p>\n<h3 class=\"AnswerParser_AnswerParserH3__Mpe4s\">Kak\u0161en je obseg branja za oznake UHF RFID?<\/h3>\n<p><span class=\"AnswerParser_TextContainer__z_Iiv\" data-testid=\"youchat-text\">Oznake UHF RFID imajo obi\u010dajno obseg branja do\u00a0<strong>6~12 metrov<\/strong>, kar omogo\u010da u\u010dinkovito sledenje ve\u010d predmetom hkrati.<\/span><\/p>\n<h2 class=\"AnswerParser_AnswerParserH2__SIHnF\">Zaklju\u010dek<\/h2>\n<p><span class=\"AnswerParser_TextContainer__z_Iiv\" data-testid=\"youchat-text\">UHF RFID \u010dipi za sledenje uniform, obla\u010dil in perila predstavljajo prelomni napredek v upravljanju pralnic. Z nalo\u017ebo v RFID oznake za perilo lahko podjetja izbolj\u0161ajo svojo operativno u\u010dinkovitost, zmanj\u0161ajo izgube in izbolj\u0161ajo splo\u0161no upravljanje zalog.<\/span><\/p>\n<\/div>","protected":false},"excerpt":{"rendered":"<div class=\"elementor-element elementor-element-4f79c63 e-flex e-con-boxed e-con e-parent e-lazyloaded\" data-id=\"4f79c63\" data-element_type=\"container\" data-settings=\"{&quot;_ha_eqh_enable&quot;:false}\">\n<div class=\"e-con-inner\">\n<div class=\"elementor-element elementor-element-be3873c elementor-widget elementor-widget-woocommerce-product-short-description\" data-id=\"be3873c\" data-element_type=\"widget\" data-widget_type=\"woocommerce-product-short-description.default\">\n<div class=\"elementor-widget-container\">\n<div class=\"woocommerce-product-details__short-description\">\n<p><strong>UHF RFID \u010dipi za uniforme<\/strong>\u00a0Sledenje perila in perila revolucionirata upravljanje pranja perila. Smo med 5 najbolj\u0161imi proizvajalci UHF RFID etiket za perilo.<\/p>\n<\/div>\n<\/div>\n<\/div>\n<\/div>\n<\/div>\n<div class=\"elementor-element elementor-element-3ad806e e-flex e-con-boxed e-con e-parent e-lazyloaded\" data-id=\"3ad806e\" data-element_type=\"container\" data-settings=\"{&quot;_ha_eqh_enable&quot;:false}\">\n<div class=\"e-con-inner\">\n<div class=\"elementor-element elementor-element-362020f elementor-widget elementor-widget-woocommerce-product-data-tabs\" data-id=\"362020f\" data-element_type=\"widget\" data-widget_type=\"woocommerce-product-data-tabs.default\">\n<div class=\"elementor-widget-container\">\n<div class=\"woocommerce-tabs wc-tabs-wrapper\"><\/div>\n<\/div>\n<\/div>\n<\/div>\n<\/div>","protected":false},"featured_media":2963,"template":"","meta":{"_kad_post_transparent":"default","_kad_post_title":"","_kad_post_layout":"default","_kad_post_sidebar_id":"","_kad_post_content_style":"default","_kad_post_vertical_padding":"default","_kad_post_feature":"","_kad_post_feature_position":"","_kad_post_header":false,"_kad_post_footer":false,"_kad_post_classname":""},"product_brand":[],"product_cat":[19],"product_tag":[24,342,339,65,368,372,30],"class_list":{"0":"post-3020","1":"product","2":"type-product","3":"status-publish","4":"has-post-thumbnail","6":"product_cat-textile-rfid-laundry-tag","7":"product_tag-laundry-rfid-tags","8":"product_tag-rfid-laundry-tags","9":"product_tag-rfid-washable-tags","10":"product_tag-textile-rfid-laundry-tags","11":"product_tag-textile-uhf-rfid-tags-labels","12":"product_tag-uhf-rfid-chips","13":"product_tag-uhf-rfid-laundry-tag","15":"first","16":"instock","17":"featured","18":"shipping-taxable","19":"product-type-simple","20":"entry","21":"content-bg","22":"loop-entry"},"_links":{"self":[{"href":"https:\/\/rfid-laundry-tag.com\/sl\/wp-json\/wp\/v2\/product\/3020","targetHints":{"allow":["GET"]}}],"collection":[{"href":"https:\/\/rfid-laundry-tag.com\/sl\/wp-json\/wp\/v2\/product"}],"about":[{"href":"https:\/\/rfid-laundry-tag.com\/sl\/wp-json\/wp\/v2\/types\/product"}],"version-history":[{"count":1,"href":"https:\/\/rfid-laundry-tag.com\/sl\/wp-json\/wp\/v2\/product\/3020\/revisions"}],"predecessor-version":[{"id":3021,"href":"https:\/\/rfid-laundry-tag.com\/sl\/wp-json\/wp\/v2\/product\/3020\/revisions\/3021"}],"wp:featuredmedia":[{"embeddable":true,"href":"https:\/\/rfid-laundry-tag.com\/sl\/wp-json\/wp\/v2\/media\/2963"}],"wp:attachment":[{"href":"https:\/\/rfid-laundry-tag.com\/sl\/wp-json\/wp\/v2\/media?parent=3020"}],"wp:term":[{"taxonomy":"product_brand","embeddable":true,"href":"https:\/\/rfid-laundry-tag.com\/sl\/wp-json\/wp\/v2\/product_brand?post=3020"},{"taxonomy":"product_cat","embeddable":true,"href":"https:\/\/rfid-laundry-tag.com\/sl\/wp-json\/wp\/v2\/product_cat?post=3020"},{"taxonomy":"product_tag","embeddable":true,"href":"https:\/\/rfid-laundry-tag.com\/sl\/wp-json\/wp\/v2\/product_tag?post=3020"}],"curies":[{"name":"delovni list","href":"https:\/\/api.w.org\/{rel}","templated":true}]}}