{"id":302,"date":"2024-06-26T16:45:35","date_gmt":"2024-06-26T16:45:35","guid":{"rendered":"https:\/\/rfid-laundry-tag.com\/?post_type=product&#038;p=302"},"modified":"2024-06-26T16:49:46","modified_gmt":"2024-06-26T16:49:46","slug":"on-duty-ntag213-nfc-patrol-tag","status":"publish","type":"product","link":"https:\/\/rfid-laundry-tag.com\/sl\/on-duty-ntag213-nfc-patrol-tag\/","title":{"rendered":"De\u017eurna Ntag213 NFC patruljna oznaka"},"content":{"rendered":"<p><strong>De\u017eurna Ntag213 NFC patruljna oznaka<\/strong><\/p>\n<p>NTAG213, NTAG215 in NTAG216 je razvilo podjetje NXP Semiconductors kot standardne NFC oznake IC, ki se uporabljajo v aplikacijah mno\u017ei\u010dnega trga, kot so trgovina na drobno, igre na sre\u010do in potro\u0161ni\u0161ka elektronika, v kombinaciji z napravami NFC ali napravami za bli\u017einsko spajanje, ki so zdru\u017eljive z NFC. NTAG213, NTAG215 in NTAG216 (odslej na splo\u0161no imenovani NTAG21x) so zasnovani tako, da popolnoma ustrezajo NFC Forum Type 2 Tag in specifikacijam ISO\/IEC14443 Type A.<\/p>\n<table class=\"hight-light-first-column all magic-11\">\n<tbody>\n<tr>\n<td colspan=\"1\" rowspan=\"1\">\n<div class=\"magic-12\" data-spm-anchor-id=\"a2700.details.0.i57.12287cd6Tl6d8d\">Velikost<\/div>\n<\/td>\n<td colspan=\"4\" rowspan=\"1\">\n<div class=\"magic-13\">Premer 25 mm<\/div>\n<\/td>\n<\/tr>\n<tr>\n<td colspan=\"1\" rowspan=\"1\">\n<div class=\"magic-12\">barva<\/div>\n<\/td>\n<td colspan=\"4\" rowspan=\"1\">\n<div class=\"magic-16\">\u010crna, bela, rumena, rde\u010da ali po meri<\/div>\n<\/td>\n<\/tr>\n<tr>\n<td colspan=\"1\" rowspan=\"1\">\n<div class=\"magic-12\">\u010dip<\/div>\n<\/td>\n<td colspan=\"4\" rowspan=\"1\">\n<div class=\"magic-13\">NTAG213,NTAG215,NTAG216<\/div>\n<\/td>\n<\/tr>\n<tr>\n<td colspan=\"1\" rowspan=\"1\">\n<div class=\"magic-12\">Pogostost<\/div>\n<\/td>\n<td colspan=\"4\" rowspan=\"1\">\n<div class=\"magic-13\">13,56 MHz<\/div>\n<\/td>\n<\/tr>\n<tr>\n<td colspan=\"1\" rowspan=\"1\">\n<div class=\"magic-12\">Protokol<\/div>\n<\/td>\n<td colspan=\"4\" rowspan=\"1\">\n<div class=\"magic-13\">ISO14443A, NFC forum tipa 2<\/div>\n<\/td>\n<\/tr>\n<tr>\n<td colspan=\"1\" rowspan=\"1\">\n<div class=\"magic-12\">Material<\/div>\n<\/td>\n<td colspan=\"4\" rowspan=\"1\">\n<div class=\"magic-13\">ABS<\/div>\n<\/td>\n<\/tr>\n<tr>\n<td colspan=\"1\" rowspan=\"1\">\n<div class=\"magic-12\">Delovna temperatura<\/div>\n<\/td>\n<td colspan=\"4\" rowspan=\"1\">\n<div class=\"magic-13\">-20 do 85 stopinj C<\/div>\n<\/td>\n<\/tr>\n<tr>\n<td colspan=\"1\" rowspan=\"1\">\n<div class=\"magic-12\">Aplikacija<\/div>\n<\/td>\n<td colspan=\"4\" rowspan=\"1\">\n<div class=\"magic-16\">Veriga pralnic, mo\u010dne kemikalije, pla\u010dilna naprava, uporaba na prostem, kemikalije, industrija, logistika, patrulja, \u010dlanstvo, ladijski zabojnik, palete itd.<\/div>\n<\/td>\n<\/tr>\n<tr>\n<td colspan=\"1\" rowspan=\"1\">\n<div class=\"magic-12\">Ocena vodotesnosti<\/div>\n<\/td>\n<td colspan=\"4\" rowspan=\"1\">\n<div class=\"magic-16\">IP67<\/div>\n<\/td>\n<\/tr>\n<tr>\n<td colspan=\"1\" rowspan=\"1\">\n<div class=\"magic-12\">Bralno obmo\u010dje<\/div>\n<\/td>\n<td colspan=\"4\" rowspan=\"1\">\n<div class=\"magic-16\">5-10cm, odvisno od \u010ditalca<\/div>\n<\/td>\n<\/tr>\n<tr>\n<td colspan=\"1\" rowspan=\"1\">\n<div class=\"magic-12\">Craft<\/div>\n<\/td>\n<td colspan=\"4\" rowspan=\"1\">\n<div class=\"magic-16\">Lasersko vgravirana serijska \u0161tevilka, \u010drtna koda itd<\/div>\n<\/td>\n<\/tr>\n<tr>\n<td colspan=\"1\" rowspan=\"1\">\n<div class=\"magic-12\">Monta\u017ea<\/div>\n<\/td>\n<td colspan=\"4\" rowspan=\"1\">\n<div class=\"magic-16\">Z lepilom ali vijaki ali zakovicami<\/div>\n<\/td>\n<\/tr>\n<\/tbody>\n<\/table>\n<h2>Na delovnem mestu NTAG213 NFC Patrol Tag aplikacije<\/h2>\n<p>On Duty NTAG213 NFC Patrol Tag je vsestransko orodje za izbolj\u0161anje varnosti, u\u010dinkovitosti in sledenja v razli\u010dnih aplikacijah. Tukaj je nekaj primerov:<\/p>\n<p><strong>Varnost in nadzor dostopa:<\/strong><\/p>\n<ul>\n<li><strong>Patruljna stra\u017ea:<\/strong>\u00a0Oznake je mogo\u010de dodeliti posameznim varnostnikom, kar omogo\u010da sledenje njihove lokacije in dejavnosti v realnem \u010dasu. To pomaga spremljati patruljne poti, zagotavlja pravo\u010dasne odzive in zagotavlja dokaz o prisotnosti na dolo\u010denih kontrolnih to\u010dkah.<\/li>\n<li><strong>Nadzor dostopa:<\/strong>\u00a0Integrirane s sistemom bralnika NFC lahko oznake odobrijo ali zavrnejo dostop do dolo\u010denih obmo\u010dij ali virov na podlagi identitete uporabnika in ravni avtorizacije. To pove\u010da varnost in omeji nepoobla\u0161\u010den vstop.<\/li>\n<li><strong>Sledenje sredstvu:<\/strong>\u00a0Pripnite oznake na dragoceno opremo ali sredstva, da spremljate njihovo lokacijo, gibanje in uporabo. To pomaga prepre\u010devati krajo, optimizirati upravljanje zalog in slediti urnikom vzdr\u017eevanja opreme.<\/li>\n<\/ul>\n<p><strong>Potek dela in u\u010dinkovitost:<\/strong><\/p>\n<ul>\n<li><strong>Sledenje delovnim nalogom:<\/strong>\u00a0Oznake je mogo\u010de uporabiti za bele\u017eenje in sledenje delovnih nalogov, zagotavljanje posodobitev stanja v realnem \u010dasu in omogo\u010danje u\u010dinkovitega upravljanja poteka dela.<\/li>\n<li><strong>\u010cas in prisotnost:<\/strong>\u00a0Integrirajte oznake s \u010dasovnimi urami, ki podpirajo NFC, da zabele\u017eite \u010das prihoda in odhoda zaposlenih, izbolj\u0161ate natan\u010dnost in odpravite napake pri ro\u010dnem merjenju \u010dasa.<\/li>\n<li><strong>Upravljanje zalog:<\/strong>\u00a0Pripnite oznake na postavke inventarja za avtomatizirano upravljanje zalog, zmanj\u0161anje ro\u010dnega \u0161tetja in zagotavljanje vidnosti ravni zalog v realnem \u010dasu.<\/li>\n<\/ul>\n<p><strong>Druge aplikacije:<\/strong><\/p>\n<ul>\n<li><strong>Vstopnice za dogodek:<\/strong>\u00a0Oznake lahko slu\u017eijo kot vstopnice za dogodke, zagotavljajo nadzor nad vstopom, udele\u017eencem omogo\u010dajo dostop do ekskluzivne vsebine in omogo\u010dajo brezhibne transakcije.<\/li>\n<li><strong>Programi zvestobe:<\/strong>\u00a0Integrirajte oznake s programi zvestobe, da ponudite prilagojene nagrade, popuste in ekskluzivne ugodnosti zvestim strankam.<\/li>\n<li><strong>Shranjevanje podatkov:<\/strong>\u00a0Pomnilnik oznake se lahko uporablja za shranjevanje informacij, kot so specifikacije izdelka, zapisi o vzdr\u017eevanju ali izvor izdelka. To omogo\u010da preprost dostop do ustreznih podatkov prek naprav, ki podpirajo NFC.<\/li>\n<\/ul>\n<p><strong>Prednosti uporabe patruljnih oznak NTAG213 NFC:<\/strong><\/p>\n<ul>\n<li><strong>Izbolj\u0161ana varnost:<\/strong>\u00a0Pove\u010dan nadzor nad dostopom, sledenjem sredstev in aktivnostjo zaposlenih.<\/li>\n<li><strong>Izbolj\u0161ana u\u010dinkovitost:<\/strong>\u00a0Poenostavljeni delovni tokovi, avtomatiziran zajem podatkov in zmanj\u0161ani ro\u010dni postopki.<\/li>\n<li><strong>Sledenje v realnem \u010dasu:<\/strong>\u00a0Stalno spremljanje sredstev, osebja in dejavnosti.<\/li>\n<li><strong>Stro\u0161kovna u\u010dinkovitost:<\/strong>\u00a0Zmanj\u0161a odvisnost od ro\u010dnih procesov, kar lahko prihrani \u010das in vire.<\/li>\n<li><strong>Uporabniku prijazno:<\/strong>\u00a0Enostavna integracija z obstoje\u010dimi sistemi in uporabniku prijazna interakcija prek naprav, ki podpirajo NFC.<\/li>\n<\/ul>\n<p><strong>NTAG213 NFC Patrol Tag na splo\u0161no ponuja robustno in vsestransko re\u0161itev za \u0161iroko paleto aplikacij, ki organizacijam omogo\u010da izbolj\u0161anje varnosti, optimizacijo delovnih tokov in izbolj\u0161anje operativne u\u010dinkovitosti.<\/strong><\/p>","protected":false},"excerpt":{"rendered":"<p>Na delovnem mestu Ntag213 NFC Patrol Tag: navadne NFC oznake ne delujejo dobro na kovinskih povr\u0161inah. To je zato, ker kovina moti elektromagnetne signale, ki se uporabljajo za komunikacijo. Vendar pa je nova vrsta oznak, imenovana <strong>Kovinske oznake NFC<\/strong>, re\u0161uje ta problem. Te oznake so posebej zasnovane za brezhibno delovanje na kovini ali katerem koli drugem prevodnem materialu. Predstavljajo preboj za aplikacije NFC v okoljih, kjer je kovine v izobilju.<\/p>","protected":false},"featured_media":303,"template":"","meta":{"_kad_post_transparent":"default","_kad_post_title":"","_kad_post_layout":"default","_kad_post_sidebar_id":"","_kad_post_content_style":"default","_kad_post_vertical_padding":"default","_kad_post_feature":"","_kad_post_feature_position":"","_kad_post_header":false,"_kad_post_footer":false,"_kad_post_classname":""},"product_brand":[],"product_cat":[54],"product_tag":[118,123],"class_list":{"0":"post-302","1":"product","2":"type-product","3":"status-publish","4":"has-post-thumbnail","6":"product_cat-hot-selling-rfid-tags","7":"product_tag-anti-metal-nfc-patrol-tag","8":"product_tag-on-duty-ntag213-nfc-patrol-tag","10":"first","11":"instock","12":"shipping-taxable","13":"product-type-simple","14":"entry","15":"content-bg","16":"loop-entry"},"_links":{"self":[{"href":"https:\/\/rfid-laundry-tag.com\/sl\/wp-json\/wp\/v2\/product\/302","targetHints":{"allow":["GET"]}}],"collection":[{"href":"https:\/\/rfid-laundry-tag.com\/sl\/wp-json\/wp\/v2\/product"}],"about":[{"href":"https:\/\/rfid-laundry-tag.com\/sl\/wp-json\/wp\/v2\/types\/product"}],"version-history":[{"count":0,"href":"https:\/\/rfid-laundry-tag.com\/sl\/wp-json\/wp\/v2\/product\/302\/revisions"}],"wp:featuredmedia":[{"embeddable":true,"href":"https:\/\/rfid-laundry-tag.com\/sl\/wp-json\/wp\/v2\/media\/303"}],"wp:attachment":[{"href":"https:\/\/rfid-laundry-tag.com\/sl\/wp-json\/wp\/v2\/media?parent=302"}],"wp:term":[{"taxonomy":"product_brand","embeddable":true,"href":"https:\/\/rfid-laundry-tag.com\/sl\/wp-json\/wp\/v2\/product_brand?post=302"},{"taxonomy":"product_cat","embeddable":true,"href":"https:\/\/rfid-laundry-tag.com\/sl\/wp-json\/wp\/v2\/product_cat?post=302"},{"taxonomy":"product_tag","embeddable":true,"href":"https:\/\/rfid-laundry-tag.com\/sl\/wp-json\/wp\/v2\/product_tag?post=302"}],"curies":[{"name":"delovni list","href":"https:\/\/api.w.org\/{rel}","templated":true}]}}