{"id":299,"date":"2024-06-26T15:49:09","date_gmt":"2024-06-26T15:49:09","guid":{"rendered":"https:\/\/rfid-laundry-tag.com\/?post_type=product&#038;p=299"},"modified":"2024-06-26T15:49:09","modified_gmt":"2024-06-26T15:49:09","slug":"uhf-industrial-on-metal-rfid-tags","status":"publish","type":"product","link":"https:\/\/rfid-laundry-tag.com\/sl\/uhf-industrial-on-metal-rfid-tags\/","title":{"rendered":"UHF Industrial On Metal RFID Tags"},"content":{"rendered":"<table class=\"has-title all magic-4\">\n<tbody>\n<tr>\n<td colspan=\"1\" rowspan=\"1\">\n<div class=\"magic-5\" data-spm-anchor-id=\"a2700.details.0.i63.6b4c1284UGSrnr\">Material<\/div>\n<\/td>\n<td colspan=\"1\" rowspan=\"1\">\n<div class=\"magic-6\">ABS<\/div>\n<\/td>\n<\/tr>\n<tr>\n<td colspan=\"1\" rowspan=\"1\">\n<div class=\"magic-5\">Velikost<\/div>\n<\/td>\n<td colspan=\"1\" rowspan=\"1\">\n<div class=\"magic-6\">78x31x10 mm ali po meri<\/div>\n<\/td>\n<\/tr>\n<tr>\n<td colspan=\"1\" rowspan=\"1\">\n<div class=\"magic-5\">Pogostost<\/div>\n<\/td>\n<td colspan=\"1\" rowspan=\"1\">\n<div class=\"magic-6\">860-960 mhz<\/div>\n<\/td>\n<\/tr>\n<tr>\n<td colspan=\"1\" rowspan=\"1\">\n<div class=\"magic-5\">Vrsta IC (\u010dip)<\/div>\n<\/td>\n<td colspan=\"1\" rowspan=\"1\">\n<div class=\"magic-6\">Impinj Monza R6P<\/div>\n<\/td>\n<\/tr>\n<tr>\n<td colspan=\"1\" rowspan=\"1\">\n<div class=\"magic-5\">Protokol<\/div>\n<\/td>\n<td colspan=\"1\" rowspan=\"1\">\n<div class=\"magic-6\" data-spm-anchor-id=\"a2700.details.0.i64.6b4c1284UGSrnr\">EPC Global Class 1 Gen2 &amp; ISO18000-6C<\/div>\n<\/td>\n<\/tr>\n<tr>\n<td colspan=\"1\" rowspan=\"1\">\n<div class=\"magic-7\">Spomin<\/div>\n<\/td>\n<td colspan=\"1\" rowspan=\"1\">\n<div class=\"magic-6\">EPC 128 bitov, uporabnik 32 bitov<\/div>\n<\/td>\n<\/tr>\n<tr>\n<td colspan=\"1\" rowspan=\"1\">\n<div class=\"magic-5\">Faktor oblike oznake<\/div>\n<\/td>\n<td colspan=\"1\" rowspan=\"1\">\n<div class=\"magic-6\">Trda oznaka<\/div>\n<\/td>\n<\/tr>\n<tr>\n<td colspan=\"1\" rowspan=\"1\">\n<div class=\"magic-5\">Metoda pritrditve<\/div>\n<\/td>\n<td colspan=\"1\" rowspan=\"1\">\n<div class=\"magic-6\">Pritrditev z vijaki, lepilo za film<\/div>\n<\/td>\n<\/tr>\n<tr>\n<td colspan=\"1\" rowspan=\"1\">\n<div class=\"magic-5\">Delovna temperatura<\/div>\n<\/td>\n<td colspan=\"1\" rowspan=\"1\">\n<div class=\"magic-6\">-35 \u00b0C \/ +90 \u00b0C<\/div>\n<\/td>\n<\/tr>\n<tr>\n<td colspan=\"1\" rowspan=\"1\">\n<div class=\"magic-5\">Preberi Razdalja<\/div>\n<\/td>\n<td colspan=\"1\" rowspan=\"1\">\n<div class=\"magic-6\">Do 10m<\/div>\n<\/td>\n<\/tr>\n<tr>\n<td colspan=\"1\" rowspan=\"1\">\n<div class=\"magic-8\">Uporabni povr\u0161inski materiali<\/div>\n<\/td>\n<td colspan=\"1\" rowspan=\"1\">\n<div class=\"magic-6\">Kovinske in nekovinske podlage<\/div>\n<\/td>\n<\/tr>\n<tr>\n<td colspan=\"1\" rowspan=\"1\">\n<div class=\"magic-7\">Ocena IP<\/div>\n<\/td>\n<td colspan=\"1\" rowspan=\"1\">\n<div class=\"magic-6\">IP68<\/div>\n<\/td>\n<\/tr>\n<tr>\n<td colspan=\"1\" rowspan=\"1\">\n<div class=\"magic-7\">Aplikacija<\/div>\n<\/td>\n<td colspan=\"1\" rowspan=\"1\">\n<div class=\"magic-6\" data-spm-anchor-id=\"a2700.details.0.i62.6b4c1284UGSrnr\">Za sredstva, te\u017eko industrijo in uporabo na prostem<\/div>\n<\/td>\n<\/tr>\n<\/tbody>\n<\/table>\n<p>&nbsp;<\/p>\n<h2>Oznake UHF RFID za industrijska okolja<\/h2>\n<p><strong>Lastnosti:<\/strong><\/p>\n<ul>\n<li><strong>Zdru\u017eljivost z industrijskimi standardi:<\/strong>\u00a0Ustreza standardu ISO18000-6C (EPC C1G2), kar zagotavlja brezhibno integracijo z obstoje\u010dimi UHF RFID sistemi.<\/li>\n<li><strong>Univerzalna povr\u0161inska zdru\u017eljivost:<\/strong>\u00a0Mo\u017enost pritrditve na razli\u010dne povr\u0161ine, kot so kovina, plastika in celo teko\u010dine, zaradi \u010desar so idealni za razli\u010dne aplikacije.<\/li>\n<li><strong>Vrhunska vzdr\u017eljivost:<\/strong>\u00a0IP68 ocenjen za izjemno odpornost proti prahu in vdoru vode, kar zagotavlja zanesljivo delovanje v zahtevnih okoljih.<\/li>\n<li><strong>Brezkompromisna zmogljivost:<\/strong>\u00a0Zasnovan tako, da je vodotesen in proti trkom, kar zagotavlja natan\u010dne in dosledne od\u010ditke tudi v zahtevnih pogojih.<\/li>\n<\/ul>\n<p><strong>Aplikacije:<\/strong><\/p>\n<ul>\n<li><strong>Upravljanje premo\u017eenja:<\/strong>\u00a0Sledite lokaciji in statusu dragocene opreme in sredstev.<\/li>\n<li><strong>Optimizacija dobavne verige:<\/strong>\u00a0Poenostavite logisti\u010dne in avtomobilske procese z u\u010dinkovitim sledenjem zalog, vozil in delov.<\/li>\n<li><strong>U\u010dinkovitost proizvodnje:<\/strong>\u00a0Optimizirajte proizvodne procese in spremljajte produktivnost delavcev za ve\u010djo u\u010dinkovitost.<\/li>\n<li><strong>Upravljanje virov in varnost:<\/strong>\u00a0Omogo\u010dite zanesljivo sledenje opremi in virom v zahtevnih okoljih, kot sta nafta in plin ter rudarstvo, hkrati pa pove\u010dajte varnost delavcev.<\/li>\n<\/ul>\n<p><strong>Prednosti:<\/strong><\/p>\n<ul>\n<li><strong>Natan\u010dni podatki v realnem \u010dasu:<\/strong>\u00a0Pridobite takoj\u0161en vpogled v delovanje, kar olaj\u0161a bolj\u0161e odlo\u010danje.<\/li>\n<li><strong>Izbolj\u0161an nadzor zalog:<\/strong>\u00a0Zmanj\u0161ajte izgubo in zapravljanje z ohranjanjem celovite vidljivosti sredstev.<\/li>\n<li><strong>Poenostavljene operacije:<\/strong>\u00a0Optimizirajte poteke dela in zmanj\u0161ajte \u010das izpadov za ve\u010djo u\u010dinkovitost.<\/li>\n<li><strong>Pove\u010dana varnost:<\/strong>\u00a0Prepoznajte potencialna tveganja in za\u0161\u010ditite delavce v zahtevnih okoljih.<\/li>\n<\/ul>","protected":false},"excerpt":{"rendered":"<p>Oznaka ABS RFID je pasivna UHF RFID oznaka velikega dosega, ki lahko bere na kovinskih povr\u0161inah, z njih in blizu njih. Zasnovan v majhni obliki, ima vzdr\u017eljivo vodotesno inkapsulacijo za dolgotrajno uporabo v zunanjih in industrijskih okoljih.<\/p>","protected":false},"featured_media":300,"template":"","meta":{"_kad_post_transparent":"default","_kad_post_title":"","_kad_post_layout":"default","_kad_post_sidebar_id":"","_kad_post_content_style":"default","_kad_post_vertical_padding":"default","_kad_post_feature":"","_kad_post_feature_position":"","_kad_post_header":false,"_kad_post_footer":false,"_kad_post_classname":""},"product_brand":[],"product_cat":[54],"product_tag":[122,121],"class_list":{"0":"post-299","1":"product","2":"type-product","3":"status-publish","4":"has-post-thumbnail","6":"product_cat-hot-selling-rfid-tags","7":"product_tag-on-metal-rfid-tags","8":"product_tag-uhf-industrial-on-metal-rfid-tags","10":"first","11":"instock","12":"shipping-taxable","13":"product-type-simple","14":"entry","15":"content-bg","16":"loop-entry"},"_links":{"self":[{"href":"https:\/\/rfid-laundry-tag.com\/sl\/wp-json\/wp\/v2\/product\/299","targetHints":{"allow":["GET"]}}],"collection":[{"href":"https:\/\/rfid-laundry-tag.com\/sl\/wp-json\/wp\/v2\/product"}],"about":[{"href":"https:\/\/rfid-laundry-tag.com\/sl\/wp-json\/wp\/v2\/types\/product"}],"version-history":[{"count":0,"href":"https:\/\/rfid-laundry-tag.com\/sl\/wp-json\/wp\/v2\/product\/299\/revisions"}],"wp:featuredmedia":[{"embeddable":true,"href":"https:\/\/rfid-laundry-tag.com\/sl\/wp-json\/wp\/v2\/media\/300"}],"wp:attachment":[{"href":"https:\/\/rfid-laundry-tag.com\/sl\/wp-json\/wp\/v2\/media?parent=299"}],"wp:term":[{"taxonomy":"product_brand","embeddable":true,"href":"https:\/\/rfid-laundry-tag.com\/sl\/wp-json\/wp\/v2\/product_brand?post=299"},{"taxonomy":"product_cat","embeddable":true,"href":"https:\/\/rfid-laundry-tag.com\/sl\/wp-json\/wp\/v2\/product_cat?post=299"},{"taxonomy":"product_tag","embeddable":true,"href":"https:\/\/rfid-laundry-tag.com\/sl\/wp-json\/wp\/v2\/product_tag?post=299"}],"curies":[{"name":"delovni list","href":"https:\/\/api.w.org\/{rel}","templated":true}]}}