{"id":2967,"date":"2025-11-22T14:07:12","date_gmt":"2025-11-22T14:07:12","guid":{"rendered":"https:\/\/rfid-laundry-tag.com\/?post_type=product&#038;p=2967"},"modified":"2025-11-22T14:07:13","modified_gmt":"2025-11-22T14:07:13","slug":"textile-uhf-rfid-tags-labels","status":"publish","type":"product","link":"https:\/\/rfid-laundry-tag.com\/sl\/textile-uhf-rfid-tags-labels\/","title":{"rendered":"Tekstilne UHF RFID oznake"},"content":{"rendered":"<div class=\"auto-hide-last-sibling-br paragraph_1252f paragraph-element\">\n<h2 class=\"auto-hide-last-sibling-br paragraph_1252f paragraph-element\">Tekstilne UHF RFID oznake<\/h2>\n<div><\/div>\n<div data-spm-anchor-id=\"a2700.details.0.i57.23b419c7xXORP0\"><span data-spm-anchor-id=\"a2700.details.0.i75.23b419c7xXORP0\"><b>funkcija:<\/b><br \/>\n1) UHF tehnologija za branje ve\u010d sto oznak hkrati.<br \/>\n2) Razdalja branja ve\u010d kot 8 m~12 m.<br \/>\n3) Nova mehanska zasnova za izbolj\u0161ano delovanje ravnega perila.<\/span><\/div>\n<div data-spm-anchor-id=\"a2700.details.0.i57.23b419c7xXORP0\">\n<div class=\"entry-content-asset videofit\"><iframe title=\"Tovarna oznak za ogrevanje z UHF RFID za pranje perila s testom branja na razdalji 12 m\" src=\"https:\/\/www.youtube.com\/embed\/cOnG5fgEIs4?feature=oembed\" width=\"720\" height=\"405\" frameborder=\"0\" allowfullscreen=\"allowfullscreen\" data-mce-fragment=\"1\"><\/iframe><\/div>\n<\/div>\n<\/div>\n<div data-spm-anchor-id=\"a2700.details.0.i57.23b419c7xXORP0\"><\/div>\n<div data-spm-anchor-id=\"a2700.details.0.i57.23b419c7xXORP0\">\n<div class=\"text-content\" data-spm-anchor-id=\"a2700.details.0.i54.23b419c7xXORP0\">\n<table>\n<tbody>\n<tr>\n<td width=\"139\">Ime izdelka<\/td>\n<td width=\"600\">Tekstilne UHF RFID oznake<\/td>\n<\/tr>\n<tr>\n<td width=\"139\">Material<\/td>\n<td width=\"600\">Tkanina\/tkanina itd.<\/td>\n<\/tr>\n<tr>\n<td width=\"139\">Model \u010dipa<\/td>\n<td width=\"600\">NXP UCODE\u00ae 9<\/td>\n<\/tr>\n<tr>\n<td width=\"139\">Spomin<\/td>\n<td width=\"600\">EPC: 96 bitov<\/td>\n<\/tr>\n<tr>\n<td width=\"139\">Protokol<\/td>\n<td width=\"600\">EPC C1 G2<\/td>\n<\/tr>\n<tr>\n<td width=\"139\">Velikost<\/td>\n<td width=\"600\">70 * 15 mm, 86 * 16 mm; 50 * 20 mm; 72 * 16 mm; 35 * 15 mm itd.<\/td>\n<\/tr>\n<tr>\n<td width=\"139\">barva<\/td>\n<td width=\"600\">Bela<\/td>\n<\/tr>\n<tr>\n<td width=\"139\">Delovni \u010dasi<\/td>\n<td width=\"600\">Povpre\u010dje je 200-krat, nekateri pa lahko ve\u010d kot 300-krat.<\/td>\n<\/tr>\n<tr>\n<td width=\"139\">Delovna temperatura<\/td>\n<td width=\"600\">-25 \u2103 do +150 \u2103<\/td>\n<\/tr>\n<tr>\n<td width=\"139\">Preberi Razdalja<\/td>\n<td width=\"600\">3\u201310 milijonov<\/td>\n<\/tr>\n<tr>\n<td width=\"139\">Aplikacija<\/td>\n<td width=\"600\">Re\u0161itve za pranje perila, pralnice, industrijsko pranje, upravljanje hotelskih obla\u010dil, upravljanje supermarketov\/trgovin z obla\u010dili itd.<\/td>\n<\/tr>\n<\/tbody>\n<\/table>\n<\/div>\n<\/div>\n<div><\/div>\n<h3 class=\"wp-block-heading\">Kako namestiti tekstilne UHF RFID oznake<\/h3>\n<p><strong>Ozna\u010devanje \u0161ivov<\/strong>: Za v\u0161ivanje v rob tekstila. Etiketo za perilo pri\u0161ijte stran od pregibnih linij.<br \/>\n<strong>Toplotno tesnjenje<\/strong>: Za toplotno tesnjenje neposredno na tekstil pri +200\u00b0C (392\u00b0F), za 12~14s.<br \/>\n<strong>V vre\u010dki<\/strong>: za \u0161ivanje kot standardna etiketa za nego. Etiketo za perilo pri\u0161ijte stran od pregibnih linij.<\/p>\n<p><a href=\"https:\/\/rfid-laundry-tag.com\/sl\/uhf-rfid-laundry-tags\/\"><img fetchpriority=\"high\" decoding=\"async\" class=\"size-full wp-image-3585\" title=\"Tekstilne UHF RFID oznake 6\" src=\"https:\/\/www.rfidtaglaundry.com\/wp-content\/uploads\/2025\/06\/UHF-RFID-washable-laundry-tag-08.jpg\" sizes=\"(max-width: 1000px) 100vw, 1000px\" srcset=\"https:\/\/www.rfidtaglaundry.com\/wp-content\/uploads\/2025\/06\/UHF-RFID-washable-laundry-tag-08.jpg 1000w, https:\/\/www.rfidtaglaundry.com\/wp-content\/uploads\/2025\/06\/UHF-RFID-washable-laundry-tag-08-300x300.jpg 300w, https:\/\/www.rfidtaglaundry.com\/wp-content\/uploads\/2025\/06\/UHF-RFID-washable-laundry-tag-08-150x150.jpg 150w, https:\/\/www.rfidtaglaundry.com\/wp-content\/uploads\/2025\/06\/UHF-RFID-washable-laundry-tag-08-768x768.jpg 768w, https:\/\/www.rfidtaglaundry.com\/wp-content\/uploads\/2025\/06\/UHF-RFID-washable-laundry-tag-08-12x12.jpg 12w, https:\/\/www.rfidtaglaundry.com\/wp-content\/uploads\/2025\/06\/UHF-RFID-washable-laundry-tag-08-600x600.jpg 600w, https:\/\/www.rfidtaglaundry.com\/wp-content\/uploads\/2025\/06\/UHF-RFID-washable-laundry-tag-08-100x100.jpg 100w\" alt=\"Textile UHF RFID Tags Labels\" width=\"1000\" height=\"1000\" \/><\/a><\/p>\n<h2><strong>Uporaba tekstilnih UHF RFID oznak:<\/strong><\/h2>\n<p>* Industrijsko pranje;<br \/>\n* Upravljanje uniform zaposlenih in \u0161ol;<br \/>\n* Upravljanje medicinskih obla\u010dil;<br \/>\n* Upravljanje patruljiranja osebja;<br \/>\n* Vodenje proizvodnje v tovarnah obla\u010dil.<\/p>\n<figure id=\"attachment_2708\" class=\"wp-caption alignnone\" aria-describedby=\"caption-attachment-2708\"><a href=\"https:\/\/rfid-laundry-tag.com\/sl\/uhf-rfid-laundry-tags\/\"><img decoding=\"async\" class=\"wp-image-2708\" title=\"Tekstilne UHF RFID oznake 7\" src=\"https:\/\/www.rfidtaglaundry.com\/wp-content\/uploads\/2024\/09\/RFID-Laundry-Tags-05-1024x768.jpg\" sizes=\"(max-width: 850px) 100vw, 850px\" srcset=\"https:\/\/www.rfidtaglaundry.com\/wp-content\/uploads\/2024\/09\/RFID-Laundry-Tags-05-1024x768.jpg 1024w, https:\/\/www.rfidtaglaundry.com\/wp-content\/uploads\/2024\/09\/RFID-Laundry-Tags-05-300x225.jpg 300w, https:\/\/www.rfidtaglaundry.com\/wp-content\/uploads\/2024\/09\/RFID-Laundry-Tags-05-768x576.jpg 768w, https:\/\/www.rfidtaglaundry.com\/wp-content\/uploads\/2024\/09\/RFID-Laundry-Tags-05-16x12.jpg 16w, https:\/\/www.rfidtaglaundry.com\/wp-content\/uploads\/2024\/09\/RFID-Laundry-Tags-05-600x450.jpg 600w, https:\/\/www.rfidtaglaundry.com\/wp-content\/uploads\/2024\/09\/RFID-Laundry-Tags-05.jpg 1200w\" alt=\"Textile UHF RFID Tags Labels\" width=\"850\" height=\"637\" \/><\/a><figcaption id=\"caption-attachment-2708\" class=\"wp-caption-text\">Tekstilne UHF RFID oznake<\/figcaption><\/figure>\n<h2><strong>Kako MO\u010cNI so?<\/strong><\/h2>\n<p><b><strong>\u2460<\/strong><\/b>.Ali se RFID \u010dipi lahko po\u0161kodujejo pri visokih temperaturah?<b><strong>\u2714 Na\u0161e\u00a0<a href=\"https:\/\/rfid-laundry-tag.com\/sl\/uhf-rfid-laundry-tags\/\">RFID tekstilna etiketa za pranje perila<\/a>\u00a0so zasnovani za uporabo pri 200 \u00b0C<\/strong><\/b>.<\/p>\n<p><b><strong>\u2461<\/strong><\/b>Kolikokrat lahko operemo etikete, ki so pritrjene na uniformne tekstilne izdelke?\u00a0<b><strong data-spm-anchor-id=\"a2700.details-description.0.i1.2b66Qs8bQs8bav\">\u2013\u2714Na\u0161o tekstilno etiketo za perilo RFID lahko operete ve\u010d kot 200 ali 300-krat, kar zagotavljamo 2 leti po odpremi.<\/strong><\/b><\/p>\n<p><b><strong>\u2462<\/strong><\/b>Bomo porabili presti\u017ene uniforme tekstilne izdelke, nadaljevali delo v primeru zme\u010dkanine odkru\u0161kov?\u00a0<b><strong>\u2013\u2714Na\u0161o tekstilno etiketo za perilo smo zasnovali tako, da zdr\u017ei 60 barov pritiska v procesu stiskanja va\u0161ih tekstilnih izdelkov.<\/strong><\/b><\/p>\n<p data-spm-anchor-id=\"a2700.details-description.0.i0.2b66Qs8bQs8bav\"><b><strong>\u2463<\/strong><\/b>Kam postavite<a href=\"https:\/\/rfid-laundry-tag.com\/sl\/textile-rfid-laundry-tag\/\"> RFID tekstilne etikete za pranje perila<\/a> na tekstilu za uniforme?\u00a0<b><strong>\u2013 \u2714RFID etikete za tekstilno perilo so name\u0161\u010dene glede na razpolo\u017eljivost uniform.<\/strong><\/b><\/p>\n<p>&nbsp;<\/p>","protected":false},"excerpt":{"rendered":"<div class=\"elementor-element elementor-element-4f79c63 e-flex e-con-boxed e-con e-parent e-lazyloaded\" data-id=\"4f79c63\" data-element_type=\"container\" data-settings=\"{&quot;_ha_eqh_enable&quot;:false}\">\n<div class=\"e-con-inner\">\n<div class=\"elementor-element elementor-element-be3873c elementor-widget elementor-widget-woocommerce-product-short-description\" data-id=\"be3873c\" data-element_type=\"widget\" data-widget_type=\"woocommerce-product-short-description.default\">\n<div class=\"elementor-widget-container\">\n<div class=\"woocommerce-product-details__short-description\">\n<p><strong>Tekstilne UHF RFID oznake<\/strong>\u00a0lahko se imenuje tudi UHF RFID etiketa za pranje perila: trpe\u017ena, mehka, pro\u017ena, prenese ve\u010d kot 200 industrijskih pranj, testirana na pomnilniku 100%.<\/p>\n<\/div>\n<\/div>\n<\/div>\n<\/div>\n<\/div>\n<div class=\"elementor-element elementor-element-3ad806e e-flex e-con-boxed e-con e-parent e-lazyloaded\" data-id=\"3ad806e\" data-element_type=\"container\" data-settings=\"{&quot;_ha_eqh_enable&quot;:false}\">\n<div class=\"e-con-inner\">\n<div class=\"elementor-element elementor-element-362020f elementor-widget elementor-widget-woocommerce-product-data-tabs\" data-id=\"362020f\" data-element_type=\"widget\" data-widget_type=\"woocommerce-product-data-tabs.default\">\n<div class=\"elementor-widget-container\">\n<div class=\"woocommerce-tabs wc-tabs-wrapper\"><\/div>\n<\/div>\n<\/div>\n<\/div>\n<\/div>","protected":false},"featured_media":2968,"template":"","meta":{"_kad_post_transparent":"default","_kad_post_title":"","_kad_post_layout":"default","_kad_post_sidebar_id":"","_kad_post_content_style":"default","_kad_post_vertical_padding":"default","_kad_post_feature":"","_kad_post_feature_position":"","_kad_post_header":false,"_kad_post_footer":false,"_kad_post_classname":""},"product_brand":[],"product_cat":[19],"product_tag":[24,342,339,65,368,30],"class_list":{"0":"post-2967","1":"product","2":"type-product","3":"status-publish","4":"has-post-thumbnail","6":"product_cat-textile-rfid-laundry-tag","7":"product_tag-laundry-rfid-tags","8":"product_tag-rfid-laundry-tags","9":"product_tag-rfid-washable-tags","10":"product_tag-textile-rfid-laundry-tags","11":"product_tag-textile-uhf-rfid-tags-labels","12":"product_tag-uhf-rfid-laundry-tag","14":"first","15":"instock","16":"featured","17":"shipping-taxable","18":"product-type-simple","19":"entry","20":"content-bg","21":"loop-entry"},"_links":{"self":[{"href":"https:\/\/rfid-laundry-tag.com\/sl\/wp-json\/wp\/v2\/product\/2967","targetHints":{"allow":["GET"]}}],"collection":[{"href":"https:\/\/rfid-laundry-tag.com\/sl\/wp-json\/wp\/v2\/product"}],"about":[{"href":"https:\/\/rfid-laundry-tag.com\/sl\/wp-json\/wp\/v2\/types\/product"}],"version-history":[{"count":1,"href":"https:\/\/rfid-laundry-tag.com\/sl\/wp-json\/wp\/v2\/product\/2967\/revisions"}],"predecessor-version":[{"id":2973,"href":"https:\/\/rfid-laundry-tag.com\/sl\/wp-json\/wp\/v2\/product\/2967\/revisions\/2973"}],"wp:featuredmedia":[{"embeddable":true,"href":"https:\/\/rfid-laundry-tag.com\/sl\/wp-json\/wp\/v2\/media\/2968"}],"wp:attachment":[{"href":"https:\/\/rfid-laundry-tag.com\/sl\/wp-json\/wp\/v2\/media?parent=2967"}],"wp:term":[{"taxonomy":"product_brand","embeddable":true,"href":"https:\/\/rfid-laundry-tag.com\/sl\/wp-json\/wp\/v2\/product_brand?post=2967"},{"taxonomy":"product_cat","embeddable":true,"href":"https:\/\/rfid-laundry-tag.com\/sl\/wp-json\/wp\/v2\/product_cat?post=2967"},{"taxonomy":"product_tag","embeddable":true,"href":"https:\/\/rfid-laundry-tag.com\/sl\/wp-json\/wp\/v2\/product_tag?post=2967"}],"curies":[{"name":"delovni list","href":"https:\/\/api.w.org\/{rel}","templated":true}]}}