{"id":2961,"date":"2025-11-22T13:55:10","date_gmt":"2025-11-22T13:55:10","guid":{"rendered":"https:\/\/rfid-laundry-tag.com\/?post_type=product&#038;p=2961"},"modified":"2025-11-22T13:55:11","modified_gmt":"2025-11-22T13:55:11","slug":"laundry-rfid-tags-top-5-manufacturer","status":"publish","type":"product","link":"https:\/\/rfid-laundry-tag.com\/sl\/laundry-rfid-tags-top-5-manufacturer\/","title":{"rendered":"RFID oznake za perilo TOP 5 proizvajalcev"},"content":{"rendered":"<p><a href=\"https:\/\/rfid-laundry-tag.com\/sl\/uhf-rfid-laundry-tags\/\"><strong>RFID oznake za perilo<\/strong><\/a>\u00a0Predstavljajo najsodobnej\u0161o re\u0161itev za sledenje in upravljanje tekstilnih sredstev skozi celoten njihov \u017eivljenjski cikel. Ti trpe\u017eni in prilagodljivi RFID transponderji so izdelani iz tkanine, ki prenese vro\u010dino, pritisk in raztezanje, zaradi \u010desar so idealni za spremljanje predmetov, kot so delovna obla\u010dila, uniforme in perilo. Opremljeni z edinstvenim identifikatorjem, ti RFID transponderji za perilo omogo\u010dajo brezsti\u010dno upravljanje perila in izbolj\u0161ujejo digitalno preglednost. Ko je integrirana s sistemi za upravljanje IT, tehnologija RFID omogo\u010da nemoteno sledenje tekstila od zbiranja umazanije do pranja in distribucije.<\/p>\n<table class=\"has-title is-zebra hight-light-first-column all magic-19\">\n<tbody>\n<tr>\n<td colspan=\"1\" rowspan=\"1\">\n<div class=\"magic-20\"><strong><span class=\"magic-21\">Postavka<\/span><\/strong><\/div>\n<\/td>\n<td colspan=\"1\" rowspan=\"1\">\n<div class=\"magic-22\">\u00a0Oznake RFID za perilo<\/div>\n<\/td>\n<\/tr>\n<tr>\n<td colspan=\"1\" rowspan=\"1\">\n<div class=\"magic-20\"><span class=\"magic-21\">Velikost<\/span><\/div>\n<\/td>\n<td colspan=\"1\" rowspan=\"1\">\n<div class=\"magic-22\"><span class=\"magic-21\">55 x 12 mm, 70 x 15 mm, 87 x 17 mm<\/span><\/div>\n<\/td>\n<\/tr>\n<tr>\n<td colspan=\"1\" rowspan=\"1\">\n<div class=\"magic-20\"><span class=\"magic-21\">Delovna frekvenca<\/span><\/div>\n<\/td>\n<td colspan=\"1\" rowspan=\"1\">\n<div class=\"magic-22\"><span class=\"magic-21\" data-spm-anchor-id=\"a2700.details.0.i69.56bf53e8OmNXev\">865\u2013928 MHz<\/span><\/div>\n<\/td>\n<\/tr>\n<tr>\n<td colspan=\"1\" rowspan=\"1\">\n<div class=\"magic-20\"><span class=\"magic-21\">Material za oznake<\/span><\/div>\n<\/td>\n<td colspan=\"1\" rowspan=\"1\">\n<div class=\"magic-22\"><span class=\"magic-21\">Poliester\u00a0<\/span><\/div>\n<\/td>\n<\/tr>\n<tr>\n<td colspan=\"1\" rowspan=\"1\">\n<div class=\"magic-20\"><span class=\"magic-21\">\u010dips<\/span><\/div>\n<\/td>\n<td colspan=\"1\" rowspan=\"1\">\n<div class=\"magic-22\"><span class=\"magic-21\">U8, U9 itd.<\/span><\/div>\n<\/td>\n<\/tr>\n<tr>\n<td colspan=\"1\" rowspan=\"1\">\n<div class=\"magic-20\"><span class=\"magic-21\">Garancija za oznako<\/span><\/div>\n<\/td>\n<td colspan=\"1\" rowspan=\"1\">\n<div class=\"magic-22\"><span class=\"magic-21\">Prvih 200 ali 300 pralnih ciklov ali 3 leta od datuma odpreme<\/span><\/div>\n<\/td>\n<\/tr>\n<tr>\n<td colspan=\"1\" rowspan=\"1\">\n<div class=\"magic-20\"><span class=\"magic-21\">Preberi Razdalja<\/span><\/div>\n<\/td>\n<td colspan=\"1\" rowspan=\"1\">\n<div class=\"magic-22\"><span class=\"magic-21\">Do 8 metrov (do 9 \u010devljev), preizkusiti morate s \u010ditalnikom.<\/span><\/div>\n<\/td>\n<\/tr>\n<tr>\n<td colspan=\"1\" rowspan=\"1\">\n<div class=\"magic-20\"><span class=\"magic-21\">Temperatura shranjevanja<\/span><\/div>\n<\/td>\n<td colspan=\"1\" rowspan=\"1\">\n<div class=\"magic-22\"><span class=\"magic-21\">-40 \u2103 do +120 \u2103 (-40 \u2109 do +248 \u2109)<\/span><\/div>\n<\/td>\n<\/tr>\n<tr>\n<td colspan=\"1\" rowspan=\"1\">\n<div class=\"magic-20\"><span class=\"magic-21\">Irroner<\/span><\/div>\n<\/td>\n<td colspan=\"1\" rowspan=\"1\">\n<div class=\"magic-22\"><span class=\"magic-21\">+195 \u2103 (+383 F) 30 sekund &lt;18 barov<\/span><\/div>\n<\/td>\n<\/tr>\n<tr>\n<td colspan=\"1\" rowspan=\"1\">\n<div class=\"magic-20\"><span class=\"magic-21\">Ekstraktor vode<\/span><\/div>\n<\/td>\n<td colspan=\"1\" rowspan=\"1\">\n<div class=\"magic-22\"><span class=\"magic-21\">60 taktov, 80 sekund<\/span><\/div>\n<\/td>\n<\/tr>\n<tr>\n<td colspan=\"1\" rowspan=\"1\">\n<div class=\"magic-20\"><span class=\"magic-21\">Avtoklav<\/span><\/div>\n<\/td>\n<td colspan=\"1\" rowspan=\"1\">\n<div class=\"magic-22\"><span class=\"magic-21\">Odstranjevanje zraka: +100 \u00b0C (+212 \u00b0F), 5 minut, 0,1 bara,<\/span><\/div>\n<\/td>\n<\/tr>\n<tr>\n<td colspan=\"1\" rowspan=\"1\">\n<div class=\"magic-20\"><span class=\"magic-21\">Su\u0161enje<\/span><\/div>\n<\/td>\n<td colspan=\"1\" rowspan=\"1\">\n<div class=\"magic-22\"><span class=\"magic-21\">+45 \u2103 (+113 \u2109), 0,15 minut, 0,2 bara<\/span><\/div>\n<\/td>\n<\/tr>\n<tr>\n<td colspan=\"1\" rowspan=\"1\">\n<div class=\"magic-20\"><span class=\"magic-21\">Kemi\u010dna odpornost<\/span><\/div>\n<\/td>\n<td colspan=\"1\" rowspan=\"1\">\n<div class=\"magic-22\" data-spm-anchor-id=\"a2700.details.0.i68.56bf53e8OmNXev\"><span class=\"magic-21\">Vse kemikalije, ki so obi\u010dajne za postopek pranja<\/span><\/div>\n<\/td>\n<\/tr>\n<\/tbody>\n<\/table>\n<div>\n<figure id=\"attachment_2928\" class=\"wp-caption alignnone\" aria-describedby=\"caption-attachment-2928\"><a href=\"https:\/\/rfid-laundry-tag.com\/sl\/uhf-rfid-laundry-tags\/\"><img fetchpriority=\"high\" decoding=\"async\" class=\"size-full wp-image-2928\" title=\"RFID oznake za perilo TOP 5 proizvajalcev 4\" src=\"https:\/\/www.rfidtaglaundry.com\/wp-content\/uploads\/2024\/11\/6_H39416607c5cf4905b542e69b55e844a5b.jpg\" sizes=\"(max-width: 800px) 100vw, 800px\" srcset=\"https:\/\/www.rfidtaglaundry.com\/wp-content\/uploads\/2024\/11\/6_H39416607c5cf4905b542e69b55e844a5b.jpg 800w, https:\/\/www.rfidtaglaundry.com\/wp-content\/uploads\/2024\/11\/6_H39416607c5cf4905b542e69b55e844a5b-300x300.jpg 300w, https:\/\/www.rfidtaglaundry.com\/wp-content\/uploads\/2024\/11\/6_H39416607c5cf4905b542e69b55e844a5b-150x150.jpg 150w, https:\/\/www.rfidtaglaundry.com\/wp-content\/uploads\/2024\/11\/6_H39416607c5cf4905b542e69b55e844a5b-768x768.jpg 768w, https:\/\/www.rfidtaglaundry.com\/wp-content\/uploads\/2024\/11\/6_H39416607c5cf4905b542e69b55e844a5b-12x12.jpg 12w, https:\/\/www.rfidtaglaundry.com\/wp-content\/uploads\/2024\/11\/6_H39416607c5cf4905b542e69b55e844a5b-600x600.jpg 600w, https:\/\/www.rfidtaglaundry.com\/wp-content\/uploads\/2024\/11\/6_H39416607c5cf4905b542e69b55e844a5b-100x100.jpg 100w\" alt=\"Laundry RFID Tags\" width=\"800\" height=\"800\" \/><\/a><figcaption id=\"caption-attachment-2928\" class=\"wp-caption-text\">Oznake RFID za perilo<\/figcaption><\/figure>\n<\/div>\n<div>\n<h3>Pogosto zastavljena vpra\u0161anja (FAQ) o RFID oznakah za perilo<\/h3>\n<p><strong>V1: Katere te\u017eave re\u0161ujejo RFID oznake za perilo med pranjem?<\/strong><br \/>\n<strong>A1:<\/strong>\u00a0Ena glavnih te\u017eav je, da se oznake zlahka po\u0161kodujejo, kar povzro\u010di izgubo podatkov. Na\u0161a re\u0161itev uporablja industrijski poliester in tehnologijo strjevanja pri visokih temperaturah, kar omogo\u010da, da oznake prenesejo likanje pri 195 \u00b0C in vodni tlak 60 barov, kar je idealno za sterilizacijo hotelskega perila. Na\u0161 edinstven kemi\u010dno odporen premaz \u0161\u010diti pred belilom in mo\u010dnimi alkalnimi detergenti ter zagotavlja, da \u010dip U8 ne bo po\u0161kodovan po ve\u010d kot 300 pranjih, kar podpira 15-letne izku\u0161nje.<\/p>\n<p><strong>V2: Kako va\u0161e oznake izbolj\u0161ajo u\u010dinkovitost razvr\u0161\u010danja?<\/strong><br \/>\n<strong>A2:<\/strong>\u00a0Tradicionalne oznake imajo pogosto kratke bralne razdalje, kar lahko ovira u\u010dinkovitost sortiranja. Na\u0161a tehnologija RFID ponuja impresiven doseg od\u010ditavanja 9 metrov v primerjavi s povpre\u010djem v panogi, ki zna\u0161a 5 metrov. V kombinaciji z usmerjenimi antenami to izbolj\u0161a skeniranje serij na teko\u010dih trakovih za perilo in s tem izbolj\u0161a u\u010dinkovitost sortiranja za 60%. Na\u0161e oznake podpirajo tudi celoten frekven\u010dni razpon 865\u2013928 MHz in so zdru\u017eljive z vodilnimi napravami RFID po vsem svetu.<\/p>\n<p><strong>V3: Kako va\u0161e oznake zmanj\u0161ujejo operativne stro\u0161ke?<\/strong><br \/>\n<strong>A3:<\/strong>\u00a0Pogoste zamenjave etiket pove\u010dajo obratovalne stro\u0161ke. Ponujamo pionirsko dvojno garancijo \u201c3 leta ali 300 pranj\u201d, ki v primerjavi s standardnimi etiketami zmanj\u0161a stro\u0161ke \u017eivljenjskega cikla za 42%. Na\u0161a modularna zasnova \u010dipa omogo\u010da brezhibne nadgradnje z razli\u010dic U8 na U9, s \u010dimer se prepre\u010di potreba po popolni zamenjavi etiket zaradi sprememb opreme. Na\u0161e etikete so bile certificirane z 2000 industrijskimi testi pranja, zaradi \u010desar so idealne za scenarije visoke frekvence menjave perila v podjetjih za izposojo perila.<\/p>\n<p><strong>Prednost tovarne:<\/strong>\u00a0Kot eden od 5 najbolj\u0161ih svetovnih proizvajalcev RFID oznak za perilo s 15-letnimi izku\u0161njami na podro\u010dju RF tehnologije ponujamo celovite re\u0161itve, od pakiranja \u010dipov do testiranja razli\u010dnih scenarijev. Strankam, kot sta Hilton in klinika Mayo, smo dobavili \u017ee ve\u010d kot 200 milijonov specializiranih oznak za perilo, pri \u010demer nas podpira profesionalna ekipa za razvoj po meri.<\/p>\n<\/div>\n<div class=\"auto-hide-last-sibling-br paragraph_1252f paragraph-element\">\n<p>&nbsp;<\/p>\n<h2>Spremenljivi podatki za RFID oznake za perilo<\/h2>\n<p>Vsak<a href=\"https:\/\/rfid-laundry-tag.com\/sl\/uhf-rfid-laundry-tags\/\">\u00a0RFID oznaka perila<\/a>\u00a0je opremljen s spremenljivimi podatki, vklju\u010dno z:<\/p>\n<ul>\n<li><strong>Informacije z laserskim tiskanjem<\/strong>To vklju\u010duje kode EPC, 1D in 2D \u010drtne kode, QR kode in logotipe.<\/li>\n<li><strong>Programiranje podatkov RFID \u010dipa<\/strong>Oznake je mogo\u010de programirati s kodiranjem EPC in zakleniti z geslom za dostop.<\/li>\n<li><strong>Celovito testiranje<\/strong>Vsi podatki, vklju\u010dno s kodiranjem EPC in TID, so testirani po standardu 100%, da se zagotovi natan\u010dno ujemanje za vsako posamezno oznako.<\/li>\n<\/ul>\n<h2>Metode namestitve<\/h2>\n<ul>\n<li><strong>Ozna\u010devanje \u0161ivov<\/strong>Idealno za v\u0161itje v rob tekstila, saj zagotavlja, da so etikete name\u0161\u010dene stran od linij pregiba za optimalno vzdr\u017eljivost.<\/li>\n<li><strong>Toplotno tesnjenje<\/strong>Etikete je mogo\u010de toplotno zatesniti neposredno na tekstil pri +200 \u00b0C (392 \u00b0F) za 12 do 14 sekund.<\/li>\n<li><strong>V vre\u010dki<\/strong>Podobno kot standardne etikete za nego je mogo\u010de tudi te etikete v\u0161iti v vre\u010dko, tako da so varne in enostavno dostopne.<\/li>\n<\/ul>\n<h2>Uporaba RFID oznak za pranje perila<\/h2>\n<p>RFID oznake za pranje perila so vsestranske in se lahko uporabljajo v razli\u010dnih panogah za sledenje tekstilnih sredstev, vklju\u010dno z:<\/p>\n<ul>\n<li><strong>Zdravstveno varstvo<\/strong>Spremljanje posteljnine, uniform, mask in krp.<\/li>\n<li><strong>Gostoljubnost<\/strong>Upravljanje s posteljnino in uniformami za hotele in restavracije.<\/li>\n<li><strong>Modna obla\u010dila<\/strong>Izbolj\u0161anje upravljanja in sledenja zalog obla\u010dil in dodatkov.<\/li>\n<\/ul>\n<p>Z razvojem modne in obla\u010dilne industrije nara\u0161\u010da povpra\u0161evanje po naprednih tehnolo\u0161kih re\u0161itvah. Tehnologija RFID se je izkazala za klju\u010dno orodje za izbolj\u0161anje operativne u\u010dinkovitosti, izbolj\u0161anje uporabni\u0161ke izku\u0161nje in podporo trajnostnim pobudam. Izvajanje\u00a0<strong>RFID oznake za perilo<\/strong>\u00a0v upravljanju obla\u010dil in tekstila je spremenilo na\u010din, kako organizacije nadzorujejo svoje delovanje pralnic, kar omogo\u010da sledenje v realnem \u010dasu, izbolj\u0161ano upravljanje zalog, ve\u010djo preglednost dobavne verige in ve\u010djo trajnost.<\/p>\n<p>Z uvedbo teh inovativnih re\u0161itev lahko podjetja poenostavijo svoje procese in zadostijo nara\u0161\u010dajo\u010dim zahtevam dinami\u010dnega trga.<\/p>\n<\/div>","protected":false},"excerpt":{"rendered":"<p>Kot vodilni svetovni proizvajalec RFID oznak smo specializirani za <strong>Oznake RFID za perilo<\/strong>, ki zagotavlja prilagojene re\u0161itve, podprte s 15-letnimi izku\u0161njami in ve\u010d kot 200 milijoni dobavljenih oznak.<\/p>","protected":false},"featured_media":2964,"template":"","meta":{"_kad_post_transparent":"default","_kad_post_title":"","_kad_post_layout":"default","_kad_post_sidebar_id":"","_kad_post_content_style":"default","_kad_post_vertical_padding":"default","_kad_post_feature":"","_kad_post_feature_position":"","_kad_post_header":false,"_kad_post_footer":false,"_kad_post_classname":""},"product_brand":[],"product_cat":[16,19],"product_tag":[24,367,342,339,65,30],"class_list":{"0":"post-2961","1":"product","2":"type-product","3":"status-publish","4":"has-post-thumbnail","6":"product_cat-uhf-rfid-laundry-tags","7":"product_cat-textile-rfid-laundry-tag","8":"product_tag-laundry-rfid-tags","9":"product_tag-laundry-rfid-tags-top-5-manufacturer","10":"product_tag-rfid-laundry-tags","11":"product_tag-rfid-washable-tags","12":"product_tag-textile-rfid-laundry-tags","13":"product_tag-uhf-rfid-laundry-tag","15":"first","16":"instock","17":"featured","18":"shipping-taxable","19":"product-type-simple","20":"entry","21":"content-bg","22":"loop-entry"},"_links":{"self":[{"href":"https:\/\/rfid-laundry-tag.com\/sl\/wp-json\/wp\/v2\/product\/2961","targetHints":{"allow":["GET"]}}],"collection":[{"href":"https:\/\/rfid-laundry-tag.com\/sl\/wp-json\/wp\/v2\/product"}],"about":[{"href":"https:\/\/rfid-laundry-tag.com\/sl\/wp-json\/wp\/v2\/types\/product"}],"version-history":[{"count":1,"href":"https:\/\/rfid-laundry-tag.com\/sl\/wp-json\/wp\/v2\/product\/2961\/revisions"}],"predecessor-version":[{"id":2966,"href":"https:\/\/rfid-laundry-tag.com\/sl\/wp-json\/wp\/v2\/product\/2961\/revisions\/2966"}],"wp:featuredmedia":[{"embeddable":true,"href":"https:\/\/rfid-laundry-tag.com\/sl\/wp-json\/wp\/v2\/media\/2964"}],"wp:attachment":[{"href":"https:\/\/rfid-laundry-tag.com\/sl\/wp-json\/wp\/v2\/media?parent=2961"}],"wp:term":[{"taxonomy":"product_brand","embeddable":true,"href":"https:\/\/rfid-laundry-tag.com\/sl\/wp-json\/wp\/v2\/product_brand?post=2961"},{"taxonomy":"product_cat","embeddable":true,"href":"https:\/\/rfid-laundry-tag.com\/sl\/wp-json\/wp\/v2\/product_cat?post=2961"},{"taxonomy":"product_tag","embeddable":true,"href":"https:\/\/rfid-laundry-tag.com\/sl\/wp-json\/wp\/v2\/product_tag?post=2961"}],"curies":[{"name":"delovni list","href":"https:\/\/api.w.org\/{rel}","templated":true}]}}