{"id":296,"date":"2024-06-26T15:26:44","date_gmt":"2024-06-26T15:26:44","guid":{"rendered":"https:\/\/rfid-laundry-tag.com\/?post_type=product&#038;p=296"},"modified":"2024-08-14T16:29:49","modified_gmt":"2024-08-14T16:29:49","slug":"on-metal-abs-uhf-rfid-tag","status":"publish","type":"product","link":"https:\/\/rfid-laundry-tag.com\/sl\/on-metal-abs-uhf-rfid-tag\/","title":{"rendered":"Na kovinski ABS UHF RFID oznaki"},"content":{"rendered":"<p><b class=\"magic-15\"><span class=\"magic-16\" data-spm-anchor-id=\"a2700.details.0.i71.6b4c1284vyugjJ\">Razpolo\u017eljive prilagoditve so naslednje:<\/span><\/b> * Tisk: enobarvni ali 4-barvni ofsetni tisk, za\u010den\u0161i z grafi\u010dno postavitvijo, ki jo opremi stranka v vektorski obliki. Tiskanje kode EPC, progresivne serijske kode iz podatkovne baze ali ne ali datoteke .xls; tiskanje \u010drtnih kod, QRCode. Dodatne mo\u017enosti prilagajanja so na voljo na zahtevo. * Kodiranje pomnilnika \u010dipa: kodiranje kode EPC transponderjev RFID UHF, zapisovanje pomnilnika oznak UHF, tudi iz baze podatkov, ki jo zagotovi naro\u010dnik. Vsebino je mogo\u010de za\u010dasno ali trajno zakleniti z geslom. Povezava kode EPC in kode TID v bazi podatkov. Koda TID in povezava progresivne\/\u010drtne kode.<\/p>\n<p><img fetchpriority=\"high\" decoding=\"async\" class=\"alignnone wp-image-297\" src=\"https:\/\/rfid-laundry-tag.com\/wp-content\/uploads\/2024\/06\/on-metal-UHF-tag-235x300.png\" alt=\"\" width=\"486\" height=\"621\" srcset=\"https:\/\/rfid-laundry-tag.com\/wp-content\/uploads\/2024\/06\/on-metal-UHF-tag-235x300.png 235w, https:\/\/rfid-laundry-tag.com\/wp-content\/uploads\/2024\/06\/on-metal-UHF-tag-9x12.png 9w\" sizes=\"(max-width: 486px) 100vw, 486px\" \/><\/p>\n<table class=\"has-title all magic-4\">\n<tbody>\n<tr>\n<td colspan=\"1\" rowspan=\"1\">\n<div class=\"magic-5\" data-spm-anchor-id=\"a2700.details.0.i72.6b4c1284vyugjJ\">Material<\/div>\n<\/td>\n<td colspan=\"1\" rowspan=\"1\">\n<div class=\"magic-6\">ABS<\/div>\n<\/td>\n<\/tr>\n<tr>\n<td colspan=\"1\" rowspan=\"1\">\n<div class=\"magic-5\">Velikost<\/div>\n<\/td>\n<td colspan=\"1\" rowspan=\"1\">\n<div class=\"magic-6\">78x31x10 mm ali po meri<\/div>\n<\/td>\n<\/tr>\n<tr>\n<td colspan=\"1\" rowspan=\"1\">\n<div class=\"magic-5\">Pogostost<\/div>\n<\/td>\n<td colspan=\"1\" rowspan=\"1\">\n<div class=\"magic-6\">860-960 mhz<\/div>\n<\/td>\n<\/tr>\n<tr>\n<td colspan=\"1\" rowspan=\"1\">\n<div class=\"magic-5\">Vrsta IC (\u010dip)<\/div>\n<\/td>\n<td colspan=\"1\" rowspan=\"1\">\n<div class=\"magic-6\">Impinj Monza R6P<\/div>\n<\/td>\n<\/tr>\n<tr>\n<td colspan=\"1\" rowspan=\"1\">\n<div class=\"magic-5\">Protokol<\/div>\n<\/td>\n<td colspan=\"1\" rowspan=\"1\">\n<div class=\"magic-6\">EPC Global Class 1 Gen2 &amp; ISO18000-6C<\/div>\n<\/td>\n<\/tr>\n<tr>\n<td colspan=\"1\" rowspan=\"1\">\n<div class=\"magic-7\">Spomin<\/div>\n<\/td>\n<td colspan=\"1\" rowspan=\"1\">\n<div class=\"magic-6\">EPC 128 bitov, uporabnik 32 bitov<\/div>\n<\/td>\n<\/tr>\n<tr>\n<td colspan=\"1\" rowspan=\"1\">\n<div class=\"magic-5\">Faktor oblike oznake<\/div>\n<\/td>\n<td colspan=\"1\" rowspan=\"1\">\n<div class=\"magic-6\">Trda oznaka<\/div>\n<\/td>\n<\/tr>\n<tr>\n<td colspan=\"1\" rowspan=\"1\">\n<div class=\"magic-5\">Metoda pritrditve<\/div>\n<\/td>\n<td colspan=\"1\" rowspan=\"1\">\n<div class=\"magic-6\" data-spm-anchor-id=\"a2700.details.0.i73.6b4c1284vyugjJ\">Pritrditev z vijaki, lepilo za film<\/div>\n<\/td>\n<\/tr>\n<tr>\n<td colspan=\"1\" rowspan=\"1\">\n<div class=\"magic-5\">Delovna temperatura<\/div>\n<\/td>\n<td colspan=\"1\" rowspan=\"1\">\n<div class=\"magic-6\">-35 \u00b0C \/ +90 \u00b0C<\/div>\n<\/td>\n<\/tr>\n<tr>\n<td colspan=\"1\" rowspan=\"1\">\n<div class=\"magic-5\">Preberi Razdalja<\/div>\n<\/td>\n<td colspan=\"1\" rowspan=\"1\">\n<div class=\"magic-6\" data-spm-anchor-id=\"a2700.details.0.i67.6b4c1284vyugjJ\">Do 10m<\/div>\n<\/td>\n<\/tr>\n<tr>\n<td colspan=\"1\" rowspan=\"1\">\n<div class=\"magic-8\">Uporabni povr\u0161inski materiali<\/div>\n<\/td>\n<td colspan=\"1\" rowspan=\"1\">\n<div class=\"magic-6\">Kovinske in nekovinske podlage<\/div>\n<\/td>\n<\/tr>\n<tr>\n<td colspan=\"1\" rowspan=\"1\">\n<div class=\"magic-7\">Ocena IP<\/div>\n<\/td>\n<td colspan=\"1\" rowspan=\"1\">\n<div class=\"magic-6\">IP68<\/div>\n<\/td>\n<\/tr>\n<tr>\n<td colspan=\"1\" rowspan=\"1\">\n<div class=\"magic-7\">Aplikacija<\/div>\n<\/td>\n<td colspan=\"1\" rowspan=\"1\">\n<div class=\"magic-6\">Za sredstva, te\u017eko industrijo in uporabo na prostem<\/div>\n<\/td>\n<\/tr>\n<\/tbody>\n<\/table>\n<p>&nbsp;<\/p>\n<ul>\n<li><strong>Kodiranje pomnilnika \u010dipa:<\/strong>\n<ul>\n<li><strong>Kodiranje EPC kode:<\/strong>\u00a0Podpira kodiranje EPC kod za UHF transponderje.<\/li>\n<li><strong>Pisanje v pomnilnik oznake UHF:<\/strong>\u00a0Omogo\u010da pisanje podatkov v pomnilnik oznak UHF, vklju\u010dno s podatki iz podatkovne baze, ki jo zagotovi odjemalec.<\/li>\n<li><strong>Podatki, za\u0161\u010diteni z geslom:<\/strong>\u00a0Podatke je mogo\u010de za\u010dasno ali trajno zakleniti z geslom.<\/li>\n<li><strong>Povezava z bazo podatkov:<\/strong>\u00a0Podpira povezavo kode EPC in kode TID v zbirkah podatkov, kot tudi kodo TID in povezavo progresivne\/\u010drtne kode.<\/li>\n<\/ul>\n<\/li>\n<\/ul>\n<p><strong>Formule:<\/strong><\/p>\n<ul>\n<li><strong>Koda EPC:<\/strong>\u00a0<span class=\"math math-inline\"><span class=\"katex\"><span class=\"katex-mathml\">\ud835\udc38\ud835\udc43\ud835\udc36={\ud835\udc48\ud835\udc3c\ud835\udc37,\ud835\udc34\ud835\udc5d\ud835\udc5d\ud835\udc59\ud835\udc56\ud835\udc50\ud835\udc4e\ud835\udc61\ud835\udc56\ud835\udc5c\ud835\udc5b\ud835\udc37\ud835\udc4e\ud835\udc61\ud835\udc4e}<\/span><span class=\"katex-html\" aria-hidden=\"true\"><span class=\"base\"><span class=\"mord mathnormal\">EPC<\/span><span class=\"mrel\">=<\/span><\/span><span class=\"base\"><span class=\"mopen\">{<\/span><span class=\"mord mathnormal\">U<\/span><span class=\"mord mathnormal\">jaz<\/span><span class=\"mord mathnormal\">D<\/span><span class=\"mpunct\">,<\/span><span class=\"mord mathnormal\">A<\/span><span class=\"mord mathnormal\">ppl<\/span><span class=\"mord mathnormal\">i<\/span><span class=\"mord mathnormal\">c<\/span><span class=\"mord mathnormal\">a<\/span><span class=\"mord mathnormal\">t<\/span><span class=\"mord mathnormal\">i<\/span><span class=\"mord mathnormal\">o<\/span><span class=\"mord mathnormal\">n<\/span><span class=\"mord mathnormal\">D<\/span><span class=\"mord mathnormal\">a<\/span><span class=\"mord mathnormal\">t<\/span><span class=\"mord mathnormal\">a<\/span><span class=\"mclose\">}<\/span><\/span><\/span><\/span><\/span><\/li>\n<li><strong>Koda TID:<\/strong>\u00a0<span class=\"math math-inline\"><span class=\"katex\"><span class=\"katex-mathml\">\ud835\udc47\ud835\udc3c\ud835\udc37={\ud835\udc47\ud835\udc4e\ud835\udc54\ud835\udc3c\ud835\udc37,\ud835\udc40\ud835\udc4e\ud835\udc5b\ud835\udc62\ud835\udc53\ud835\udc4e\ud835\udc50\ud835\udc61\ud835\udc62\ud835\udc5f\ud835\udc52\ud835\udc5f\ud835\udc37\ud835\udc4e\ud835\udc61\ud835\udc4e}<\/span><span class=\"katex-html\" aria-hidden=\"true\"><span class=\"base\"><span class=\"mord mathnormal\">T<\/span><span class=\"mord mathnormal\">jaz<\/span><span class=\"mord mathnormal\">D<\/span><span class=\"mrel\">=<\/span><\/span><span class=\"base\"><span class=\"mopen\">{<\/span><span class=\"mord mathnormal\">T<\/span><span class=\"mord mathnormal\">a<\/span><span class=\"mord mathnormal\">g<\/span><span class=\"mord mathnormal\">jaz<\/span><span class=\"mord mathnormal\">D<\/span><span class=\"mpunct\">,<\/span><span class=\"mord mathnormal\">M<\/span><span class=\"mord mathnormal\">an<\/span><span class=\"mord mathnormal\">u<\/span><span class=\"mord mathnormal\">f<\/span><span class=\"mord mathnormal\">a<\/span><span class=\"mord mathnormal\">c<\/span><span class=\"mord mathnormal\">t<\/span><span class=\"mord mathnormal\">u<\/span><span class=\"mord mathnormal\">rerD<\/span><span class=\"mord mathnormal\">a<\/span><span class=\"mord mathnormal\">t<\/span><span class=\"mord mathnormal\">a<\/span><span class=\"mclose\">}<\/span><\/span><\/span><\/span><\/span><\/li>\n<\/ul>\n<p><strong>kje:<\/strong><\/p>\n<ul>\n<li><strong>UID:<\/strong>\u00a0Enoli\u010dni identifikator<\/li>\n<li><strong>ApplicationData:<\/strong>\u00a0Podatki, specifi\u010dni za aplikacijo<\/li>\n<li><strong>ID oznake:<\/strong>\u00a0Enoli\u010dni ID oznake<\/li>\n<li><strong>Podatki proizvajalca:<\/strong>\u00a0Podatke zagotavlja proizvajalec<\/li>\n<\/ul>\n<p><strong>Zaklju\u010dek:<\/strong><\/p>\n<p>Oznaka ABS RFID je vsestranska in prilagodljiva re\u0161itev za razli\u010dne aplikacije, ki ponuja kombinacijo robustnega delovanja in prilagodljivih mo\u017enosti za izpolnjevanje posebnih potreb.<\/p>","protected":false},"excerpt":{"rendered":"<p>On Metal ABS UHF RFID oznaka je zmogljiva pasivna UHF RFID oznaka dolgega dosega, zasnovana za odli\u010dnost v zahtevnih okoljih.<\/p>","protected":false},"featured_media":298,"template":"","meta":{"_kad_post_transparent":"default","_kad_post_title":"","_kad_post_layout":"default","_kad_post_sidebar_id":"","_kad_post_content_style":"default","_kad_post_vertical_padding":"default","_kad_post_feature":"","_kad_post_feature_position":"","_kad_post_header":false,"_kad_post_footer":false,"_kad_post_classname":""},"product_brand":[],"product_cat":[54],"product_tag":[120,119],"class_list":{"0":"post-296","1":"product","2":"type-product","3":"status-publish","4":"has-post-thumbnail","6":"product_cat-hot-selling-rfid-tags","7":"product_tag-on-metal-abs-rfid-tag","8":"product_tag-on-metal-abs-uhf-rfid-tag","10":"first","11":"instock","12":"shipping-taxable","13":"product-type-simple","14":"entry","15":"content-bg","16":"loop-entry"},"_links":{"self":[{"href":"https:\/\/rfid-laundry-tag.com\/sl\/wp-json\/wp\/v2\/product\/296","targetHints":{"allow":["GET"]}}],"collection":[{"href":"https:\/\/rfid-laundry-tag.com\/sl\/wp-json\/wp\/v2\/product"}],"about":[{"href":"https:\/\/rfid-laundry-tag.com\/sl\/wp-json\/wp\/v2\/types\/product"}],"version-history":[{"count":1,"href":"https:\/\/rfid-laundry-tag.com\/sl\/wp-json\/wp\/v2\/product\/296\/revisions"}],"predecessor-version":[{"id":1322,"href":"https:\/\/rfid-laundry-tag.com\/sl\/wp-json\/wp\/v2\/product\/296\/revisions\/1322"}],"wp:featuredmedia":[{"embeddable":true,"href":"https:\/\/rfid-laundry-tag.com\/sl\/wp-json\/wp\/v2\/media\/298"}],"wp:attachment":[{"href":"https:\/\/rfid-laundry-tag.com\/sl\/wp-json\/wp\/v2\/media?parent=296"}],"wp:term":[{"taxonomy":"product_brand","embeddable":true,"href":"https:\/\/rfid-laundry-tag.com\/sl\/wp-json\/wp\/v2\/product_brand?post=296"},{"taxonomy":"product_cat","embeddable":true,"href":"https:\/\/rfid-laundry-tag.com\/sl\/wp-json\/wp\/v2\/product_cat?post=296"},{"taxonomy":"product_tag","embeddable":true,"href":"https:\/\/rfid-laundry-tag.com\/sl\/wp-json\/wp\/v2\/product_tag?post=296"}],"curies":[{"name":"delovni list","href":"https:\/\/api.w.org\/{rel}","templated":true}]}}