{"id":2942,"date":"2025-10-27T13:54:59","date_gmt":"2025-10-27T13:54:59","guid":{"rendered":"https:\/\/rfid-laundry-tag.com\/?post_type=product&#038;p=2942"},"modified":"2025-10-27T14:13:32","modified_gmt":"2025-10-27T14:13:32","slug":"iron-heating-sealed-rfid-laundry-tag","status":"publish","type":"product","link":"https:\/\/rfid-laundry-tag.com\/sl\/iron-heating-sealed-rfid-laundry-tag\/","title":{"rendered":"Oznaka za perilo z RFID za ogrevanje \u017eeleza"},"content":{"rendered":"<div>\n<div class=\"auto-hide-last-sibling-br paragraph_1252f paragraph-element\">\n<h2 data-start=\"0\" data-end=\"75\"><strong data-start=\"0\" data-end=\"75\">RFID etiketa za perilo z grelnim likalnikom \u2013 trpe\u017ena, u\u010dinkovita in zanesljiva<\/strong><\/h2>\n<p data-start=\"77\" data-end=\"443\">The <strong data-start=\"81\" data-end=\"121\">Oznaka za perilo z RFID za ogrevanje \u017eeleza<\/strong> je visokozmogljiva re\u0161itev za identifikacijo in sledenje tekstila, posebej zasnovana za sektorje industrijskega pranja perila, zdravstva in upravljanja uniform. Zaradi svoje vrhunske vzdr\u017eljivosti se odli\u010dno obnese v zahtevnih pogojih pranja in zagotavlja dolgoro\u010dno in nemoteno sledenje perila po vsej Evropi, ZDA in Kanadi.<\/p>\n<h3 data-start=\"445\" data-end=\"462\">Klju\u010dne prednosti:<\/h3>\n<ul data-start=\"463\" data-end=\"937\">\n<li data-start=\"463\" data-end=\"616\">\n<p data-start=\"465\" data-end=\"616\"><strong data-start=\"465\" data-end=\"496\">Vodoodporno in toplotno odporno<\/strong>Odporen na izpostavljenost detergentom, belilu in visokim temperaturam, kar zagotavlja vzdr\u017eljivost v industrijskih procesih pranja perila.<\/p>\n<\/li>\n<li data-start=\"617\" data-end=\"731\">\n<p data-start=\"619\" data-end=\"731\"><strong data-start=\"619\" data-end=\"647\">Dolgotrajna zmogljivost<\/strong>Vzdr\u017ei do <strong data-start=\"663\" data-end=\"685\">200 pralnih ciklov<\/strong> oz <strong data-start=\"689\" data-end=\"703\">300 pranj<\/strong>, kar zagotavlja dolgotrajno uporabo.<\/p>\n<\/li>\n<li data-start=\"732\" data-end=\"829\">\n<p data-start=\"734\" data-end=\"829\"><strong data-start=\"734\" data-end=\"757\">Vrhunski doseg branja<\/strong>: Ponuja bralno razdaljo <strong data-start=\"785\" data-end=\"800\">8\u201312 metrov<\/strong> za hitro in natan\u010dno skeniranje.<\/p>\n<\/li>\n<li data-start=\"830\" data-end=\"937\">\n<p data-start=\"832\" data-end=\"937\"><strong data-start=\"832\" data-end=\"852\">Hitra izvedba<\/strong>Hiter dobavni rok le <strong data-start=\"877\" data-end=\"887\">3 dni<\/strong>, s \u010dimer zagotovite, da dobite tisto, kar potrebujete, takrat, ko to potrebujete.<\/p>\n<\/li>\n<\/ul>\n<h3 data-start=\"939\" data-end=\"956\">Klju\u010dne zna\u010dilnosti:<\/h3>\n<ul data-start=\"957\" data-end=\"1499\">\n<li data-start=\"957\" data-end=\"1123\">\n<p data-start=\"959\" data-end=\"1123\"><strong data-start=\"959\" data-end=\"990\">Kemi\u010dna in vodoodpornost<\/strong>Ta RFID oznaka, izdelana tako, da je odporna na detergente, meh\u010dalce, belila in alkalne obdelave, ostane delujo\u010da tudi v zahtevnih pogojih.<\/p>\n<\/li>\n<li data-start=\"1124\" data-end=\"1248\">\n<p data-start=\"1126\" data-end=\"1248\"><strong data-start=\"1126\" data-end=\"1152\">Tehnologija toplotnega tesnjenja<\/strong>Enostavno se integrira s stroji za toplotno varjenje in zagotavlja trdno in trajno pritrditev na tkanine.<\/p>\n<\/li>\n<li data-start=\"1249\" data-end=\"1388\">\n<p data-start=\"1251\" data-end=\"1388\"><strong data-start=\"1251\" data-end=\"1272\">Likanje in \u0161ivanje<\/strong>Prilagodljiva uporaba s toplotnim stiskanjem ali \u0161ivanjem, idealna za vdelavo etiket v robove tekstila ali etikete za nego.<\/p>\n<\/li>\n<li data-start=\"1389\" data-end=\"1499\">\n<p data-start=\"1391\" data-end=\"1499\"><strong data-start=\"1391\" data-end=\"1421\">Odporno na visoke temperature<\/strong>Zasnovano tako, da prenese intenzivno industrijsko vro\u010dino in mehanske obremenitve pri pranju perila.<\/p>\n<\/li>\n<\/ul>\n<h3 data-start=\"1501\" data-end=\"1530\">Tehni\u010dne specifikacije:<\/h3>\n<ul data-start=\"1531\" data-end=\"2169\">\n<li data-start=\"1531\" data-end=\"1653\">\n<p data-start=\"1533\" data-end=\"1653\"><strong data-start=\"1533\" data-end=\"1549\">Mo\u017enosti velikosti<\/strong>35 mm x 15 mm, 58 mm x 15 mm, 70 mm x 10 mm, 70 mm x 15 mm, 75 mm x 12 mm, 75 mm x 15 mm (na voljo so tudi velikosti po meri).<\/p>\n<\/li>\n<li data-start=\"1654\" data-end=\"1710\">\n<p data-start=\"1656\" data-end=\"1710\"><strong data-start=\"1656\" data-end=\"1674\">Standardi RFID<\/strong>ISO\/IEC 18000-6 tip C (EPC Gen2).<\/p>\n<\/li>\n<li data-start=\"1711\" data-end=\"1770\">\n<p data-start=\"1713\" data-end=\"1770\"><strong data-start=\"1713\" data-end=\"1729\">Mo\u017enosti \u010dipov<\/strong>: NXP U CODE 9, Alien H9 itd.<\/p>\n<\/li>\n<li data-start=\"1771\" data-end=\"1813\">\n<p data-start=\"1773\" data-end=\"1813\"><strong data-start=\"1773\" data-end=\"1783\">Spomin<\/strong>EPC 128 bitov, uporabnik 512 bitov.<\/p>\n<\/li>\n<li data-start=\"1814\" data-end=\"1852\">\n<p data-start=\"1816\" data-end=\"1852\"><strong data-start=\"1816\" data-end=\"1830\">Preberi obseg<\/strong>: 8M \u2013 10M (FCC\/ETSI).<\/p>\n<\/li>\n<li data-start=\"1853\" data-end=\"1927\">\n<p data-start=\"1855\" data-end=\"1927\"><strong data-start=\"1855\" data-end=\"1874\">Metode ozna\u010devanja<\/strong>Toplotno tesnjenje, vro\u010de \u017eigosanje ali luknjanje.<\/p>\n<\/li>\n<li data-start=\"1928\" data-end=\"2042\">\n<p data-start=\"1930\" data-end=\"2042\"><strong data-start=\"1930\" data-end=\"1956\">Temperatura in vla\u017enost<\/strong>Deluje med <strong data-start=\"1975\" data-end=\"1993\">od -20 \u00b0C do 110 \u00b0C<\/strong>; obseg shranjevanja <strong data-start=\"2009\" data-end=\"2027\">od -40 \u00b0C do 110 \u00b0C<\/strong> z desno roko 8-95%.<\/p>\n<\/li>\n<li data-start=\"2043\" data-end=\"2169\">\n<p data-start=\"2045\" data-end=\"2169\"><strong data-start=\"2045\" data-end=\"2072\">Pranje in sterilizacija<\/strong>Prena\u0161a temperature pranja do <strong data-start=\"2111\" data-end=\"2119\">90\u00b0C<\/strong> in sterilizacijo pri <strong data-start=\"2141\" data-end=\"2168\">135 \u00b0C za 15\u201320 minut<\/strong>.<\/p>\n<\/li>\n<\/ul>\n<\/div>\n<\/div>\n<h2 data-start=\"2812\" data-end=\"3015\"><strong>Podatkovni list<\/strong><\/h2>\n<div>\n<div class=\"auto-hide-last-sibling-br paragraph_1252f paragraph-element\">\n<div>\n<table width=\"637\">\n<tbody>\n<tr>\n<td width=\"328\">Ime predmeta:<\/td>\n<td width=\"309\">Oznaka za perilo z RFID za ogrevanje \u017eeleza<\/td>\n<\/tr>\n<tr>\n<td width=\"328\">Standard RFID:<\/td>\n<td width=\"309\">ISO\/IEC 18000-6 TypeC (EPC Gen2)<\/td>\n<\/tr>\n<tr>\n<td width=\"328\">Velikost in te\u017ea:<\/td>\n<td width=\"309\">\u00a035 mm x 15 mm; 58 mm x 15 mm; 70 mm x 10 mm 70 x 15 mm 75 x 12 mm 75 x 15 mm ali po meri<\/td>\n<\/tr>\n<tr>\n<td width=\"328\">Vrsta \u010dipa:<\/td>\n<td width=\"309\">Monza 4QT, NXP U CODE 9, Alien H9 itd.<\/td>\n<\/tr>\n<tr>\n<td width=\"328\">Pomnilnik EPC:<\/td>\n<td width=\"309\">128 bitov<\/td>\n<\/tr>\n<tr>\n<td width=\"328\">Uporabni\u0161ki pomnilnik:<\/td>\n<td width=\"309\">512 bitov<\/td>\n<\/tr>\n<tr>\n<td width=\"328\">Razpon branja (2W ERP FCC):<\/td>\n<td width=\"309\">8M~10M<\/td>\n<\/tr>\n<tr>\n<td width=\"328\">Razpon branja (2W ERP ETSI):<\/td>\n<td width=\"309\">8M~10M<\/td>\n<\/tr>\n<tr>\n<td width=\"328\">Ozna\u010devanje:<\/td>\n<td width=\"309\">Lepilo za vro\u010de \u017eigosanje, grelno tesnilo, luknja itd.<\/td>\n<\/tr>\n<tr>\n<td width=\"328\">Predvidena \u017eivljenjska doba:<\/td>\n<td width=\"309\">200 pralnih ciklov ali 300 pranj<\/td>\n<\/tr>\n<tr>\n<td width=\"328\">Metoda pranja:<\/td>\n<td width=\"309\">Pralnica, kemi\u010dna \u010distilnica<\/td>\n<\/tr>\n<tr>\n<td width=\"328\">Pritisk vode:<\/td>\n<td width=\"309\">60 barov<\/td>\n<\/tr>\n<tr>\n<td width=\"328\">Vodoodpornost:<\/td>\n<td width=\"309\">Vodoodporen<\/td>\n<\/tr>\n<tr>\n<td width=\"328\">Kemi\u010dna odpornost:<\/td>\n<td width=\"309\">Detergent, meh\u010dalec, belilo (kisik\/klor), alkalije<\/td>\n<\/tr>\n<tr>\n<td width=\"328\">Predhodno su\u0161enje v me\u0161alniku:<\/td>\n<td width=\"309\">125 \u00baC 15-20 minut<\/td>\n<\/tr>\n<tr>\n<td width=\"328\">Temperatura sterilizacije:<\/td>\n<td width=\"309\">135\u00b0C 15-20 minut<\/td>\n<\/tr>\n<tr>\n<td width=\"328\">Temperatura pranja:<\/td>\n<td width=\"309\">90\u00b0C, do 15 min.<\/td>\n<\/tr>\n<tr>\n<td width=\"328\">Vla\u017enost\/temperatura - delovanje:<\/td>\n<td width=\"309\">-20 do 110 \u00b0C, 8 do 95%RH<\/td>\n<\/tr>\n<tr>\n<td width=\"328\">Vla\u017enost\/temperatura-skladi\u0161\u010denje:<\/td>\n<td width=\"309\">-40 do 110 \u00b0C, 8 do 95%RH<\/td>\n<\/tr>\n<\/tbody>\n<\/table>\n<\/div>\n<\/div>\n<\/div>\n<div><\/div>\n<div class=\"auto-hide-last-sibling-br paragraph_1252f paragraph-element\"><span class=\"AnswerParser_TextContainer__z_Iiv\" data-testid=\"youchat-text\"><strong>RFID UHF oznake za perilo<\/strong> so ultimativna re\u0161itev za u\u010dinkovito upravljanje delovnih obla\u010dil, hotelskih brisa\u010d in bolni\u0161ni\u010dne posteljnine. Te trpe\u017ene oznake so zasnovane tako, da prenesejo visoke temperature in mo\u010dne kemikalije, ki se obi\u010dajno uporabljajo v industrijskih postopkih pranja. Njihova robustna konstrukcija zagotavlja, da ostanejo funkcionalni tudi po ve\u010d ciklih pranja, zaradi \u010desar so neprecenljiva prednost pri vsakem pranju perila.<\/span><span class=\"AnswerParser_TextContainer__z_Iiv\" data-testid=\"youchat-text\">Z integracijo tehnologije RFID v va\u0161 sistem za upravljanje pralnice lahko bistveno zmanj\u0161ate stro\u0161ke ravnanja. Prehodi in \u0161tevci RFID poenostavijo postopek sledenja in vam omogo\u010dajo hitro iskanje in identifikacijo kosov perila. To ne le prihrani \u010das, ampak tudi pove\u010da natan\u010dnost inventarja, kar vam omogo\u010da enostavno sledenje ciklom pranja. Z oznakami za perilo RFID UHF boste izbolj\u0161ali svojo operativno u\u010dinkovitost in zagotovili, da bodo va\u0161i kosi perila vedno upo\u0161tevani.<\/span><\/div>\n<div><\/div>\n<div>\n<h3 data-start=\"2171\" data-end=\"2219\">Optimizirano za industrijske pralnice:<\/h3>\n<p data-start=\"2220\" data-end=\"2515\">RFID UHF oznake za perilo omogo\u010dajo u\u010dinkovito upravljanje sredstev za delovne uniforme, hotelsko perilo, bolni\u0161ni\u010dni tekstil in drugo. Ker so odporne na visoke temperature in agresivne kemikalije, ostanejo funkcionalne tudi po ve\u010d ciklih pranja, kar zagotavlja nemoteno delovanje va\u0161e pralnice.<\/p>\n<p data-start=\"2517\" data-end=\"2583\">Z integracijo RFID v va\u0161 sistem za upravljanje pranja perila pridobite:<\/p>\n<ul data-start=\"2584\" data-end=\"2810\">\n<li data-start=\"2584\" data-end=\"2675\">\n<p data-start=\"2586\" data-end=\"2675\"><strong data-start=\"2586\" data-end=\"2609\">Izbolj\u0161ana u\u010dinkovitost<\/strong>Hitrej\u0161e in natan\u010dnej\u0161e sledenje zalogam zmanj\u0161uje stro\u0161ke ravnanja.<\/p>\n<\/li>\n<li data-start=\"2676\" data-end=\"2810\">\n<p data-start=\"2678\" data-end=\"2810\"><strong data-start=\"2678\" data-end=\"2699\">Izbolj\u0161ana natan\u010dnost<\/strong>Tehnologija RFID zagotavlja natan\u010dno sledenje lokacije, zmanj\u0161uje napake in zagotavlja, da so artikli evidentirani.<\/p>\n<\/li>\n<\/ul>\n<p data-start=\"2812\" data-end=\"3015\"><strong data-start=\"2812\" data-end=\"2853\">Oznake za perilo z RFID za ogrevanje likalnika<\/strong> Pospe\u0161ite, zanesljiveje in stro\u0161kovno u\u010dinkovitej\u0161e delovanje pralnice, poenostavite delovni proces in zagotovite sledljivost va\u0161ih obla\u010dil skozi vsako pranje.<\/p>\n<\/div>\n<div data-spm-anchor-id=\"a2700.details.0.i57.23b419c7xXORP0\"><\/div>\n<div class=\"auto-hide-last-sibling-br paragraph_1252f paragraph-element\"><\/div>\n<div class=\"auto-hide-last-sibling-br paragraph_1252f paragraph-element\"><\/div>","protected":false},"excerpt":{"rendered":"<p>Smo TOP 5 proizvajalec RFID oznak za pranje perila z ogrevanjem likalnikov<strong>.RFID oznaka za pranje perila<\/strong>\u00a0Zagotavlja trajno sledenje tekstila v zdravstvu, pralnicah in uniformah po vsej Evropi, ZDA in Kanadi \u2013 odporen na zahtevne cikle pranja.<\/p>","protected":false},"featured_media":2943,"template":"","meta":{"_kad_post_transparent":"default","_kad_post_title":"","_kad_post_layout":"default","_kad_post_sidebar_id":"","_kad_post_content_style":"default","_kad_post_vertical_padding":"default","_kad_post_feature":"","_kad_post_feature_position":"","_kad_post_header":false,"_kad_post_footer":false,"_kad_post_classname":""},"product_brand":[],"product_cat":[16],"product_tag":[364,363,338,342,339,65,30],"class_list":{"0":"post-2942","1":"product","2":"type-product","3":"status-publish","4":"has-post-thumbnail","6":"product_cat-uhf-rfid-laundry-tags","7":"product_tag-heating-sealed-rfid-laundry-tag","8":"product_tag-iron-heating-sealed-rfid-laundry-tag","9":"product_tag-rfid-chips-for-uniforms","10":"product_tag-rfid-laundry-tags","11":"product_tag-rfid-washable-tags","12":"product_tag-textile-rfid-laundry-tags","13":"product_tag-uhf-rfid-laundry-tag","15":"first","16":"instock","17":"featured","18":"shipping-taxable","19":"product-type-simple","20":"entry","21":"content-bg","22":"loop-entry"},"_links":{"self":[{"href":"https:\/\/rfid-laundry-tag.com\/sl\/wp-json\/wp\/v2\/product\/2942","targetHints":{"allow":["GET"]}}],"collection":[{"href":"https:\/\/rfid-laundry-tag.com\/sl\/wp-json\/wp\/v2\/product"}],"about":[{"href":"https:\/\/rfid-laundry-tag.com\/sl\/wp-json\/wp\/v2\/types\/product"}],"version-history":[{"count":2,"href":"https:\/\/rfid-laundry-tag.com\/sl\/wp-json\/wp\/v2\/product\/2942\/revisions"}],"predecessor-version":[{"id":2948,"href":"https:\/\/rfid-laundry-tag.com\/sl\/wp-json\/wp\/v2\/product\/2942\/revisions\/2948"}],"wp:featuredmedia":[{"embeddable":true,"href":"https:\/\/rfid-laundry-tag.com\/sl\/wp-json\/wp\/v2\/media\/2943"}],"wp:attachment":[{"href":"https:\/\/rfid-laundry-tag.com\/sl\/wp-json\/wp\/v2\/media?parent=2942"}],"wp:term":[{"taxonomy":"product_brand","embeddable":true,"href":"https:\/\/rfid-laundry-tag.com\/sl\/wp-json\/wp\/v2\/product_brand?post=2942"},{"taxonomy":"product_cat","embeddable":true,"href":"https:\/\/rfid-laundry-tag.com\/sl\/wp-json\/wp\/v2\/product_cat?post=2942"},{"taxonomy":"product_tag","embeddable":true,"href":"https:\/\/rfid-laundry-tag.com\/sl\/wp-json\/wp\/v2\/product_tag?post=2942"}],"curies":[{"name":"delovni list","href":"https:\/\/api.w.org\/{rel}","templated":true}]}}