{"id":2864,"date":"2024-11-05T13:39:10","date_gmt":"2024-11-05T13:39:10","guid":{"rendered":"https:\/\/rfid-laundry-tag.com\/?post_type=product&#038;p=2864"},"modified":"2024-11-05T13:58:17","modified_gmt":"2024-11-05T13:58:17","slug":"nfc-keychain-ntag213-ntag215-ntag216","status":"publish","type":"product","link":"https:\/\/rfid-laundry-tag.com\/sl\/nfc-keychain-ntag213-ntag215-ntag216\/","title":{"rendered":"NFC obesek za klju\u010de Ntag213 Ntag215 Ntag216"},"content":{"rendered":"<h2>NFC obesek za klju\u010de Ntag213 Ntag215 Ntag216<\/h2>\n<table class=\"all magic-12\">\n<tbody>\n<tr>\n<td colspan=\"1\" rowspan=\"1\">\n<div class=\"magic-13\">\u010dip<\/div>\n<\/td>\n<td colspan=\"1\" rowspan=\"1\">\n<div class=\"magic-14\">NTAG\u00ae 213,Ntag215,Ntag216<\/div>\n<\/td>\n<\/tr>\n<tr>\n<td colspan=\"1\" rowspan=\"1\">\n<div class=\"magic-13\">Protokol<\/div>\n<\/td>\n<td colspan=\"1\" rowspan=\"1\">\n<div class=\"magic-14\">ISO 14443A<\/div>\n<\/td>\n<\/tr>\n<tr>\n<td colspan=\"1\" rowspan=\"1\">\n<div class=\"magic-13\">Velikost<\/div>\n<\/td>\n<td colspan=\"1\" rowspan=\"1\">\n<div class=\"magic-14\">41 * 32 mm ali po meri<\/div>\n<\/td>\n<\/tr>\n<tr>\n<td colspan=\"1\" rowspan=\"1\">\n<div class=\"magic-13\">Spomin<\/div>\n<\/td>\n<td colspan=\"1\" rowspan=\"1\">\n<div class=\"magic-14\" data-spm-anchor-id=\"a2700.details.0.i42.450c1986usT9sY\">144 bajtov, 504 bajtov, 888 bajtov<\/div>\n<\/td>\n<\/tr>\n<tr>\n<td colspan=\"1\" rowspan=\"1\">\n<div class=\"magic-13\">Pogostost<\/div>\n<\/td>\n<td colspan=\"1\" rowspan=\"1\">\n<div class=\"magic-14\">13,56 MHz<\/div>\n<\/td>\n<\/tr>\n<tr>\n<td colspan=\"1\" rowspan=\"1\">\n<div class=\"magic-13\">Material<\/div>\n<\/td>\n<td colspan=\"1\" rowspan=\"1\">\n<div class=\"magic-14\">ABS, plastika ali po meri<\/div>\n<\/td>\n<\/tr>\n<tr>\n<td colspan=\"1\" rowspan=\"1\">\n<div class=\"magic-13\">Napi\u0161i Vzdr\u017eljivost<\/div>\n<\/td>\n<td colspan=\"1\" rowspan=\"1\">\n<div class=\"magic-14\">\u2265100000 ciklov<\/div>\n<\/td>\n<\/tr>\n<tr>\n<td colspan=\"1\" rowspan=\"1\">\n<div class=\"magic-13\">Preberi obseg<\/div>\n<\/td>\n<td colspan=\"1\" rowspan=\"1\">\n<div class=\"magic-14\">1-6 cm<\/div>\n<\/td>\n<\/tr>\n<tr>\n<td colspan=\"1\" rowspan=\"1\">\n<div class=\"magic-13\">Aplikacija<\/div>\n<\/td>\n<td colspan=\"1\" rowspan=\"1\">\n<div class=\"magic-14\">Nadzor dostopa, sistem zaklepanja vrat itd.<\/div>\n<\/td>\n<\/tr>\n<tr>\n<td colspan=\"1\" rowspan=\"1\">\n<div class=\"magic-13\">barva<\/div>\n<\/td>\n<td colspan=\"1\" rowspan=\"1\">\n<div class=\"magic-14\">\u010crna, rumena, rde\u010da, zelena, modra, roza ali po meri.<\/div>\n<\/td>\n<\/tr>\n<tr>\n<td colspan=\"1\" rowspan=\"1\">\n<div class=\"magic-13\">Carft<\/div>\n<\/td>\n<td colspan=\"1\" rowspan=\"1\">\n<div class=\"magic-14\">Enobarvno ali ve\u010dbarvno tiskanje, tiskanje \u010drtne ali QR kode, kodiranje podatkov itd.<\/div>\n<\/td>\n<\/tr>\n<tr>\n<td colspan=\"1\" rowspan=\"1\">\n<div class=\"magic-13\">Napi\u0161ite cikle<\/div>\n<\/td>\n<td colspan=\"1\" rowspan=\"1\">\n<div class=\"magic-14\">\u2265100000 ciklov<\/div>\n<\/td>\n<\/tr>\n<tr>\n<td colspan=\"1\" rowspan=\"1\">\n<div class=\"magic-13\">Delovna temperatura<\/div>\n<\/td>\n<td colspan=\"1\" rowspan=\"1\">\n<div class=\"magic-14\">-20 \u2103 do +55 \u2103<\/div>\n<\/td>\n<\/tr>\n<tr>\n<td colspan=\"1\" rowspan=\"1\">\n<div class=\"magic-13\">Oblika dostave<\/div>\n<\/td>\n<td colspan=\"1\" rowspan=\"1\">\n<div class=\"magic-14\" data-spm-anchor-id=\"a2700.details.0.i41.450c1986usT9sY\">100 kosov\/vre\u010dko, 10 vre\u010dk\/karton<\/div>\n<\/td>\n<\/tr>\n<\/tbody>\n<\/table>\n<h3>Zna\u010dilnosti \u010dipov Ntag213 Ntag215 Ntag216<\/h3>\n<div id=\"featuresXsp\" class=\"features-list toggle-opacity in\">\n<div class=\"features-xsp\">\n<div class=\"collapse-mobile ste-list-ul\">\n<ul class=\"boxes\">\n<li>Brezkontaktni prenos podatkov in dobava energije<\/li>\n<li>Delovna frekvenca 13,56 MHz<\/li>\n<li>Prenos podatkov 106 kbit\/s<\/li>\n<li>Celovitost podatkov 16-bitnega CRC, pariteta, bitno kodiranje, \u0161tetje bitov<\/li>\n<li>Delovna razdalja do 100 mm (odvisno od razli\u010dnih parametrov, kot npr. jakost polja in geometrija antene)<\/li>\n<li>7-bajtna serijska \u0161tevilka (kaskadna raven 2 v skladu z ISO\/IEC 14443-3)<\/li>\n<li>UID ASCII ogledalo za samodejno serializacijo sporo\u010dil NDEF<\/li>\n<li>Samodejni \u0161tevec NFC, ki se spro\u017ei ob ukazu za branje<\/li>\n<li>ASCII zrcalo \u0161tevca NFC za samodejno dodajanje vrednosti \u0161tevca NFC v sporo\u010dilo NDEF<\/li>\n<li>Podpis izvirnosti na podlagi ECC<\/li>\n<li>Ukaz za hitro branje<\/li>\n<li>Prava za\u0161\u010dita pred tr\u010denjem<\/li>\n<li>50 pF vhodne kapacitivnosti<\/li>\n<\/ul>\n<\/div>\n<div class=\"collapse-mobile ste-list-ul\">\n<ul class=\"boxes\">\n<li>180, 540 ali 924 bajtov, organiziranih v 45, 135 ali 231 straneh s 4 bajti na stran<\/li>\n<li>144, 504 ali 888 bajtov, prosto dostopno uporabni\u0161ko obmo\u010dje za branje\/pisanje (36, 126 ali 222 strani)<\/li>\n<li>4-bajtni vsebnik inicializirane zmogljivosti z enkratnimi programabilnimi dostopnimi biti<\/li>\n<li>Programirana funkcija zaklepanja samo za branje na stran za prvih 16 strani<\/li>\n<li>Funkcija zaklepanja samo za branje, ki jo je mogo\u010de programirati na terenu, nad prvimi 16 stranmi na dvojno stran za NTAG 213 ali na 16 strani za NTAG 215 in NTAG 216<\/li>\n<li>Nastavljiva za\u0161\u010dita z geslom z izbirno omejitvijo neuspe\u0161nih poskusov<\/li>\n<li>Podpora proti trganju za vsebnik zmogljivosti (CC) in klju\u010davnice<\/li>\n<li>ECC podpira preverjanje izvirnosti<\/li>\n<li>\u010cas hrambe podatkov 10 let<\/li>\n<li>Napi\u0161ite vzdr\u017eljivost 100.000 ciklov<\/li>\n<\/ul>\n<\/div>\n<\/div>\n<\/div>\n<h2>Kaj je NFC obesek za klju\u010de?<\/h2>\n<h3>Razumevanje tehnologije NFC<\/h3>\n<p>NFC oz <strong>Komunikacija bli\u017enjega polja<\/strong>, je oblika brez\u017ei\u010dne komunikacije, ki napravam omogo\u010da izmenjavo podatkov na kratkih razdaljah. S preprostim pritiskom na <strong>NFC omogo\u010den<\/strong> napravo z zdru\u017eljivim bralnikom, lahko izvajate razli\u010dne naloge, kot so pla\u010devanje, deljenje kontaktnih podatkov ali dostop do varnih obmo\u010dij.<\/p>\n<h3>Vloga obeskov za klju\u010de NFC<\/h3>\n<p>An <strong>NFC obesek za klju\u010de<\/strong> integrira to zmogljivo tehnologijo v kompaktno, prenosno obliko. Ti obeski za klju\u010de so opremljeni z <strong>NFC \u010dip<\/strong>, ki uporabnikom omogo\u010da izvajanje nalog, kot je deljenje digitalnih vizitk, nadzor pametnih doma\u010dih naprav ali dostop do varnih zgradb s samo enim dotikom.<\/p>\n<h2>Klju\u010dne zna\u010dilnosti NFC obeskov za klju\u010de<\/h2>\n<h3>Mo\u017enosti prilagajanja<\/h3>\n<p><strong>NFC obeski za klju\u010de po meri<\/strong> so zelo vsestranski. Lahko jih personalizirate z a <strong>logotip po meri<\/strong>, edinstveni modeli ali posebni podatki za izpolnjevanje razli\u010dnih potreb. Ne glede na to, ali potrebujete blagovno znamko <strong>obesek za klju\u010de z logotipom<\/strong> za promocijske dogodke ali osebno <strong>obesek za klju\u010de po meri<\/strong> za vsakodnevno uporabo so mo\u017enosti neskon\u010dne.<\/p>\n<h3>Vzdr\u017eljiva zasnova in izdelava<\/h3>\n<p>Ve\u010dina obeskov za klju\u010de NFC je narejenih iz robustnih materialov, kot je <strong>PVC<\/strong> oz <strong>epoksi<\/strong>, ki zagotavlja vzdr\u017eljivost in dolgo \u017eivljenjsko dobo. Zasnovani so tako, da vzdr\u017eijo vsakodnevno obrabo, zaradi \u010desar so zanesljiv pripomo\u010dek za vsakogar.<\/p>\n<h3>Varnostne funkcije<\/h3>\n<p>Obeski za klju\u010de NFC so pogosto opremljeni z naprednimi varnostnimi funkcijami, kot je npr <strong>za\u0161\u010dita z geslom<\/strong>, <strong>funkcije proti tr\u010denju<\/strong>, in <strong>izvirnost podpisov<\/strong>. Ti zagotavljajo, da so podatki, shranjeni na obesku za klju\u010de, varni pred nepoobla\u0161\u010denim dostopom.<\/p>\n<h2>Prednosti uporabe obeska za klju\u010de NFC<\/h2>\n<h3>Udobje na dosegu roke<\/h3>\n<p>Predstavljajte si, da lahko odklenete vrata svoje pisarne ali delite svoje kontaktne podatke s <strong>preprosto tapnite<\/strong> va\u0161ega obeska za klju\u010de. Obeski za klju\u010de NFC ponujajo neprimerljivo udobje, saj poenostavijo vsakodnevna opravila in zmanj\u0161ajo potrebo po fizi\u010dnih klju\u010dih ali vizitkah.<\/p>\n<h3>Vsestranske aplikacije<\/h3>\n<p>Obeski za klju\u010de NFC se lahko uporabljajo v razli\u010dnih scenarijih:<\/p>\n<ul>\n<li><strong>Nadzor dostopa:<\/strong> Varno dostopajte do pisarn, telovadnic ali dvigal.<\/li>\n<li><strong>Digitalne vizitke:<\/strong> Delite svoje kontaktne podatke brez te\u017eav.<\/li>\n<li><strong>Preverjanje pristnosti izdelka:<\/strong> Preverite pristnost izdelkov blagovne znamke.<\/li>\n<li><strong>Nadzor pametnega doma:<\/strong> Z lahkoto upravljajte svoje pametne doma\u010de naprave.<\/li>\n<\/ul>\n<h3>Okolju prijazna re\u0161itev<\/h3>\n<p>Z zmanj\u0161anjem potrebe po fizi\u010dnih klju\u010dih in papirnatih vizitkah obeski za klju\u010de NFC prispevajo k bolj trajnostnemu okolju. Njihovo <strong>materiali, ki jih je mogo\u010de reciklirati<\/strong> zaradi digitalne funkcionalnosti so okolju prijazna izbira.<\/p>\n<h2>Kako uporabljati obesek za klju\u010de NFC<\/h2>\n<h3>Nastavitev va\u0161ega obeska za klju\u010de NFC<\/h3>\n<p>Uporaba NFC obeska za klju\u010de je preprosta:<\/p>\n<ol>\n<li><strong>Kodirajte \u010dip NFC:<\/strong> Uporabite aplikacijo, zdru\u017eljivo z NFC, da programirate \u010dip z \u017eelenimi podatki.<\/li>\n<li><strong>Prilo\u017eite svojim klju\u010dem:<\/strong> Obesek za klju\u010de pritrdite na obesek za klju\u010de ali torbo.<\/li>\n<li><strong>Tapni in pojdi:<\/strong> Preprosto tapnite z NFC obeskom za klju\u010de ob zdru\u017eljiv bralnik, da izvedete \u017eeleno dejanje.<\/li>\n<\/ol>\n<h3>Zdru\u017eljivost z napravami<\/h3>\n<p>NFC obeski za klju\u010de so <strong>zdru\u017eljiv z NFC<\/strong>-podprti pametni telefoni, tablice in razni NFC \u010ditalci. Ta zdru\u017eljivost zagotavlja \u0161iroko uporabnost na razli\u010dnih platformah in napravah, vklju\u010dno z <strong>Android<\/strong> in iOS.<\/p>\n<h2>Ocene in povratne informacije strank<\/h2>\n<h3>Kaj pravijo uporabniki<\/h3>\n<p>Kupci so pohvalili NFC obeske za klju\u010de zaradi njihove vsestranskosti in enostavne uporabe. Mnogi poudarjajo priro\u010dnost zamenjave ve\u010d fizi\u010dnih kartic in klju\u010dev z eno samo kompaktno napravo. Uporabniki cenijo tudi mo\u017enost, da <strong>prilagoditi<\/strong> njihovih obeskov za klju\u010de, ki temu visokotehnolo\u0161kemu dodatku dodajo osebno noto.<\/p>\n<h3>Pogosti pomisleki<\/h3>\n<p>Nekateri uporabniki so izrazili pomisleke glede krivulje za\u010detnega u\u010denja in potrebe po napravi, ki podpira NFC. Ko pa se s tehnologijo seznanijo, ve\u010dina ugotovi, da bistveno izbolj\u0161a njihovo vsakodnevno rutino.<\/p>\n<h2>pogosta vpra\u0161anja<\/h2>\n<p><strong>V: Kak\u0161na je zmogljivost shranjevanja NFC obeska za klju\u010de?<\/strong><br \/>\nO: Odvisno od modela lahko obeski za klju\u010de NFC shranijo razli\u010dne koli\u010dine podatkov, obi\u010dajno od preprostih URL-jev do bolj zapletenih kontaktnih informacij.<\/p>\n<p><strong>V: Ali lahko za brezsti\u010dno pla\u010devanje uporabljam obesek za klju\u010de NFC?<\/strong><br \/>\nO: \u010ceprav je nekatere obeske za klju\u010de NFC mogo\u010de programirati za pla\u010dilne funkcije, je to v veliki meri odvisno od vrste \u010dipa in zdru\u017eljivosti s pla\u010dilnimi sistemi.<\/p>\n<p><strong>V: Ali so obeski za klju\u010de NFC vodoodporni?<\/strong><br \/>\nO: \u0160tevilni obeski za klju\u010de NFC so zasnovani tako, da so nepremo\u010dljivi ali vodoodporni, kar zagotavlja, da lahko prenesejo vsakodnevno uporabo.<\/p>\n<h2>Zaklju\u010dek<\/h2>\n<p>An <strong>NFC obesek za klju\u010de<\/strong> je ve\u010d kot le eleganten dodatek; je prehod v pametnej\u0161e, bolj povezano \u017eivljenje. S svojim <strong>prilagodljiv<\/strong> funkcijami, robustno varnostjo in \u0161irokim naborom aplikacij, je to nalo\u017eba, ki izbolj\u0161a osebno in poklicno \u017eivljenje. Ne glede na to, ali ste tehnolo\u0161ki navdu\u0161enec ali poslovni profesionalec, je obesek za klju\u010de NFC nujno orodje za digitalno dobo.<\/p>","protected":false},"excerpt":{"rendered":"<p><strong><em>NFC obesek za klju\u010de Ntag213 Ntag215 Ntag216<\/em><\/strong> ponuja idealno kombinacijo varnosti, zanesljivosti in udobja uporabnika. Njegovo <strong>brezkontaktna tehnologija<\/strong>, <strong>kompaktna oblika<\/strong>, in <strong>ve\u010dnamenska vsestranskost<\/strong> naj bo popolna izbira za sodobne sisteme za nadzor dostopa, pla\u010dila in identifikacijo.<\/p>","protected":false},"featured_media":2865,"template":"","meta":{"_kad_post_transparent":"default","_kad_post_title":"","_kad_post_layout":"default","_kad_post_sidebar_id":"","_kad_post_content_style":"default","_kad_post_vertical_padding":"default","_kad_post_feature":"","_kad_post_feature_position":"","_kad_post_header":false,"_kad_post_footer":false,"_kad_post_classname":""},"product_brand":[],"product_cat":[54],"product_tag":[346,349,344,345,343],"class_list":{"0":"post-2864","1":"product","2":"type-product","3":"status-publish","4":"has-post-thumbnail","6":"product_cat-hot-selling-rfid-tags","7":"product_tag-nfc-key-tag","8":"product_tag-nfc-key-tags","9":"product_tag-nfc-keychain","10":"product_tag-rfid-fob","11":"product_tag-rfid-keyfobs","13":"first","14":"instock","15":"shipping-taxable","16":"product-type-simple","17":"entry","18":"content-bg","19":"loop-entry"},"_links":{"self":[{"href":"https:\/\/rfid-laundry-tag.com\/sl\/wp-json\/wp\/v2\/product\/2864","targetHints":{"allow":["GET"]}}],"collection":[{"href":"https:\/\/rfid-laundry-tag.com\/sl\/wp-json\/wp\/v2\/product"}],"about":[{"href":"https:\/\/rfid-laundry-tag.com\/sl\/wp-json\/wp\/v2\/types\/product"}],"version-history":[{"count":2,"href":"https:\/\/rfid-laundry-tag.com\/sl\/wp-json\/wp\/v2\/product\/2864\/revisions"}],"predecessor-version":[{"id":2867,"href":"https:\/\/rfid-laundry-tag.com\/sl\/wp-json\/wp\/v2\/product\/2864\/revisions\/2867"}],"wp:featuredmedia":[{"embeddable":true,"href":"https:\/\/rfid-laundry-tag.com\/sl\/wp-json\/wp\/v2\/media\/2865"}],"wp:attachment":[{"href":"https:\/\/rfid-laundry-tag.com\/sl\/wp-json\/wp\/v2\/media?parent=2864"}],"wp:term":[{"taxonomy":"product_brand","embeddable":true,"href":"https:\/\/rfid-laundry-tag.com\/sl\/wp-json\/wp\/v2\/product_brand?post=2864"},{"taxonomy":"product_cat","embeddable":true,"href":"https:\/\/rfid-laundry-tag.com\/sl\/wp-json\/wp\/v2\/product_cat?post=2864"},{"taxonomy":"product_tag","embeddable":true,"href":"https:\/\/rfid-laundry-tag.com\/sl\/wp-json\/wp\/v2\/product_tag?post=2864"}],"curies":[{"name":"delovni list","href":"https:\/\/api.w.org\/{rel}","templated":true}]}}