{"id":2860,"date":"2024-11-05T13:06:31","date_gmt":"2024-11-05T13:06:31","guid":{"rendered":"https:\/\/rfid-laundry-tag.com\/?post_type=product&#038;p=2860"},"modified":"2024-11-05T13:13:50","modified_gmt":"2024-11-05T13:13:50","slug":"rfid-keyfobs-abs-iso14443a","status":"publish","type":"product","link":"https:\/\/rfid-laundry-tag.com\/sl\/rfid-keyfobs-abs-iso14443a\/","title":{"rendered":"RFID obeski za klju\u010de ABS ISO14443A"},"content":{"rendered":"<h2>RFID obeski za klju\u010de ABS ISO14443A<\/h2>\n<table class=\"has-title all magic-13\">\n<tbody>\n<tr>\n<td colspan=\"1\" rowspan=\"2\">\n<div class=\"magic-14\">material<\/div>\n<\/td>\n<td colspan=\"1\" rowspan=\"1\">\n<div class=\"magic-15\">Material antene: Aluminijasta folija<\/div>\n<\/td>\n<\/tr>\n<tr>\n<td colspan=\"1\" rowspan=\"1\">\n<div class=\"magic-15\" data-spm-anchor-id=\"a2700.details.0.i43.3c939b1b0qFtg1\">povr\u0161inski material: ABS\/usnje\/les<\/div>\n<\/td>\n<\/tr>\n<tr>\n<td colspan=\"1\" rowspan=\"1\">\n<div class=\"magic-17\">velikost<\/div>\n<\/td>\n<td colspan=\"1\" rowspan=\"1\">\n<div class=\"magic-15\" data-spm-anchor-id=\"a2700.details.0.i41.3c939b1b0qFtg1\">40,38 * 31,5 mm, 35,5 * 28 mm, 51,5 * 32 mm ali po meri<\/div>\n<\/td>\n<\/tr>\n<tr>\n<td colspan=\"1\" rowspan=\"1\">\n<div class=\"magic-17\">Obrt po meri<\/div>\n<\/td>\n<td colspan=\"1\" rowspan=\"1\">\n<div class=\"magic-15\">logotip Sitotisk\/koda UID, koda serije ali po meri<\/div>\n<\/td>\n<\/tr>\n<tr>\n<td colspan=\"1\" rowspan=\"1\">\n<div class=\"magic-17\">Delovna temperatura<\/div>\n<\/td>\n<td colspan=\"1\" rowspan=\"1\">\n<div class=\"magic-15\">-20\u00b0C~+90\u00b0C<\/div>\n<\/td>\n<\/tr>\n<tr>\n<td colspan=\"1\" rowspan=\"1\">\n<div class=\"magic-17\">kodirati<\/div>\n<\/td>\n<td colspan=\"1\" rowspan=\"1\">\n<div class=\"magic-15\">zapisljivi \u010dip na voljo<\/div>\n<\/td>\n<\/tr>\n<tr>\n<td colspan=\"1\" rowspan=\"1\">\n<div class=\"magic-17\">barvne mo\u017enosti<\/div>\n<\/td>\n<td colspan=\"1\" rowspan=\"1\">\n<div class=\"magic-15\" data-spm-anchor-id=\"a2700.details.0.i42.3c939b1b0qFtg1\">Rde\u010da, modra, \u010drna, vijoli\u010dna, oran\u017ena, rumena (lahko prilagodite)<\/div>\n<\/td>\n<\/tr>\n<tr>\n<td colspan=\"1\" rowspan=\"1\">\n<div class=\"magic-17\">bralna razdalja<\/div>\n<\/td>\n<td colspan=\"1\" rowspan=\"1\">\n<div class=\"magic-15\">1~10 cm (odvisno od bralnika)<\/div>\n<\/td>\n<\/tr>\n<tr>\n<td colspan=\"1\" rowspan=\"1\">\n<div class=\"magic-17\">aplikacije<\/div>\n<\/td>\n<td colspan=\"1\" rowspan=\"1\">\n<div class=\"magic-15\" data-spm-anchor-id=\"a2700.details.0.i40.3c939b1b0qFtg1\">sistem \u010dlanstva\/telovadnica\/kontrola dostopa\/pla\u010dilo itd.<\/div>\n<\/td>\n<\/tr>\n<\/tbody>\n<\/table>\n<p><strong>RFID obeski za klju\u010de<\/strong> so v ospredju varnega in priro\u010dnega upravljanja dostopa. Te majhne, lahke naprave uporabljajo <strong>radiofrekven\u010dna identifikacija<\/strong> (RFID) tehnologija, ki omogo\u010da hiter in nemoten vstop v varovana obmo\u010dja. Obi\u010dajno se uporabljajo v razli\u010dnih panogah, vklju\u010dno z gostinstvom, poslovnimi zgradbami in stanovanjskimi nepremi\u010dninami, za varne sisteme za nadzor dostopa.<\/p>\n<p>V tem opisu izdelka bomo raziskali zna\u010dilnosti in prednosti <strong>RFID obeski za klju\u010de<\/strong>, s poudarkom na <strong>ABS ISO14443A<\/strong> specifikacija. Razpravljali bomo o tem, zakaj so ti obeski najprimernej\u0161a izbira za podjetja in posameznike, ki i\u0161\u010dejo u\u010dinkovite, varne in za uporabo enostavne re\u0161itve za dostop.<\/p>\n<p><strong>RFID obeski za klju\u010de<\/strong> so v ospredju varnega in priro\u010dnega upravljanja dostopa. Te majhne, lahke naprave uporabljajo <strong>radiofrekven\u010dna identifikacija<\/strong> (RFID) tehnologija, ki omogo\u010da hiter in nemoten vstop v varovana obmo\u010dja. Obi\u010dajno se uporabljajo v razli\u010dnih panogah, vklju\u010dno z gostinstvom, poslovnimi zgradbami in stanovanjskimi nepremi\u010dninami, za varne sisteme za nadzor dostopa.<\/p>\n<h2><strong>Kaj je obesek za klju\u010de RFID?<\/strong><\/h2>\n<p>An <strong>RFID obesek za klju\u010de<\/strong> je kompaktna, prenosna naprava, ki komunicira z <strong>\u010ditalec RFID<\/strong> omogo\u010diti dostop do varnega obmo\u010dja. Obi\u010dajno vsebuje majhen mikro\u010dip in anteno, ki sta vdelana v trpe\u017eno <strong>ABS ohi\u0161je<\/strong>. The <strong>13,56 MHz frekvenca<\/strong> ki jih uporabljajo obeski za klju\u010de RFID ISO14443A, zagotavlja zanesljivo in hitro zaznavanje, zaradi \u010desar so zelo u\u010dinkovita re\u0161itev za sisteme za nadzor dostopa.<\/p>\n<p>Za razliko od tradicionalnih klju\u010dev ali kartic, an <strong>RFID obesek za klju\u010de<\/strong> ne zahteva fizi\u010dnega stika z bralcem; deluje na <strong>brezkontaktno<\/strong> na\u010delom, zaradi \u010desar je varnej\u0161i in udobnej\u0161i. Uporabniki se lahko preprosto dotaknejo svojega foba v bli\u017eini \u010ditalnika, da pridobijo dostop, s \u010dimer odpravijo potrebo po ro\u010dnem odklepanju ali PIN kodah.<\/p>\n<hr \/>\n<h2><strong>Klju\u010dne zna\u010dilnosti RFID obeskov za klju\u010de<\/strong><\/h2>\n<h3><strong>1. Varen nadzor dostopa<\/strong><\/h3>\n<p>Ena najve\u010djih prednosti uporabe <strong>RFID obeski za klju\u010de<\/strong> je pove\u010dana varnost. Te naprave ponujajo ve\u010d plasti za\u0161\u010dite, vklju\u010dno s \u0161ifrirnimi protokoli, ki nepoobla\u0161\u010denim uporabnikom prepre\u010dujejo dostop. The <strong>13,56 MHz<\/strong> frekvenca, ki jo uporablja <strong>Obeski za klju\u010de ISO14443A<\/strong> zagotavlja visoko zdru\u017eljivost z razli\u010dnimi <strong>sistemi za nadzor dostopa<\/strong>, od hotelskih klju\u010davnic do vhoda v pisarne.<\/p>\n<p>Z uporabo tehnologije RFID, <strong>RFID obeski za klju\u010de<\/strong> ponudba <strong>vstop brez klju\u010da<\/strong>, kar zmanj\u0161a tveganje odklepanja ali nepoobla\u0161\u010denega podvajanja. Ko je integriran v <strong>nadzor dostopa<\/strong> sistemov ti fobi slu\u017eijo kot varen \u017eeton za preverjanje in avtentikacijo uporabnikov z minimalnim naporom.<\/p>\n<h3><strong>2. Vzdr\u017eljiva ABS konstrukcija<\/strong><\/h3>\n<p>Gradnja <strong>RFID obeski za klju\u010de<\/strong> je enako pomembna kot njihova funkcionalnost. Ti obeski so narejeni iz <strong>ABS plastika<\/strong>, ki je trpe\u017een, lahek material, ki lahko prenese razli\u010dne okoljske pogoje. Ne glede na to, ali jih uporabljate v pisarni ali jih nosite na obesku za klju\u010de, so ti obeski za klju\u010de narejeni tako, da trajajo.<\/p>\n<p>The <strong>ABS ohi\u0161je<\/strong> ne \u0161\u010diti samo notranjih komponent, ampak tudi zagotavlja, da obesek ostane operativen tudi po dolgotrajni uporabi. Zaradi svoje kompaktne velikosti in robustne zasnove so odporni proti obrabi in zagotavljajo dolgotrajno re\u0161itev za potrebe nadzora dostopa.<\/p>\n<h3><strong>3. Enostavna integracija s sistemi RFID<\/strong><\/h3>\n<p><strong>RFID obeski za klju\u010de<\/strong> so popolnoma zdru\u017eljive z ve\u010dino <strong>RFID sistemi<\/strong>. Ne glede na to, ali nadgrajujete tradicionalne kartice s klju\u010di ali name\u0161\u010date popolnoma nov sistem za nadzor dostopa, se ti obeski za klju\u010de brezhibno vklju\u010dijo v obstoje\u010do infrastrukturo. The <strong>ISO14443A<\/strong> Standard je splo\u0161no priznan in se uporablja v razli\u010dnih panogah, kar zagotavlja zdru\u017eljivost z bralniki in programsko opremo.<\/p>\n<p>Poleg tega mnogi <strong>RFID obeski za klju\u010de<\/strong> so <strong>ponovno zapisljiv<\/strong>, ki podjetjem omogo\u010da, da po potrebi spremenijo poverilnice za dostop brez nakupa novih fobov. to <strong>prilagodljivost<\/strong> zaradi \u010desar so obeski za klju\u010de RFID odli\u010dna dolgoro\u010dna nalo\u017eba za organizacije, ki i\u0161\u010dejo raz\u0161irljive re\u0161itve dostopa.<\/p>\n<hr \/>\n<h2><strong>Zakaj izbrati obeske za klju\u010de ISO14443A RFID?<\/strong><\/h2>\n<h3><strong>4. Visoka frekvenca za hitrej\u0161i odziv<\/strong><\/h3>\n<p><strong>13,56 MHz RFID obeski za klju\u010de<\/strong>, kot je <strong>ISO14443A<\/strong>, ponujajo visokofrekven\u010dni razpon, ki omogo\u010da <strong>hitro odkrivanje<\/strong> in komunikacijo z RFID \u010ditalnikom. Ta visokofrekven\u010dni razpon zagotavlja hiter in u\u010dinkovit dostop, kar izbolj\u0161a uporabni\u0161ko izku\u0161njo.<\/p>\n<p>Ko dr\u017eite obesek blizu \u010ditalnika, sistem hitro identificira poverilnice, shranjene v njem, in omogo\u010di dostop v del\u010dku sekunde. Ta hiter odzivni \u010das je \u0161e posebej pomemben na obmo\u010djih z velikim prometom, saj zagotavlja, da ne nastajajo kolone in da lahko ljudje brez zamud vstopijo in izstopijo.<\/p>\n<h3><strong>5. Vsestranskost v ve\u010d aplikacijah<\/strong><\/h3>\n<p><strong>RFID obeski za klju\u010de<\/strong> so zelo vsestranski in se lahko uporabljajo v razli\u010dnih aplikacijah, ne le pri klju\u010davnicah vrat. Nekatere obi\u010dajne uporabe za <strong>RFID obeski za klju\u010de<\/strong> vklju\u010dujejo:<\/p>\n<ul>\n<li><strong>Dostop do hotelske sobe:<\/strong> Gostje lahko z obeskom odklenejo vrata hotelske sobe.<\/li>\n<li><strong>Varnost na delovnem mestu:<\/strong> Zaposleni lahko uporabljajo fob za dostop do pisarn, stre\u017eni\u0161kih sob ali obmo\u010dij z omejenim dostopom.<\/li>\n<li><strong>Pla\u010dilo in identifikacija:<\/strong> Gotovo <strong>RFID obeski za klju\u010de<\/strong> se lahko uporablja tudi za pla\u010devanje ali za identifikacijo v \u010dlanskih programih.<\/li>\n<\/ul>\n<p>Zaradi svoje majhnosti in prenosljivosti so ti obeski priro\u010dna re\u0161itev za \u0161iroko paleto industrij.<\/p>\n<h3><strong>6. Brezkontaktna tehnologija za udobje in higieno<\/strong><\/h3>\n<p>V dana\u0161njem svetu, <strong>brezkontaktna tehnologija<\/strong> je pridobil veliko pozornosti zaradi higienskih prednosti, ki jih zagotavlja. <strong>RFID obeski za klju\u010de<\/strong> so brezkontaktni, kar pomeni, da se uporabnikom ni treba fizi\u010dno dotikati klju\u010davnice ali \u010ditalnika. To zmanj\u0161a tveganje za prenos mikrobov in bakterij, zaradi \u010desar je idealna izbira za okolja, kot so bolni\u0161nice, \u0161ole in pisarne, kjer je higiena klju\u010dnega pomena.<\/p>\n<p>\u0160e ve\u010d, to <strong>vstop brez klju\u010da<\/strong> sistem doda udobje. Uporabnikom ni treba iskati klju\u010dev ali si zapomniti kode PIN \u2013 svoje lahko preprosto nosijo s seboj <strong>RFID obesek za klju\u010de<\/strong> na njihovem obesku za klju\u010de ali v njihovem \u017eepu, pripravljeni za uporabo, kadar koli jih potrebujejo.<\/p>\n<p>te <strong>RFID obeski za klju\u010de<\/strong> delujejo pri a <strong>13,56 MHz frekvenca<\/strong>, zaradi \u010desar so zdru\u017eljivi z ve\u010dino <strong>\u010ditalci RFID<\/strong> uporablja se v sodobnih sistemih za nadzor dostopa. Obeski so narejeni iz visokokakovostnega <strong>ABS plastika<\/strong>, ki zagotavlja vzdr\u017eljiv in lahek dizajn, ki je hkrati prenosljiv in dolgotrajen.<\/p>\n<hr \/>\n<h2><strong>Vpliv na okolje in trajnost<\/strong><\/h2>\n<p>Ko se organizacije premikajo proti <strong>brezkontaktni dostop<\/strong> in varnostne re\u0161itve, je pomembno upo\u0161tevati vpliv teh izdelkov na okolje. The <strong>ABS plastika<\/strong> uporablja v <strong>RFID obeski za klju\u010de<\/strong> je \u0161iroko recikliran material. Poleg tega <strong>RFID sistemi<\/strong> sami pomagajo zmanj\u0161ati potrebo po fizi\u010dnih klju\u010dih in tradicionalnih klju\u010davnicah, kar \u0161e dodatno zmanj\u0161a skupni okoljski odtis.<\/p>\n<p>Poleg tega mnogi <strong>RFID obeski za klju\u010de<\/strong> lahko <strong>prepisan<\/strong>, kar pomeni, da jih ni treba nenehno menjavati. To zmanj\u0161uje elektronske odpadke, zaradi \u010desar so trajnostna izbira za podjetja in posameznike, ki i\u0161\u010dejo okolju prijazne re\u0161itve.<\/p>\n<hr \/>\n<h2><strong>Ocene in povratne informacije strank<\/strong><\/h2>\n<p>\u0160tevilne stranke cenijo udobje in varnost <strong>RFID obeski za klju\u010de<\/strong> zagotoviti. Tukaj je kratek povzetek pogostih povratnih informacij:<\/p>\n<ul>\n<li><strong>\u201cPriro\u010den in hiter dostop!\u201d<\/strong> \u2013 Mnogi uporabniki poudarjajo hitrost in u\u010dinkovitost <strong>RFID obeski za klju\u010de<\/strong>. Zaradi hitrega odzivnega \u010dasa so idealna izbira za prometna okolja, kot so poslovne stavbe in hoteli.<\/li>\n<li><strong>\u201cVzdr\u017eljiv in zanesljiv\u201d<\/strong> \u2013 Kupci cenijo tudi <strong>vzdr\u017eljiva konstrukcija<\/strong> obeskov, pri \u010demer mnogi ugotavljajo, da so zdr\u017eali mesece ali leta vsakodnevne uporabe.<\/li>\n<li><strong>\u201cOdli\u010dno za hotele\u201d<\/strong> \u2013 Gostinska podjetja u\u017eivajo v enostavni uporabi <strong>RFID obeski za klju\u010de<\/strong> za dostop gostov, kar odpravlja potrebo po tradicionalnih klju\u010dih sobe.<\/li>\n<\/ul>\n<hr \/>\n<h2><strong>pogosta vpra\u0161anja<\/strong><\/h2>\n<h3><strong>1. Ali je mogo\u010de RFID obeske programirati?<\/strong><\/h3>\n<p>Da, veliko <strong>RFID obeski za klju\u010de<\/strong> so <strong>ponovno zapisljiv<\/strong>, kar pomeni, da lahko spremenite podatke, shranjene na njih, kot so poverilnice za dostop.<\/p>\n<h3><strong>2. Kako dale\u010d lahko oddaja RFID obesek za klju\u010de?<\/strong><\/h3>\n<p>Razpon an <strong>RFID obesek za klju\u010de<\/strong> obi\u010dajno sega od <strong>0 do 10 cm<\/strong> odvisno od bralca in okoljskih pogojev.<\/p>\n<h3><strong>3. Ali so obeski za klju\u010de RFID varni?<\/strong><\/h3>\n<p>ja <strong>RFID obeski za klju\u010de<\/strong> so zelo varni. Pogosto vklju\u010dujejo \u0161ifriranje in druge za\u0161\u010ditne funkcije za prepre\u010devanje nepoobla\u0161\u010denega dostopa.<\/p>\n<h3><strong>4. Katere industrije uporabljajo obeske za klju\u010de RFID?<\/strong><\/h3>\n<p><strong>RFID obeski za klju\u010de<\/strong> se uporabljajo v razli\u010dnih panogah, vklju\u010dno z gostinstvom, zdravstvom, poslovnimi pisarnami in celo za avtomobilske klju\u010de.<\/p>\n<hr \/>\n<h2><strong>Zaklju\u010dek: Zakaj kupiti RFID obeske za klju\u010de?<\/strong><\/h2>\n<p>Vlaganje v <strong>RFID obeski za klju\u010de<\/strong> zagotavlja pove\u010dano varnost, udobje in vzdr\u017eljivost za podjetja in posameznike. Ne glede na to, ali \u017eelite poenostaviti svoj <strong>sistem za nadzor dostopa<\/strong>, izvajati <strong>vstop brez klju\u010da<\/strong> v va\u0161em hotelu ali izbolj\u0161ati varnost v va\u0161i pisarni, <strong>RFID obeski za klju\u010de<\/strong> so prakti\u010dna re\u0161itev, ki je hkrati stro\u0161kovno u\u010dinkovita in zanesljiva.<\/p>\n<p>S svojo napredno tehnologijo, enostavno integracijo z <strong>RFID sistemi<\/strong>, in dolgotrajna gradnja, <strong>RFID obeski za klju\u010de<\/strong> predstavljajo re\u0161itev, usmerjeno v prihodnost, za dana\u0161nje varnostne izzive.<\/p>\n<p>&nbsp;<\/p>","protected":false},"excerpt":{"rendered":"<p><strong>RFID obeski za klju\u010de<\/strong> ABS ISO14443A ponuja dvofrekven\u010dne mo\u017enosti (13,56MHz\/125KHz), trpe\u017eno zasnovo, UID, ki ga je mogo\u010de programirati, in napredne varnostne funkcije, kot sta prepre\u010devanje kloniranja in \u0161ifrirana komunikacija.<\/p>","protected":false},"featured_media":2861,"template":"","meta":{"_kad_post_transparent":"default","_kad_post_title":"","_kad_post_layout":"default","_kad_post_sidebar_id":"","_kad_post_content_style":"default","_kad_post_vertical_padding":"default","_kad_post_feature":"","_kad_post_feature_position":"","_kad_post_header":false,"_kad_post_footer":false,"_kad_post_classname":""},"product_brand":[],"product_cat":[54],"product_tag":[346,344,345,343,351,350],"class_list":{"0":"post-2860","1":"product","2":"type-product","3":"status-publish","4":"has-post-thumbnail","6":"product_cat-hot-selling-rfid-tags","7":"product_tag-nfc-key-tag","8":"product_tag-nfc-keychain","9":"product_tag-rfid-fob","10":"product_tag-rfid-keyfobs","11":"product_tag-rfid-keyfobs-abs","12":"product_tag-rfid-keyfobs-iso14443a","14":"first","15":"instock","16":"shipping-taxable","17":"product-type-simple","18":"entry","19":"content-bg","20":"loop-entry"},"_links":{"self":[{"href":"https:\/\/rfid-laundry-tag.com\/sl\/wp-json\/wp\/v2\/product\/2860","targetHints":{"allow":["GET"]}}],"collection":[{"href":"https:\/\/rfid-laundry-tag.com\/sl\/wp-json\/wp\/v2\/product"}],"about":[{"href":"https:\/\/rfid-laundry-tag.com\/sl\/wp-json\/wp\/v2\/types\/product"}],"version-history":[{"count":2,"href":"https:\/\/rfid-laundry-tag.com\/sl\/wp-json\/wp\/v2\/product\/2860\/revisions"}],"predecessor-version":[{"id":2863,"href":"https:\/\/rfid-laundry-tag.com\/sl\/wp-json\/wp\/v2\/product\/2860\/revisions\/2863"}],"wp:featuredmedia":[{"embeddable":true,"href":"https:\/\/rfid-laundry-tag.com\/sl\/wp-json\/wp\/v2\/media\/2861"}],"wp:attachment":[{"href":"https:\/\/rfid-laundry-tag.com\/sl\/wp-json\/wp\/v2\/media?parent=2860"}],"wp:term":[{"taxonomy":"product_brand","embeddable":true,"href":"https:\/\/rfid-laundry-tag.com\/sl\/wp-json\/wp\/v2\/product_brand?post=2860"},{"taxonomy":"product_cat","embeddable":true,"href":"https:\/\/rfid-laundry-tag.com\/sl\/wp-json\/wp\/v2\/product_cat?post=2860"},{"taxonomy":"product_tag","embeddable":true,"href":"https:\/\/rfid-laundry-tag.com\/sl\/wp-json\/wp\/v2\/product_tag?post=2860"}],"curies":[{"name":"delovni list","href":"https:\/\/api.w.org\/{rel}","templated":true}]}}